{"id":2369,"date":"2019-03-03T18:33:49","date_gmt":"2019-03-03T17:33:49","guid":{"rendered":"https:\/\/ent2d.ac-bordeaux.fr\/disciplines\/svt\/?page_id=2369"},"modified":"2019-06-05T19:35:10","modified_gmt":"2019-06-05T18:35:10","slug":"classroom-screen-2","status":"publish","type":"page","link":"https:\/\/ent2d.ac-bordeaux.fr\/disciplines\/svt\/ressources\/numeriques\/coin-tice\/outils\/gerer-la-classe\/classroom-screen-2\/","title":{"rendered":"Classroom Screen"},"content":{"rendered":"<h1><a id=\"classroom\" href=\"https:\/\/www.classroomscreen.com\/\"><img loading=\"lazy\" decoding=\"async\" class=\"alignnone wp-image-2291 size-full\" src=\"https:\/\/ent2d.ac-bordeaux.fr\/disciplines\/svt\/wp-content\/uploads\/sites\/4\/2019\/02\/Logo.jpg\" alt=\"\" width=\"1600\" height=\"478\" srcset=\"https:\/\/ent2d.ac-bordeaux.fr\/disciplines\/svt\/wp-content\/uploads\/sites\/4\/2019\/02\/Logo.jpg 1600w, https:\/\/ent2d.ac-bordeaux.fr\/disciplines\/svt\/wp-content\/uploads\/sites\/4\/2019\/02\/Logo-300x90.jpg 300w, https:\/\/ent2d.ac-bordeaux.fr\/disciplines\/svt\/wp-content\/uploads\/sites\/4\/2019\/02\/Logo-768x229.jpg 768w, https:\/\/ent2d.ac-bordeaux.fr\/disciplines\/svt\/wp-content\/uploads\/sites\/4\/2019\/02\/Logo-1024x306.jpg 1024w\" sizes=\"auto, (max-width: 1600px) 100vw, 1600px\" \/><\/a><br \/>\nMat\u00e9riel n\u00e9cessaire &#8211; professeur :<\/h1>\n<p>Ordinateur avec vid\u00e9oprojecteur<\/p>\n<h1>Tutoriels :<\/h1>\n<p>En anglais<br \/>\n<strong>G\u00e9n\u00e9ralit\u00e9s<\/strong><\/p>\n<div style=\"width: 640px;\" class=\"wp-video\"><video class=\"wp-video-shortcode\" id=\"video-2369-1\" width=\"640\" height=\"360\" preload=\"metadata\" controls=\"controls\"><source type=\"video\/youtube\" src=\"https:\/\/youtu.be\/3SalknXhumI?_=1\" \/><a href=\"https:\/\/youtu.be\/3SalknXhumI\">https:\/\/youtu.be\/3SalknXhumI<\/a><\/video><\/div>\n<p><strong>Partager l\u2019\u00e9cran de ClassroomScreen pour 2 groupes<\/strong><\/p>\n<div style=\"width: 640px;\" class=\"wp-video\"><video class=\"wp-video-shortcode\" id=\"video-2369-2\" width=\"640\" height=\"360\" preload=\"metadata\" controls=\"controls\"><source type=\"video\/youtube\" src=\"https:\/\/youtu.be\/iYBS4lcAQtE?_=2\" \/><a href=\"https:\/\/youtu.be\/iYBS4lcAQtE\">https:\/\/youtu.be\/iYBS4lcAQtE<\/a><\/video><\/div>\n<p>En fran\u00e7ais<br \/>\n<strong>D\u00e9couverte de ClassroomScreen<\/strong><\/p>\n<div style=\"width: 640px;\" class=\"wp-video\"><video class=\"wp-video-shortcode\" id=\"video-2369-3\" width=\"640\" height=\"360\" preload=\"metadata\" controls=\"controls\"><source type=\"video\/youtube\" src=\"https:\/\/youtu.be\/RTvYr9GXmv4?_=3\" \/><a href=\"https:\/\/youtu.be\/RTvYr9GXmv4\">https:\/\/youtu.be\/RTvYr9GXmv4<\/a><\/video><\/div>\n","protected":false},"excerpt":{"rendered":"<p>Mat\u00e9riel n\u00e9cessaire &#8211; professeur : Ordinateur avec vid\u00e9oprojecteur Tutoriels : En anglais G\u00e9n\u00e9ralit\u00e9s Partager l\u2019\u00e9cran de ClassroomScreen pour 2 groupes En fran\u00e7ais D\u00e9couverte de ClassroomScreen<\/p>\n","protected":false},"author":8,"featured_media":0,"parent":2248,"menu_order":0,"comment_status":"closed","ping_status":"closed","template":"template-onecolumn.php","meta":{"footnotes":""},"class_list":["post-2369","page","type-page","status-publish","hentry","nodate","item-wrap"],"_links":{"self":[{"href":"https:\/\/ent2d.ac-bordeaux.fr\/disciplines\/svt\/wp-json\/wp\/v2\/pages\/2369","targetHints":{"allow":["GET"]}}],"collection":[{"href":"https:\/\/ent2d.ac-bordeaux.fr\/disciplines\/svt\/wp-json\/wp\/v2\/pages"}],"about":[{"href":"https:\/\/ent2d.ac-bordeaux.fr\/disciplines\/svt\/wp-json\/wp\/v2\/types\/page"}],"author":[{"embeddable":true,"href":"https:\/\/ent2d.ac-bordeaux.fr\/disciplines\/svt\/wp-json\/wp\/v2\/users\/8"}],"replies":[{"embeddable":true,"href":"https:\/\/ent2d.ac-bordeaux.fr\/disciplines\/svt\/wp-json\/wp\/v2\/comments?post=2369"}],"version-history":[{"count":2,"href":"https:\/\/ent2d.ac-bordeaux.fr\/disciplines\/svt\/wp-json\/wp\/v2\/pages\/2369\/revisions"}],"predecessor-version":[{"id":2431,"href":"https:\/\/ent2d.ac-bordeaux.fr\/disciplines\/svt\/wp-json\/wp\/v2\/pages\/2369\/revisions\/2431"}],"up":[{"embeddable":true,"href":"https:\/\/ent2d.ac-bordeaux.fr\/disciplines\/svt\/wp-json\/wp\/v2\/pages\/2248"}],"wp:attachment":[{"href":"https:\/\/ent2d.ac-bordeaux.fr\/disciplines\/svt\/wp-json\/wp\/v2\/media?parent=2369"}],"curies":[{"name":"wp","href":"https:\/\/api.w.org\/{rel}","templated":true}]}}