{"id":212,"date":"2016-02-15T18:30:51","date_gmt":"2016-02-15T17:30:51","guid":{"rendered":"http:\/\/ent2d.ac-bordeaux.fr\/disciplines\/svt\/?page_id=212"},"modified":"2016-11-30T19:56:40","modified_gmt":"2016-11-30T18:56:40","slug":"traam-biodiversite-et-numerique-de-lespace-au-terrain","status":"publish","type":"page","link":"https:\/\/ent2d.ac-bordeaux.fr\/disciplines\/svt\/ressources\/numeriques\/traam-2015\/traam-biodiversite-et-numerique-de-lespace-au-terrain\/","title":{"rendered":"TraAM \u2013 Biodiversit\u00e9 et num\u00e9rique : de l\u2019espace au terrain"},"content":{"rendered":"<ul>\n<li><a href=\"http:\/\/ent2d.ac-bordeaux.fr\/disciplines\/svt\/wp-content\/uploads\/sites\/4\/2016\/02\/TRAAMBordeauxVf.pdf\" rel=\"\">Synth\u00e8se<\/a><\/li>\n<li>Diaporama de pr\u00e9sentation \u00e0 t\u00e9l\u00e9charger la pr\u00e9sentation : <a href=\"http:\/\/ent2d.ac-bordeaux.fr\/disciplines\/svt\/wp-content\/uploads\/sites\/4\/2016\/02\/BIODIVERSITE_ET_NUMERIQUE.pptx\" rel=\"\">PowerPoint 2007 (PPTX &#8211; 4460 Ko)<\/a> &#8211; <a href=\"http:\/\/ent2d.ac-bordeaux.fr\/disciplines\/svt\/wp-content\/uploads\/sites\/4\/2016\/02\/BIODIVERSITE_ET_NUMERIQUE.ppt\" rel=\"\">PowerPoint 97-2003 (PPT &#8211; 10808 Ko)<\/a><\/li>\n<\/ul>\n<h3>Approche de la biodiversit\u00e9<\/h3>\n<ul>\n<li><a href=\"http:\/\/6pattes47.free.fr\/\" target=\"_blank\">Site 6pattes47<\/a><\/li>\n<\/ul>\n<h3>Evaluer la biodiversit\u00e9 : un exemple d&rsquo;activit\u00e9<\/h3>\n<ul>\n<li><a href=\"http:\/\/ent2d.ac-bordeaux.fr\/disciplines\/svt\/wp-content\/uploads\/sites\/4\/2016\/02\/1_TP.pdf\" rel=\"\">TP. Evaluer la biodiversit\u00e9 des esp\u00e8ces<\/a> (PDF &#8211; 881 Ko)<\/li>\n<li><a href=\"http:\/\/ent2d.ac-bordeaux.fr\/disciplines\/svt\/wp-content\/uploads\/sites\/4\/2016\/02\/2_Preparation_TP_2.pdf\" rel=\"\">Pr\u00e9paration du TP<\/a> (PDF &#8211; 234 Ko) Pour les enseignants et pr\u00e9parateurs<\/li>\n<li><a href=\"http:\/\/ent2d.ac-bordeaux.fr\/disciplines\/svt\/wp-content\/uploads\/sites\/4\/2016\/02\/3_-especes_punaise_1.pdf\" rel=\"\">Esp\u00e8ces de punaise<\/a> (PDF &#8211; 499 Ko)<\/li>\n<li><a href=\"http:\/\/ent2d.ac-bordeaux.fr\/disciplines\/svt\/wp-content\/uploads\/sites\/4\/2016\/02\/4_diaporama_insecte.pdf\" rel=\"\">Diaporama<\/a> (PDF &#8211; 2280 Ko)<\/li>\n<\/ul>\n","protected":false},"excerpt":{"rendered":"<p>Synth\u00e8se Diaporama de pr\u00e9sentation \u00e0 t\u00e9l\u00e9charger la pr\u00e9sentation : PowerPoint 2007 (PPTX &#8211; 4460 Ko) &#8211; PowerPoint 97-2003 (PPT &#8211; 10808 Ko) Approche de la biodiversit\u00e9 Site 6pattes47 Evaluer la biodiversit\u00e9 : un exemple d&rsquo;activit\u00e9 TP. Evaluer la biodiversit\u00e9 des esp\u00e8ces (PDF &#8211; 881 Ko) Pr\u00e9paration du TP (PDF &#8211; 234 Ko) Pour les enseignants &hellip; <\/p>\n<p><a class=\"more-link btn\" href=\"https:\/\/ent2d.ac-bordeaux.fr\/disciplines\/svt\/ressources\/numeriques\/traam-2015\/traam-biodiversite-et-numerique-de-lespace-au-terrain\/\">Lire la suite<\/a><\/p>\n","protected":false},"author":8,"featured_media":0,"parent":26,"menu_order":2,"comment_status":"closed","ping_status":"closed","template":"template-onecolumn.php","meta":{"footnotes":""},"class_list":["post-212","page","type-page","status-publish","hentry","nodate","item-wrap"],"_links":{"self":[{"href":"https:\/\/ent2d.ac-bordeaux.fr\/disciplines\/svt\/wp-json\/wp\/v2\/pages\/212","targetHints":{"allow":["GET"]}}],"collection":[{"href":"https:\/\/ent2d.ac-bordeaux.fr\/disciplines\/svt\/wp-json\/wp\/v2\/pages"}],"about":[{"href":"https:\/\/ent2d.ac-bordeaux.fr\/disciplines\/svt\/wp-json\/wp\/v2\/types\/page"}],"author":[{"embeddable":true,"href":"https:\/\/ent2d.ac-bordeaux.fr\/disciplines\/svt\/wp-json\/wp\/v2\/users\/8"}],"replies":[{"embeddable":true,"href":"https:\/\/ent2d.ac-bordeaux.fr\/disciplines\/svt\/wp-json\/wp\/v2\/comments?post=212"}],"version-history":[{"count":2,"href":"https:\/\/ent2d.ac-bordeaux.fr\/disciplines\/svt\/wp-json\/wp\/v2\/pages\/212\/revisions"}],"predecessor-version":[{"id":221,"href":"https:\/\/ent2d.ac-bordeaux.fr\/disciplines\/svt\/wp-json\/wp\/v2\/pages\/212\/revisions\/221"}],"up":[{"embeddable":true,"href":"https:\/\/ent2d.ac-bordeaux.fr\/disciplines\/svt\/wp-json\/wp\/v2\/pages\/26"}],"wp:attachment":[{"href":"https:\/\/ent2d.ac-bordeaux.fr\/disciplines\/svt\/wp-json\/wp\/v2\/media?parent=212"}],"curies":[{"name":"wp","href":"https:\/\/api.w.org\/{rel}","templated":true}]}}