{"id":208,"date":"2016-02-15T18:20:43","date_gmt":"2016-02-15T17:20:43","guid":{"rendered":"http:\/\/ent2d.ac-bordeaux.fr\/disciplines\/svt\/?page_id=208"},"modified":"2016-11-30T19:56:40","modified_gmt":"2016-11-30T18:56:40","slug":"1s","status":"publish","type":"page","link":"https:\/\/ent2d.ac-bordeaux.fr\/disciplines\/svt\/ressources\/numeriques\/traam-2015\/traam-2015-classe-inversee-et-moodle-au-service-de-lautonomie-des-eleves\/1s\/","title":{"rendered":"1S"},"content":{"rendered":"<p>F\u00e9minin, Masculin<\/p>\n<p class=\"contenu\">Auteurs\u00a0:<br \/>\nFRONTY Sophie<br \/>\nGUILLOUX Christelle<br \/>\nMONDOU Christine<br \/>\nQUINAULT Laurent<br \/>\nDARRIET Laetitia<\/p>\n<p class=\"contenu\"><strong>Outils utilis\u00e9s<\/strong> :<\/p>\n<table border=\"1\" width=\"100%\" cellspacing=\"0\" cellpadding=\"3\">\n<tbody>\n<tr>\n<td>Pour r\u00e9ussir \u00e0 faire\u2026<\/td>\n<td>Outils<\/td>\n<td>Tutoriels (si disponibles)<\/td>\n<\/tr>\n<tr>\n<td>Un parcours<\/td>\n<td>Moodle (dans ENT <a href=\"http:\/\/lea.aquitaine.fr\/uPortal\/f\/u20l1s4\/normal\/render.uP\">LEA<\/a>)<\/td>\n<td><a href=\"http:\/\/sti.ac-bordeaux.fr\/lea\/moodle.html\">Moodle<\/a><\/td>\n<\/tr>\n<\/tbody>\n<\/table>\n<p class=\"contenu\"><strong>Sc\u00e9nario p\u00e9dagogique<\/strong> :<\/p>\n<p class=\"contenu\">Comprendre le d\u00e9terminisme du ph\u00e9notype sexuel \u00e0 partir de l\u2019exploitation de r\u00e9sultats exp\u00e9rimentaux. Parcours diff\u00e9renci\u00e9 selon le degr\u00e9 d\u2019autonomie de l\u2019\u00e9l\u00e8ve.<\/p>\n<p class=\"contenu\"><strong>Fichier \u00e0 restaurer dans Moodle<\/strong> : Traam_svt_Feminin_Masculin.mbz (Cliquer Droit et utiliser la commande \u00ab\u00a0Enregistrer le lien sous&#8230;\u00a0\u00bb ou \u00ab\u00a0Enregister le cible du lien sous&#8230;\u00a0\u00bb ou \u00ab\u00a0Enregistrer la cible sous&#8230;\u00a0\u00bb selon le navigateur.)<\/p>\n","protected":false},"excerpt":{"rendered":"<p>F\u00e9minin, Masculin Auteurs\u00a0: FRONTY Sophie GUILLOUX Christelle MONDOU Christine QUINAULT Laurent DARRIET Laetitia Outils utilis\u00e9s : Pour r\u00e9ussir \u00e0 faire\u2026 Outils Tutoriels (si disponibles) Un parcours Moodle (dans ENT LEA) Moodle Sc\u00e9nario p\u00e9dagogique : Comprendre le d\u00e9terminisme du ph\u00e9notype sexuel \u00e0 partir de l\u2019exploitation de r\u00e9sultats exp\u00e9rimentaux. Parcours diff\u00e9renci\u00e9 selon le degr\u00e9 d\u2019autonomie de l\u2019\u00e9l\u00e8ve. &hellip; <\/p>\n<p><a class=\"more-link btn\" href=\"https:\/\/ent2d.ac-bordeaux.fr\/disciplines\/svt\/ressources\/numeriques\/traam-2015\/traam-2015-classe-inversee-et-moodle-au-service-de-lautonomie-des-eleves\/1s\/\">Lire la suite<\/a><\/p>\n","protected":false},"author":8,"featured_media":0,"parent":65,"menu_order":8,"comment_status":"closed","ping_status":"closed","template":"template-onecolumn.php","meta":{"footnotes":""},"class_list":["post-208","page","type-page","status-publish","hentry","nodate","item-wrap"],"_links":{"self":[{"href":"https:\/\/ent2d.ac-bordeaux.fr\/disciplines\/svt\/wp-json\/wp\/v2\/pages\/208","targetHints":{"allow":["GET"]}}],"collection":[{"href":"https:\/\/ent2d.ac-bordeaux.fr\/disciplines\/svt\/wp-json\/wp\/v2\/pages"}],"about":[{"href":"https:\/\/ent2d.ac-bordeaux.fr\/disciplines\/svt\/wp-json\/wp\/v2\/types\/page"}],"author":[{"embeddable":true,"href":"https:\/\/ent2d.ac-bordeaux.fr\/disciplines\/svt\/wp-json\/wp\/v2\/users\/8"}],"replies":[{"embeddable":true,"href":"https:\/\/ent2d.ac-bordeaux.fr\/disciplines\/svt\/wp-json\/wp\/v2\/comments?post=208"}],"version-history":[{"count":2,"href":"https:\/\/ent2d.ac-bordeaux.fr\/disciplines\/svt\/wp-json\/wp\/v2\/pages\/208\/revisions"}],"predecessor-version":[{"id":210,"href":"https:\/\/ent2d.ac-bordeaux.fr\/disciplines\/svt\/wp-json\/wp\/v2\/pages\/208\/revisions\/210"}],"up":[{"embeddable":true,"href":"https:\/\/ent2d.ac-bordeaux.fr\/disciplines\/svt\/wp-json\/wp\/v2\/pages\/65"}],"wp:attachment":[{"href":"https:\/\/ent2d.ac-bordeaux.fr\/disciplines\/svt\/wp-json\/wp\/v2\/media?parent=208"}],"curies":[{"name":"wp","href":"https:\/\/api.w.org\/{rel}","templated":true}]}}