{"id":2020,"date":"2016-12-12T19:35:45","date_gmt":"2016-12-12T18:35:45","guid":{"rendered":"https:\/\/ent2d.ac-bordeaux.fr\/disciplines\/svt\/?page_id=2020"},"modified":"2016-12-12T19:36:37","modified_gmt":"2016-12-12T18:36:37","slug":"journee-de-formation-j8-banque-remediation","status":"publish","type":"page","link":"https:\/\/ent2d.ac-bordeaux.fr\/disciplines\/svt\/journee-de-formation-j8-banque-remediation\/","title":{"rendered":"Journ\u00e9e de formation J8 &#8211; Banque rem\u00e9diation"},"content":{"rendered":"<p><a href=\"https:\/\/ent2d.ac-bordeaux.fr\/disciplines\/svt\/wp-content\/uploads\/sites\/4\/2016\/12\/ANGINES-et-ANTIBIO-rem\u00e9diation.docx\">Angines et antibio-rem\u00e9diation<\/a><\/p>\n<p><a href=\"https:\/\/ent2d.ac-bordeaux.fr\/disciplines\/svt\/wp-content\/uploads\/sites\/4\/2016\/12\/Antibiotiques.docx\">Antibiotiques-rem\u00e9diation<\/a><\/p>\n<p><a href=\"https:\/\/ent2d.ac-bordeaux.fr\/disciplines\/svt\/wp-content\/uploads\/sites\/4\/2016\/12\/Comportement-responsable-1.ppt\">Comportement responsable &#8211; rem\u00e9diation<\/a><\/p>\n<p><a href=\"https:\/\/ent2d.ac-bordeaux.fr\/disciplines\/svt\/wp-content\/uploads\/sites\/4\/2016\/12\/la-diversit\u00e9-g\u00e9n\u00e9tique-remediation.doc\">Diversite g\u00e9n\u00e9tique-rem\u00e9diation<\/a><\/p>\n<p><a href=\"https:\/\/ent2d.ac-bordeaux.fr\/disciplines\/svt\/wp-content\/uploads\/sites\/4\/2016\/12\/niveaux-dorganisation.odt\">Niveaux d&rsquo;organisation &#8211; rem\u00e9diation<\/a><\/p>\n<p><a href=\"https:\/\/ent2d.ac-bordeaux.fr\/disciplines\/svt\/wp-content\/uploads\/sites\/4\/2016\/12\/PRATIQUER-DES-LANGAGES.odt\">Pratiquer des langages<\/a><\/p>\n","protected":false},"excerpt":{"rendered":"<p>Angines et antibio-rem\u00e9diation Antibiotiques-rem\u00e9diation Comportement responsable &#8211; rem\u00e9diation Diversite g\u00e9n\u00e9tique-rem\u00e9diation Niveaux d&rsquo;organisation &#8211; rem\u00e9diation Pratiquer des langages<\/p>\n","protected":false},"author":8,"featured_media":0,"parent":0,"menu_order":0,"comment_status":"closed","ping_status":"closed","template":"","meta":{"footnotes":""},"class_list":["post-2020","page","type-page","status-publish","hentry","nodate","item-wrap"],"_links":{"self":[{"href":"https:\/\/ent2d.ac-bordeaux.fr\/disciplines\/svt\/wp-json\/wp\/v2\/pages\/2020","targetHints":{"allow":["GET"]}}],"collection":[{"href":"https:\/\/ent2d.ac-bordeaux.fr\/disciplines\/svt\/wp-json\/wp\/v2\/pages"}],"about":[{"href":"https:\/\/ent2d.ac-bordeaux.fr\/disciplines\/svt\/wp-json\/wp\/v2\/types\/page"}],"author":[{"embeddable":true,"href":"https:\/\/ent2d.ac-bordeaux.fr\/disciplines\/svt\/wp-json\/wp\/v2\/users\/8"}],"replies":[{"embeddable":true,"href":"https:\/\/ent2d.ac-bordeaux.fr\/disciplines\/svt\/wp-json\/wp\/v2\/comments?post=2020"}],"version-history":[{"count":1,"href":"https:\/\/ent2d.ac-bordeaux.fr\/disciplines\/svt\/wp-json\/wp\/v2\/pages\/2020\/revisions"}],"predecessor-version":[{"id":2027,"href":"https:\/\/ent2d.ac-bordeaux.fr\/disciplines\/svt\/wp-json\/wp\/v2\/pages\/2020\/revisions\/2027"}],"wp:attachment":[{"href":"https:\/\/ent2d.ac-bordeaux.fr\/disciplines\/svt\/wp-json\/wp\/v2\/media?parent=2020"}],"curies":[{"name":"wp","href":"https:\/\/api.w.org\/{rel}","templated":true}]}}