{"id":202,"date":"2016-02-15T18:02:10","date_gmt":"2016-02-15T17:02:10","guid":{"rendered":"http:\/\/ent2d.ac-bordeaux.fr\/disciplines\/svt\/?page_id=202"},"modified":"2016-11-30T19:56:40","modified_gmt":"2016-11-30T18:56:40","slug":"4eme-production-n4","status":"publish","type":"page","link":"https:\/\/ent2d.ac-bordeaux.fr\/disciplines\/svt\/ressources\/numeriques\/traam-2015\/traam-2015-classe-inversee-et-moodle-au-service-de-lautonomie-des-eleves\/4eme-production-n4\/","title":{"rendered":"4\u00e8me &#8211; Production n\u00b04"},"content":{"rendered":"<h1>Partie \u00ab Relations au sein de l&rsquo;organisme\u00a0\u00bb (La communication hormonale)\u00bb<\/h1>\n<h1>Notion des relations au sein de l\u2019organisme<\/h1>\n<p class=\"contenu\">Auteur\u00a0: Morgann Caulet<\/p>\n<p class=\"contenu\"><strong>Outils utilis\u00e9s<\/strong> :<\/p>\n<table border=\"1\" width=\"100%\" cellspacing=\"0\" cellpadding=\"3\">\n<tbody>\n<tr>\n<td>Pour r\u00e9ussir \u00e0 faire\u2026<\/td>\n<td>Outils<\/td>\n<td>Tutoriels (si disponibles)<\/td>\n<\/tr>\n<tr>\n<td>Enregistrer la capture d\u2019\u00e9cran et le son<\/td>\n<td>Open Broadcaster<\/td>\n<td><\/td>\n<\/tr>\n<\/tbody>\n<\/table>\n<p class=\"contenu\"><strong>Sc\u00e9nario p\u00e9dagogique<\/strong> :<\/p>\n<p class=\"contenu\">Les \u00e9l\u00e8ves ont termin\u00e9 la partie intitul\u00e9e \u00ab La transmission de la vie chez l\u2019Homme \u00bb au cours de laquelle ils ont d\u00e9couvert l\u2019organisation des appareils reproducteurs et la notion de pubert\u00e9.<br \/>\nIls abordent la partie d\u00e9di\u00e9e aux \u00ab relations au sein de l\u2019organisme \u00bb en s\u2019interrogeant sur le d\u00e9clenchement de la pubert\u00e9.<\/p>\n<p class=\"contenu\">La capsule vise \u00e0 leur pr\u00e9senter les travaux de Berthold : le r\u00f4le des testicules et sa mise en \u00e9vidence par un protocole exp\u00e9rimental (ablation puis ablation suivie d\u2019une greffe).<\/p>\n<div style=\"width: 843px;\" class=\"wp-video\"><video class=\"wp-video-shortcode\" id=\"video-202-1\" width=\"843\" height=\"474\" preload=\"metadata\" controls=\"controls\"><source type=\"video\/mp4\" src=\"http:\/\/ent2d.ac-bordeaux.fr\/disciplines\/svt\/wp-content\/uploads\/sites\/4\/2016\/02\/Le-d\u00e9clenchement-de-la-pubert\u00e9.mp4?_=1\" \/><a href=\"http:\/\/ent2d.ac-bordeaux.fr\/disciplines\/svt\/wp-content\/uploads\/sites\/4\/2016\/02\/Le-d\u00e9clenchement-de-la-pubert\u00e9.mp4\">http:\/\/ent2d.ac-bordeaux.fr\/disciplines\/svt\/wp-content\/uploads\/sites\/4\/2016\/02\/Le-d\u00e9clenchement-de-la-pubert\u00e9.mp4<\/a><\/video><\/div>\n<p>Les \u00e9l\u00e8ves devront s\u2019approprier cette d\u00e9marche afin de la r\u00e9investir pour identifier les relations qui existent entre ovaires et ut\u00e9rus et donc expliquer la r\u00e9gulation des cycles sexuels f\u00e9minins (\u00e0 l\u2019aide du logiciel <a href=\"http:\/\/svt.ac-rouen.fr\/tice\/animations\/cycles\/cycles.htm\" target=\"_blank\">Cycles<\/a>\u00a0produit par l\u2019acad\u00e9mie de Rouen).<\/p>\n","protected":false},"excerpt":{"rendered":"<p>Partie \u00ab Relations au sein de l&rsquo;organisme\u00a0\u00bb (La communication hormonale)\u00bb Notion des relations au sein de l\u2019organisme Auteur\u00a0: Morgann Caulet Outils utilis\u00e9s : Pour r\u00e9ussir \u00e0 faire\u2026 Outils Tutoriels (si disponibles) Enregistrer la capture d\u2019\u00e9cran et le son Open Broadcaster Sc\u00e9nario p\u00e9dagogique : Les \u00e9l\u00e8ves ont termin\u00e9 la partie intitul\u00e9e \u00ab La transmission de la &hellip; <\/p>\n<p><a class=\"more-link btn\" href=\"https:\/\/ent2d.ac-bordeaux.fr\/disciplines\/svt\/ressources\/numeriques\/traam-2015\/traam-2015-classe-inversee-et-moodle-au-service-de-lautonomie-des-eleves\/4eme-production-n4\/\">Lire la suite<\/a><\/p>\n","protected":false},"author":8,"featured_media":0,"parent":65,"menu_order":7,"comment_status":"closed","ping_status":"closed","template":"template-onecolumn.php","meta":{"footnotes":""},"class_list":["post-202","page","type-page","status-publish","hentry","nodate","item-wrap"],"_links":{"self":[{"href":"https:\/\/ent2d.ac-bordeaux.fr\/disciplines\/svt\/wp-json\/wp\/v2\/pages\/202","targetHints":{"allow":["GET"]}}],"collection":[{"href":"https:\/\/ent2d.ac-bordeaux.fr\/disciplines\/svt\/wp-json\/wp\/v2\/pages"}],"about":[{"href":"https:\/\/ent2d.ac-bordeaux.fr\/disciplines\/svt\/wp-json\/wp\/v2\/types\/page"}],"author":[{"embeddable":true,"href":"https:\/\/ent2d.ac-bordeaux.fr\/disciplines\/svt\/wp-json\/wp\/v2\/users\/8"}],"replies":[{"embeddable":true,"href":"https:\/\/ent2d.ac-bordeaux.fr\/disciplines\/svt\/wp-json\/wp\/v2\/comments?post=202"}],"version-history":[{"count":2,"href":"https:\/\/ent2d.ac-bordeaux.fr\/disciplines\/svt\/wp-json\/wp\/v2\/pages\/202\/revisions"}],"predecessor-version":[{"id":205,"href":"https:\/\/ent2d.ac-bordeaux.fr\/disciplines\/svt\/wp-json\/wp\/v2\/pages\/202\/revisions\/205"}],"up":[{"embeddable":true,"href":"https:\/\/ent2d.ac-bordeaux.fr\/disciplines\/svt\/wp-json\/wp\/v2\/pages\/65"}],"wp:attachment":[{"href":"https:\/\/ent2d.ac-bordeaux.fr\/disciplines\/svt\/wp-json\/wp\/v2\/media?parent=202"}],"curies":[{"name":"wp","href":"https:\/\/api.w.org\/{rel}","templated":true}]}}