{"id":1941,"date":"2016-11-30T21:06:13","date_gmt":"2016-11-30T20:06:13","guid":{"rendered":"https:\/\/ent2d.ac-bordeaux.fr\/disciplines\/svt\/?page_id=1941"},"modified":"2016-11-30T21:47:36","modified_gmt":"2016-11-30T20:47:36","slug":"carte-geologique-de-la-chaine-des-puys-cones-de-scories-et-leurs-coulees-de-lave-basaltique","status":"publish","type":"page","link":"https:\/\/ent2d.ac-bordeaux.fr\/disciplines\/svt\/carte-geologique-de-la-chaine-des-puys-cones-de-scories-et-leurs-coulees-de-lave-basaltique\/","title":{"rendered":"Carte g\u00e9ologique de la cha\u00eene des Puys &#8211; C\u00f4nes de scories et leurs coul\u00e9es de lave basaltique"},"content":{"rendered":"<p><a><img decoding=\"async\" src=\"https:\/\/ent2d.ac-bordeaux.fr\/disciplines\/svt\/wp-content\/uploads\/sites\/4\/2016\/11\/page-1.jpg\" alt=\"liens\" usemap=\"#liens\" \/><\/a><\/p>\n<map name=\"liens\">\n<area alt=\"Page0\" coords=\"377, 11, 641, 29\" shape=\"rect\" href=\"https:\/\/ent2d.ac-bordeaux.fr\/disciplines\/svt\/enseigner\/ressources-academiques\/ressources-scientifiques-et-pedagogiques\/thematique-la-planete-et-les-enjeux-contemporains\/volcanisme-dans-la-chaine-des-puy\/carte-geologique-de-la-chaine-des-puys\/\" \/>\n<area alt=\"Loupe\" coords=\"330, 11, 383, 44\" shape=\"rect\" href=\"https:\/\/ent2d.ac-bordeaux.fr\/disciplines\/svt\/wp-content\/uploads\/sites\/4\/2016\/11\/carte_detail.gif\" \/>\n<area alt=\"Localisation\" coords=\"457, 426, 568, 497\" shape=\"rect\" href=\"https:\/\/ent2d.ac-bordeaux.fr\/disciplines\/svt\/wp-content\/uploads\/sites\/4\/2016\/11\/12.htm1_.gif\" \/>\n<area alt=\"Page1\" coords=\"386, 41, 631, 80\" shape=\"rect\" href=\"https:\/\/ent2d.ac-bordeaux.fr\/disciplines\/svt\/?page_id=1941&amp;preview=true\" \/>\n<area alt=\"Page2\" coords=\"386, 87, 631, 125\" shape=\"rect\" href=\"https:\/\/ent2d.ac-bordeaux.fr\/disciplines\/svt\/?page_id=1950&amp;preview=true\" \/>\n<area alt=\"Page3\" coords=\"386, 128, 649, 190\" shape=\"rect\" href=\"https:\/\/ent2d.ac-bordeaux.fr\/disciplines\/svt\/?page_id=1953&amp;preview=true\" \/>\n<area alt=\"Page4\" coords=\"386, 195, 631, 234\" shape=\"rect\" href=\"https:\/\/ent2d.ac-bordeaux.fr\/disciplines\/svt\/carte-geologique-de-la-chaine-des-puys-maars-et-leurs-croissants-de-produits-dexplosion\/\" \/>\n<area alt=\"Page5\" coords=\"386, 364, 631, 391\" shape=\"rect\" href=\"https:\/\/ent2d.ac-bordeaux.fr\/disciplines\/svt\/?page_id=1962&amp;preview=true\" \/>\n <\/map>\n<hr \/>\n<ul>\n<li><a href=\"http:\/\/ent2d.ac-bordeaux.fr\/disciplines\/svt\/volcanisme-dans-la-chaine-des-puy\/\"><strong>Pr\u00e9sentation<\/strong><\/a><\/li>\n<li><a href=\"https:\/\/ent2d.ac-bordeaux.fr\/disciplines\/svt\/bloc-diagramme-de-la-chaine-des-puys\/\">Cha\u00eene des puys en 3D<\/a><\/li>\n<li><a href=\"https:\/\/ent2d.ac-bordeaux.fr\/disciplines\/svt\/enseigner\/bases-de-donnees-documentaires\/ressources-scientifiques-et-pedagogiques\/thematique-la-planete-et-les-enjeux-contemporains\/volcanisme-dans-la-chaine-des-puy\/carte-geologique-de-la-chaine-des-puys\/\">Cartes g\u00e9ologiques<\/a><\/li>\n<li><a href=\"https:\/\/ent2d.ac-bordeaux.fr\/disciplines\/svt\/a-finir-classifications-diverses\/\">Classifications diverses<\/a><\/li>\n<li><a href=\"https:\/\/ent2d.ac-bordeaux.fr\/disciplines\/svt\/a-finir-excursions\/\">Excursions<\/a><\/li>\n<li><a href=\"https:\/\/ent2d.ac-bordeaux.fr\/disciplines\/svt\/a-finir-photographies\/\">Photographies<\/a><\/li>\n<li><a href=\"https:\/\/ent2d.ac-bordeaux.fr\/disciplines\/svt\/a-finir-lexique\/\">Lexique<\/a><\/li>\n<li><a href=\"https:\/\/ent2d.ac-bordeaux.fr\/disciplines\/svt\/documentation\/\">Documentation<\/a><\/li>\n<\/ul>\n","protected":false},"excerpt":{"rendered":"<p>Pr\u00e9sentation Cha\u00eene des puys en 3D Cartes g\u00e9ologiques Classifications diverses Excursions Photographies Lexique Documentation<\/p>\n","protected":false},"author":8,"featured_media":0,"parent":0,"menu_order":0,"comment_status":"closed","ping_status":"closed","template":"","meta":{"footnotes":""},"class_list":["post-1941","page","type-page","status-publish","hentry","nodate","item-wrap"],"_links":{"self":[{"href":"https:\/\/ent2d.ac-bordeaux.fr\/disciplines\/svt\/wp-json\/wp\/v2\/pages\/1941","targetHints":{"allow":["GET"]}}],"collection":[{"href":"https:\/\/ent2d.ac-bordeaux.fr\/disciplines\/svt\/wp-json\/wp\/v2\/pages"}],"about":[{"href":"https:\/\/ent2d.ac-bordeaux.fr\/disciplines\/svt\/wp-json\/wp\/v2\/types\/page"}],"author":[{"embeddable":true,"href":"https:\/\/ent2d.ac-bordeaux.fr\/disciplines\/svt\/wp-json\/wp\/v2\/users\/8"}],"replies":[{"embeddable":true,"href":"https:\/\/ent2d.ac-bordeaux.fr\/disciplines\/svt\/wp-json\/wp\/v2\/comments?post=1941"}],"version-history":[{"count":3,"href":"https:\/\/ent2d.ac-bordeaux.fr\/disciplines\/svt\/wp-json\/wp\/v2\/pages\/1941\/revisions"}],"predecessor-version":[{"id":1988,"href":"https:\/\/ent2d.ac-bordeaux.fr\/disciplines\/svt\/wp-json\/wp\/v2\/pages\/1941\/revisions\/1988"}],"wp:attachment":[{"href":"https:\/\/ent2d.ac-bordeaux.fr\/disciplines\/svt\/wp-json\/wp\/v2\/media?parent=1941"}],"curies":[{"name":"wp","href":"https:\/\/api.w.org\/{rel}","templated":true}]}}