{"id":1866,"date":"2016-11-08T15:18:04","date_gmt":"2016-11-08T14:18:04","guid":{"rendered":"https:\/\/ent2d.ac-bordeaux.fr\/disciplines\/svt\/?page_id=1866"},"modified":"2022-11-04T09:52:08","modified_gmt":"2022-11-04T08:52:08","slug":"risque-et-securite-en-svt","status":"publish","type":"page","link":"https:\/\/ent2d.ac-bordeaux.fr\/disciplines\/svt\/sinformer\/risque-et-securite-en-svt\/","title":{"rendered":"&gt;&gt; Risque et S\u00e9curit\u00e9 en SVT"},"content":{"rendered":"\n<h3 class=\"wp-block-heading\">&gt; <a rel=\"noopener\" href=\"https:\/\/ent2d.ac-bordeaux.fr\/disciplines\/svt\/wp-content\/uploads\/sites\/4\/2018\/08\/PLAQUETTE-SVT-02-2016_Couleurs_549993.pdf\" target=\"_blank\">Plaquette &#8211; SVT &#8211; ONS<\/a><\/h3>\n\n\n\n<h3 class=\"wp-block-heading\">&gt; <a rel=\"noopener\" href=\"https:\/\/ent2d.ac-bordeaux.fr\/disciplines\/svt\/wp-content\/uploads\/sites\/4\/2016\/11\/Guide-se\u0301curite\u0301-aout-2016-.docx\" target=\"_blank\">Guide 2016 &#8211; Equipement et s\u00e9curit\u00e9 en salles et laboratoires de SVT<\/a><\/h3>\n\n\n\n<h3 class=\"wp-block-heading\">&gt; <a rel=\"noopener\" href=\"https:\/\/pedagogie.ac-toulouse.fr\/svt\/risques-et-securite\" target=\"_blank\">Risques et s\u00e9curit\u00e9, Site acad\u00e9mique de Toulouse.<\/a><\/h3>\n\n\n\n<p>Le site de l&rsquo;acad\u00e9mie de Toulouse met \u00e0 disposition :<\/p>\n\n\n\n<ul class=\"wp-block-list\"><li>Les textes r\u00e9glementaires. <\/li><li>Des documents et sites institutionnels. <\/li><li>Des conseils pratiques. <\/li><li>Des mises en situation dans les \u00e9tablissements scolaires.<\/li><\/ul>\n\n\n\n<h3 class=\"wp-block-heading\">&gt; <a rel=\"noopener\" href=\"http:\/\/www.esst-inrs.fr\/3rb\/index.php\" target=\"_blank\">Site 3RB &#8211; INRS<\/a><\/h3>\n\n\n\n<p>Le site 3RB fournit des informations et des outils sur la pr\u00e9vention des risques biologiques \u00e0 destination des enseignants formant les \u00e9l\u00e8ves :<\/p>\n\n\n\n<ul class=\"wp-block-list\"><li>aux CAP et baccalaur\u00e9ats professionnels des secteurs : bioindustries, environnement, hygi\u00e8ne et st\u00e9rilisation, services \u00e0 la personne, services aux collectivit\u00e9s (restauration), soins \u00e0 la personne<\/li><li>aux baccalaur\u00e9ats technologiques de laboratoire et h\u00f4tellerie-restauration&#8230;<\/li><li>aux BTS des secteurs : bioindustries, environnement,&nbsp;recherche, sant\u00e9, services aux collectivit\u00e9s (restauration), services et soins \u00e0 la personne<\/li><\/ul>\n\n\n\n<p><\/p>\n","protected":false},"excerpt":{"rendered":"<p>&gt; Plaquette &#8211; SVT &#8211; ONS &gt; Guide 2016 &#8211; Equipement et s\u00e9curit\u00e9 en salles et laboratoires de SVT &gt; Risques et s\u00e9curit\u00e9, Site acad\u00e9mique de Toulouse. Le site de l&rsquo;acad\u00e9mie de Toulouse met \u00e0 disposition : Les textes r\u00e9glementaires. Des documents et sites institutionnels. Des conseils pratiques. Des mises en situation dans les \u00e9tablissements &hellip; <\/p>\n<p><a class=\"more-link btn\" href=\"https:\/\/ent2d.ac-bordeaux.fr\/disciplines\/svt\/sinformer\/risque-et-securite-en-svt\/\">Lire la suite<\/a><\/p>\n","protected":false},"author":8,"featured_media":0,"parent":8,"menu_order":4,"comment_status":"closed","ping_status":"closed","template":"","meta":{"footnotes":""},"class_list":["post-1866","page","type-page","status-publish","hentry","nodate","item-wrap"],"_links":{"self":[{"href":"https:\/\/ent2d.ac-bordeaux.fr\/disciplines\/svt\/wp-json\/wp\/v2\/pages\/1866","targetHints":{"allow":["GET"]}}],"collection":[{"href":"https:\/\/ent2d.ac-bordeaux.fr\/disciplines\/svt\/wp-json\/wp\/v2\/pages"}],"about":[{"href":"https:\/\/ent2d.ac-bordeaux.fr\/disciplines\/svt\/wp-json\/wp\/v2\/types\/page"}],"author":[{"embeddable":true,"href":"https:\/\/ent2d.ac-bordeaux.fr\/disciplines\/svt\/wp-json\/wp\/v2\/users\/8"}],"replies":[{"embeddable":true,"href":"https:\/\/ent2d.ac-bordeaux.fr\/disciplines\/svt\/wp-json\/wp\/v2\/comments?post=1866"}],"version-history":[{"count":12,"href":"https:\/\/ent2d.ac-bordeaux.fr\/disciplines\/svt\/wp-json\/wp\/v2\/pages\/1866\/revisions"}],"predecessor-version":[{"id":3982,"href":"https:\/\/ent2d.ac-bordeaux.fr\/disciplines\/svt\/wp-json\/wp\/v2\/pages\/1866\/revisions\/3982"}],"up":[{"embeddable":true,"href":"https:\/\/ent2d.ac-bordeaux.fr\/disciplines\/svt\/wp-json\/wp\/v2\/pages\/8"}],"wp:attachment":[{"href":"https:\/\/ent2d.ac-bordeaux.fr\/disciplines\/svt\/wp-json\/wp\/v2\/media?parent=1866"}],"curies":[{"name":"wp","href":"https:\/\/api.w.org\/{rel}","templated":true}]}}