{"id":181,"date":"2016-02-15T17:45:15","date_gmt":"2016-02-15T16:45:15","guid":{"rendered":"http:\/\/ent2d.ac-bordeaux.fr\/disciplines\/svt\/?page_id=181"},"modified":"2016-11-30T19:56:18","modified_gmt":"2016-11-30T18:56:18","slug":"4eme-production-n2","status":"publish","type":"page","link":"https:\/\/ent2d.ac-bordeaux.fr\/disciplines\/svt\/ressources\/numeriques\/traam-2015\/traam-2015-classe-inversee-et-moodle-au-service-de-lautonomie-des-eleves\/4eme-production-n2\/","title":{"rendered":"4\u00e8me &#8211; Production n\u00b02"},"content":{"rendered":"<h1>Partie \u00ab L\u2019activit\u00e9 interne du globe \u00bb (tectonique des plaques)<\/h1>\n<h1>Tectonique des plaques<\/h1>\n<p>Auteurs\u00a0: GEORGET Emilie &amp; LOT Yann<\/p>\n<p><strong>Outils utilis\u00e9s<\/strong> :<\/p>\n<table border=\"1\" width=\"100%\" cellspacing=\"0\" cellpadding=\"3\">\n<tbody>\n<tr>\n<td>Pour r\u00e9ussir \u00e0 faire\u2026<\/td>\n<td>Outils<\/td>\n<td>Tutoriels (si disponibles)<\/td>\n<\/tr>\n<tr>\n<td>Capture d\u2019\u00e9cran et de piste audio<\/td>\n<td>Open Broadcaster Software<\/td>\n<td><a href=\"http:\/\/ent2d.ac-bordeaux.fr\/disciplines\/svt\/wp-content\/uploads\/sites\/4\/2016\/01\/Open-Broadcaster-Tutoriel.pdf\" rel=\"\">Open Broadcaster Tutoriel<\/a><\/td>\n<\/tr>\n<\/tbody>\n<\/table>\n<p>L\u2019<a href=\"http:\/\/svt.ac-rouen.fr\/tice\/animations\/tectonique\/expansion.htm\" target=\"_blank\">animation<\/a> (auteur\u00a0: Carole Tremel) comment\u00e9e du mod\u00e8le de tectonique des plaques est mise \u00e0 disposition des \u00e9l\u00e8ves sur Ilias.<br \/>\nAvant la s\u00e9ance, il leur est demand\u00e9 de la visionner et de compl\u00e9ter un <a href=\"http:\/\/ent2d.ac-bordeaux.fr\/disciplines\/svt\/wp-content\/uploads\/sites\/4\/2016\/02\/act-tectonique-des-plaques-classe-invers\u00e9e.pdf\" rel=\"\">tableau r\u00e9capitulatif<\/a>\u00a0des notions pr\u00e9sent\u00e9es. Ce travail permet de v\u00e9rifier que l\u2019\u00e9l\u00e8ve a bien visionn\u00e9 l\u2019animation et a cherch\u00e9 \u00e0 s\u2019approprier le mod\u00e8le, condition indispensable \u00e0 la suite de l\u2019activit\u00e9.<\/p>\n<div style=\"width: 843px;\" class=\"wp-video\"><video class=\"wp-video-shortcode\" id=\"video-181-1\" width=\"843\" height=\"474\" preload=\"metadata\" controls=\"controls\"><source type=\"video\/mp4\" src=\"http:\/\/ent2d.ac-bordeaux.fr\/disciplines\/svt\/wp-content\/uploads\/sites\/4\/2016\/02\/Mod\u00e8le-tectonique-des-plaques.mp4?_=1\" \/><a href=\"http:\/\/ent2d.ac-bordeaux.fr\/disciplines\/svt\/wp-content\/uploads\/sites\/4\/2016\/02\/Mod\u00e8le-tectonique-des-plaques.mp4\">http:\/\/ent2d.ac-bordeaux.fr\/disciplines\/svt\/wp-content\/uploads\/sites\/4\/2016\/02\/Mod\u00e8le-tectonique-des-plaques.mp4<\/a><\/video><\/div>\n<p>&nbsp;<\/p>\n<p><strong>En classe<\/strong><\/p>\n<p class=\"contenu\">Premier temps\u00a0: retour sur le travail demand\u00e9.<br \/>\nDeuxi\u00e8me temps\u00a0: Activit\u00e9 sur la recherche des arguments ayant permis l\u2019\u00e9laboration du mod\u00e8le. Il s\u2019agit de rechercher des informations \u00e0 partir de <a href=\"http:\/\/ent2d.ac-bordeaux.fr\/disciplines\/svt\/wp-content\/uploads\/sites\/4\/2016\/02\/act-tectonique-plaque-planche-doc-pdf.pdf\" rel=\"\">documents papier<\/a> et de maquettes et de les organiser dans un tableau. Des arguments de diff\u00e9rentes natures sont pr\u00e9sent\u00e9s\u00a0:\u00a0indices sur les roches (r\u00e9partition \u00e2ge, d\u00e9formations&#8230;), indices GPS, indices sur l&rsquo;activit\u00e9 g\u00e9ologique (types de s\u00e9ismes, de volcanisme), et ce pour chaque limite de plaque \u00e9tudi\u00e9e\u00a0:\u00a0dorsale oc\u00e9anique, fosse oc\u00e9anique, cha\u00eene de montagne. Chaque limite de plaque est caract\u00e9ris\u00e9e dans un atelier. Les \u00e9l\u00e8ves sont r\u00e9partis sur ces 3 ateliers par groupe de niveau\u00a0(le cas de la fosse oc\u00e9anique \u00e9tant moins \u00e9vident que celui de la dorsale, lui-m\u00eame l\u2019\u00e9tant moins que la cha\u00eene de montagne).<\/p>\n","protected":false},"excerpt":{"rendered":"<p>Partie \u00ab L\u2019activit\u00e9 interne du globe \u00bb (tectonique des plaques) Tectonique des plaques Auteurs\u00a0: GEORGET Emilie &amp; LOT Yann Outils utilis\u00e9s : Pour r\u00e9ussir \u00e0 faire\u2026 Outils Tutoriels (si disponibles) Capture d\u2019\u00e9cran et de piste audio Open Broadcaster Software Open Broadcaster Tutoriel L\u2019animation (auteur\u00a0: Carole Tremel) comment\u00e9e du mod\u00e8le de tectonique des plaques est mise &hellip; <\/p>\n<p><a class=\"more-link btn\" href=\"https:\/\/ent2d.ac-bordeaux.fr\/disciplines\/svt\/ressources\/numeriques\/traam-2015\/traam-2015-classe-inversee-et-moodle-au-service-de-lautonomie-des-eleves\/4eme-production-n2\/\">Lire la suite<\/a><\/p>\n","protected":false},"author":8,"featured_media":0,"parent":65,"menu_order":5,"comment_status":"closed","ping_status":"closed","template":"template-onecolumn.php","meta":{"footnotes":""},"class_list":["post-181","page","type-page","status-publish","hentry","nodate","item-wrap"],"_links":{"self":[{"href":"https:\/\/ent2d.ac-bordeaux.fr\/disciplines\/svt\/wp-json\/wp\/v2\/pages\/181","targetHints":{"allow":["GET"]}}],"collection":[{"href":"https:\/\/ent2d.ac-bordeaux.fr\/disciplines\/svt\/wp-json\/wp\/v2\/pages"}],"about":[{"href":"https:\/\/ent2d.ac-bordeaux.fr\/disciplines\/svt\/wp-json\/wp\/v2\/types\/page"}],"author":[{"embeddable":true,"href":"https:\/\/ent2d.ac-bordeaux.fr\/disciplines\/svt\/wp-json\/wp\/v2\/users\/8"}],"replies":[{"embeddable":true,"href":"https:\/\/ent2d.ac-bordeaux.fr\/disciplines\/svt\/wp-json\/wp\/v2\/comments?post=181"}],"version-history":[{"count":12,"href":"https:\/\/ent2d.ac-bordeaux.fr\/disciplines\/svt\/wp-json\/wp\/v2\/pages\/181\/revisions"}],"predecessor-version":[{"id":197,"href":"https:\/\/ent2d.ac-bordeaux.fr\/disciplines\/svt\/wp-json\/wp\/v2\/pages\/181\/revisions\/197"}],"up":[{"embeddable":true,"href":"https:\/\/ent2d.ac-bordeaux.fr\/disciplines\/svt\/wp-json\/wp\/v2\/pages\/65"}],"wp:attachment":[{"href":"https:\/\/ent2d.ac-bordeaux.fr\/disciplines\/svt\/wp-json\/wp\/v2\/media?parent=181"}],"curies":[{"name":"wp","href":"https:\/\/api.w.org\/{rel}","templated":true}]}}