{"id":1613,"date":"2016-06-24T10:14:13","date_gmt":"2016-06-24T09:14:13","guid":{"rendered":"https:\/\/ent2d.ac-bordeaux.fr\/disciplines\/svt\/?page_id=1613"},"modified":"2016-09-27T09:15:33","modified_gmt":"2016-09-27T08:15:33","slug":"visites-geologiques-en-aquitaine","status":"publish","type":"page","link":"https:\/\/ent2d.ac-bordeaux.fr\/disciplines\/svt\/ressources\/pedagogiques\/lithotheque\/visites-geologiques-en-aquitaine\/","title":{"rendered":"Visites g\u00e9ologiques en Aquitaine"},"content":{"rendered":"<h1 class=\"contenu\"><strong>Stage de formation des enseignants<\/strong> (<a href=\"http:\/\/www.ac-bordeaux.fr\/cid102092\/organiser-des-sorties-terrain-interdisciplinaires.html\">partenariat DAAC &#8211; BRGM &#8211; SIGEM<\/a>)<\/h1>\n<h1 class=\"contenu\"><strong>Sorties propos\u00e9es\u00a0par le BRGM<\/strong><\/h1>\n<ul>\n<li><a href=\"http:\/\/sigesaqi.brgm.fr\/-1-Formations-eocene-et-oligocene-du-secteur-de-Blaye-.html\">Un spot sur Blaye<\/a><\/li>\n<li><a href=\"http:\/\/sigesaqi.brgm.fr\/-2-Formations-oligocenes-miocenes-et-quaternaires-autour-de-.html\">Un spot sur Langon<\/a><\/li>\n<li><a href=\"http:\/\/sigesaqi.brgm.fr\/-3-Formations-jurassique-et-cretace-superieur-en-Perigord-.html\">Un spot sur Brant\u00f4me (nord est de P\u00e9rigueux)<\/a><\/li>\n<li><a href=\"http:\/\/sigesaqi.brgm.fr\/-4-Formations-sablo-graveleuses-de-l-aquifere-du-Mio-Plio-.html\">Un spot sur Salles (Sud du 33)<\/a><\/li>\n<\/ul>\n<p>&nbsp;<\/p>\n<h1><strong>Sorties hydrog\u00e9ologiques propos\u00e9es\u00a0par le SIGES &#8211; Aquitaine<\/strong><\/h1>\n<p class=\"title crayon rubrique-titre-75 \"><a href=\"http:\/\/sigesaqi.brgm.fr\/-ATLAS-des-itineraires-HYDROGEOLOGIQUES-.html\">ATLAS des itin\u00e9raires HYDROGEOLOGIQUES<\/a><\/p>\n<p class=\"title crayon rubrique-titre-75 \">Ce site\u00a0contient une s\u00e9lection de balades vous permettant de vous familiariser avec l\u2019hydrog\u00e9ologie d\u2019une fa\u00e7on ludique :<\/p>\n<p class=\"title crayon rubrique-titre-75 \"><a href=\"http:\/\/sigesaqi.brgm.fr\/-1-Formations-eocene-et-oligocene-du-secteur-de-Blaye-.html\">1 &#8211; Formations \u00e9oc\u00e8ne et oligoc\u00e8ne du secteur de Blaye<\/a><\/p>\n<p class=\"title crayon rubrique-titre-75 \"><a href=\"http:\/\/sigesaqi.brgm.fr\/-2-Formations-oligocene-miocene-et-quaternaire-autour-de-la-.html\">2 &#8211; Formations oligoc\u00e8ne, mioc\u00e8ne et quaternaire autour de la Garonne dans le secteur de Langon\u00a0<\/a><\/p>\n<p class=\"title crayon rubrique-titre-75 \"><a href=\"http:\/\/sigesaqi.brgm.fr\/-3-Formations-du-Jurassique-et-du-Cretace-superieur-en-.html\">3 &#8211; Formations du Jurassique et du Cr\u00e9tac\u00e9 sup\u00e9rieur en P\u00e9rigord<\/a><\/p>\n<p class=\"title crayon rubrique-titre-75 \"><a href=\"http:\/\/sigesaqi.brgm.fr\/-4-Formations-sablo-graveleuses-de-l-aquifere-du-mio-Plio-.html\">4 &#8211; Formations sablo-graveleuses de l\u2019aquif\u00e8re du mio-Plio-Quaternaire dans le secteur de Salles<\/a><\/p>\n<p class=\"title crayon rubrique-titre-75 \"><a href=\"http:\/\/sigesaqi.brgm.fr\/-5-Formations-et-sources-du-Cretace-superieur-a-l-Eocene-.html\">5 &#8211; Formations et sources du Cr\u00e9tac\u00e9 sup\u00e9rieur \u00e0 l\u2019Eoc\u00e8ne inf\u00e9rieur, en Chalosse<\/a><\/p>\n<p class=\"title crayon rubrique-titre-75 \"><a href=\"http:\/\/sigesaqi.brgm.fr\/-6-Formations-du-Jurassique-du-Cretace-superieur-et-du-.html\">6 &#8211; Formations du Jurassique, du Cr\u00e9tac\u00e9 sup\u00e9rieur et du Tertiaire dans le Fum\u00e9lois<\/a><\/p>\n<p class=\"title crayon rubrique-titre-75 \"><a href=\"http:\/\/sigesaqi.brgm.fr\/-7-Formations-secondaires-tertiaires-et-quaternaires-de-la-.html\">7- Formations secondaires, tertiaires et quaternaires de la C\u00f4te Basque<\/a><\/p>\n<p class=\"title crayon rubrique-titre-75 \"><a href=\"http:\/\/sigesaqi.brgm.fr\/-8-Formations-calcaires-du-Trias-du-Jurassique-et-du-Cretace-.html\">8 &#8211; Formations calcaires du Trias, du Jurassique et du Cr\u00e9tac\u00e9 sur le plateau de Benou<\/a><\/p>\n<p class=\"title crayon rubrique-titre-75 \"><a href=\"http:\/\/sigesaqi.brgm.fr\/-9-Formations-du-Jurassique-du-Cretace-superieur-et-du-.html\">9 &#8211; Formations du Jurassique, du Cr\u00e9tac\u00e9 sup\u00e9rieur et du Tertiaire dans le sud de la Dordogne<\/a><\/p>\n<p class=\"title crayon rubrique-titre-75 \"><a href=\"http:\/\/sigesaqi.brgm.fr\/-10-Formations-du-Tertiaire-et-du-Quaternaire-dans-le-sud-.html\">10 &#8211; Formations du Tertiaire et du Quaternaire dans le sud-ouest du Lot-et-Garonne<\/a><\/p>\n<p class=\"title crayon rubrique-titre-75 \"><a href=\"http:\/\/sigesaqi.brgm.fr\/-11-Formations-du-Cretace-et-du-Cenozoique-dans-le-centre-.html\">11 &#8211; Formations du Cr\u00e9tac\u00e9 et du C\u00e9nozo\u00efque dans le centre des Landes de Gascogne<\/a><\/p>\n<p class=\"title crayon rubrique-titre-75 \"><a href=\"http:\/\/sigesaqi.brgm.fr\/-12-Formations-du-Quaternaire-et-du-Cenozoique-dans-le-Medoc-.html\">12 &#8211; Formations du Quaternaire et du C\u00e9nozo\u00efque dans le M\u00e9doc et pr\u00e8s de l\u2019estuaire de la Gironde<\/a><\/p>\n<p class=\"title crayon rubrique-titre-75 \"><a href=\"http:\/\/sigesaqi.brgm.fr\/-13-Formations-alluviales-du-Quaternaire-dans-les-vallees-de-.html\">13 &#8211; Formations alluviales du Quaternaire dans les vall\u00e9es de l\u2019Adour et de la Midouze<\/a><\/p>\n<h1><strong>Sorties propos\u00e9es\u00a0en partenariat avec l&rsquo;UNICEM : visites de carri\u00e8res<\/strong><\/h1>\n<p class=\"contenu\">Des visites de carri\u00e8res <strong>dans tous les d\u00e9partements<\/strong> peuvent \u00eatre envisag\u00e9es dans le cadre du partenariat avec l&rsquo;UNICEM ( Union Nationale des Industries de Carri\u00e8res et Mat\u00e9riaux de construction)\u00a0: ces visites permettent d&rsquo;aborder \u00e0 la fois la g\u00e9ologie locale mais aussi les m\u00e9tiers des carri\u00e8res dans le cadre du <a href=\"http:\/\/www.education.gouv.fr\/cid83948\/le-parcours-avenir.html\"><strong>Parcours Avenir<\/strong><\/a>.<\/p>\n<p class=\"contenu\">Dans le cadre de ce partenariat, l&rsquo;UNICEM peut financer le transport des \u00e9l\u00e8ves.<\/p>\n<p class=\"contenu\">Contact UNICEM :\u00a0aquitaine@unicem.fr <a href=\"https:\/\/ent2d.ac-bordeaux.fr\/disciplines\/svt\/wp-content\/uploads\/sites\/4\/2016\/06\/LETTRE-PLAQUETTE-CFA-UNICEM-AQUITAINE.pdf\">Document de contact<\/a><\/p>\n<p class=\"contenu\">Vous trouverez ci-dessous les\u00a0documents d&rsquo;une visite g\u00e9ologique dans la carri\u00e8re de Cassaber dans les Pyr\u00e9n\u00e9es Atlantiques.<\/p>\n<p class=\"contenu\">Lien \u00e0 venir<\/p>\n<p class=\"contenu\">Vous trouverez ci-dessous des documents de visite g\u00e9ologique r\u00e9alis\u00e9s par des coll\u00e8gues de SVT et de technologie sur des carri\u00e8res en Dordogne.<\/p>\n<p class=\"contenu\"><a href=\"https:\/\/ent2d.ac-bordeaux.fr\/disciplines\/svt\/enseigner\/bases-de-donnees-documentaires\/lithotheque\/galerie-photos-carrieres-de-dordogne\/\"><strong>Galerie photos : Carri\u00e8res de Dordogne<\/strong><\/a><\/p>\n<p><strong><a href=\"https:\/\/ent2d.ac-bordeaux.fr\/disciplines\/svt\/wp-content\/uploads\/sites\/4\/2016\/01\/Plaisance.pdf\">Carri\u00e8res de Plaisance<\/a><\/strong> (24) Groupe 24<\/p>\n<p><a href=\"http:\/\/maps.google.fr\/maps?hl=fr&amp;ie=UTF8&amp;ll=44.698799,0.547085&amp;spn=0.010219,0.018861&amp;t=h&amp;z=16&amp;source=embed\" target=\"_blank\">Plan<\/a><\/p>\n<p><strong><a href=\"https:\/\/ent2d.ac-bordeaux.fr\/disciplines\/svt\/wp-content\/uploads\/sites\/4\/2016\/01\/saint_astier.pdf\">Carri\u00e8res de Chaux et Ciment de Saint-Astier<\/a><\/strong> (24) Groupe 24<\/p>\n<p><a href=\"http:\/\/maps.google.fr\/maps?q=45.148165,0.552168&amp;num=1&amp;t=h&amp;sll=45.148261,0.552127&amp;sspn=0.005055,0.009431&amp;hl=fr&amp;ie=UTF8&amp;ll=45.148261,0.552127&amp;spn=0.005055,0.009431&amp;z=14&amp;source=embed\" target=\"_blank\">Plan<\/a><\/p>\n<p><strong><a href=\"https:\/\/ent2d.ac-bordeaux.fr\/disciplines\/svt\/wp-content\/uploads\/sites\/4\/2016\/01\/cesar_sas.pdf\">Exploitation du gr\u00e8s de Thiviers<\/a><\/strong> (24) Groupe 24<\/p>\n<p><a href=\"http:\/\/maps.google.fr\/maps?q=45.463181,0.490263&amp;num=1&amp;t=h&amp;sll=45.467495,0.507068&amp;sspn=0.031305,0.06403&amp;hl=fr&amp;ie=UTF8&amp;ll=45.463043,0.490437&amp;spn=0.005027,0.009431&amp;z=16&amp;source=embed\" target=\"_blank\">Plan<\/a><\/p>\n<p>Carri\u00e8res des Charges Min\u00e9rales du P\u00e9rigord (24) Groupe 24<\/p>\n<p><strong><a href=\"https:\/\/ent2d.ac-bordeaux.fr\/disciplines\/svt\/wp-content\/uploads\/sites\/4\/2016\/01\/lamonzie.pdf\">Carri\u00e8res de Lamonzie Montastruc et de Saint F\u00e9lix de Villadeix<\/a><\/strong> (24) Groupe 24<\/p>\n<p><strong><a href=\"https:\/\/ent2d.ac-bordeaux.fr\/disciplines\/svt\/wp-content\/uploads\/sites\/4\/2016\/01\/malville_La_tour_blanche.pdf\">Carri\u00e8re de LA TOUR BLANCHE<\/a><\/strong> (24) Groupe 24<\/p>\n<p><strong><a href=\"https:\/\/ent2d.ac-bordeaux.fr\/disciplines\/svt\/wp-content\/uploads\/sites\/4\/2016\/01\/boudeau20080721.pdf\">Carri\u00e8re de Boudeau<\/a><\/strong> (24) Groupe 24<\/p>\n<h1><strong>Sorties propos\u00e9es\u00a0par les coll\u00e8gues de SVT<\/strong><\/h1>\n<p><strong>Sortie g\u00e9ologique \u00e0 Monsempron-Libos<\/strong>\u00a0Coll\u00e8ge Kl\u00e9ber Thoueilles \u2013 Monsempron-Libos<br \/>\n<a style=\"color: #0000ff;text-align: left\" href=\"http:\/\/maps.google.fr\/maps?q=44.487076,0.943033&amp;num=1&amp;t=h&amp;hl=fr&amp;ie=UTF8&amp;z=14&amp;ll=44.487,0.943075&amp;source=embed\">Plan<\/a><\/p>\n<p><strong>Sortie g\u00e9ologique en Fumelois<\/strong>\u00a0Lyc\u00e9e Georges Leygues &#8211; Villeneuve sur Lot<\/p>\n<p><a href=\"http:\/\/maps.google.fr\/maps?q=44.497408,0.971539&amp;num=1&amp;t=h&amp;hl=fr&amp;ie=UTF8&amp;z=15&amp;ll=44.497485,0.971668&amp;source=embed\">Plan<\/a><\/p>\n<p><strong><a href=\"https:\/\/ent2d.ac-bordeaux.fr\/disciplines\/svt\/wp-content\/uploads\/sites\/4\/2016\/01\/SORTIE_-pierre_47.pdf\">Sortie g\u00e9ologique : la pierre en Lot et Garonne<\/a><\/strong> Lyc\u00e9e Saint Caprais \u2013 Agen<\/p>\n<p><a href=\"http:\/\/maps.google.fr\/maps?hl=fr&amp;ie=UTF8&amp;ll=44.250000,0.500000&amp;spn=0.010219,0.018861&amp;t=k&amp;z=14&amp;source=embed\" target=\"_blank\">Plan<\/a><\/p>\n<p><strong>Fiche d&rsquo;affleurement : molasse de l&rsquo;Agenais \u00e0 St Pastour<\/strong>\u00a0Lyc\u00e9e Stendhal \u2013 AIGUILLON<\/p>\n<p><a href=\"http:\/\/maps.google.fr\/maps?q=44.489181,0.600171&amp;num=1&amp;t=h&amp;hl=fr&amp;ie=UTF8&amp;z=16&amp;ll=44.489204,0.600343&amp;source=embed\">Plan<\/a><\/p>\n<p>&nbsp;<\/p>\n<p><strong><a href=\"https:\/\/ent2d.ac-bordeaux.fr\/disciplines\/svt\/wp-content\/uploads\/sites\/4\/2016\/01\/Pech_de_Berre-1.pdf\">Pech de Berre<\/a> <\/strong>(24) Groupe 24 <a href=\"https:\/\/ent2d.ac-bordeaux.fr\/disciplines\/svt\/wp-content\/uploads\/sites\/4\/2016\/01\/Pech_de_Berre_comp.pdf\">Compl\u00e9ment<\/a><\/p>\n<p><a href=\"http:\/\/maps.google.fr\/maps?f=q&amp;source=s_q&amp;hl=fr&amp;geocode=&amp;q=44.333333,0.333333&amp;aq=&amp;sll=45.14696,0.549175&amp;sspn=0.011139,0.022852&amp;g=45.148165,0.552168&amp;ie=UTF8&amp;ll=44.33358,0.333259&amp;spn=0.011296,0.022852&amp;t=h&amp;z=16&amp;source=embed\" target=\"_blank\">Plan<\/a><\/p>\n<p><strong><a href=\"https:\/\/ent2d.ac-bordeaux.fr\/disciplines\/svt\/wp-content\/uploads\/sites\/4\/2016\/01\/Le_Tertiaire_dans_le_pays_de_Serres.pdf\">Le Tertiaire dans le Pays de Serres<\/a><\/strong> Lyc\u00e9e Stendhal &#8211; AIGUILLON<\/p>\n<p><a href=\"http:\/\/maps.google.fr\/maps?f=q&amp;source=embed&amp;hl=fr&amp;geocode=&amp;q=44.361111,0.377778&amp;aq=0&amp;sll=44.355278,0.398254&amp;sspn=1.445397,2.92511&amp;ie=UTF8&amp;ll=44.361182,0.37778&amp;spn=0.045164,0.09141&amp;t=h&amp;z=14\">Plan<\/a><\/p>\n<p>&nbsp;<\/p>\n","protected":false},"excerpt":{"rendered":"<p>Stage de formation des enseignants (partenariat DAAC &#8211; BRGM &#8211; SIGEM) Sorties propos\u00e9es\u00a0par le BRGM Un spot sur Blaye Un spot sur Langon Un spot sur Brant\u00f4me (nord est de P\u00e9rigueux) Un spot sur Salles (Sud du 33) &nbsp; Sorties hydrog\u00e9ologiques propos\u00e9es\u00a0par le SIGES &#8211; Aquitaine ATLAS des itin\u00e9raires HYDROGEOLOGIQUES Ce site\u00a0contient une s\u00e9lection de &hellip; <\/p>\n<p><a class=\"more-link btn\" href=\"https:\/\/ent2d.ac-bordeaux.fr\/disciplines\/svt\/ressources\/pedagogiques\/lithotheque\/visites-geologiques-en-aquitaine\/\">Lire la suite<\/a><\/p>\n","protected":false},"author":8,"featured_media":0,"parent":32,"menu_order":1,"comment_status":"closed","ping_status":"closed","template":"","meta":{"footnotes":""},"class_list":["post-1613","page","type-page","status-publish","hentry","nodate","item-wrap"],"_links":{"self":[{"href":"https:\/\/ent2d.ac-bordeaux.fr\/disciplines\/svt\/wp-json\/wp\/v2\/pages\/1613","targetHints":{"allow":["GET"]}}],"collection":[{"href":"https:\/\/ent2d.ac-bordeaux.fr\/disciplines\/svt\/wp-json\/wp\/v2\/pages"}],"about":[{"href":"https:\/\/ent2d.ac-bordeaux.fr\/disciplines\/svt\/wp-json\/wp\/v2\/types\/page"}],"author":[{"embeddable":true,"href":"https:\/\/ent2d.ac-bordeaux.fr\/disciplines\/svt\/wp-json\/wp\/v2\/users\/8"}],"replies":[{"embeddable":true,"href":"https:\/\/ent2d.ac-bordeaux.fr\/disciplines\/svt\/wp-json\/wp\/v2\/comments?post=1613"}],"version-history":[{"count":20,"href":"https:\/\/ent2d.ac-bordeaux.fr\/disciplines\/svt\/wp-json\/wp\/v2\/pages\/1613\/revisions"}],"predecessor-version":[{"id":1763,"href":"https:\/\/ent2d.ac-bordeaux.fr\/disciplines\/svt\/wp-json\/wp\/v2\/pages\/1613\/revisions\/1763"}],"up":[{"embeddable":true,"href":"https:\/\/ent2d.ac-bordeaux.fr\/disciplines\/svt\/wp-json\/wp\/v2\/pages\/32"}],"wp:attachment":[{"href":"https:\/\/ent2d.ac-bordeaux.fr\/disciplines\/svt\/wp-json\/wp\/v2\/media?parent=1613"}],"curies":[{"name":"wp","href":"https:\/\/api.w.org\/{rel}","templated":true}]}}