{"id":1514,"date":"2016-06-19T20:07:13","date_gmt":"2016-06-19T19:07:13","guid":{"rendered":"https:\/\/ent2d.ac-bordeaux.fr\/disciplines\/svt\/?page_id=1514"},"modified":"2016-06-24T08:13:56","modified_gmt":"2016-06-24T07:13:56","slug":"a-finir-classifications-diverses","status":"publish","type":"page","link":"https:\/\/ent2d.ac-bordeaux.fr\/disciplines\/svt\/ressources\/pedagogiques\/ressources-academiques-diverses\/thematique-la-planete-et-les-enjeux-contemporains\/volcanisme-dans-la-chaine-des-puy\/a-finir-classifications-diverses\/","title":{"rendered":"Classifications diverses"},"content":{"rendered":"<h3>Th\u00e8mes propos\u00e9s<\/h3>\n<ol>\n<li><a href=\"https:\/\/ent2d.ac-bordeaux.fr\/disciplines\/svt\/a-finir-nature-de-la-croute-continentale-et-du-manteau\/\">Nature de la cro\u00fbte continentale et du manteau<\/a><\/li>\n<li><a href=\"https:\/\/ent2d.ac-bordeaux.fr\/disciplines\/svt\/a-finir-differenciation-magmatique\/\">Diff\u00e9renciation magmatique<\/a><\/li>\n<li><a href=\"https:\/\/ent2d.ac-bordeaux.fr\/disciplines\/svt\/diversite-des-edifices-volcaniques\/\">Diversit\u00e9 des \u00e9difices volcaniques<\/a><\/li>\n<li><a href=\"https:\/\/ent2d.ac-bordeaux.fr\/disciplines\/svt\/a-finir-nature-et-diversite-des-emissions-volcaniques\/\">Nature et diversit\u00e9 des \u00e9missions volcaniques<\/a><\/li>\n<\/ol>\n<p><a name=\"d\u00e9but\"><\/a><br \/>\nClassification des <a href=\"#roche\">grands types de roches<\/a><\/p>\n<p>Classification des <a href=\"#produits\">produits volcaniques<\/a> observ\u00e9s dans la Cha\u00eene des Puys<\/p>\n<p>Classification de quelques <a href=\"#min\u00e9raux oeil\">min\u00e9raux observ\u00e9s \u00e0 l&rsquo;oeil nu<\/a><\/p>\n<p>Classification de quelques <a href=\"#min\u00e9raux microscope\">min\u00e9raux observ\u00e9s au microscope polarisant<\/a><\/p>\n<hr \/>\n<h3 id=\"roche\">Classification des grands types de roches<\/h3>\n<table>\n<tbody>\n<tr>\n<td style=\"background-color: #98ffd0\">Crit\u00e8re n\u00b01<\/td>\n<td style=\"background-color: #99ccff\">Crit\u00e8re n\u00b02<\/td>\n<td style=\"background-color: #ff6666\" colspan=\"2\">Crit\u00e8re n\u00b03<\/td>\n<td style=\"background-color: #d9c275\" colspan=\"2\">Crit\u00e8re n\u00b04<\/td>\n<td style=\"background-color: #cc6699\">Type de roche<\/td>\n<\/tr>\n<tr>\n<td style=\"background-color: #98ffd0\" colspan=\"6\">Fait effervescence \u00e0 l&rsquo;acide chlorhydrique (HCl)<\/td>\n<td style=\"background-color: #cc6699\">Roche s\u00e9dimentaires<\/td>\n<\/tr>\n<tr>\n<td style=\"background-color: #98ffd0\" rowspan=\"5\">Ne fait pas effervescence \u00e0 l&rsquo;acide chlorhydrique (HCl)<\/td>\n<td style=\"background-color: #99ccff\" colspan=\"5\">Pr\u00e9sence d&rsquo;\u00e9l\u00e9ments mais pas de cristaux<\/td>\n<td style=\"background-color: #cc6699\">Roche s\u00e9dimentaires<\/td>\n<\/tr>\n<tr>\n<td style=\"background-color: #99ccff\" rowspan=\"3\">Pr\u00e9sence de cristaux mais pas d&rsquo;\u00e9l\u00e9ments<\/td>\n<td style=\"background-color: #ff6666\" rowspan=\"2\">Roche isotrope<\/td>\n<td style=\"background-color: #ff6666\" rowspan=\"2\"><a href=\"https:\/\/ent2d.ac-bordeaux.fr\/disciplines\/svt\/wp-content\/uploads\/sites\/4\/2016\/06\/6.htm7_.gif\"><img loading=\"lazy\" decoding=\"async\" class=\"wp-image-1530 aligncenter\" src=\"https:\/\/ent2d.ac-bordeaux.fr\/disciplines\/svt\/wp-content\/uploads\/sites\/4\/2016\/06\/6.htm7_.gif\" alt=\"6.htm7\" width=\"79\" height=\"58\" \/><\/a><\/td>\n<td style=\"background-color: #d9c275\">Roche constitu\u00e9e enti\u00e8rement de cristaux tous visibles \u00e0 l&rsquo;oeil nu<\/td>\n<td style=\"background-color: #d9c275\"><a href=\"https:\/\/ent2d.ac-bordeaux.fr\/disciplines\/svt\/wp-content\/uploads\/sites\/4\/2016\/06\/6.htm6_.jpg\"><img loading=\"lazy\" decoding=\"async\" class=\"size-full wp-image-1532 aligncenter\" src=\"https:\/\/ent2d.ac-bordeaux.fr\/disciplines\/svt\/wp-content\/uploads\/sites\/4\/2016\/06\/6.htm6_.jpg\" alt=\"6.htm6\" width=\"119\" height=\"88\" \/><\/a><\/td>\n<td style=\"background-color: #cc6699\">Roche magmatique plutonique<\/td>\n<\/tr>\n<tr>\n<td style=\"background-color: #d9c275\">Roche contenant quelques cristaux visibles \u00e0 l&rsquo;oeil nu noy\u00e9s dans une p\u00e2te<\/td>\n<td style=\"background-color: #d9c275\"><a href=\"https:\/\/ent2d.ac-bordeaux.fr\/disciplines\/svt\/wp-content\/uploads\/sites\/4\/2016\/06\/6.htm2_.jpg\"><img loading=\"lazy\" decoding=\"async\" class=\"size-full wp-image-1533 aligncenter\" src=\"https:\/\/ent2d.ac-bordeaux.fr\/disciplines\/svt\/wp-content\/uploads\/sites\/4\/2016\/06\/6.htm2_.jpg\" alt=\"6.htm2\" width=\"119\" height=\"88\" \/><\/a><\/td>\n<td style=\"background-color: #cc6699\">Roche magmatique volcanique<\/td>\n<\/tr>\n<tr>\n<td style=\"background-color: #ff6666\">Roche anisotrope<\/td>\n<td style=\"background-color: #ff6666\"><a href=\"https:\/\/ent2d.ac-bordeaux.fr\/disciplines\/svt\/wp-content\/uploads\/sites\/4\/2016\/06\/6.htm3_.jpg\"><img loading=\"lazy\" decoding=\"async\" class=\"size-full wp-image-1531 aligncenter\" src=\"https:\/\/ent2d.ac-bordeaux.fr\/disciplines\/svt\/wp-content\/uploads\/sites\/4\/2016\/06\/6.htm3_.jpg\" alt=\"6.htm3\" width=\"118\" height=\"89\" \/><\/a><\/td>\n<td colspan=\"2\"><\/td>\n<td style=\"background-color: #cc6699\">Roche m\u00e9tamorphique<\/td>\n<\/tr>\n<tr>\n<td style=\"background-color: #99ccff\" colspan=\"5\">Absence de cristaux et d&rsquo;\u00e9l\u00e9ments<\/td>\n<td style=\"background-color: #cc6699\">Roche m\u00e9tamorphique<\/td>\n<\/tr>\n<\/tbody>\n<\/table>\n<p style=\"line-height: 100%\" align=\"center\"><a href=\"#d\u00e9but\">Retour<\/a><\/p>\n<hr \/>\n<h3 id=\"produits\">Classification des produits volcaniques observ\u00e9s dans la Cha\u00eene des Puys<\/h3>\n<h4>A l&rsquo;\u00e9chelle de l&rsquo;affleurement<\/h4>\n<table>\n<tbody>\n<tr>\n<td style=\"background-color: #98ffd0\" align=\"center\">Crit\u00e8re n\u00b01<\/td>\n<td style=\"background-color: #99ccff\" align=\"center\">Crit\u00e8re n\u00b02<\/td>\n<td style=\"background-color: #ff6666\" align=\"center\">Crit\u00e8re n\u00b03<\/td>\n<td style=\"background-color: #cc6699\" align=\"center\">Type d&rsquo;affleurement<\/td>\n<\/tr>\n<tr>\n<td style=\"background-color: #98ffd0\" rowspan=\"2\">Roches massives<\/td>\n<td style=\"background-color: #99ccff\" colspan=\"2\">Surface irr\u00e9guli\u00e8re de la coul\u00e9e de lave<\/td>\n<td style=\"background-color: #cc6699\">Coul\u00e9e de lave de type \u00ab\u00a0pahoehoe\u00a0\u00bb<\/td>\n<\/tr>\n<tr>\n<td colspan=\"2\">Surface r\u00e9guli\u00e8re de la coul\u00e9e de lave<\/td>\n<td style=\"background-color: #cc6699\">Coul\u00e9e de lave de type \u00ab\u00a0aa\u00a0\u00bb (appel\u00e9e\u00a0 \u00ab\u00a0Cheire\u00a0\u00bb en Auvergne)<\/td>\n<\/tr>\n<tr>\n<td rowspan=\"4\">M\u00e9lange friable de roches<\/td>\n<td style=\"background-color: #99ccff\" rowspan=\"2\">M\u00e9lange lit\u00e9<\/td>\n<td style=\"background-color: #ff6666\">M\u00e9lange de roches de m\u00eame nature (certaines poss\u00e8dent parfois des enclaves)<\/td>\n<td style=\"background-color: #cc6699\">C\u00f4ne de scories<\/td>\n<\/tr>\n<tr>\n<td style=\"background-color: #ff6666\">M\u00e9lange de roches de nature diff\u00e9rente<\/td>\n<td style=\"background-color: #cc6699\">Produits volcaniques associ\u00e9s \u00e0 un maar<\/td>\n<\/tr>\n<tr>\n<td rowspan=\"2\">M\u00e9lange non lit\u00e9<\/td>\n<td style=\"background-color: #ff6666\">M\u00e9lange de roches de m\u00eame nature<\/td>\n<td style=\"background-color: #cc6699\">Nu\u00e9es ardentes<\/td>\n<\/tr>\n<tr>\n<td style=\"background-color: #ff6666\">M\u00e9lange de roches de nature diff\u00e9rente<\/td>\n<td style=\"background-color: #cc6699\">Nappe de cendres et de ponces<\/td>\n<\/tr>\n<\/tbody>\n<\/table>\n<h4>A l&rsquo;\u00e9chelle de la roche<\/h4>\n<h5>&#8211; selon la texture<\/h5>\n<table class=\"style24\">\n<tbody>\n<tr>\n<td class=\"style25\" style=\"background-color: #98ffd0\" align=\"center\" width=\"146\">Crit\u00e8re n\u00b01<\/td>\n<td style=\"background-color: #99ccff\" align=\"center\" width=\"90\">\n<p class=\"style18\" style=\"background-color: #99ccff\">Crit\u00e8re n\u00b02<\/p>\n<\/td>\n<td class=\"style18\" style=\"background-color: #cc6699\" align=\"center\" width=\"121\">Nom de la roche<\/td>\n<\/tr>\n<tr class=\"style15\">\n<td class=\"style16\" style=\"background-color: #98ffd0\" rowspan=\"2\" width=\"146\">Roche vacuolaire<\/td>\n<td class=\"style16\" style=\"background-color: #99ccff\" width=\"90\">densit\u00e9&lt;1<\/td>\n<td class=\"style16\" style=\"background-color: #cc6699\" width=\"121\">Ponces<\/td>\n<\/tr>\n<tr class=\"style15\">\n<td class=\"style16\" style=\"background-color: #99ccff\" width=\"90\">densit\u00e9&gt;1<\/td>\n<td class=\"style16\" style=\"background-color: #cc6699\" width=\"121\">Scories<\/td>\n<\/tr>\n<tr class=\"style15\">\n<td class=\"style16\" style=\"background-color: #98ffd0\" colspan=\"2\" width=\"199\">Roche non vacuolaire<\/td>\n<td class=\"style16\" style=\"background-color: #cc6699\" width=\"121\">Laves<\/td>\n<\/tr>\n<\/tbody>\n<\/table>\n<h5>&#8211; selon la granulom\u00e9trie<\/h5>\n<table class=\"style24\">\n<tbody>\n<tr>\n<td class=\"style25\" style=\"background-color: #98ffd0\" align=\"center\" width=\"160\">Crit\u00e8re<\/td>\n<td class=\"style18\" style=\"background-color: #cc6699\" align=\"center\" width=\"123\">Nom de la roche<\/td>\n<\/tr>\n<tr class=\"style15\">\n<td class=\"style16\" style=\"background-color: #98ffd0\" width=\"160\">Taille&lt;2 mm<\/td>\n<td class=\"style16\" style=\"background-color: #cc6699\" width=\"123\">Cendres<\/td>\n<\/tr>\n<tr class=\"style15\">\n<td class=\"style16\" style=\"background-color: #98ffd0\" width=\"160\">2 mm&lt;Taille&lt;64 mm<\/td>\n<td class=\"style16\" style=\"background-color: #cc6699\" width=\"123\">Lapilli<\/td>\n<\/tr>\n<tr class=\"style15\">\n<td class=\"style16\" style=\"background-color: #98ffd0\" width=\"160\">Taille&gt;64 mm<\/td>\n<td class=\"style16\" style=\"background-color: #cc6699\" width=\"123\">Blocs<\/td>\n<\/tr>\n<\/tbody>\n<\/table>\n<h5>&#8211; selon la morphologie (valable uniquement pour les bombes volcaniques)<\/h5>\n<table border=\"1\" width=\"486\">\n<tbody>\n<tr>\n<td class=\"style25\" style=\"background-color: #98ffd0\" align=\"center\" width=\"271\">Crit\u00e8re<\/td>\n<td class=\"style18\" style=\"background-color: #cc6699\" align=\"center\" width=\"199\">Nom de la bombe<\/td>\n<\/tr>\n<tr class=\"style15\">\n<td class=\"style16\" style=\"background-color: #98ffd0\" width=\"271\">De forme allong\u00e9e<\/td>\n<td class=\"style16\" style=\"background-color: #cc6699\" width=\"199\">Bombe en fuseau<\/td>\n<\/tr>\n<tr class=\"style15\">\n<td class=\"style16\" style=\"background-color: #98ffd0\" width=\"271\">De forme globuleuse \u00e0 la surface craquel\u00e9e<\/td>\n<td class=\"style16\" style=\"background-color: #cc6699\" width=\"199\">Bombe en cro\u00fbte de pain<\/td>\n<\/tr>\n<tr class=\"style15\">\n<td class=\"style16\" style=\"background-color: #98ffd0\" width=\"271\">De forme ovo\u00efde \u00e0 la surface mamelonn\u00e9e<\/td>\n<td class=\"style16\" style=\"background-color: #cc6699\" width=\"199\">Bombe en chou-fleur<\/td>\n<\/tr>\n<tr class=\"style15\">\n<td class=\"style16\" style=\"background-color: #98ffd0\" width=\"271\">De forme aplatie<\/td>\n<td class=\"style16\" style=\"background-color: #cc6699\" width=\"199\">Bombe en bouse de vache<\/td>\n<\/tr>\n<\/tbody>\n<\/table>\n<p>&nbsp;<\/p>\n<p style=\"line-height: 100%\" align=\"center\"><a href=\"#d\u00e9but\">Retour<\/a><\/p>\n<hr \/>\n<h3 id=\"min\u00e9raux oeil\">Quelques min\u00e9raux observ\u00e9s \u00e0 l&rsquo;oeil nu<\/h3>\n<table class=\"style24\" style=\"width: 370px\" cellpadding=\"3\">\n<tbody>\n<tr>\n<td height=\"19\">\n<p class=\"contenu\" align=\"center\"><b>Granite trouv\u00e9 dans la nappe de cendres et ponces de Rochefort-Montagne<\/b><\/p>\n<\/td>\n<\/tr>\n<tr>\n<td align=\"center\" valign=\"middle\" height=\"324\"><a href=\"https:\/\/ent2d.ac-bordeaux.fr\/disciplines\/svt\/wp-content\/uploads\/sites\/4\/2016\/06\/mx1-1.jpg\"><img loading=\"lazy\" decoding=\"async\" class=\"alignnone size-medium wp-image-1534\" src=\"https:\/\/ent2d.ac-bordeaux.fr\/disciplines\/svt\/wp-content\/uploads\/sites\/4\/2016\/06\/mx1-1-300x273.jpg\" alt=\"mx1\" width=\"300\" height=\"273\" srcset=\"https:\/\/ent2d.ac-bordeaux.fr\/disciplines\/svt\/wp-content\/uploads\/sites\/4\/2016\/06\/mx1-1-300x273.jpg 300w, https:\/\/ent2d.ac-bordeaux.fr\/disciplines\/svt\/wp-content\/uploads\/sites\/4\/2016\/06\/mx1-1.jpg 358w\" sizes=\"auto, (max-width: 300px) 100vw, 300px\" \/><\/a><\/td>\n<\/tr>\n<tr>\n<td align=\"justify\" valign=\"top\" height=\"184\">\n<p class=\"contenu\"><b>F1<\/b> = Feldspath type 1 (probablement un feldspath alcalin)<b><br \/>\nF2<\/b> = Feldspath type 2 (probablement un feldspath plagioclase compte tenu de la couleur verd\u00e2tre qui traduit souvent l&rsquo;alt\u00e9ration des feldspaths plagioclases<b>)<br \/>\nM<\/b> = Mica noir = Biotite<b><br \/>\nQ<\/b> = Quartz<\/p>\n<p class=\"contenu\">Echelle: la largeur de la photo fait 2 cm.<\/p>\n<\/td>\n<\/tr>\n<\/tbody>\n<\/table>\n<p>&nbsp;<\/p>\n<p>&nbsp;<\/p>\n<table style=\"width: 660px\" cellpadding=\"3\">\n<tbody>\n<tr>\n<td>\n<p class=\"contenu\" align=\"center\"><b>P\u00e9ridotite trouv\u00e9e en enclave dans une bombe volcanique du puy Gonnard<\/b><\/p>\n<\/td>\n<td>\n<p class=\"contenu\" align=\"center\"><b>Trachyte du puy de D\u00f4me<\/b><\/p>\n<\/td>\n<\/tr>\n<tr>\n<td><a href=\"https:\/\/ent2d.ac-bordeaux.fr\/disciplines\/svt\/wp-content\/uploads\/sites\/4\/2016\/06\/mx2-1.jpg\"><img loading=\"lazy\" decoding=\"async\" class=\"aligncenter wp-image-1543 size-medium\" src=\"https:\/\/ent2d.ac-bordeaux.fr\/disciplines\/svt\/wp-content\/uploads\/sites\/4\/2016\/06\/mx2-1-300x259.jpg\" alt=\"mx2\" width=\"300\" height=\"259\" srcset=\"https:\/\/ent2d.ac-bordeaux.fr\/disciplines\/svt\/wp-content\/uploads\/sites\/4\/2016\/06\/mx2-1-300x259.jpg 300w, https:\/\/ent2d.ac-bordeaux.fr\/disciplines\/svt\/wp-content\/uploads\/sites\/4\/2016\/06\/mx2-1.jpg 329w\" sizes=\"auto, (max-width: 300px) 100vw, 300px\" \/><\/a><\/td>\n<td><a href=\"https:\/\/ent2d.ac-bordeaux.fr\/disciplines\/svt\/wp-content\/uploads\/sites\/4\/2016\/06\/mx3-1.jpg\"><img loading=\"lazy\" decoding=\"async\" class=\"size-medium wp-image-1544 aligncenter\" src=\"https:\/\/ent2d.ac-bordeaux.fr\/disciplines\/svt\/wp-content\/uploads\/sites\/4\/2016\/06\/mx3-1-300x262.jpg\" alt=\"mx3\" width=\"300\" height=\"262\" srcset=\"https:\/\/ent2d.ac-bordeaux.fr\/disciplines\/svt\/wp-content\/uploads\/sites\/4\/2016\/06\/mx3-1-300x262.jpg 300w, https:\/\/ent2d.ac-bordeaux.fr\/disciplines\/svt\/wp-content\/uploads\/sites\/4\/2016\/06\/mx3-1.jpg 325w\" sizes=\"auto, (max-width: 300px) 100vw, 300px\" \/><\/a><\/td>\n<\/tr>\n<tr>\n<td style=\"padding: 2px\" align=\"justify\" valign=\"top\">\n<p class=\"contenu\">Les min\u00e9raux noirs sont des pyrox\u00e8nes et les min\u00e9raux verts, des olivines.<\/p>\n<p class=\"contenu\">Echelle: la largeur de la photo fait 1,5 cm.<\/p>\n<\/td>\n<td style=\"padding: 2px\" align=\"justify\" valign=\"top\">\n<p class=\"contenu\">Les min\u00e9raux limpides ou blanch\u00e2tres, en forme de baguette et craquel\u00e9s sont des feldspaths alcalins (plus pr\u00e9cis\u00e9ment de la sanidine) et les min\u00e9raux noirs, des biotites (micas noirs).<\/p>\n<p class=\"contenu\">Echelle: la largeur de la photo fait 4 cm.<\/p>\n<\/td>\n<\/tr>\n<\/tbody>\n<\/table>\n<p style=\"line-height: 100%\" align=\"center\"><a href=\"#d\u00e9but\">Retour<\/a><\/p>\n<hr \/>\n<h3 id=\"min\u00e9raux microscope\">Classification des min\u00e9raux observ\u00e9s au microscope polarisant<\/h3>\n<table border=\"\u00bb1\u2033\" width=\"\u00bb450\u2033\" cellspacing=\"\u00bb0\u2033\" cellpadding=\"\u00bb0\u2033\">\n<tbody>\n<tr>\n<td colspan=\"3\">Min\u00e9raux essentiels<\/td>\n<td colspan=\"3\">Min\u00e9raux accessoires<\/td>\n<\/tr>\n<tr>\n<td>Lumi\u00e8re polaris\u00e9e non analys\u00e9e<\/td>\n<td>Lumi\u00e8re polaris\u00e9e analys\u00e9e<\/td>\n<td>Min\u00e9ral<\/td>\n<td>Lumi\u00e8re polaris\u00e9e non analys\u00e9e<\/td>\n<td>Lumi\u00e8re polaris\u00e9e analys\u00e9e<\/td>\n<td>Min\u00e9ral<\/td>\n<\/tr>\n<tr>\n<td><img loading=\"lazy\" decoding=\"async\" class=\"alignnone size-full wp-image-1439\" src=\"https:\/\/ent2d.ac-bordeaux.fr\/disciplines\/svt\/wp-content\/uploads\/sites\/4\/2016\/06\/quartz_lpna.jpg\" alt=\"quartz_lpna\" width=\"157\" height=\"118\" \/><\/td>\n<td><img loading=\"lazy\" decoding=\"async\" class=\"alignnone size-full wp-image-1440\" src=\"https:\/\/ent2d.ac-bordeaux.fr\/disciplines\/svt\/wp-content\/uploads\/sites\/4\/2016\/06\/quartz_lpa.jpg\" alt=\"quartz_lpa\" width=\"157\" height=\"118\" \/><\/td>\n<td>Quartz (x40)<\/td>\n<td><img loading=\"lazy\" decoding=\"async\" class=\"alignnone size-full wp-image-1441\" src=\"https:\/\/ent2d.ac-bordeaux.fr\/disciplines\/svt\/wp-content\/uploads\/sites\/4\/2016\/06\/biotite_lpna.jpg\" alt=\"biotite_lpna\" width=\"157\" height=\"118\" \/><\/td>\n<td><img loading=\"lazy\" decoding=\"async\" class=\"alignnone size-full wp-image-1442\" src=\"https:\/\/ent2d.ac-bordeaux.fr\/disciplines\/svt\/wp-content\/uploads\/sites\/4\/2016\/06\/biotite_lpa.jpg\" alt=\"biotite_lpa\" width=\"157\" height=\"118\" \/><\/td>\n<td>Mica noir =Biotite (x100)<\/td>\n<\/tr>\n<tr>\n<td><img loading=\"lazy\" decoding=\"async\" class=\"alignnone size-full wp-image-1444\" src=\"https:\/\/ent2d.ac-bordeaux.fr\/disciplines\/svt\/wp-content\/uploads\/sites\/4\/2016\/06\/felpla_lpna.jpg\" alt=\"felpla_lpna\" width=\"157\" height=\"118\" \/><\/td>\n<td><img loading=\"lazy\" decoding=\"async\" class=\"alignnone size-full wp-image-1443\" src=\"https:\/\/ent2d.ac-bordeaux.fr\/disciplines\/svt\/wp-content\/uploads\/sites\/4\/2016\/06\/felpla_lpa.jpg\" alt=\"felpla_lpa\" width=\"157\" height=\"118\" \/><\/td>\n<td>Feldspath plagioclase (x100)<\/td>\n<td>En cours de construction<\/td>\n<td>En cours de construction<\/td>\n<td>Olivine (x100)<\/td>\n<\/tr>\n<tr>\n<td>En cours de construction<\/td>\n<td>En cours de construction<\/td>\n<td>Feldspath alcalin =Sanidine (x40)<\/td>\n<td><img loading=\"lazy\" decoding=\"async\" class=\"alignnone size-full wp-image-1446\" src=\"https:\/\/ent2d.ac-bordeaux.fr\/disciplines\/svt\/wp-content\/uploads\/sites\/4\/2016\/06\/pyro_lpna.jpg\" alt=\"pyro_lpna\" width=\"157\" height=\"118\" \/><\/td>\n<td><img loading=\"lazy\" decoding=\"async\" class=\"alignnone size-full wp-image-1445\" src=\"https:\/\/ent2d.ac-bordeaux.fr\/disciplines\/svt\/wp-content\/uploads\/sites\/4\/2016\/06\/pyro_lpa.jpg\" alt=\"pyro_lpa\" width=\"157\" height=\"118\" \/><\/td>\n<td>Pyrox\u00e8ne (x40)<\/td>\n<\/tr>\n<\/tbody>\n<\/table>\n<p style=\"line-height: 100%\" align=\"center\"><a href=\"#d\u00e9but\">Retour<\/a><\/p>\n<hr \/>\n<ul>\n<li><a href=\"http:\/\/ent2d.ac-bordeaux.fr\/disciplines\/svt\/volcanisme-dans-la-chaine-des-puy\/\"><strong>Pr\u00e9sentation<\/strong><\/a><\/li>\n<li><a href=\"https:\/\/ent2d.ac-bordeaux.fr\/disciplines\/svt\/bloc-diagramme-de-la-chaine-des-puys\/\">Cha\u00eene des puys en 3D<\/a><\/li>\n<li><a href=\"https:\/\/ent2d.ac-bordeaux.fr\/disciplines\/svt\/enseigner\/bases-de-donnees-documentaires\/ressources-scientifiques-et-pedagogiques\/thematique-la-planete-et-les-enjeux-contemporains\/volcanisme-dans-la-chaine-des-puy\/carte-geologique-de-la-chaine-des-puys\/\">Cartes g\u00e9ologiques<\/a><\/li>\n<li><a href=\"https:\/\/ent2d.ac-bordeaux.fr\/disciplines\/svt\/a-finir-classifications-diverses\/\">Classifications diverses<\/a><\/li>\n<li><a href=\"https:\/\/ent2d.ac-bordeaux.fr\/disciplines\/svt\/a-finir-excursions\/\">Excursions<\/a><\/li>\n<li><a href=\"https:\/\/ent2d.ac-bordeaux.fr\/disciplines\/svt\/a-finir-photographies\/\">Photographies<\/a><\/li>\n<li><a href=\"https:\/\/ent2d.ac-bordeaux.fr\/disciplines\/svt\/a-finir-lexique\/\">Lexique<\/a><\/li>\n<li><a href=\"https:\/\/ent2d.ac-bordeaux.fr\/disciplines\/svt\/documentation\/\">Documentation<\/a><\/li>\n<\/ul>\n","protected":false},"excerpt":{"rendered":"<p>Th\u00e8mes propos\u00e9s Nature de la cro\u00fbte continentale et du manteau Diff\u00e9renciation magmatique Diversit\u00e9 des \u00e9difices volcaniques Nature et diversit\u00e9 des \u00e9missions volcaniques Classification des grands types de roches Classification des produits volcaniques observ\u00e9s dans la Cha\u00eene des Puys Classification de quelques min\u00e9raux observ\u00e9s \u00e0 l&rsquo;oeil nu Classification de quelques min\u00e9raux observ\u00e9s au microscope polarisant Classification &hellip; <\/p>\n<p><a class=\"more-link btn\" href=\"https:\/\/ent2d.ac-bordeaux.fr\/disciplines\/svt\/ressources\/pedagogiques\/ressources-academiques-diverses\/thematique-la-planete-et-les-enjeux-contemporains\/volcanisme-dans-la-chaine-des-puy\/a-finir-classifications-diverses\/\">Lire la suite<\/a><\/p>\n","protected":false},"author":8,"featured_media":0,"parent":922,"menu_order":7,"comment_status":"closed","ping_status":"closed","template":"","meta":{"footnotes":""},"class_list":["post-1514","page","type-page","status-publish","hentry","nodate","item-wrap"],"_links":{"self":[{"href":"https:\/\/ent2d.ac-bordeaux.fr\/disciplines\/svt\/wp-json\/wp\/v2\/pages\/1514","targetHints":{"allow":["GET"]}}],"collection":[{"href":"https:\/\/ent2d.ac-bordeaux.fr\/disciplines\/svt\/wp-json\/wp\/v2\/pages"}],"about":[{"href":"https:\/\/ent2d.ac-bordeaux.fr\/disciplines\/svt\/wp-json\/wp\/v2\/types\/page"}],"author":[{"embeddable":true,"href":"https:\/\/ent2d.ac-bordeaux.fr\/disciplines\/svt\/wp-json\/wp\/v2\/users\/8"}],"replies":[{"embeddable":true,"href":"https:\/\/ent2d.ac-bordeaux.fr\/disciplines\/svt\/wp-json\/wp\/v2\/comments?post=1514"}],"version-history":[{"count":28,"href":"https:\/\/ent2d.ac-bordeaux.fr\/disciplines\/svt\/wp-json\/wp\/v2\/pages\/1514\/revisions"}],"predecessor-version":[{"id":1572,"href":"https:\/\/ent2d.ac-bordeaux.fr\/disciplines\/svt\/wp-json\/wp\/v2\/pages\/1514\/revisions\/1572"}],"up":[{"embeddable":true,"href":"https:\/\/ent2d.ac-bordeaux.fr\/disciplines\/svt\/wp-json\/wp\/v2\/pages\/922"}],"wp:attachment":[{"href":"https:\/\/ent2d.ac-bordeaux.fr\/disciplines\/svt\/wp-json\/wp\/v2\/media?parent=1514"}],"curies":[{"name":"wp","href":"https:\/\/api.w.org\/{rel}","templated":true}]}}