{"id":1508,"date":"2016-06-19T19:19:03","date_gmt":"2016-06-19T18:19:03","guid":{"rendered":"https:\/\/ent2d.ac-bordeaux.fr\/disciplines\/svt\/?page_id=1508"},"modified":"2016-06-24T08:17:22","modified_gmt":"2016-06-24T07:17:22","slug":"a-finir-lexique","status":"publish","type":"page","link":"https:\/\/ent2d.ac-bordeaux.fr\/disciplines\/svt\/ressources\/pedagogiques\/ressources-academiques-diverses\/thematique-la-planete-et-les-enjeux-contemporains\/volcanisme-dans-la-chaine-des-puy\/a-finir-lexique\/","title":{"rendered":"Lexique"},"content":{"rendered":"<h3>Th\u00e8mes propos\u00e9s<\/h3>\n<ol>\n<li><a href=\"https:\/\/ent2d.ac-bordeaux.fr\/disciplines\/svt\/a-finir-nature-de-la-croute-continentale-et-du-manteau\/\">Nature de la cro\u00fbte continentale et du manteau<\/a><\/li>\n<li><a href=\"https:\/\/ent2d.ac-bordeaux.fr\/disciplines\/svt\/a-finir-differenciation-magmatique\/\">Diff\u00e9renciation magmatique<\/a><\/li>\n<li><a href=\"https:\/\/ent2d.ac-bordeaux.fr\/disciplines\/svt\/diversite-des-edifices-volcaniques\/\">Diversit\u00e9 des \u00e9difices volcaniques<\/a><\/li>\n<li><a href=\"https:\/\/ent2d.ac-bordeaux.fr\/disciplines\/svt\/a-finir-nature-et-diversite-des-emissions-volcaniques\/\">Nature et diversit\u00e9 des \u00e9missions volcaniques<\/a><\/li>\n<\/ol>\n<hr \/>\n<h3 style=\"text-align: center\"><a href=\"#A\">A<\/a> <a href=\"#B\">B<\/a> <a href=\"#C\">C<\/a> <a href=\"#D\">D<\/a> <a href=\"#E\">E<\/a> <a href=\"#F\">F<\/a> <a href=\"#G\">G<\/a> <a href=\"#L\">L<\/a> <a href=\"#M\">M<\/a> <a href=\"#N\">N<\/a> <a href=\"#O\">O<\/a> <a href=\"#P\">P<\/a> <a href=\"#Q\">Q<\/a> <a href=\"#R\">R<\/a> <a href=\"#S\">S<\/a> <a href=\"#T\">T<\/a><\/h3>\n<hr \/>\n<section id=\"A\"><\/section>\n<p><b>Affleurement.<\/b> Partie d&rsquo;un terrain visible \u00e0 la surface de la Terre.<\/p>\n<section id=\"B\"><\/section>\n<p class=\"contenu\"><b>Basalte.<\/b> Roche magmatique volcanique microlitique tr\u00e8s commune, noire, comportant des feldspaths plagioclases et des pyrox\u00e8nes accompagn\u00e9s d&rsquo;autres min\u00e9raux de nature variable (olivine&#8230;).<\/p>\n<p class=\"contenu\"><b>Biotite. <\/b>Min\u00e9ral noir compos\u00e9 de feuillets \u00e9l\u00e9mentaires superpos\u00e9s. Ce min\u00e9ral est riche en fer et en magn\u00e9sium. De ce fait, il est encore appel\u00e9 \u00ab\u00a0mica noir ferromagn\u00e9sien\u00a0\u00bb.<\/p>\n<p class=\"contenu\"><b>Bloc. <\/b>Type de projection volcanique caract\u00e9ris\u00e9 par une taille sup\u00e9rieure \u00e0 64 mm.<\/p>\n<p class=\"contenu\"><b>Bombe.<\/b> Type de projection volcanique caract\u00e9ris\u00e9 par sa morphologie. Sa taille est g\u00e9n\u00e9ralement sup\u00e9rieure \u00e0 1-2 cm.<\/p>\n<section id=\"C\"><\/section>\n<p class=\"contenu\"><b>Cendre.<\/b> Type de projection volcanique caract\u00e9ris\u00e9 par une taille inf\u00e9rieure \u00e0 2 mm.<\/p>\n<p class=\"contenu\"><b>Cheire.<\/b> Nom local donn\u00e9 \u00e0 une ancienne coul\u00e9e de lave de type aa.<\/p>\n<p class=\"contenu\"><b>C\u00f4ne strombolien.<\/b> Appareil volcanique au relief conique form\u00e9 par l&rsquo;accumulation de projections et de coul\u00e9es de lave autour d&rsquo;une chemin\u00e9e volcanique. Sa mise en place se produit g\u00e9n\u00e9ralement en une seule fois sur une dur\u00e9e allant de quelques jours \u00e0 quelques mois au maximum.<\/p>\n<p class=\"contenu\"><b>Co\u00fbte continentale.<\/b> Partie la plus superficielle de la Terre au niveau des continents par opposition \u00e0 la \u00ab\u00a0cro\u00fbte oc\u00e9anique\u00a0\u00bb situ\u00e9e au niveau des oc\u00e9ans. Son \u00e9paisseur varie de 10 \u00e0 70 km selon le lieu g\u00e9ographique.<\/p>\n<section id=\"D\"><\/section>\n<p class=\"contenu\"><b>Densit\u00e9.<\/b> Rapport entre la masse volumique d&rsquo;un objet et la masse volumique de l&rsquo;eau \u00e0 4\u00b0C. Par cons\u00e9quent la densit\u00e9 de l&rsquo;eau est \u00e9gale \u00e0 1.<\/p>\n<p class=\"contenu\"><b>Diff\u00e9renciation magmatique.<\/b> Processus par lequel un magma se scinde en portions chimiquement diff\u00e9rentes. Par exemple, lors du\u00a0 refroidissement du magma dans une chambre magmatique, des min\u00e9raux cristallisent et s\u00e9dimentent au fond de la chambre magmatique, induisant ainsi un changement de composition du magma sus-jacent. Ce processus permet d&rsquo;expliquer la diversit\u00e9 des roches volcaniques observ\u00e9es dans la Cha\u00eene des Puys, c&rsquo;est-\u00e0-dire en un lieu g\u00e9ographique restreint.<\/p>\n<p class=\"contenu\"><b>D\u00f4me.<\/b> Appareil volcanique au relief h\u00e9misph\u00e9rique form\u00e9 par la mise en place de lave visqueuse et compacte dans et au sortir de la chemin\u00e9 volcanique.<\/p>\n<section id=\"E\"><\/section>\n<p class=\"contenu\"><b>Emission volcanique.<\/b> Produit \u00e9mis par un volcan qui peut soit s&rsquo;\u00e9couler, soit \u00eatre projet\u00e9.<\/p>\n<p class=\"contenu\"><b>Enclave. <\/b>Roche emprisonn\u00e9e dans une autre roche de nature diff\u00e9rente, cette derni\u00e8re \u00e9tant le plus souvent d&rsquo;origine magmatique. Lorsque l&rsquo;enclave est contenue dans une roche magmatique volcanique, elle est interpr\u00e9t\u00e9e comme fragment de la cro\u00fbte ou du manteau, arrach\u00e9 par la lave montante jusqu&rsquo;\u00e0 des profondeurs de 200 km.<\/p>\n<section id=\"F\"><\/section>\n<p class=\"contenu\"><b>Faille.<\/b> Cassure du terrain avec un d\u00e9placement relatif des parties s\u00e9par\u00e9es.<\/p>\n<p class=\"contenu\"><b>Feldspath alcalin.<\/b> Min\u00e9ral de couleur variable (souvent translucide, blanch\u00e2tre ou rose) riche en alcalins (Na<sup>+<\/sup> , K<sup>+<\/sup>).<\/p>\n<p class=\"contenu\"><b>Feldspath plagioclase.<\/b> Min\u00e9ral qui diff\u00e8re des feldspaths alcalins par la pr\u00e9sence de calcium (Ca<sup>2+<\/sup>) et l&rsquo;absence de potassium (K<sup>+<\/sup>).<\/p>\n<section id=\"G\"><\/section>\n<p class=\"contenu\"><b>Gabbro.<\/b> Roche magmatique plutonique grenue\u00a0 vert noir\u00e2tre compos\u00e9e de feldspath plagioclase et de pyrox\u00e8ne.<\/p>\n<p class=\"contenu\"><b>Gneiss.<\/b> Roche m\u00e9tamorphique caract\u00e9ris\u00e9e par une alternance de lits sombres compos\u00e9s essentiellement de micas noirs (biotite) et de lits clairs compos\u00e9s de feldspaths et de quartz.<\/p>\n<p class=\"contenu\"><b>Granite.<\/b><b><\/b> Roche magmatique plutonique grenue tr\u00e8s commune compos\u00e9e de min\u00e9raux essentiels (quartz, feldspath alcalin et feldspath plagioclase) et de min\u00e9raux accessoires (mica noir, amphibole&#8230;).<\/p>\n<section id=\"L\"><\/section>\n<p class=\"contenu\"><b>Lapilli. <\/b>Type de projection volcanique caract\u00e9ris\u00e9 par une taille comprise entre 2 et 64 mm.<\/p>\n<p class=\"contenu\"><b>Lave. <\/b>Roche \u00e9mise \u00e0 l&rsquo;\u00e9tat en liquide ou p\u00e2teux (T=700 \u00e0 1200\u00b0C) par les volcans.<\/p>\n<section id=\"M\"><\/section>\n<p class=\"contenu\"><b>Maar.<\/b> Lac ou marais occupant un crat\u00e8re en forme de cuvette large de quelques centaines de m\u00e8tres partiellement entour\u00e9 d&rsquo;un croissant de d\u00e9bris volcaniques.<\/p>\n<p class=\"contenu\"><b>Magma. <\/b>Liquide \u00e0 haute temp\u00e9rature (au moins 600\u00b0C) qui donne des roches magmatiques par solidification \u00e0 une certaine profondeur (roche magmatique plutonique) ou en surface (roche magmatique volcanique).<\/p>\n<p class=\"contenu\"><b>Manteau.<\/b> Enveloppe de la Terre situ\u00e9e entre la cro\u00fbte (limite localis\u00e9e entre 5 et 70 km de profondeur) et le noyau (limite localis\u00e9e \u00e0 environ 2950 km de profondeur).<\/p>\n<p class=\"contenu\"><b>Microscope polarisant. <\/b>Appareil destin\u00e9 \u00e0 l&rsquo;observation d&rsquo;objets tr\u00e8s petits et muni d&rsquo;un polariseur (il ne laisse passer les vibrations lumineuses que dans un plan d\u00e9termin\u00e9) et d&rsquo;un analyseur amovible \u00e0 volont\u00e9 (son plan de polarisation est perpendiculaire au polariseur).<\/p>\n<p class=\"contenu\"><b>Min\u00e9ral.<\/b> Esp\u00e8ce chimique naturelle sous forme de solide cristallin.<\/p>\n<section id=\"N\"><\/section>\n<p class=\"contenu\"><b>Nappe de cendres et de ponces.<\/b> Coul\u00e9e compos\u00e9e de d\u00e9bris de lave (cendres et ponces) r\u00e9sultant de l&rsquo;activit\u00e9 d&rsquo;un stratovolcan.<\/p>\n<p class=\"contenu\"><b>Nu\u00e9e ardente.<\/b> Coul\u00e9e compos\u00e9e de gaz br\u00fblants et de d\u00e9bris de lave (cendres \u00e0 blocs) se d\u00e9pla\u00e7ant \u00e0 grande vitesse (plus de 100 km\/h), plus ou moins canalis\u00e9e par la topographie et r\u00e9sultant d&rsquo;explosions lat\u00e9rales souvent associ\u00e9es \u00e0 un volcan de type d\u00f4me en formation.<\/p>\n<section id=\"O\"><\/section>\n<p class=\"contenu\"><b>Olivine.<\/b> Min\u00e9ral translucide et vert riche en fer et en magn\u00e9sium.<\/p>\n<section id=\"P\"><\/section>\n<p class=\"contenu\"><b>P\u00e9ridotite.<\/b> Roche magmatique plutonique riche en olivine et en pyrox\u00e8ne.<\/p>\n<p class=\"contenu\"><b>Phr\u00e9atomagmatisme.<\/b> Type de magmatisme se produisant lorsque le magma rencontre des eaux superficielles ou souterraines.<\/p>\n<p class=\"contenu\"><b>Puy.<\/b> Nom local donn\u00e9 \u00e0 un c\u00f4ne strombolien.<\/p>\n<p class=\"contenu\"><b>Pyrox\u00e8ne.<\/b> Min\u00e9ral noir riche en fer et en magn\u00e9sium.<\/p>\n<section id=\"Q\"><\/section>\n<p class=\"contenu\"><b>Quartz.<\/b> Min\u00e9ral compos\u00e9 de silice pure.<\/p>\n<section id=\"R\"><\/section>\n<p class=\"contenu\"><b>Roche.<\/b> Mat\u00e9riau compos\u00e9 g\u00e9n\u00e9ralement de l&rsquo;assemblage de min\u00e9raux.<\/p>\n<p class=\"contenu\"><b>Roche encaissante.<\/b> Dans le contexte volcanique, roches solides situ\u00e9es autour de la chemin\u00e9e volcanique ou autour de la chambre magmatique.<\/p>\n<p class=\"contenu\"><b>Roche magmatique plutonique.<\/b> Roche r\u00e9sultant de la solidification d&rsquo;un magma dans la lithosph\u00e8re.<\/p>\n<p class=\"contenu\"><b>Roche magmatique volcanique.<\/b> Roche s&rsquo;\u00e9tant solidifi\u00e9e au moins en partie \u00e0 la surface de la lithosph\u00e8re.<\/p>\n<p class=\"contenu\"><b>Roche m\u00e9tamorphique. <\/b>Roche form\u00e9e \u00e0 partir de la recristallisation d&rsquo;une roche pr\u00e9existante suite \u00e0 des \u00e9l\u00e9vations de la temp\u00e9rature et de la pression.<\/p>\n<p class=\"contenu\"><b>Roche s\u00e9dimentaire.<\/b><b><\/b> Roche r\u00e9sultant de l&rsquo;accumulation d&rsquo;\u00e9l\u00e9ments (d\u00e9bris coquilliers&#8230;) et\/ou de pr\u00e9cipitations \u00e0 partir de solutions.<\/p>\n<section id=\"S\"><\/section>\n<p class=\"contenu\"><b>Scorie.<\/b> Fragment de lave vacuolaire de densit\u00e9 sup\u00e9rieure \u00e0 1.<\/p>\n<p class=\"contenu\"><b>Silice.<\/b> Dioxyde de silicium (SiO<sub>2<\/sub>).<\/p>\n<p class=\"contenu\"><b>Stratovolcan.<\/b> Volcan de plus grande dimension qu&rsquo;un puy, pr\u00e9sentant une activit\u00e9 volcanique \u00e9tal\u00e9e sur une longue dur\u00e9e (au moins de l&rsquo;ordre du million d&rsquo;ann\u00e9es) et dont l&rsquo;\u00e9difice est compos\u00e9 de produits divers (lave, projections et coul\u00e9es diverses).<\/p>\n<section id=\"T\"><\/section>\n<p class=\"contenu\"><b>Trachyte.<\/b> Roche magmatique volcanique microlitique, blanch\u00e2tre \u00e0 gris\u00e2tre, compos\u00e9e surtout de feldspath alcalin (sanidine), dans une moindre mesure de feldspath plagioclase et accessoirement de mica noir et d&rsquo;amphibole.<\/p>\n<p class=\"contenu\"><b>Trachyand\u00e9site.<\/b> Roche magmatique volcanique microlitique gris clair \u00e0 gris fonc\u00e9 compos\u00e9e en proportion similaire de feldspath alcalin et de feldspath plagioclase et accessoirement de mica noir et d&rsquo;amphibole.<\/p>\n<hr \/>\n<ul>\n<li><a href=\"http:\/\/ent2d.ac-bordeaux.fr\/disciplines\/svt\/volcanisme-dans-la-chaine-des-puy\/\"><strong>Pr\u00e9sentation<\/strong><\/a><\/li>\n<li><a href=\"https:\/\/ent2d.ac-bordeaux.fr\/disciplines\/svt\/bloc-diagramme-de-la-chaine-des-puys\/\">Cha\u00eene des puys en 3D<\/a><\/li>\n<li><a href=\"https:\/\/ent2d.ac-bordeaux.fr\/disciplines\/svt\/enseigner\/bases-de-donnees-documentaires\/ressources-scientifiques-et-pedagogiques\/thematique-la-planete-et-les-enjeux-contemporains\/volcanisme-dans-la-chaine-des-puy\/carte-geologique-de-la-chaine-des-puys\/\">Cartes g\u00e9ologiques<\/a><\/li>\n<li><a href=\"https:\/\/ent2d.ac-bordeaux.fr\/disciplines\/svt\/a-finir-classifications-diverses\/\">Classifications diverses<\/a><\/li>\n<li><a href=\"https:\/\/ent2d.ac-bordeaux.fr\/disciplines\/svt\/a-finir-excursions\/\">Excursions<\/a><\/li>\n<li><a href=\"https:\/\/ent2d.ac-bordeaux.fr\/disciplines\/svt\/a-finir-photographies\/\">Photographies<\/a><\/li>\n<li><a href=\"https:\/\/ent2d.ac-bordeaux.fr\/disciplines\/svt\/a-finir-lexique\/\">Lexique<\/a><\/li>\n<li><a href=\"https:\/\/ent2d.ac-bordeaux.fr\/disciplines\/svt\/documentation\/\">Documentation<\/a><\/li>\n<\/ul>\n","protected":false},"excerpt":{"rendered":"<p>Th\u00e8mes propos\u00e9s Nature de la cro\u00fbte continentale et du manteau Diff\u00e9renciation magmatique Diversit\u00e9 des \u00e9difices volcaniques Nature et diversit\u00e9 des \u00e9missions volcaniques A B C D E F G L M N O P Q R S T Affleurement. Partie d&rsquo;un terrain visible \u00e0 la surface de la Terre. Basalte. Roche magmatique volcanique microlitique tr\u00e8s &hellip; <\/p>\n<p><a class=\"more-link btn\" href=\"https:\/\/ent2d.ac-bordeaux.fr\/disciplines\/svt\/ressources\/pedagogiques\/ressources-academiques-diverses\/thematique-la-planete-et-les-enjeux-contemporains\/volcanisme-dans-la-chaine-des-puy\/a-finir-lexique\/\">Lire la suite<\/a><\/p>\n","protected":false},"author":8,"featured_media":0,"parent":922,"menu_order":10,"comment_status":"closed","ping_status":"closed","template":"","meta":{"footnotes":""},"class_list":["post-1508","page","type-page","status-publish","hentry","nodate","item-wrap"],"_links":{"self":[{"href":"https:\/\/ent2d.ac-bordeaux.fr\/disciplines\/svt\/wp-json\/wp\/v2\/pages\/1508","targetHints":{"allow":["GET"]}}],"collection":[{"href":"https:\/\/ent2d.ac-bordeaux.fr\/disciplines\/svt\/wp-json\/wp\/v2\/pages"}],"about":[{"href":"https:\/\/ent2d.ac-bordeaux.fr\/disciplines\/svt\/wp-json\/wp\/v2\/types\/page"}],"author":[{"embeddable":true,"href":"https:\/\/ent2d.ac-bordeaux.fr\/disciplines\/svt\/wp-json\/wp\/v2\/users\/8"}],"replies":[{"embeddable":true,"href":"https:\/\/ent2d.ac-bordeaux.fr\/disciplines\/svt\/wp-json\/wp\/v2\/comments?post=1508"}],"version-history":[{"count":7,"href":"https:\/\/ent2d.ac-bordeaux.fr\/disciplines\/svt\/wp-json\/wp\/v2\/pages\/1508\/revisions"}],"predecessor-version":[{"id":1576,"href":"https:\/\/ent2d.ac-bordeaux.fr\/disciplines\/svt\/wp-json\/wp\/v2\/pages\/1508\/revisions\/1576"}],"up":[{"embeddable":true,"href":"https:\/\/ent2d.ac-bordeaux.fr\/disciplines\/svt\/wp-json\/wp\/v2\/pages\/922"}],"wp:attachment":[{"href":"https:\/\/ent2d.ac-bordeaux.fr\/disciplines\/svt\/wp-json\/wp\/v2\/media?parent=1508"}],"curies":[{"name":"wp","href":"https:\/\/api.w.org\/{rel}","templated":true}]}}