{"id":1502,"date":"2016-06-19T18:55:49","date_gmt":"2016-06-19T17:55:49","guid":{"rendered":"https:\/\/ent2d.ac-bordeaux.fr\/disciplines\/svt\/?page_id=1502"},"modified":"2016-06-24T08:19:59","modified_gmt":"2016-06-24T07:19:59","slug":"documentation","status":"publish","type":"page","link":"https:\/\/ent2d.ac-bordeaux.fr\/disciplines\/svt\/ressources\/pedagogiques\/ressources-academiques-diverses\/thematique-la-planete-et-les-enjeux-contemporains\/volcanisme-dans-la-chaine-des-puy\/documentation\/","title":{"rendered":"Documentation"},"content":{"rendered":"<h3>Th\u00e8mes propos\u00e9s<\/h3>\n<ol>\n<li><a href=\"https:\/\/ent2d.ac-bordeaux.fr\/disciplines\/svt\/a-finir-nature-de-la-croute-continentale-et-du-manteau\/\">Nature de la cro\u00fbte continentale et du manteau<\/a><\/li>\n<li><a href=\"https:\/\/ent2d.ac-bordeaux.fr\/disciplines\/svt\/a-finir-differenciation-magmatique\/\">Diff\u00e9renciation magmatique<\/a><\/li>\n<li><a href=\"https:\/\/ent2d.ac-bordeaux.fr\/disciplines\/svt\/diversite-des-edifices-volcaniques\/\">Diversit\u00e9 des \u00e9difices volcaniques<\/a><\/li>\n<li><a href=\"https:\/\/ent2d.ac-bordeaux.fr\/disciplines\/svt\/a-finir-nature-et-diversite-des-emissions-volcaniques\/\">Nature et diversit\u00e9 des \u00e9missions volcaniques<\/a><\/li>\n<\/ol>\n<h3>LIVRES<\/h3>\n<blockquote>\n<p class=\"contenu\"><b>A<\/b>ngelier J., Bardintzeff J.M, Chauve P., Courel L., Guellec S., Labesse B., P\u00e9rilleux E., Thomas P. et Thonon P. (1992). Enseigner la g\u00e9ologie, coll\u00e8ge-lyc\u00e9e. Nathan, 287 p.<\/p>\n<p class=\"contenu\"><b>A<\/b>nonyme (1981). Volcans. Aux sources de la connaissance de la Terre. CNRS, 48 p.<\/p>\n<p class=\"contenu\">Bardintzeff<\/p>\n<p class=\"contenu\"><b>D<\/b>e Go\u00ebr de Herve A. (1997).Volcans d&rsquo;Auvergne, la menace d&rsquo;une \u00e9ruption? Ouest-France, Parc des Volcans d&rsquo;Auvergne, 63 p.<\/p>\n<p class=\"contenu\"><b>D<\/b>e Go\u00ebr de Herve A. (1995). Volcanisme et volcans d&rsquo;Auvergne. La d\u00e9p\u00eache scientifique du parc des volcans d&rsquo;Auvergne. 43 p.<\/p>\n<p class=\"contenu\"><b>D<\/b>e Go\u00ebr de Herve A., Camus G., Boivin P., Gourgaud A., Kieffer G., Mergoil J. et Vincent P.M. (1991). Volcanologie de la Cha\u00eene des Puys. 3i\u00e8 \u00e9dition, Parc Naturel R\u00e9gional des Volcans d&rsquo;Auvergne, 127 p.<\/p>\n<p class=\"contenu\"><b>F<\/b>oucault A. et Raoult J.F. (1996). Dictionnaire de g\u00e9ologie. Masson, 4i\u00e8 \u00e9dition, 324 p.<\/p>\n<p class=\"contenu\"><b>K<\/b>raft M. et Larouzi\u00e8re F.D. (1999). Guide des volcans d&rsquo;Europe et des Canaries.\u00a0 Delachaux et Niestl\u00e9, 3i\u00e8 \u00e9dition, 415 p.<\/p>\n<p class=\"contenu\"><b>P<\/b>omerol C. et Renard M. (1997). El\u00e9ments de g\u00e9ologie. Masson, 11i\u00e8 \u00e9dition, 629 p.<\/p>\n<\/blockquote>\n<h3>CARTES<\/h3>\n<blockquote>\n<p class=\"contenu\">Cha\u00eene des Puys. IGN, 2531 ET, TOP 25, \u00e9chelle 1\/25000.<\/p>\n<p class=\"contenu\">Volcanologie de la Cha\u00eene des Puys. Echelle 1\/25000 (vendue avec le livre portant le m\u00eame nom).<\/p>\n<\/blockquote>\n<h3>QUELQUES\u00a0 SITES\u00a0 SUR\u00a0 INTERNET<\/h3>\n<blockquote>\n<p class=\"contenu\"><a href=\"http:\/\/vulcan.wr.usgs.gov\/\">http:\/\/vulcan.wr.usgs.gov<\/a>\u00a0\u00a0 Actualit\u00e9s sur des volcans du monde entier.<\/p>\n<p class=\"contenu\"><a href=\"http:\/\/leggeo.unc.edu\/Petunia\/IgMetAtlas\/mainmenu.html\">http:\/\/leggeo.unc.edu\/Petunia\/IgMetAtlas\/mainmenu.html<\/a> \u00a0Catalogue de min\u00e9raux observ\u00e9s \u00e0 l&rsquo;oeil nu et au microscope polarisant.<\/p>\n<p class=\"contenu\"><a href=\"http:\/\/www.brgm.fr\/volcan\">http:\/\/www.brgm.fr\/volcan<\/a>\u00a0\u00a0 Des informations sur les volcans de la Cha\u00eene des Puys et du Cantal.<\/p>\n<p class=\"contenu\"><a href=\"http:\/\/www.geo.mtu.edu\/volcanoes\/world.html\">http:\/\/www.geo.mtu.edu\/volcanoes\/world.html<\/a>\u00a0 Volcans actuellement en activit\u00e9 dans le monde.<\/p>\n<p class=\"contenu\"><a href=\"http:\/\/www.jpl.nasa.gov\/radar\/sircxsar\/volcanoes.html\">http:\/\/www.jpl.nasa.gov\/radar\/sircxsar\/volcanoes.html<\/a>\u00a0\u00a0\u00a0 Images satellitaires des principaux volcans du monde.<\/p>\n<p class=\"contenu\"><a href=\"http:\/\/www.auvergne-volcan.com\/\">http:\/\/www.volcan-lemptegy.fr<\/a>\u00a0\u00a0 Le puy de lempt\u00e9gy est \u00e0 visiter!<\/p>\n<p class=\"contenu\"><a href=\"http:\/\/www.vulcania.tm.fr\/\">http:\/\/www.vulcania.tm.fr<\/a>\u00a0\u00a0 Site du parc \u00e0 th\u00e8mes Vulcania concernant le volcanisme dans le Cha\u00eene des Puys.<\/p>\n<\/blockquote>\n<hr \/>\n<ul>\n<li><a href=\"http:\/\/ent2d.ac-bordeaux.fr\/disciplines\/svt\/volcanisme-dans-la-chaine-des-puy\/\"><strong>Pr\u00e9sentation<\/strong><\/a><\/li>\n<li><a href=\"https:\/\/ent2d.ac-bordeaux.fr\/disciplines\/svt\/bloc-diagramme-de-la-chaine-des-puys\/\">Cha\u00eene des puys en 3D<\/a><\/li>\n<li><a href=\"https:\/\/ent2d.ac-bordeaux.fr\/disciplines\/svt\/enseigner\/bases-de-donnees-documentaires\/ressources-scientifiques-et-pedagogiques\/thematique-la-planete-et-les-enjeux-contemporains\/volcanisme-dans-la-chaine-des-puy\/carte-geologique-de-la-chaine-des-puys\/\">Cartes g\u00e9ologiques<\/a><\/li>\n<li><a href=\"https:\/\/ent2d.ac-bordeaux.fr\/disciplines\/svt\/a-finir-classifications-diverses\/\">Classifications diverses<\/a><\/li>\n<li><a href=\"https:\/\/ent2d.ac-bordeaux.fr\/disciplines\/svt\/a-finir-excursions\/\">Excursions<\/a><\/li>\n<li><a href=\"https:\/\/ent2d.ac-bordeaux.fr\/disciplines\/svt\/a-finir-photographies\/\">Photographies<\/a><\/li>\n<li><a href=\"https:\/\/ent2d.ac-bordeaux.fr\/disciplines\/svt\/a-finir-lexique\/\">Lexique<\/a><\/li>\n<li><a href=\"https:\/\/ent2d.ac-bordeaux.fr\/disciplines\/svt\/documentation\/\">Documentation<\/a><\/li>\n<\/ul>\n","protected":false},"excerpt":{"rendered":"<p>Th\u00e8mes propos\u00e9s Nature de la cro\u00fbte continentale et du manteau Diff\u00e9renciation magmatique Diversit\u00e9 des \u00e9difices volcaniques Nature et diversit\u00e9 des \u00e9missions volcaniques LIVRES Angelier J., Bardintzeff J.M, Chauve P., Courel L., Guellec S., Labesse B., P\u00e9rilleux E., Thomas P. et Thonon P. (1992). Enseigner la g\u00e9ologie, coll\u00e8ge-lyc\u00e9e. Nathan, 287 p. Anonyme (1981). Volcans. Aux sources &hellip; <\/p>\n<p><a class=\"more-link btn\" href=\"https:\/\/ent2d.ac-bordeaux.fr\/disciplines\/svt\/ressources\/pedagogiques\/ressources-academiques-diverses\/thematique-la-planete-et-les-enjeux-contemporains\/volcanisme-dans-la-chaine-des-puy\/documentation\/\">Lire la suite<\/a><\/p>\n","protected":false},"author":8,"featured_media":0,"parent":922,"menu_order":11,"comment_status":"closed","ping_status":"closed","template":"","meta":{"footnotes":""},"class_list":["post-1502","page","type-page","status-publish","hentry","nodate","item-wrap"],"_links":{"self":[{"href":"https:\/\/ent2d.ac-bordeaux.fr\/disciplines\/svt\/wp-json\/wp\/v2\/pages\/1502","targetHints":{"allow":["GET"]}}],"collection":[{"href":"https:\/\/ent2d.ac-bordeaux.fr\/disciplines\/svt\/wp-json\/wp\/v2\/pages"}],"about":[{"href":"https:\/\/ent2d.ac-bordeaux.fr\/disciplines\/svt\/wp-json\/wp\/v2\/types\/page"}],"author":[{"embeddable":true,"href":"https:\/\/ent2d.ac-bordeaux.fr\/disciplines\/svt\/wp-json\/wp\/v2\/users\/8"}],"replies":[{"embeddable":true,"href":"https:\/\/ent2d.ac-bordeaux.fr\/disciplines\/svt\/wp-json\/wp\/v2\/comments?post=1502"}],"version-history":[{"count":6,"href":"https:\/\/ent2d.ac-bordeaux.fr\/disciplines\/svt\/wp-json\/wp\/v2\/pages\/1502\/revisions"}],"predecessor-version":[{"id":1578,"href":"https:\/\/ent2d.ac-bordeaux.fr\/disciplines\/svt\/wp-json\/wp\/v2\/pages\/1502\/revisions\/1578"}],"up":[{"embeddable":true,"href":"https:\/\/ent2d.ac-bordeaux.fr\/disciplines\/svt\/wp-json\/wp\/v2\/pages\/922"}],"wp:attachment":[{"href":"https:\/\/ent2d.ac-bordeaux.fr\/disciplines\/svt\/wp-json\/wp\/v2\/media?parent=1502"}],"curies":[{"name":"wp","href":"https:\/\/api.w.org\/{rel}","templated":true}]}}