{"id":1497,"date":"2016-06-16T21:48:06","date_gmt":"2016-06-16T20:48:06","guid":{"rendered":"https:\/\/ent2d.ac-bordeaux.fr\/disciplines\/svt\/?page_id=1497"},"modified":"2016-06-24T08:09:03","modified_gmt":"2016-06-24T07:09:03","slug":"bloc-diagramme-de-la-chaine-des-puys","status":"publish","type":"page","link":"https:\/\/ent2d.ac-bordeaux.fr\/disciplines\/svt\/ressources\/pedagogiques\/ressources-academiques-diverses\/thematique-la-planete-et-les-enjeux-contemporains\/volcanisme-dans-la-chaine-des-puy\/bloc-diagramme-de-la-chaine-des-puys\/","title":{"rendered":"Bloc diagramme de la Cha\u00eene des Puys"},"content":{"rendered":"<h3>Th\u00e8mes propos\u00e9s<\/h3>\n<ol>\n<li><a href=\"https:\/\/ent2d.ac-bordeaux.fr\/disciplines\/svt\/a-finir-nature-de-la-croute-continentale-et-du-manteau\/\">Nature de la cro\u00fbte continentale et du manteau<\/a><\/li>\n<li><a href=\"https:\/\/ent2d.ac-bordeaux.fr\/disciplines\/svt\/a-finir-differenciation-magmatique\/\">Diff\u00e9renciation magmatique<\/a><\/li>\n<li><a href=\"https:\/\/ent2d.ac-bordeaux.fr\/disciplines\/svt\/diversite-des-edifices-volcaniques\/\">Diversit\u00e9 des \u00e9difices volcaniques<\/a><\/li>\n<li><a href=\"https:\/\/ent2d.ac-bordeaux.fr\/disciplines\/svt\/a-finir-nature-et-diversite-des-emissions-volcaniques\/\">Nature et diversit\u00e9 des \u00e9missions volcaniques<\/a><\/li>\n<\/ol>\n<p><a href=\"https:\/\/ent2d.ac-bordeaux.fr\/disciplines\/svt\/wp-content\/uploads\/sites\/4\/2016\/06\/chaine3d.jpg\"><img loading=\"lazy\" decoding=\"async\" class=\"alignnone wp-image-1498 size-full\" src=\"https:\/\/ent2d.ac-bordeaux.fr\/disciplines\/svt\/wp-content\/uploads\/sites\/4\/2016\/06\/chaine3d.jpg\" alt=\"chaine3d\" width=\"614\" height=\"292\" srcset=\"https:\/\/ent2d.ac-bordeaux.fr\/disciplines\/svt\/wp-content\/uploads\/sites\/4\/2016\/06\/chaine3d.jpg 614w, https:\/\/ent2d.ac-bordeaux.fr\/disciplines\/svt\/wp-content\/uploads\/sites\/4\/2016\/06\/chaine3d-300x143.jpg 300w\" sizes=\"auto, (max-width: 614px) 100vw, 614px\" \/><\/a><\/p>\n<hr \/>\n<ul>\n<li><a href=\"http:\/\/ent2d.ac-bordeaux.fr\/disciplines\/svt\/volcanisme-dans-la-chaine-des-puy\/\"><strong>Pr\u00e9sentation<\/strong><\/a><\/li>\n<li><a href=\"https:\/\/ent2d.ac-bordeaux.fr\/disciplines\/svt\/bloc-diagramme-de-la-chaine-des-puys\/\">Cha\u00eene des puys en 3D<\/a><\/li>\n<li><a href=\"https:\/\/ent2d.ac-bordeaux.fr\/disciplines\/svt\/enseigner\/bases-de-donnees-documentaires\/ressources-scientifiques-et-pedagogiques\/thematique-la-planete-et-les-enjeux-contemporains\/volcanisme-dans-la-chaine-des-puy\/carte-geologique-de-la-chaine-des-puys\/\">Cartes g\u00e9ologiques<\/a><\/li>\n<li><a href=\"https:\/\/ent2d.ac-bordeaux.fr\/disciplines\/svt\/a-finir-classifications-diverses\/\">Classifications diverses<\/a><\/li>\n<li><a href=\"https:\/\/ent2d.ac-bordeaux.fr\/disciplines\/svt\/a-finir-excursions\/\">Excursions<\/a><\/li>\n<li><a href=\"https:\/\/ent2d.ac-bordeaux.fr\/disciplines\/svt\/a-finir-photographies\/\">Photographies<\/a><\/li>\n<li><a href=\"https:\/\/ent2d.ac-bordeaux.fr\/disciplines\/svt\/a-finir-lexique\/\">Lexique<\/a><\/li>\n<li><a href=\"https:\/\/ent2d.ac-bordeaux.fr\/disciplines\/svt\/documentation\/\">Documentation<\/a><\/li>\n<\/ul>\n","protected":false},"excerpt":{"rendered":"<p>Th\u00e8mes propos\u00e9s Nature de la cro\u00fbte continentale et du manteau Diff\u00e9renciation magmatique Diversit\u00e9 des \u00e9difices volcaniques Nature et diversit\u00e9 des \u00e9missions volcaniques Pr\u00e9sentation Cha\u00eene des puys en 3D Cartes g\u00e9ologiques Classifications diverses Excursions Photographies Lexique Documentation<\/p>\n","protected":false},"author":8,"featured_media":0,"parent":922,"menu_order":5,"comment_status":"closed","ping_status":"closed","template":"","meta":{"footnotes":""},"class_list":["post-1497","page","type-page","status-publish","hentry","nodate","item-wrap"],"_links":{"self":[{"href":"https:\/\/ent2d.ac-bordeaux.fr\/disciplines\/svt\/wp-json\/wp\/v2\/pages\/1497","targetHints":{"allow":["GET"]}}],"collection":[{"href":"https:\/\/ent2d.ac-bordeaux.fr\/disciplines\/svt\/wp-json\/wp\/v2\/pages"}],"about":[{"href":"https:\/\/ent2d.ac-bordeaux.fr\/disciplines\/svt\/wp-json\/wp\/v2\/types\/page"}],"author":[{"embeddable":true,"href":"https:\/\/ent2d.ac-bordeaux.fr\/disciplines\/svt\/wp-json\/wp\/v2\/users\/8"}],"replies":[{"embeddable":true,"href":"https:\/\/ent2d.ac-bordeaux.fr\/disciplines\/svt\/wp-json\/wp\/v2\/comments?post=1497"}],"version-history":[{"count":3,"href":"https:\/\/ent2d.ac-bordeaux.fr\/disciplines\/svt\/wp-json\/wp\/v2\/pages\/1497\/revisions"}],"predecessor-version":[{"id":1566,"href":"https:\/\/ent2d.ac-bordeaux.fr\/disciplines\/svt\/wp-json\/wp\/v2\/pages\/1497\/revisions\/1566"}],"up":[{"embeddable":true,"href":"https:\/\/ent2d.ac-bordeaux.fr\/disciplines\/svt\/wp-json\/wp\/v2\/pages\/922"}],"wp:attachment":[{"href":"https:\/\/ent2d.ac-bordeaux.fr\/disciplines\/svt\/wp-json\/wp\/v2\/media?parent=1497"}],"curies":[{"name":"wp","href":"https:\/\/api.w.org\/{rel}","templated":true}]}}