{"id":1454,"date":"2016-06-16T20:17:27","date_gmt":"2016-06-16T19:17:27","guid":{"rendered":"https:\/\/ent2d.ac-bordeaux.fr\/disciplines\/svt\/?page_id=1454"},"modified":"2016-06-24T08:11:16","modified_gmt":"2016-06-24T07:11:16","slug":"a-finir-differenciation-magmatique","status":"publish","type":"page","link":"https:\/\/ent2d.ac-bordeaux.fr\/disciplines\/svt\/ressources\/pedagogiques\/ressources-academiques-diverses\/thematique-la-planete-et-les-enjeux-contemporains\/volcanisme-dans-la-chaine-des-puy\/a-finir-differenciation-magmatique\/","title":{"rendered":"Diff\u00e9renciation magmatique"},"content":{"rendered":"<h3>Th\u00e8mes propos\u00e9s<\/h3>\n<ol>\n<li><a href=\"https:\/\/ent2d.ac-bordeaux.fr\/disciplines\/svt\/a-finir-nature-de-la-croute-continentale-et-du-manteau\/\">Nature de la cro\u00fbte continentale et du manteau<\/a><\/li>\n<li><a href=\"https:\/\/ent2d.ac-bordeaux.fr\/disciplines\/svt\/a-finir-differenciation-magmatique\/\">Diff\u00e9renciation magmatique<\/a><\/li>\n<li><a href=\"https:\/\/ent2d.ac-bordeaux.fr\/disciplines\/svt\/diversite-des-edifices-volcaniques\/\">Diversit\u00e9 des \u00e9difices volcaniques<\/a><\/li>\n<li><a href=\"https:\/\/ent2d.ac-bordeaux.fr\/disciplines\/svt\/a-finir-nature-et-diversite-des-emissions-volcaniques\/\">Nature et diversit\u00e9 des \u00e9missions volcaniques<\/a><\/li>\n<\/ol>\n<h2>Diversit\u00e9 des roches volcaniques et diff\u00e9renciation magmatique<\/h2>\n<p class=\"contenu\"><b>Constatation.<\/b> L&rsquo;\u00e9tude de la carte g\u00e9ologique de la Cha\u00eene des Puys met en \u00e9vidence l&rsquo;existence de roches volcaniques de nature diff\u00e9rente (<b>1.<\/b> <a href=\"https:\/\/ent2d.ac-bordeaux.fr\/disciplines\/svt\/a-finir-photographies\/#basalte\">basalte<\/a>; <b>2.<\/b> <a href=\"https:\/\/ent2d.ac-bordeaux.fr\/disciplines\/svt\/a-finir-photographies\/#trachyan\">trachyand\u00e9site<\/a>;\u00a0 et <b>3.<\/b> <a href=\"https:\/\/ent2d.ac-bordeaux.fr\/disciplines\/svt\/a-finir-photographies\/#trachyte\">trachyte<\/a>) sur une surface tr\u00e8s r\u00e9duite (quelques dizaines de kilom\u00e8tres carr\u00e9).<\/p>\n<p class=\"contenu\"><b>Probl\u00e9matique scientifique.<\/b> Comment peut-on expliquer l&rsquo;existence de roches volcaniques de nature diff\u00e9rente \u00e9mises sur une surface aussi r\u00e9duite?<\/p>\n<p class=\"contenu\"><b>Objet d&rsquo;\u00e9tude.<\/b> Composition min\u00e9ralogique des trois types de roches volcaniques trouv\u00e9es dans la Cha\u00eene des Puys.<\/p>\n<p class=\"contenu\"><b><a href=\"https:\/\/ent2d.ac-bordeaux.fr\/disciplines\/svt\/enseigner\/bases-de-donnees-documentaires\/ressources-scientifiques-et-pedagogiques\/thematique-la-planete-et-les-enjeux-contemporains\/volcanisme-dans-la-chaine-des-puy\/carte-geologique-de-la-chaine-des-puys\/\">Lieu d&rsquo;\u00e9tude<\/a>.<\/b> <a href=\"https:\/\/ent2d.ac-bordeaux.fr\/disciplines\/svt\/a-finir-photographies\/#aydat\">Coul\u00e9e d&rsquo;Aydat<\/a> (village de Saint-Saturnin), <a href=\"https:\/\/ent2d.ac-bordeaux.fr\/disciplines\/svt\/a-finir-differenciation-magmatique\/coulee_nugere\/\">coul\u00e9e du puy de la Nug\u00e8re<\/a> (carri\u00e8re) et <a href=\"https:\/\/ent2d.ac-bordeaux.fr\/disciplines\/svt\/a-finir-photographies\/#ardente\">nu\u00e9e ardente du puy de D\u00f4me<\/a> (carri\u00e8re Rudel).<\/p>\n<p class=\"contenu\"><b>Travail de terrain.<\/b> Ramasser les roches volcaniques en chacun de ces lieux d&rsquo;\u00e9tude.<\/p>\n<p class=\"contenu\"><b>Acc\u00e8s.<\/b> Cf. <a href=\"https:\/\/ent2d.ac-bordeaux.fr\/disciplines\/svt\/a-finir-excursions\/#ex2&quot;\">excursion n\u00b0 2<\/a>.<\/p>\n<hr \/>\n<ul>\n<li><a href=\"http:\/\/ent2d.ac-bordeaux.fr\/disciplines\/svt\/volcanisme-dans-la-chaine-des-puy\/\"><strong>Pr\u00e9sentation<\/strong><\/a><\/li>\n<li><a href=\"https:\/\/ent2d.ac-bordeaux.fr\/disciplines\/svt\/bloc-diagramme-de-la-chaine-des-puys\/\">Cha\u00eene des puys en 3D<\/a><\/li>\n<li><a href=\"https:\/\/ent2d.ac-bordeaux.fr\/disciplines\/svt\/enseigner\/bases-de-donnees-documentaires\/ressources-scientifiques-et-pedagogiques\/thematique-la-planete-et-les-enjeux-contemporains\/volcanisme-dans-la-chaine-des-puy\/carte-geologique-de-la-chaine-des-puys\/\">Cartes g\u00e9ologiques<\/a><\/li>\n<li><a href=\"https:\/\/ent2d.ac-bordeaux.fr\/disciplines\/svt\/a-finir-classifications-diverses\/\">Classifications diverses<\/a><\/li>\n<li><a href=\"https:\/\/ent2d.ac-bordeaux.fr\/disciplines\/svt\/a-finir-excursions\/\">Excursions<\/a><\/li>\n<li><a href=\"https:\/\/ent2d.ac-bordeaux.fr\/disciplines\/svt\/a-finir-photographies\/\">Photographies<\/a><\/li>\n<li><a href=\"https:\/\/ent2d.ac-bordeaux.fr\/disciplines\/svt\/a-finir-lexique\/\">Lexique<\/a><\/li>\n<li><a href=\"https:\/\/ent2d.ac-bordeaux.fr\/disciplines\/svt\/documentation\/\">Documentation<\/a><\/li>\n<\/ul>\n","protected":false},"excerpt":{"rendered":"<p>Th\u00e8mes propos\u00e9s Nature de la cro\u00fbte continentale et du manteau Diff\u00e9renciation magmatique Diversit\u00e9 des \u00e9difices volcaniques Nature et diversit\u00e9 des \u00e9missions volcaniques Diversit\u00e9 des roches volcaniques et diff\u00e9renciation magmatique Constatation. L&rsquo;\u00e9tude de la carte g\u00e9ologique de la Cha\u00eene des Puys met en \u00e9vidence l&rsquo;existence de roches volcaniques de nature diff\u00e9rente (1. basalte; 2. trachyand\u00e9site;\u00a0 et &hellip; <\/p>\n<p><a class=\"more-link btn\" href=\"https:\/\/ent2d.ac-bordeaux.fr\/disciplines\/svt\/ressources\/pedagogiques\/ressources-academiques-diverses\/thematique-la-planete-et-les-enjeux-contemporains\/volcanisme-dans-la-chaine-des-puy\/a-finir-differenciation-magmatique\/\">Lire la suite<\/a><\/p>\n","protected":false},"author":8,"featured_media":0,"parent":922,"menu_order":2,"comment_status":"closed","ping_status":"closed","template":"","meta":{"footnotes":""},"class_list":["post-1454","page","type-page","status-publish","hentry","nodate","item-wrap"],"_links":{"self":[{"href":"https:\/\/ent2d.ac-bordeaux.fr\/disciplines\/svt\/wp-json\/wp\/v2\/pages\/1454","targetHints":{"allow":["GET"]}}],"collection":[{"href":"https:\/\/ent2d.ac-bordeaux.fr\/disciplines\/svt\/wp-json\/wp\/v2\/pages"}],"about":[{"href":"https:\/\/ent2d.ac-bordeaux.fr\/disciplines\/svt\/wp-json\/wp\/v2\/types\/page"}],"author":[{"embeddable":true,"href":"https:\/\/ent2d.ac-bordeaux.fr\/disciplines\/svt\/wp-json\/wp\/v2\/users\/8"}],"replies":[{"embeddable":true,"href":"https:\/\/ent2d.ac-bordeaux.fr\/disciplines\/svt\/wp-json\/wp\/v2\/comments?post=1454"}],"version-history":[{"count":8,"href":"https:\/\/ent2d.ac-bordeaux.fr\/disciplines\/svt\/wp-json\/wp\/v2\/pages\/1454\/revisions"}],"predecessor-version":[{"id":1568,"href":"https:\/\/ent2d.ac-bordeaux.fr\/disciplines\/svt\/wp-json\/wp\/v2\/pages\/1454\/revisions\/1568"}],"up":[{"embeddable":true,"href":"https:\/\/ent2d.ac-bordeaux.fr\/disciplines\/svt\/wp-json\/wp\/v2\/pages\/922"}],"wp:attachment":[{"href":"https:\/\/ent2d.ac-bordeaux.fr\/disciplines\/svt\/wp-json\/wp\/v2\/media?parent=1454"}],"curies":[{"name":"wp","href":"https:\/\/api.w.org\/{rel}","templated":true}]}}