{"id":1356,"date":"2016-06-09T09:38:02","date_gmt":"2016-06-09T08:38:02","guid":{"rendered":"https:\/\/ent2d.ac-bordeaux.fr\/disciplines\/svt\/?page_id=1356"},"modified":"2022-12-24T10:50:49","modified_gmt":"2022-12-24T09:50:49","slug":"thematique-corps-humain-et-sante","status":"publish","type":"page","link":"https:\/\/ent2d.ac-bordeaux.fr\/disciplines\/svt\/ressources\/pedagogiques\/ressources-academiques-diverses\/thematique-corps-humain-et-sante\/","title":{"rendered":"Th\u00e9matique Corps humain et sant\u00e9"},"content":{"rendered":"<h1><span style=\"color: #ff0000\">Productions<\/span><\/h1>\n<ul>\n<li><strong>Canaux ioniques (les)<\/strong> (Conf\u00e9rence \/ Compte-rendu B.Pajot)<i><br \/>\n<\/i><a href=\"http:\/\/ent2d.ac-bordeaux.fr\/disciplines\/svt\/wp-content\/uploads\/sites\/4\/2016\/02\/canaux_ion.pdf\" rel=\"\">Pr\u00e9sentation<\/a> du r\u00f4le des canaux ioniques dans les pathologies humaine<\/li>\n<li><strong>Etude des canaux ioniques<\/strong> (Conf\u00e9rence \/ Compte-rendu B.Pajot)<i><br \/>\n<\/i><a href=\"http:\/\/ent2d.ac-bordeaux.fr\/disciplines\/svt\/wp-content\/uploads\/sites\/4\/2016\/02\/etude-canaux-ion.pdf\" rel=\"\">M\u00e9thodes<\/a> d&rsquo;\u00e9tudes des canaux ioniques et des r\u00e9cepteurs par les techniques \u00e9lectrophysiologiques.<\/li>\n<li><strong>Dr\u00e9panocytose (la)<\/strong> (JP Chouzenoux et D.Chouzenoux)<i><br \/>\n<\/i><a href=\"http:\/\/ent2d.ac-bordeaux.fr\/disciplines\/svt\/les-differentes-echelles-dobservation-du-phenotype\/\">Pr\u00e9sentation<\/a> de la maladie et approche mol\u00e9culaire<\/li>\n<\/ul>\n","protected":false},"excerpt":{"rendered":"<p>Productions Canaux ioniques (les) (Conf\u00e9rence \/ Compte-rendu B.Pajot) Pr\u00e9sentation du r\u00f4le des canaux ioniques dans les pathologies humaine Etude des canaux ioniques (Conf\u00e9rence \/ Compte-rendu B.Pajot) M\u00e9thodes d&rsquo;\u00e9tudes des canaux ioniques et des r\u00e9cepteurs par les techniques \u00e9lectrophysiologiques. Dr\u00e9panocytose (la) (JP Chouzenoux et D.Chouzenoux) Pr\u00e9sentation de la maladie et approche mol\u00e9culaire<\/p>\n","protected":false},"author":8,"featured_media":0,"parent":4265,"menu_order":1,"comment_status":"closed","ping_status":"closed","template":"template-onecolumn.php","meta":{"footnotes":""},"class_list":["post-1356","page","type-page","status-publish","hentry","nodate","item-wrap"],"_links":{"self":[{"href":"https:\/\/ent2d.ac-bordeaux.fr\/disciplines\/svt\/wp-json\/wp\/v2\/pages\/1356","targetHints":{"allow":["GET"]}}],"collection":[{"href":"https:\/\/ent2d.ac-bordeaux.fr\/disciplines\/svt\/wp-json\/wp\/v2\/pages"}],"about":[{"href":"https:\/\/ent2d.ac-bordeaux.fr\/disciplines\/svt\/wp-json\/wp\/v2\/types\/page"}],"author":[{"embeddable":true,"href":"https:\/\/ent2d.ac-bordeaux.fr\/disciplines\/svt\/wp-json\/wp\/v2\/users\/8"}],"replies":[{"embeddable":true,"href":"https:\/\/ent2d.ac-bordeaux.fr\/disciplines\/svt\/wp-json\/wp\/v2\/comments?post=1356"}],"version-history":[{"count":5,"href":"https:\/\/ent2d.ac-bordeaux.fr\/disciplines\/svt\/wp-json\/wp\/v2\/pages\/1356\/revisions"}],"predecessor-version":[{"id":1383,"href":"https:\/\/ent2d.ac-bordeaux.fr\/disciplines\/svt\/wp-json\/wp\/v2\/pages\/1356\/revisions\/1383"}],"up":[{"embeddable":true,"href":"https:\/\/ent2d.ac-bordeaux.fr\/disciplines\/svt\/wp-json\/wp\/v2\/pages\/4265"}],"wp:attachment":[{"href":"https:\/\/ent2d.ac-bordeaux.fr\/disciplines\/svt\/wp-json\/wp\/v2\/media?parent=1356"}],"curies":[{"name":"wp","href":"https:\/\/api.w.org\/{rel}","templated":true}]}}