{"id":1354,"date":"2016-06-09T09:37:32","date_gmt":"2016-06-09T08:37:32","guid":{"rendered":"https:\/\/ent2d.ac-bordeaux.fr\/disciplines\/svt\/?page_id=1354"},"modified":"2022-12-24T10:51:51","modified_gmt":"2022-12-24T09:51:51","slug":"thematique-la-planete-et-les-enjeux-contemporains","status":"publish","type":"page","link":"https:\/\/ent2d.ac-bordeaux.fr\/disciplines\/svt\/ressources\/pedagogiques\/ressources-academiques-diverses\/thematique-la-planete-et-les-enjeux-contemporains\/","title":{"rendered":"Th\u00e9matique La plan\u00e8te et les enjeux contemporains"},"content":{"rendered":"<h1><span style=\"color: #ff0000\">Productions et liens<\/span><\/h1>\n<ul>\n<li><a href=\"http:\/\/ent2d.ac-bordeaux.fr\/disciplines\/svt\/enseigner\/ressources-par-niveau\/reforme-lycee\/serie-s-ressources\/le-domaine-continental-et-sa-dynamique\/\">Le domaine continental et sa dynamique<\/a><\/li>\n<li><strong>Cartes g\u00e9ologiques<\/strong><br \/>\nLe <a href=\"http:\/\/www.onegeology.org\/\">nouvel espace de consultation<\/a> des cartes g\u00e9ologiques du monde entier, avec cr\u00e9ation de fichiers .kmz (GoogleEarth) personnalis\u00e9s\u2026Un site d\u2019utilisation facile, intuitif et tr\u00e8s riche\u2026<\/li>\n<li><strong>Site de la <a href=\"http:\/\/svs.gsfc.nasa.gov\/\">NASA<\/a><\/strong><br \/>\nIl propose une multitude d\u2019images et de vid\u00e9os issues des campagnes satellites\u2026 Un incontournable\u2026<\/li>\n<li><strong>Propagation des ondes sismiques (la)<\/strong> JM.Darrigan<br \/>\n<a href=\"http:\/\/ent2d.ac-bordeaux.fr\/disciplines\/svt\/la-propagation-des-ondes-sismiques\/\">ExAO<\/a> pour coll\u00e8ge et Lyc\u00e9e (avec montages)<\/li>\n<li><strong>Volcanisme (le)<\/strong> D.Augustin<br \/>\nLes volcans de la <a href=\"http:\/\/ent2d.ac-bordeaux.fr\/disciplines\/svt\/volcanisme-dans-la-chaine-des-puy\/\">cha\u00eene des Puys<\/a><\/li>\n<\/ul>\n","protected":false},"excerpt":{"rendered":"<p>Productions et liens Le domaine continental et sa dynamique Cartes g\u00e9ologiques Le nouvel espace de consultation des cartes g\u00e9ologiques du monde entier, avec cr\u00e9ation de fichiers .kmz (GoogleEarth) personnalis\u00e9s\u2026Un site d\u2019utilisation facile, intuitif et tr\u00e8s riche\u2026 Site de la NASA Il propose une multitude d\u2019images et de vid\u00e9os issues des campagnes satellites\u2026 Un incontournable\u2026 Propagation &hellip; <\/p>\n<p><a class=\"more-link btn\" href=\"https:\/\/ent2d.ac-bordeaux.fr\/disciplines\/svt\/ressources\/pedagogiques\/ressources-academiques-diverses\/thematique-la-planete-et-les-enjeux-contemporains\/\">Lire la suite<\/a><\/p>\n","protected":false},"author":8,"featured_media":0,"parent":4265,"menu_order":3,"comment_status":"closed","ping_status":"closed","template":"template-onecolumn.php","meta":{"footnotes":""},"class_list":["post-1354","page","type-page","status-publish","hentry","nodate","item-wrap"],"_links":{"self":[{"href":"https:\/\/ent2d.ac-bordeaux.fr\/disciplines\/svt\/wp-json\/wp\/v2\/pages\/1354","targetHints":{"allow":["GET"]}}],"collection":[{"href":"https:\/\/ent2d.ac-bordeaux.fr\/disciplines\/svt\/wp-json\/wp\/v2\/pages"}],"about":[{"href":"https:\/\/ent2d.ac-bordeaux.fr\/disciplines\/svt\/wp-json\/wp\/v2\/types\/page"}],"author":[{"embeddable":true,"href":"https:\/\/ent2d.ac-bordeaux.fr\/disciplines\/svt\/wp-json\/wp\/v2\/users\/8"}],"replies":[{"embeddable":true,"href":"https:\/\/ent2d.ac-bordeaux.fr\/disciplines\/svt\/wp-json\/wp\/v2\/comments?post=1354"}],"version-history":[{"count":6,"href":"https:\/\/ent2d.ac-bordeaux.fr\/disciplines\/svt\/wp-json\/wp\/v2\/pages\/1354\/revisions"}],"predecessor-version":[{"id":1382,"href":"https:\/\/ent2d.ac-bordeaux.fr\/disciplines\/svt\/wp-json\/wp\/v2\/pages\/1354\/revisions\/1382"}],"up":[{"embeddable":true,"href":"https:\/\/ent2d.ac-bordeaux.fr\/disciplines\/svt\/wp-json\/wp\/v2\/pages\/4265"}],"wp:attachment":[{"href":"https:\/\/ent2d.ac-bordeaux.fr\/disciplines\/svt\/wp-json\/wp\/v2\/media?parent=1354"}],"curies":[{"name":"wp","href":"https:\/\/api.w.org\/{rel}","templated":true}]}}