{"id":1352,"date":"2016-06-09T09:36:50","date_gmt":"2016-06-09T08:36:50","guid":{"rendered":"https:\/\/ent2d.ac-bordeaux.fr\/disciplines\/svt\/?page_id=1352"},"modified":"2022-12-24T10:51:44","modified_gmt":"2022-12-24T09:51:44","slug":"thematique-le-vivant-et-son-evolution","status":"publish","type":"page","link":"https:\/\/ent2d.ac-bordeaux.fr\/disciplines\/svt\/ressources\/pedagogiques\/ressources-academiques-diverses\/thematique-le-vivant-et-son-evolution\/","title":{"rendered":"Th\u00e9matique Le vivant et son \u00e9volution"},"content":{"rendered":"<h1><span style=\"color: #ff0000\">Productions et liens<\/span><\/h1>\n<ul>\n<li><a href=\"http:\/\/ent2d.ac-bordeaux.fr\/disciplines\/svt\/enseigner\/ressources-par-niveau\/reforme-lycee\/serie-s-ressources\/les-courants-de-pensee-evolutionnistes-du-xviii-et-xixeme-siecles\/\">Les courants de pens\u00e9e \u00e9volutionnistes du XVIII et XIX\u00e8me si\u00e8cles<\/a><\/li>\n<li><a href=\"http:\/\/darwin-online.org.uk\/\">Darwin on line<\/a><br \/>\nLa \u00ab bible \u00bb pour les documents originaux de Darwin, tout est consultable (en anglais), ses livres, ses lettres\u2026<\/li>\n<li><strong>Classification des animaux (la) <\/strong>(M.Rajade)<i><br \/>\n<\/i><a href=\"http:\/\/ent2d.ac-bordeaux.fr\/disciplines\/svt\/wp-content\/uploads\/sites\/4\/2016\/02\/classifanimlightim.pdf\" rel=\"\">Pr\u00e9sentation<\/a> d&rsquo;une classification simplifi\u00e9e des animaux (format poster pour la classe) ou format .doc\u00a0 sans images et au format pdf (1.7 Mo)<\/li>\n<li><strong>Classification des \u00eatres vivants (la)<\/strong> (M.Rajade \/ M.Schittecatte)<i><br \/>\n<\/i><a href=\"http:\/\/ent2d.ac-bordeaux.fr\/disciplines\/svt\/wp-content\/uploads\/sites\/4\/2016\/02\/classifetreslightim.pdf\" rel=\"\">Pr\u00e9sentation<\/a> d&rsquo;une classification simplifi\u00e9e des \u00eatres vivants (format poster pour la classe) ou format .doc\u00a0 sans images et au format pdf (1.2 Mo)<\/li>\n<li><strong>Mim\u00e9tisme (le)<\/strong><i><br \/>\n<\/i><a href=\"https:\/\/ent2d.ac-bordeaux.fr\/disciplines\/svt\/enseigner\/bases-de-donnees-documentaires\/ressources-scientifiques-et-pedagogiques\/thematique-le-vivant-et-son-evolution\/le-mimetisme-dans-le-monde-vivant\/\">Pr\u00e9sentation<\/a> du mim\u00e9tisme chez les \u00eatres vivants, et ses implications \u00e9volutive<\/li>\n<\/ul>\n<h1><span style=\"color: #ff0000\">Conf\u00e9rences en SVT<\/span><\/h1>\n<p class=\"contenu\">Vous trouverez ici les pr\u00e9sentations des conf\u00e9renciers qui sont intervenus \u00e0 l&rsquo;occasion de conf\u00e9rences faites par des scientifiques dans le cadre des journ\u00e9es de formations dur PAF.<\/p>\n<ul>\n<li><a href=\"http:\/\/ent2d.ac-bordeaux.fr\/disciplines\/svt\/wp-content\/uploads\/sites\/4\/2016\/02\/C_Monferrand.pdf\" rel=\"\">Au sujet de la biodiversit\u00e9<\/a><br \/>\nChristophe Montferrand &#8211; Mai 2009<\/li>\n<li><a href=\"http:\/\/ent2d.ac-bordeaux.fr\/disciplines\/svt\/wp-content\/uploads\/sites\/4\/2016\/02\/D_Alard.pdf\" rel=\"\">Biodiversit\u00e9, changements globaux,conservation : quelques enjeux de la recherche en \u00e9cologie<\/a><br \/>\nDidier Alard, Universit\u00e9 de Bordeaux, UMR INRA BIOGECO &#8211; Mai 2009<\/li>\n<\/ul>\n","protected":false},"excerpt":{"rendered":"<p>Productions et liens Les courants de pens\u00e9e \u00e9volutionnistes du XVIII et XIX\u00e8me si\u00e8cles Darwin on line La \u00ab bible \u00bb pour les documents originaux de Darwin, tout est consultable (en anglais), ses livres, ses lettres\u2026 Classification des animaux (la) (M.Rajade) Pr\u00e9sentation d&rsquo;une classification simplifi\u00e9e des animaux (format poster pour la classe) ou format .doc\u00a0 sans &hellip; <\/p>\n<p><a class=\"more-link btn\" href=\"https:\/\/ent2d.ac-bordeaux.fr\/disciplines\/svt\/ressources\/pedagogiques\/ressources-academiques-diverses\/thematique-le-vivant-et-son-evolution\/\">Lire la suite<\/a><\/p>\n","protected":false},"author":8,"featured_media":0,"parent":4265,"menu_order":2,"comment_status":"closed","ping_status":"closed","template":"template-onecolumn.php","meta":{"footnotes":""},"class_list":["post-1352","page","type-page","status-publish","hentry","nodate","item-wrap"],"_links":{"self":[{"href":"https:\/\/ent2d.ac-bordeaux.fr\/disciplines\/svt\/wp-json\/wp\/v2\/pages\/1352","targetHints":{"allow":["GET"]}}],"collection":[{"href":"https:\/\/ent2d.ac-bordeaux.fr\/disciplines\/svt\/wp-json\/wp\/v2\/pages"}],"about":[{"href":"https:\/\/ent2d.ac-bordeaux.fr\/disciplines\/svt\/wp-json\/wp\/v2\/types\/page"}],"author":[{"embeddable":true,"href":"https:\/\/ent2d.ac-bordeaux.fr\/disciplines\/svt\/wp-json\/wp\/v2\/users\/8"}],"replies":[{"embeddable":true,"href":"https:\/\/ent2d.ac-bordeaux.fr\/disciplines\/svt\/wp-json\/wp\/v2\/comments?post=1352"}],"version-history":[{"count":7,"href":"https:\/\/ent2d.ac-bordeaux.fr\/disciplines\/svt\/wp-json\/wp\/v2\/pages\/1352\/revisions"}],"predecessor-version":[{"id":1641,"href":"https:\/\/ent2d.ac-bordeaux.fr\/disciplines\/svt\/wp-json\/wp\/v2\/pages\/1352\/revisions\/1641"}],"up":[{"embeddable":true,"href":"https:\/\/ent2d.ac-bordeaux.fr\/disciplines\/svt\/wp-json\/wp\/v2\/pages\/4265"}],"wp:attachment":[{"href":"https:\/\/ent2d.ac-bordeaux.fr\/disciplines\/svt\/wp-json\/wp\/v2\/media?parent=1352"}],"curies":[{"name":"wp","href":"https:\/\/api.w.org\/{rel}","templated":true}]}}