{"id":1177,"date":"2016-03-13T18:57:11","date_gmt":"2016-03-13T17:57:11","guid":{"rendered":"http:\/\/ent2d.ac-bordeaux.fr\/disciplines\/svt\/?page_id=1177"},"modified":"2016-11-30T19:55:36","modified_gmt":"2016-11-30T18:55:36","slug":"bibliographie","status":"publish","type":"page","link":"https:\/\/ent2d.ac-bordeaux.fr\/disciplines\/svt\/ressources\/pedagogiques\/lithotheque\/la-trilogie-aquitanienne-dans-lagenais\/bibliographie\/","title":{"rendered":"Bibliographie"},"content":{"rendered":"<ul>\n<li>Cahiers de biologie-g\u00e9ologie r\u00e9gionale, CRDP Bordeaux : la trilogie aquitanienne dans l&rsquo;Agenais n\u00b0 15<\/li>\n<li>Roudi\u00e9 Philippe &#8211; L&rsquo;Agenais : \u00e9tude g\u00e9ographique du Lot et Garonne &#8211; Bordeaux : CRDP, 1974<\/li>\n<li>Le Lot et Garonne : paysages et g\u00e9ologie du Lot et garonne : essai de compr\u00e9hension de la g\u00e9ologie r\u00e9gionale &#8211; Bordeaux : CRDP, 1979<\/li>\n<li>Caralp M, Julius C, Moyes J, Vigneaux M : interpr\u00e9tation stratigraphique de l&rsquo;encha\u00eenement des faci\u00e8s du Mioc\u00e8ne inf\u00e9rieur aquitain &#8211; Instituto Lucas Mallada, 9, 1964, p.13-20.<\/li>\n<li>Richard M : contribution \u00e0 l&rsquo;\u00e9tude des gisements de Mammif\u00e8res tertiaires du bassin d&rsquo;Aquitaine. In : Bulletin de la Soci\u00e9t\u00e9 g\u00e9ologique de France, tome 36, 1946.<\/li>\n<li>Trait\u00e9 de pal\u00e9ontologie \/ sous la direction de Jean Piveteau. Tomes VI et VII _ Paris : Masson.<\/li>\n<li>carte g\u00e9ologique d&rsquo;Agen au 1\/80000.<\/li>\n<\/ul>\n","protected":false},"excerpt":{"rendered":"<p>Cahiers de biologie-g\u00e9ologie r\u00e9gionale, CRDP Bordeaux : la trilogie aquitanienne dans l&rsquo;Agenais n\u00b0 15 Roudi\u00e9 Philippe &#8211; L&rsquo;Agenais : \u00e9tude g\u00e9ographique du Lot et Garonne &#8211; Bordeaux : CRDP, 1974 Le Lot et Garonne : paysages et g\u00e9ologie du Lot et garonne : essai de compr\u00e9hension de la g\u00e9ologie r\u00e9gionale &#8211; Bordeaux : CRDP, 1979 &hellip; <\/p>\n<p><a class=\"more-link btn\" href=\"https:\/\/ent2d.ac-bordeaux.fr\/disciplines\/svt\/ressources\/pedagogiques\/lithotheque\/la-trilogie-aquitanienne-dans-lagenais\/bibliographie\/\">Lire la suite<\/a><\/p>\n","protected":false},"author":8,"featured_media":0,"parent":910,"menu_order":4,"comment_status":"closed","ping_status":"closed","template":"","meta":{"footnotes":""},"class_list":["post-1177","page","type-page","status-publish","hentry","nodate","item-wrap"],"_links":{"self":[{"href":"https:\/\/ent2d.ac-bordeaux.fr\/disciplines\/svt\/wp-json\/wp\/v2\/pages\/1177","targetHints":{"allow":["GET"]}}],"collection":[{"href":"https:\/\/ent2d.ac-bordeaux.fr\/disciplines\/svt\/wp-json\/wp\/v2\/pages"}],"about":[{"href":"https:\/\/ent2d.ac-bordeaux.fr\/disciplines\/svt\/wp-json\/wp\/v2\/types\/page"}],"author":[{"embeddable":true,"href":"https:\/\/ent2d.ac-bordeaux.fr\/disciplines\/svt\/wp-json\/wp\/v2\/users\/8"}],"replies":[{"embeddable":true,"href":"https:\/\/ent2d.ac-bordeaux.fr\/disciplines\/svt\/wp-json\/wp\/v2\/comments?post=1177"}],"version-history":[{"count":1,"href":"https:\/\/ent2d.ac-bordeaux.fr\/disciplines\/svt\/wp-json\/wp\/v2\/pages\/1177\/revisions"}],"predecessor-version":[{"id":1178,"href":"https:\/\/ent2d.ac-bordeaux.fr\/disciplines\/svt\/wp-json\/wp\/v2\/pages\/1177\/revisions\/1178"}],"up":[{"embeddable":true,"href":"https:\/\/ent2d.ac-bordeaux.fr\/disciplines\/svt\/wp-json\/wp\/v2\/pages\/910"}],"wp:attachment":[{"href":"https:\/\/ent2d.ac-bordeaux.fr\/disciplines\/svt\/wp-json\/wp\/v2\/media?parent=1177"}],"curies":[{"name":"wp","href":"https:\/\/api.w.org\/{rel}","templated":true}]}}