{"id":1173,"date":"2016-03-13T18:55:54","date_gmt":"2016-03-13T17:55:54","guid":{"rendered":"http:\/\/ent2d.ac-bordeaux.fr\/disciplines\/svt\/?page_id=1173"},"modified":"2016-11-30T19:55:36","modified_gmt":"2016-11-30T18:55:36","slug":"reconstitution-paleoecologique-et-paleoclimatique","status":"publish","type":"page","link":"https:\/\/ent2d.ac-bordeaux.fr\/disciplines\/svt\/ressources\/pedagogiques\/lithotheque\/la-trilogie-aquitanienne-dans-lagenais\/reconstitution-paleoecologique-et-paleoclimatique\/","title":{"rendered":"Reconstitution pal\u00e9o\u00e9cologique et pal\u00e9oclimatique"},"content":{"rendered":"<ul>\n<li><a href=\"https:\/\/ent2d.ac-bordeaux.fr\/disciplines\/svt\/enseigner\/bases-de-donnees-documentaires\/ressources-academiques\/lithotheque\/la-trilogie-aquitanienne-dans-lagenais\/\">Introduction<\/a><\/li>\n<li><a href=\"http:\/\/ent2d.ac-bordeaux.fr\/disciplines\/svt\/ressources-scientifiques-et-pedagogiques\/la-trilogie-aquitanienne-dans-lagenais\/localisation-de-la-serie-aquitanienne\/\">Localisation de la s\u00e9rie aquitanienne<\/a><\/li>\n<li><a href=\"http:\/\/ent2d.ac-bordeaux.fr\/disciplines\/svt\/ressources-scientifiques-et-pedagogiques\/la-trilogie-aquitanienne-dans-lagenais\/etude-stratigraphique-des-differents-termes-de-la-serie\/\">Etude stratigraphique des diff\u00e9rents termes de la s\u00e9rie<\/a><\/li>\n<li><a href=\"http:\/\/ent2d.ac-bordeaux.fr\/disciplines\/svt\/ressources-scientifiques-et-pedagogiques\/la-trilogie-aquitanienne-dans-lagenais\/reconstitution-paleoecologique-et-paleoclimatique\/\">Reconstitution pal\u00e9o\u00e9cologique et pal\u00e9oclimatique<\/a><\/li>\n<li><a href=\"http:\/\/ent2d.ac-bordeaux.fr\/disciplines\/svt\/ressources-scientifiques-et-pedagogiques\/la-trilogie-aquitanienne-dans-lagenais\/bibliographie\/\">Bibliographie<\/a><\/li>\n<\/ul>\n<hr \/>\n<h3>Les caract\u00e9ristiques des lacs o\u00f9 se sont d\u00e9pos\u00e9s les calcaires de la s\u00e9rie aquitanienne<\/h3>\n<h4>1. <u>Evaluation de l&rsquo;abondance de la v\u00e9g\u00e9tation<\/u><\/h4>\n<p class=\"contenu\">L&rsquo;observation en lame mince montre que les restes v\u00e9g\u00e9taux sont tr\u00e8s peu repr\u00e9sent\u00e9s \u00e0 l&rsquo;exception des Charac\u00e9es.<\/p>\n<p class=\"contenu\">On peut les r\u00e9v\u00e9ler par la m\u00e9thode de d\u00e9calcification : on pr\u00e9l\u00e8ve avec soin un \u00e9chantillon de calcaire non contamin\u00e9 et on le place dans une bo\u00eete de P\u00e9tri contenant de l&rsquo;acide chlorhydrique dilu\u00e9 ( 2,5 \u00e0 5%). En g\u00e9n\u00e9ral, un feutrage organique surnage apr\u00e8s cette op\u00e9ration; on peut le r\u00e9cup\u00e9rer avec une micropipette pour l&rsquo;observer ensuite au microscope.<\/p>\n<p class=\"contenu\">Le faible taux de reste organique peut s&rsquo;expliquer par une forte oxyg\u00e9nation du milieu qui oxyde la mati\u00e8re organique.<\/p>\n<h4>2. <u>Evaluation de l&rsquo;oxyg\u00e9nation du milieu<\/u><\/h4>\n<p class=\"contenu\">Elle peut \u00eatre d\u00e9duite de la teneur en mati\u00e8re organique r\u00e9siduelle de l&rsquo;\u00e9chantillon :<\/p>\n<ul>\n<li>\n<p class=\"contenu\">si le pourcentage de carbone organique est faible on en d\u00e9duit que le lac est bien oxyg\u00e9n\u00e9 et vraisemblablement assez profond ce qui am\u00e8ne \u00e0 la disparition presque totale de la mati\u00e8re organique.<\/p>\n<\/li>\n<li>\n<p class=\"contenu\">si le pourcentage de carbone organique est fort on en d\u00e9duit que le milieu est r\u00e9ducteur et le lac peu profond.<\/p>\n<\/li>\n<\/ul>\n<h4>3. <u>R\u00e9sultats de l&rsquo;analyse des \u00e9chantillons<\/u><\/h4>\n<table cellpadding=\"3\">\n<tbody>\n<tr>\n<td class=\"style3\" width=\"26%\"><b>ECHANTILLONS<\/b><\/td>\n<td class=\"style3\" width=\"27%\"><b>% de carbone organique<\/b><\/td>\n<td class=\"style3\" width=\"47%\"><b>\u00e9l\u00e9ments organiques et min\u00e9raux<\/b><\/td>\n<\/tr>\n<tr>\n<td class=\"style3\" width=\"26%\" height=\"28\"><b>CALCAIRE BLANC<\/b><\/td>\n<td class=\"style3\" width=\"27%\" height=\"28\">\n<p align=\"center\">\n<\/td>\n<td class=\"style3\" width=\"47%\" height=\"28\">\n<p align=\"center\">\n<\/td>\n<\/tr>\n<tr>\n<td class=\"style3\" width=\"26%\" height=\"32\">Monbran<\/td>\n<td class=\"style3\" width=\"27%\" height=\"32\">0,07<\/td>\n<td class=\"style3\" width=\"47%\" height=\"32\">Champignons sup\u00e9rieurs<\/td>\n<\/tr>\n<tr>\n<td class=\"style3\" width=\"26%\" height=\"49\">Vianne<\/td>\n<td class=\"style3\" width=\"27%\" height=\"49\">0,15<\/td>\n<td class=\"style3\" width=\"47%\" height=\"49\">Cyanophyc\u00e9es : Oscillaires (Schizotrix Phormidium)- Champignons &#8211; Charac\u00e9es tr\u00e8s nombreuses<\/td>\n<\/tr>\n<tr>\n<td class=\"style3\" width=\"26%\" height=\"43\">Nicole<\/td>\n<td class=\"style3\" width=\"27%\" height=\"43\">0,14<\/td>\n<td class=\"style3\" width=\"47%\" height=\"43\">filaments ind\u00e9terminables<\/td>\n<\/tr>\n<tr>\n<td class=\"style3\" width=\"26%\"><\/td>\n<td class=\"style3\" width=\"27%\"><b>moyenne : 0,12<\/b><\/td>\n<td class=\"style3\" width=\"47%\"><\/td>\n<\/tr>\n<\/tbody>\n<\/table>\n<p>&nbsp;<\/p>\n<table cellpadding=\"3\">\n<tbody>\n<tr>\n<td class=\"style3\" width=\"26%\"><b>CALCAIRE GRIS<\/b><\/td>\n<td class=\"style3\" width=\"27%\"><b>% de carbone organique<\/b><\/td>\n<td class=\"style3\" width=\"47%\"><b>\u00e9l\u00e9ments organiques et min\u00e9raux<\/b><\/td>\n<\/tr>\n<tr>\n<td class=\"style3\" width=\"26%\">Monbran<\/td>\n<td class=\"style3\" width=\"27%\">0,74<\/td>\n<td class=\"style3\" width=\"47%\">Champignons &#8211; grains de pollen. Pyrite<\/td>\n<\/tr>\n<tr>\n<td class=\"style3\" width=\"26%\">Plateau de Serbat<\/td>\n<td class=\"style3\" width=\"27%\">0,91<\/td>\n<td class=\"style3\" width=\"47%\">D\u00e9bris ligneux &#8211; tiges de Charac\u00e9es &#8211; d\u00e9bris de Gastropode -Pyrite<\/td>\n<\/tr>\n<tr>\n<td class=\"style3\" width=\"26%\">Vianne<\/td>\n<td class=\"style3\" width=\"27%\">0,79<\/td>\n<td class=\"style3\" width=\"47%\">Tissus v\u00e9g\u00e9taux ( fibres ) &#8211; Phan\u00e9rogames &#8211; Cladophore &#8211; Charac\u00e9es &#8211; Gonidies de champignons -Pyrite<\/td>\n<\/tr>\n<tr>\n<td class=\"style3\" width=\"26%\">Nicole<\/td>\n<td class=\"style3\" width=\"27%\">0,70<\/td>\n<td class=\"style3\" width=\"47%\">D\u00e9bris d&rsquo;os &#8211; pyrite<\/td>\n<\/tr>\n<tr>\n<td class=\"style3\" width=\"26%\">Le Pin ( pr\u00e8s de N\u00e9rac )<\/td>\n<td class=\"style3\" width=\"27%\">0,06<\/td>\n<td class=\"style3\" width=\"47%\">Tissus v\u00e9g\u00e9taux &#8211; Coccolithes &#8211; d\u00e9bris d&rsquo;os &#8211; Points organiques. Pyrite<\/td>\n<\/tr>\n<tr>\n<td class=\"style3\" width=\"26%\">Foulayronnes pr\u00e8s d&rsquo;Agen<\/td>\n<td class=\"style3\" width=\"27%\">0,21<\/td>\n<td class=\"style3\" width=\"47%\">Tissus v\u00e9g\u00e9taux. Pyrite<\/td>\n<\/tr>\n<tr>\n<td class=\"style3\" width=\"26%\"><\/td>\n<td class=\"style3\" width=\"27%\"><b>moyenne : 0,57<\/b><\/td>\n<td class=\"style3\" width=\"47%\"><\/td>\n<\/tr>\n<\/tbody>\n<\/table>\n<h4>4. <u>Interpr\u00e9tation des r\u00e9sultats<\/u><\/h4>\n<p class=\"contenu\">La faible teneur en carbone organique du calcaire blanc indique qu&rsquo;il s&rsquo;est d\u00e9pos\u00e9 dans un lac bien oxyg\u00e9n\u00e9 et probablement profond.<\/p>\n<p class=\"contenu\">Dans le calcaire gris, la forte teneur en carbone organique t\u00e9moigne d&rsquo;un milieu r\u00e9ducteur marqu\u00e9 par la pr\u00e9sence de pyrite et par l&rsquo;odeur d&rsquo;hydrog\u00e8ne sulfur\u00e9 qui se d\u00e9gage au choc ( la mati\u00e8re organique a \u00e9t\u00e9 incompl\u00e8tement d\u00e9compos\u00e9e ). le lac devait \u00eatre peu profond car certains d\u00e9bris de gastropodes n&rsquo;ont pas \u00e9t\u00e9 dissous puis recristallis\u00e9s. Cela t\u00e9moigne d&rsquo;une faible \u00e9paisseur d&rsquo;eau sursatur\u00e9e en carbonate de chaux.<\/p>\n<h4 class=\"contenu\">Interpr\u00e9tation pal\u00e9oclimatique<\/h4>\n<p class=\"contenu\">L&rsquo;examen des min\u00e9raux argileux d&rsquo;un s\u00e9diment peut aider \u00e0 reconstituer les pal\u00e9oclimats \u00e0 une \u00e9poque donn\u00e9e. Des termes \u00e0 s\u00e9piolites et attapulgite ont \u00e9t\u00e9 d\u00e9couverts dans les formations lacustres de Grignols. Or ces min\u00e9raux sont absents des argiles s\u00e9dimentaires. Ce sont des min\u00e9raux de n\u00e9oformation en milieux basiques ( marins ou lacustres ) riche en SiO2 et MgO. Ils sont stables dans ces milieux mais se montrent d&rsquo;une extr\u00eame instabilit\u00e9 hors de leur milieu de gen\u00e8se, en particulier dans les sols.<\/p>\n<p class=\"contenu\">La fr\u00e9quence de ces niveaux \u00e0 attapulgite pendant le c\u00e9nozo\u00efque est due au lessivage diff\u00e9rentiel des formations r\u00e9siduelles recouvrant les massifs hercyniens sous climat hydrolysant (chaud et humide). Les eaux descendant du Massif Central apportaient aux lacs aquitaniens, \u00e0 l&rsquo;\u00e9tat dissous, la silice, le magn\u00e9sium, le calcium, issus de ces alt\u00e9rations continentales.<\/p>\n<p class=\"contenu\">L&rsquo;existence \u00e0 Grignols de niveaux calcaires mamelonn\u00e9s concr\u00e9tionn\u00e9s dont certaines surfaces sont rub\u00e9fi\u00e9es (pr\u00e9sence de fer) t\u00e9moigne de p\u00e9riodes s\u00e8ches pendant lesquelles s&rsquo;est fix\u00e9 le fer lib\u00e9r\u00e9 pendant les p\u00e9riodes humides.<\/p>\n<p class=\"contenu\">Il y a donc une argumentation suffisante pour \u00e9mettre l&rsquo;hypoth\u00e8se de la succession de p\u00e9riodes s\u00e8ches et humides assez longues et \u00e0 climats nettement constrast\u00e9s. Une v\u00e9g\u00e9tation intense devait prolif\u00e9rer ( pr\u00e9sence d&rsquo;intercalations ligniteuses, marnes grises, calcaire gris dont la teneur en mati\u00e8re organique est la plus \u00e9lev\u00e9e de tous les calcaires lacustres du Mioc\u00e8ne aquitain ).<\/p>\n<h4>La pal\u00e9ofaune et la pal\u00e9oflore<\/h4>\n<p class=\"contenu\">La faune corrobore les donn\u00e9es climatiques pr\u00e9c\u00e9dentes. Les animaux des zones mar\u00e9cageuses sont toujours nombreux : Crocodiliens, Ch\u00e9loniens, Castorid\u00e9s, Murid\u00e9s, Carnivores tr\u00e8s vari\u00e9s de taille.<\/p>\n<p class=\"contenu\">La flore est \u00e9galement celle d&rsquo;une r\u00e9gion de mar\u00e9cages et de for\u00eats \u00e0 climat chaud et humide (Palmiers, Lauriers, Mimosac\u00e9es ) m\u00eal\u00e9e \u00e0 des formes de r\u00e9gion temp\u00e9r\u00e9e (Aulnes, Ch\u00e2taigniers, Bouleaux, Erables, Ch\u00eanes).<\/p>\n<p class=\"contenu\">Cette faune et cette flore rappellent celles de l&rsquo;archipel malais actuel :<\/p>\n<p class=\"contenu\"><a href=\"http:\/\/ent2d.ac-bordeaux.fr\/disciplines\/svt\/wp-content\/uploads\/sites\/4\/2016\/03\/foretmalaisie1.jpg\" rel=\"attachment wp-att-1174\"><img loading=\"lazy\" decoding=\"async\" class=\" wp-image-1174 alignleft\" src=\"http:\/\/ent2d.ac-bordeaux.fr\/disciplines\/svt\/wp-content\/uploads\/sites\/4\/2016\/03\/foretmalaisie1.jpg\" alt=\"foretmalaisie1\" width=\"402\" height=\"262\" srcset=\"https:\/\/ent2d.ac-bordeaux.fr\/disciplines\/svt\/wp-content\/uploads\/sites\/4\/2016\/03\/foretmalaisie1.jpg 430w, https:\/\/ent2d.ac-bordeaux.fr\/disciplines\/svt\/wp-content\/uploads\/sites\/4\/2016\/03\/foretmalaisie1-300x195.jpg 300w\" sizes=\"auto, (max-width: 402px) 100vw, 402px\" \/><\/a> <a href=\"http:\/\/ent2d.ac-bordeaux.fr\/disciplines\/svt\/wp-content\/uploads\/sites\/4\/2016\/03\/foretmalaisie2.jpg\" rel=\"attachment wp-att-1175\"><img loading=\"lazy\" decoding=\"async\" class=\"size-full wp-image-1175 alignright\" src=\"http:\/\/ent2d.ac-bordeaux.fr\/disciplines\/svt\/wp-content\/uploads\/sites\/4\/2016\/03\/foretmalaisie2.jpg\" alt=\"foretmalaisie2\" width=\"280\" height=\"430\" srcset=\"https:\/\/ent2d.ac-bordeaux.fr\/disciplines\/svt\/wp-content\/uploads\/sites\/4\/2016\/03\/foretmalaisie2.jpg 280w, https:\/\/ent2d.ac-bordeaux.fr\/disciplines\/svt\/wp-content\/uploads\/sites\/4\/2016\/03\/foretmalaisie2-195x300.jpg 195w\" sizes=\"auto, (max-width: 280px) 100vw, 280px\" \/><\/a><\/p>\n","protected":false},"excerpt":{"rendered":"<p>Introduction Localisation de la s\u00e9rie aquitanienne Etude stratigraphique des diff\u00e9rents termes de la s\u00e9rie Reconstitution pal\u00e9o\u00e9cologique et pal\u00e9oclimatique Bibliographie Les caract\u00e9ristiques des lacs o\u00f9 se sont d\u00e9pos\u00e9s les calcaires de la s\u00e9rie aquitanienne 1. Evaluation de l&rsquo;abondance de la v\u00e9g\u00e9tation L&rsquo;observation en lame mince montre que les restes v\u00e9g\u00e9taux sont tr\u00e8s peu repr\u00e9sent\u00e9s \u00e0 l&rsquo;exception &hellip; <\/p>\n<p><a class=\"more-link btn\" href=\"https:\/\/ent2d.ac-bordeaux.fr\/disciplines\/svt\/ressources\/pedagogiques\/lithotheque\/la-trilogie-aquitanienne-dans-lagenais\/reconstitution-paleoecologique-et-paleoclimatique\/\">Lire la suite<\/a><\/p>\n","protected":false},"author":8,"featured_media":0,"parent":910,"menu_order":3,"comment_status":"closed","ping_status":"closed","template":"","meta":{"footnotes":""},"class_list":["post-1173","page","type-page","status-publish","hentry","nodate","item-wrap"],"_links":{"self":[{"href":"https:\/\/ent2d.ac-bordeaux.fr\/disciplines\/svt\/wp-json\/wp\/v2\/pages\/1173","targetHints":{"allow":["GET"]}}],"collection":[{"href":"https:\/\/ent2d.ac-bordeaux.fr\/disciplines\/svt\/wp-json\/wp\/v2\/pages"}],"about":[{"href":"https:\/\/ent2d.ac-bordeaux.fr\/disciplines\/svt\/wp-json\/wp\/v2\/types\/page"}],"author":[{"embeddable":true,"href":"https:\/\/ent2d.ac-bordeaux.fr\/disciplines\/svt\/wp-json\/wp\/v2\/users\/8"}],"replies":[{"embeddable":true,"href":"https:\/\/ent2d.ac-bordeaux.fr\/disciplines\/svt\/wp-json\/wp\/v2\/comments?post=1173"}],"version-history":[{"count":2,"href":"https:\/\/ent2d.ac-bordeaux.fr\/disciplines\/svt\/wp-json\/wp\/v2\/pages\/1173\/revisions"}],"predecessor-version":[{"id":1610,"href":"https:\/\/ent2d.ac-bordeaux.fr\/disciplines\/svt\/wp-json\/wp\/v2\/pages\/1173\/revisions\/1610"}],"up":[{"embeddable":true,"href":"https:\/\/ent2d.ac-bordeaux.fr\/disciplines\/svt\/wp-json\/wp\/v2\/pages\/910"}],"wp:attachment":[{"href":"https:\/\/ent2d.ac-bordeaux.fr\/disciplines\/svt\/wp-json\/wp\/v2\/media?parent=1173"}],"curies":[{"name":"wp","href":"https:\/\/api.w.org\/{rel}","templated":true}]}}