{"id":1162,"date":"2016-03-13T18:52:35","date_gmt":"2016-03-13T17:52:35","guid":{"rendered":"http:\/\/ent2d.ac-bordeaux.fr\/disciplines\/svt\/?page_id=1162"},"modified":"2016-11-30T19:55:36","modified_gmt":"2016-11-30T18:55:36","slug":"etude-stratigraphique-des-differents-termes-de-la-serie","status":"publish","type":"page","link":"https:\/\/ent2d.ac-bordeaux.fr\/disciplines\/svt\/ressources\/pedagogiques\/lithotheque\/la-trilogie-aquitanienne-dans-lagenais\/etude-stratigraphique-des-differents-termes-de-la-serie\/","title":{"rendered":"Etude stratigraphique des diff\u00e9rents termes de la s\u00e9rie"},"content":{"rendered":"<ul>\n<li><a href=\"https:\/\/ent2d.ac-bordeaux.fr\/disciplines\/svt\/enseigner\/bases-de-donnees-documentaires\/ressources-academiques\/lithotheque\/la-trilogie-aquitanienne-dans-lagenais\/\">Introduction<\/a><\/li>\n<li><a href=\"http:\/\/ent2d.ac-bordeaux.fr\/disciplines\/svt\/ressources-scientifiques-et-pedagogiques\/la-trilogie-aquitanienne-dans-lagenais\/localisation-de-la-serie-aquitanienne\/\">Localisation de la s\u00e9rie aquitanienne<\/a><\/li>\n<li><a href=\"http:\/\/ent2d.ac-bordeaux.fr\/disciplines\/svt\/ressources-scientifiques-et-pedagogiques\/la-trilogie-aquitanienne-dans-lagenais\/etude-stratigraphique-des-differents-termes-de-la-serie\/\">Etude stratigraphique des diff\u00e9rents termes de la s\u00e9rie<\/a><\/li>\n<li><a href=\"http:\/\/ent2d.ac-bordeaux.fr\/disciplines\/svt\/ressources-scientifiques-et-pedagogiques\/la-trilogie-aquitanienne-dans-lagenais\/reconstitution-paleoecologique-et-paleoclimatique\/\">Reconstitution pal\u00e9o\u00e9cologique et pal\u00e9oclimatique<\/a><\/li>\n<li><a href=\"http:\/\/ent2d.ac-bordeaux.fr\/disciplines\/svt\/ressources-scientifiques-et-pedagogiques\/la-trilogie-aquitanienne-dans-lagenais\/bibliographie\/\">Bibliographie<\/a><\/li>\n<\/ul>\n<hr \/>\n<p><a name=\"hautpagestrati\"><\/a><\/p>\n<ul>\n<li><a href=\"#seriestratigraphique\">la s\u00e9rie stratigraphique type<\/a><\/li>\n<li><a href=\"#calcaireblancstrati\">Le calcaire blanc de l&rsquo;Agenais<\/a><\/li>\n<li><a href=\"#limitecalcaireblanc\">Les limites de l&rsquo;extension du calcaire blanc et les variations lat\u00e9rales de faci\u00e8s<\/a><\/li>\n<li><a href=\"#echantillonsstrati\">Description de quelques \u00e9chantillons<\/a><\/li>\n<li><a href=\"#marnes\">Les marnes et argiles \u00e0 Ostrea aginensis<\/a><\/li>\n<li><a href=\"#limitemarnestrati\">Les limites de l&rsquo;extension des marnes et argiles et les variations lat\u00e9rales de faci\u00e8s<\/a><\/li>\n<li><a href=\"#depotstrati\">le milieu de d\u00e9p\u00f4t<\/a><\/li>\n<li><a href=\"#calcairegris\">Le calcaire gris de l&rsquo;Agenais<\/a><\/li>\n<li><a href=\"#limitecalcairegrisstrati\">les limites de l&rsquo;extension du calcaire gris<\/a><\/li>\n<li><a href=\"#limites\">Les limites d&rsquo;extension r\u00e9gionale de la s\u00e9rie aquitanienne<\/a><\/li>\n<li><a href=\"#aquitanieninferieur\">Les limites r\u00e9gionales de l&rsquo;extension du calcaire blanc \u00e0 l&rsquo;aquitanien inf\u00e9rieur<\/a><\/li>\n<li><a href=\"#aquitanienmoyen\">Les limites r\u00e9gionales de l&rsquo;extension des marnes et argiles \u00e0 l&rsquo;aquitanien moyen<\/a><\/li>\n<li><a href=\"#aquitaniensuperieur\">Les limites r\u00e9gionales de l&rsquo;extension du calcaire gris \u00e0 l&rsquo;aquitanien sup\u00e9rieur<\/a><\/li>\n<\/ul>\n<p><a name=\"seriestratigraphique\"><\/a><\/p>\n<h4>La s\u00e9rie stratigraphique type ( image mapp\u00e9e ) :<\/h4>\n<p>&nbsp;<\/p>\n<p><a href=\"http:\/\/ent2d.ac-bordeaux.fr\/disciplines\/svt\/wp-content\/uploads\/sites\/4\/2016\/03\/stratigraphie7cm.jpg\" rel=\"attachment wp-att-1163\"><img loading=\"lazy\" decoding=\"async\" class=\"aligncenter size-full wp-image-1163\" src=\"http:\/\/ent2d.ac-bordeaux.fr\/disciplines\/svt\/wp-content\/uploads\/sites\/4\/2016\/03\/stratigraphie7cm.jpg\" alt=\"stratigraphie7cm\" width=\"504\" height=\"720\" srcset=\"https:\/\/ent2d.ac-bordeaux.fr\/disciplines\/svt\/wp-content\/uploads\/sites\/4\/2016\/03\/stratigraphie7cm.jpg 504w, https:\/\/ent2d.ac-bordeaux.fr\/disciplines\/svt\/wp-content\/uploads\/sites\/4\/2016\/03\/stratigraphie7cm-210x300.jpg 210w\" sizes=\"auto, (max-width: 504px) 100vw, 504px\" \/><\/a><\/p>\n<p style=\"text-align: center\"><a href=\"#hautpagestrati\"><b>Haut de page<\/b><\/a><\/p>\n<p><a name=\"calcaireblancstrati\"><\/a><\/p>\n<h4>Le calcaire blanc de l&rsquo;Agenais<\/h4>\n<p class=\"contenu\">Ce niveau est consid\u00e9r\u00e9 comme la base du mioc\u00e8ne ( &#8211; 23 Ma ). Il repose sur les mollasses dites de l&rsquo;Agenais qui correspondent \u00e0 une phase d&rsquo;\u00e9rosion intense des Pyr\u00e9n\u00e9es. L&rsquo;\u00e9rosion de la cha\u00eene pyr\u00e9n\u00e9enne continue \u00e0 l&rsquo;aquitanien au sud-est des Landes o\u00f9 un abondant mat\u00e9riel d\u00e9tritique s&rsquo;accumule. Cette p\u00e9riode correspond \u00e0 une phase de calme orog\u00e9nique.<br \/>\nDans la r\u00e9gion du Lot et garonne les \u00e9pandages de mat\u00e9riel pyr\u00e9n\u00e9en ( qui avaient barr\u00e9 la route aux eaux courantes descendant du Massif Central, d&rsquo;o\u00f9 l&rsquo;existence de lacs en bordure des mollasses de l&rsquo;Agenais ) cessent de se produire et un r\u00e9gime lacustre s&rsquo;installe.<br \/>\nCette rupture dans la s\u00e9dimentation s\u00e9pare le calcaire blanc des mollasses sous-jacentes. ( rappel : ce sont deux formations continentales ).<\/p>\n<p class=\"contenu\" style=\"text-align: center\"><a href=\"#hautpagestrati\"><b>Haut de page<\/b><\/a><\/p>\n<p><a name=\"limitecalcaireblanc\"><\/a><\/p>\n<h4>Les limites de l&rsquo;extension du calcaire blanc et les variations lat\u00e9rales de faci\u00e8s<\/h4>\n<p><a href=\"http:\/\/ent2d.ac-bordeaux.fr\/disciplines\/svt\/wp-content\/uploads\/sites\/4\/2016\/03\/calcaire_blanc47_4cm.jpg\" rel=\"attachment wp-att-1164\"><img loading=\"lazy\" decoding=\"async\" class=\"aligncenter size-full wp-image-1164\" src=\"http:\/\/ent2d.ac-bordeaux.fr\/disciplines\/svt\/wp-content\/uploads\/sites\/4\/2016\/03\/calcaire_blanc47_4cm.jpg\" alt=\"calcaire_blanc47_4cm\" width=\"288\" height=\"218\" \/><\/a><\/p>\n<p class=\"contenu\">Le calcaire blanc est bien repr\u00e9sent\u00e9 en Lot et Garonne sur le plateau de Loub\u00e8s-Bernac ( 171 m au Nord-ouest du d\u00e9partement ), au belv\u00e9d\u00e8re de Monbahus ( 187 m \u00e0 l&rsquo;ouest de cancon ) et on le retrouve \u00e0 l&rsquo;\u00e9tat \u00e9pars sur de nombreuses buttes en Gironde : \u00e0 Barben\u00e8gre ( pr\u00e8s de La Sauve ), \u00e0 Targon, \u00e0 Gornac, \u00e0 Castelviel et \u00e0 Mourens.<br \/>\nVers le Tarn et Garonne, pr\u00e8s de Moissac il passe \u00e0 un faci\u00e8s sableux et mollassique. On note la m\u00eame \u00e9volution vers Villeneuve sur Lot, au-del\u00e0 d&rsquo;une ligne Sembas, Laroque-timbaut, Brassac. Vers le Lot, \u00e0 Cahors, le calcaire blanc passe au calcaire de Cieurac.<br \/>\nAu sud de la Garonne, de Bordeaux \u00e0 la ride anticlinale de Villagrain-Landiras, sa pr\u00e9sence est difficile \u00e0 d\u00e9terminer. Cependant, imm\u00e9diatement \u00e0 l&rsquo;est du m\u00e9ridien de Bordeaux, se trouve l&#8217;emplacement de l&rsquo;ancienne ligne de rivage rep\u00e9rables par ses intercalations marines, saum\u00e2tres lacustres et continentales : c&rsquo;est un rep\u00e8re limite pour l&rsquo;extension du calcaire blanc.<br \/>\nEnsuite, il suit le rivage de la Garonne ( gisements de Nicole, d&rsquo;Aiguillon et de Vianne ). C&rsquo;est dans la r\u00e9gion de N\u00e9rac, Barbaste et Andiran qu&rsquo;il est le mieux repr\u00e9sent\u00e9 dans toutes les vall\u00e9es ( buttes du Serbat et de Br\u00e9chant pr\u00e8s de N\u00e9rac ).<br \/>\nAu sud de Damazan il est remplac\u00e9 par une meuli\u00e8re. On le suit dans la vall\u00e9e du Gers, \u00e0 l&rsquo;aval de Lectoure et dans celle de la Ba\u00efse, \u00e0 l&rsquo;amont de Condom et sous Astaffort ( \u00e0 Lamonjoie et Pergain-Taillac ). Il existe \u00e9galement au nord de Larressingle ( sur l&rsquo;Osse ) et de Montr\u00e9al ( sur l&rsquo;Auzoue ). Enfin, entre Sos et M\u00e9zin, on peut voir de beaux affleurements. Plus au sud, il dispara\u00eet totalement pour laisser place \u00e0 des formations continentales plus r\u00e9centes.<\/p>\n<p class=\"contenu\" style=\"text-align: center\"><a href=\"#hautpagestrati\"><b>Haut de page<\/b><\/a><\/p>\n<p><a name=\"echantillonsstrati\"><\/a><\/p>\n<h4>Description de quelques \u00e9chantillons<\/h4>\n<p>Le calcaire, g\u00e9n\u00e9ralement blanch\u00e2tre, peut pr\u00e9senter des couleurs ocre, rose ( Sainte-Colombe ) verd\u00e2tre.<br \/>\nIl peut \u00eatre d&rsquo;aspect grumeleux ou noduleux, avec des veinules d&rsquo;oxyde de fer et des fissures infiltr\u00e9es de calcite. Sa consistance devient tr\u00e8s friable quand il est marneux ( aspects rencontr\u00e9s \u00e0 Nicole ).<br \/>\nA d&rsquo;autres endroits, c&rsquo;est un calcaire \u00e0 surface lisse, tr\u00e8s compact, tr\u00e8s dur, \u00e0 grain fin, pr\u00e9sentant souvent de petits nodules ( carri\u00e8re du vallon de V\u00e9rone ).<\/p>\n<table border=\"1\" width=\"97%\">\n<tbody>\n<tr>\n<td width=\"58%\">\n<p class=\"contenu\">Au microscope, en lame mince ( voir sch\u00e9ma ci-contre ), la calcite isole des masses de calcaire cryptocristallin plus ou moins sph\u00e9riques, donnant \u00e0 l&rsquo;oeil nu un aspect graveleux.Cette calcite est syns\u00e9dimentaire ( form\u00e9e au moment du d\u00e9p\u00f4t et pendant la consolidation du s\u00e9diment ). Dans la boue calcaire, il s&rsquo;\u00e9tablissait une circulation d&rsquo;eau charg\u00e9e en carbonate de calcium dissous. Celui-ci a cristallis\u00e9 par suite d&rsquo;un d\u00e9part lent de l&rsquo;eau. On peut distinguer deux phases dans la cristallisation.<\/p>\n<p class=\"contenu\">Premi\u00e8re phase : formation de petits cristaux autour des nodules<\/p>\n<p class=\"contenu\">Deuxi\u00e8me phase : formation de gros cristaux de calcite qui remplissent les \u00ab\u00a0vides\u00a0\u00bb.<\/p>\n<p class=\"contenu\">On trouve peu d&rsquo;\u00e9l\u00e9ments organiques. On peut cependent y identifier des tiges et des oogones de Charac\u00e9es, des carapaces d&rsquo;Ostracodes; ces \u00e9l\u00e9ments microscopiques d\u00e9montrent le caract\u00e8re lacustre du calcaire blanc.Celui-ci est confirm\u00e9 par l&rsquo;existence de quelques macrofossiles de Gastropodes ( Limn\u00e9es-H\u00e9lix ).<\/p>\n<\/td>\n<td width=\"42%\">\n<div align=\"center\"><a href=\"http:\/\/ent2d.ac-bordeaux.fr\/disciplines\/svt\/wp-content\/uploads\/sites\/4\/2016\/03\/calcitecalcaire.jpg\" rel=\"attachment wp-att-1165\"><img loading=\"lazy\" decoding=\"async\" class=\"aligncenter size-full wp-image-1165\" src=\"http:\/\/ent2d.ac-bordeaux.fr\/disciplines\/svt\/wp-content\/uploads\/sites\/4\/2016\/03\/calcitecalcaire.jpg\" alt=\"calcitecalcaire\" width=\"360\" height=\"268\" srcset=\"https:\/\/ent2d.ac-bordeaux.fr\/disciplines\/svt\/wp-content\/uploads\/sites\/4\/2016\/03\/calcitecalcaire.jpg 360w, https:\/\/ent2d.ac-bordeaux.fr\/disciplines\/svt\/wp-content\/uploads\/sites\/4\/2016\/03\/calcitecalcaire-300x223.jpg 300w\" sizes=\"auto, (max-width: 360px) 100vw, 360px\" \/><\/a><\/div>\n<\/td>\n<\/tr>\n<\/tbody>\n<\/table>\n<p style=\"text-align: center\"><a href=\"#hautpagestrati\"><b>Haut de page<\/b><\/a><\/p>\n<p><a name=\"marnes\"><\/a><\/p>\n<p>&nbsp;<\/p>\n<h4>Les marnes et argiles \u00e0 Ostrea aginensis<\/h4>\n<table border=\"1\" width=\"96%\">\n<tbody>\n<tr>\n<td class=\"style2\" valign=\"top\" width=\"49%\">\n<p class=\"contenu\">Cette puissante s\u00e9rie s&rsquo;intercale entre les deux corniches calcaires. Elle est bien visible \u00e0 Nicole, \u00e0 Corni\u00e9 ( au niveau du pigeonnier ) et \u00e0 Agen au vallon de V\u00e9rone.<\/p>\n<p class=\"contenu\">Remarque : il pr\u00e9f\u00e9rable d&rsquo;effectuer la sortie en hiver car il est plus facile de trouver des hu\u00eetres ; les champs n&rsquo;\u00e9tant pas cultiv\u00e9s \u00e0 cette \u00e9poque.<\/p>\n<p class=\"contenu\">La photo ci-contre pr\u00e9sente un bel \u00e9chantillon d&rsquo;Ostrea aginensis<\/p>\n<\/td>\n<td width=\"51%\">\n<div align=\"center\"><a href=\"http:\/\/ent2d.ac-bordeaux.fr\/disciplines\/svt\/wp-content\/uploads\/sites\/4\/2016\/03\/ostrea2.jpg\" rel=\"attachment wp-att-1166\"><img loading=\"lazy\" decoding=\"async\" class=\"aligncenter size-full wp-image-1166\" src=\"http:\/\/ent2d.ac-bordeaux.fr\/disciplines\/svt\/wp-content\/uploads\/sites\/4\/2016\/03\/ostrea2.jpg\" alt=\"ostrea2\" width=\"322\" height=\"284\" srcset=\"https:\/\/ent2d.ac-bordeaux.fr\/disciplines\/svt\/wp-content\/uploads\/sites\/4\/2016\/03\/ostrea2.jpg 322w, https:\/\/ent2d.ac-bordeaux.fr\/disciplines\/svt\/wp-content\/uploads\/sites\/4\/2016\/03\/ostrea2-300x265.jpg 300w\" sizes=\"auto, (max-width: 322px) 100vw, 322px\" \/><\/a><\/div>\n<\/td>\n<\/tr>\n<\/tbody>\n<\/table>\n<p style=\"text-align: center\"><a href=\"#hautpagestrati\"><b>Haut de page<\/b><\/a><\/p>\n<p><a name=\"limitemarnestrati\"><\/a><\/p>\n<h4 style=\"text-align: left\" align=\"center\">Les limites de l&rsquo;extension des marnes et argiles et les variations lat\u00e9rales de faci\u00e8s<\/h4>\n<p><a href=\"http:\/\/ent2d.ac-bordeaux.fr\/disciplines\/svt\/wp-content\/uploads\/sites\/4\/2016\/03\/marnes_argiles_ostrea_web_4cm.jpg\" rel=\"attachment wp-att-1167\"><img loading=\"lazy\" decoding=\"async\" class=\"aligncenter size-full wp-image-1167\" src=\"http:\/\/ent2d.ac-bordeaux.fr\/disciplines\/svt\/wp-content\/uploads\/sites\/4\/2016\/03\/marnes_argiles_ostrea_web_4cm.jpg\" alt=\"marnes_argiles_ostrea_web_4cm\" width=\"288\" height=\"218\" \/><\/a><\/p>\n<p>A l&rsquo;est du d\u00e9partement on passe \u00e0 des s\u00e9diments plus calcaires et azo\u00efques.<br \/>\nVers l&rsquo;ouest, les marnes et les argiles sont d&rsquo;abord accompagn\u00e9es de gr\u00e8s calcarif\u00e8res avec de nombreux fossiles marins; puis vers Bazas elles sont remplac\u00e9es par des faluns marins.<br \/>\nVers le Nord, la s\u00e9rie argilo-marneuse ne d\u00e9passe gu\u00e8re la vall\u00e9e du Lot.<br \/>\nElle atteint 20 m d&rsquo;\u00e9paisseur vers Aiguillon et Port-Sainte-Marie. Vers le sud, aux confins du Gers, son \u00e9paisseur devient consid\u00e9rable ( pr\u00e8s de 40 m)<\/p>\n<p><a name=\"depotstrati\"><\/a><\/p>\n<h4>Le milieu de d\u00e9p\u00f4t<\/h4>\n<p class=\"contenu\">La pr\u00e9sence de bancs d&rsquo;hu\u00eetres ( ostrea aginensis ) marque le caract\u00e8re marin de cette s\u00e9rie argilo-marneuse.<br \/>\nLes gisements d&rsquo;hu\u00eetres sont tr\u00e8s localis\u00e9s : Prayssas, Lac\u00e9p\u00e8de, Saint-Pierre-De-Buzet, Saint-L\u00e9on, Montgaillard. Leur absence au-del\u00e0 d&rsquo;une ligne passant par Prayssas, montagnac, Saumont, marque la limite orientale de l&rsquo;avanc\u00e9e de la mer aquitanienne qui a d\u00e9pos\u00e9 ces hu\u00eetres.<br \/>\nCette s\u00e9rie marine pr\u00e9sente des intercalations lacustres et fluvio-lacustres.<br \/>\nA Nicole, \u00e0 la base des marnes on trouve des Unios, des empreintes de feuilles et de tronc d&rsquo;arbre (ormes).<br \/>\nA Grignols, les d\u00e9p\u00f4ts marins sont intercal\u00e9s dans des d\u00e9p\u00f4ts fluvio-lacustres.<br \/>\nA Madaillan, la couche argilo-marneuse pr\u00e9sente d&rsquo;\u00e9paisses lentilles sableuses et mollassiques qui montrent des apports d\u00e9tritiques importants.<br \/>\nCes interp\u00e9n\u00e9trations des deux milieux semblent en relation avec une avanc\u00e9e h\u00e9sitante de la mer.<\/p>\n<p class=\"contenu\" style=\"text-align: center\"><a href=\"#hautpagestrati\"><b>Haut de page<\/b><\/a><\/p>\n<p><a name=\"calcairegris\"><\/a><\/p>\n<h4>Le calcaire gris de l&rsquo;Agenais<\/h4>\n<p><a name=\"limitecalcairegrisstrati\"><\/a><\/p>\n<h4 style=\"text-align: center\">Les limites de l&rsquo;extension du calcaire gris<\/h4>\n<p style=\"text-align: center\"><a href=\"http:\/\/ent2d.ac-bordeaux.fr\/disciplines\/svt\/wp-content\/uploads\/sites\/4\/2016\/03\/calcaire_gris_47_web_4cm.jpg\" rel=\"attachment wp-att-1168\"><img loading=\"lazy\" decoding=\"async\" class=\"aligncenter size-full wp-image-1168\" src=\"http:\/\/ent2d.ac-bordeaux.fr\/disciplines\/svt\/wp-content\/uploads\/sites\/4\/2016\/03\/calcaire_gris_47_web_4cm.jpg\" alt=\"calcaire_gris_47_web_4cm\" width=\"288\" height=\"218\" \/><\/a><\/p>\n<p style=\"text-align: left\">Ce calcaire est de couleur grise plus ou moins fonc\u00e9e voire noire. Il d\u00e9gage une odeur f\u00e9tide si on le casse ( odeur de sulfures ). Le calcaire gris est tr\u00e8s fossilif\u00e8re : on y trouve des planorbes, des H\u00e9lix, des Limn\u00e9es qui soulignent l&rsquo;origine lacustre et aussi des d\u00e9bris de Gastropodes, d&rsquo;Ostracodes, des tiges et des oogones de Charac\u00e9es, des d\u00e9bris d&rsquo;os.<\/p>\n<p style=\"text-align: center\"><a href=\"#hautpagestrati\"><b>Haut de page<\/b><\/a><\/p>\n<p><a name=\"limites\"><\/a><\/p>\n<h4>Les limites d&rsquo;extension r\u00e9gionale de la s\u00e9rie aquitanienne<\/h4>\n<h5 align=\"center\"><a name=\"aquitanieninferieur\"><\/a>Les limites r\u00e9gionales de l&rsquo;extension du calcaire blanc \u00e0 l&rsquo;aquitanien inf\u00e9rieur<\/h5>\n<p style=\"text-align: center\"><a href=\"http:\/\/ent2d.ac-bordeaux.fr\/disciplines\/svt\/wp-content\/uploads\/sites\/4\/2016\/03\/limites_ext_calcaire_blanc_aquitanien_inferieur_4cm.jpg\" rel=\"attachment wp-att-1169\"><img loading=\"lazy\" decoding=\"async\" class=\"aligncenter size-full wp-image-1169\" src=\"http:\/\/ent2d.ac-bordeaux.fr\/disciplines\/svt\/wp-content\/uploads\/sites\/4\/2016\/03\/limites_ext_calcaire_blanc_aquitanien_inferieur_4cm.jpg\" alt=\"limites_ext_calcaire_blanc_aquitanien_inferieur_4cm\" width=\"288\" height=\"207\" \/><\/a><\/p>\n<h5 align=\"center\"><a name=\"aquitanienmoyen\"><\/a>Les limites r\u00e9gionales de l&rsquo;extension des marnes et argiles \u00e0 l&rsquo;aquitanien moyen<\/h5>\n<p style=\"text-align: center\"><a href=\"http:\/\/ent2d.ac-bordeaux.fr\/disciplines\/svt\/wp-content\/uploads\/sites\/4\/2016\/03\/limites-extensions-aquitanien-moyen4cm.jpg\" rel=\"attachment wp-att-1170\"><img loading=\"lazy\" decoding=\"async\" class=\"aligncenter size-full wp-image-1170\" src=\"http:\/\/ent2d.ac-bordeaux.fr\/disciplines\/svt\/wp-content\/uploads\/sites\/4\/2016\/03\/limites-extensions-aquitanien-moyen4cm.jpg\" alt=\"limites extensions aquitanien moyen4cm\" width=\"288\" height=\"195\" \/><\/a><\/p>\n<h5 align=\"center\"><a name=\"aquitaniensuperieur\"><\/a>Les limites r\u00e9gionales de l&rsquo;extension du calcaire gris \u00e0 l&rsquo;aquitanien sup\u00e9rieur<\/h5>\n<p style=\"text-align: center\"><a href=\"http:\/\/ent2d.ac-bordeaux.fr\/disciplines\/svt\/wp-content\/uploads\/sites\/4\/2016\/03\/limites_ext_calcaire_gris_aquitanien_superieur_4cm.jpg\" rel=\"attachment wp-att-1171\"><img loading=\"lazy\" decoding=\"async\" class=\"aligncenter size-full wp-image-1171\" src=\"http:\/\/ent2d.ac-bordeaux.fr\/disciplines\/svt\/wp-content\/uploads\/sites\/4\/2016\/03\/limites_ext_calcaire_gris_aquitanien_superieur_4cm.jpg\" alt=\"limites_ext_calcaire_gris_aquitanien_superieur_4cm\" width=\"288\" height=\"207\" \/><\/a><\/p>\n<p style=\"text-align: center\"><a href=\"#hautpagestrati\"><b>Haut de page<\/b><\/a><\/p>\n","protected":false},"excerpt":{"rendered":"<p>Introduction Localisation de la s\u00e9rie aquitanienne Etude stratigraphique des diff\u00e9rents termes de la s\u00e9rie Reconstitution pal\u00e9o\u00e9cologique et pal\u00e9oclimatique Bibliographie la s\u00e9rie stratigraphique type Le calcaire blanc de l&rsquo;Agenais Les limites de l&rsquo;extension du calcaire blanc et les variations lat\u00e9rales de faci\u00e8s Description de quelques \u00e9chantillons Les marnes et argiles \u00e0 Ostrea aginensis Les limites de &hellip; <\/p>\n<p><a class=\"more-link btn\" href=\"https:\/\/ent2d.ac-bordeaux.fr\/disciplines\/svt\/ressources\/pedagogiques\/lithotheque\/la-trilogie-aquitanienne-dans-lagenais\/etude-stratigraphique-des-differents-termes-de-la-serie\/\">Lire la suite<\/a><\/p>\n","protected":false},"author":8,"featured_media":0,"parent":910,"menu_order":2,"comment_status":"closed","ping_status":"closed","template":"","meta":{"footnotes":""},"class_list":["post-1162","page","type-page","status-publish","hentry","nodate","item-wrap"],"_links":{"self":[{"href":"https:\/\/ent2d.ac-bordeaux.fr\/disciplines\/svt\/wp-json\/wp\/v2\/pages\/1162","targetHints":{"allow":["GET"]}}],"collection":[{"href":"https:\/\/ent2d.ac-bordeaux.fr\/disciplines\/svt\/wp-json\/wp\/v2\/pages"}],"about":[{"href":"https:\/\/ent2d.ac-bordeaux.fr\/disciplines\/svt\/wp-json\/wp\/v2\/types\/page"}],"author":[{"embeddable":true,"href":"https:\/\/ent2d.ac-bordeaux.fr\/disciplines\/svt\/wp-json\/wp\/v2\/users\/8"}],"replies":[{"embeddable":true,"href":"https:\/\/ent2d.ac-bordeaux.fr\/disciplines\/svt\/wp-json\/wp\/v2\/comments?post=1162"}],"version-history":[{"count":9,"href":"https:\/\/ent2d.ac-bordeaux.fr\/disciplines\/svt\/wp-json\/wp\/v2\/pages\/1162\/revisions"}],"predecessor-version":[{"id":1609,"href":"https:\/\/ent2d.ac-bordeaux.fr\/disciplines\/svt\/wp-json\/wp\/v2\/pages\/1162\/revisions\/1609"}],"up":[{"embeddable":true,"href":"https:\/\/ent2d.ac-bordeaux.fr\/disciplines\/svt\/wp-json\/wp\/v2\/pages\/910"}],"wp:attachment":[{"href":"https:\/\/ent2d.ac-bordeaux.fr\/disciplines\/svt\/wp-json\/wp\/v2\/media?parent=1162"}],"curies":[{"name":"wp","href":"https:\/\/api.w.org\/{rel}","templated":true}]}}