{"id":1155,"date":"2016-03-13T18:41:41","date_gmt":"2016-03-13T17:41:41","guid":{"rendered":"http:\/\/ent2d.ac-bordeaux.fr\/disciplines\/svt\/?page_id=1155"},"modified":"2016-11-30T19:55:36","modified_gmt":"2016-11-30T18:55:36","slug":"localisation-de-la-serie-aquitanienne","status":"publish","type":"page","link":"https:\/\/ent2d.ac-bordeaux.fr\/disciplines\/svt\/ressources\/pedagogiques\/lithotheque\/la-trilogie-aquitanienne-dans-lagenais\/localisation-de-la-serie-aquitanienne\/","title":{"rendered":"Localisation de la s\u00e9rie aquitanienne"},"content":{"rendered":"<ul>\n<li><a href=\"https:\/\/ent2d.ac-bordeaux.fr\/disciplines\/svt\/enseigner\/bases-de-donnees-documentaires\/ressources-academiques\/lithotheque\/la-trilogie-aquitanienne-dans-lagenais\/\">Introduction<\/a><\/li>\n<li><a href=\"http:\/\/ent2d.ac-bordeaux.fr\/disciplines\/svt\/ressources-scientifiques-et-pedagogiques\/la-trilogie-aquitanienne-dans-lagenais\/localisation-de-la-serie-aquitanienne\/\">Localisation de la s\u00e9rie aquitanienne<\/a><\/li>\n<li><a href=\"http:\/\/ent2d.ac-bordeaux.fr\/disciplines\/svt\/ressources-scientifiques-et-pedagogiques\/la-trilogie-aquitanienne-dans-lagenais\/etude-stratigraphique-des-differents-termes-de-la-serie\/\">Etude stratigraphique des diff\u00e9rents termes de la s\u00e9rie<\/a><\/li>\n<li><a href=\"http:\/\/ent2d.ac-bordeaux.fr\/disciplines\/svt\/ressources-scientifiques-et-pedagogiques\/la-trilogie-aquitanienne-dans-lagenais\/reconstitution-paleoecologique-et-paleoclimatique\/\">Reconstitution pal\u00e9o\u00e9cologique et pal\u00e9oclimatique<\/a><\/li>\n<li><a href=\"http:\/\/ent2d.ac-bordeaux.fr\/disciplines\/svt\/ressources-scientifiques-et-pedagogiques\/la-trilogie-aquitanienne-dans-lagenais\/bibliographie\/\">Bibliographie<\/a><\/li>\n<\/ul>\n<hr \/>\n<p><a name=\"hautpagelocalisation\"><\/a><\/p>\n<p class=\"contenu\">Deux sites permettent l&rsquo;\u00e9tude de cette s\u00e9rie,<a href=\"http:\/\/ent2d.ac-bordeaux.fr\/disciplines\/svt\/wp-content\/uploads\/sites\/4\/2016\/03\/agen1r.jpg\" rel=\"attachment wp-att-1156\"><img loading=\"lazy\" decoding=\"async\" class=\"size-full wp-image-1156 alignright\" src=\"http:\/\/ent2d.ac-bordeaux.fr\/disciplines\/svt\/wp-content\/uploads\/sites\/4\/2016\/03\/agen1r.jpg\" alt=\"agen1r\" width=\"300\" height=\"297\" srcset=\"https:\/\/ent2d.ac-bordeaux.fr\/disciplines\/svt\/wp-content\/uploads\/sites\/4\/2016\/03\/agen1r.jpg 300w, https:\/\/ent2d.ac-bordeaux.fr\/disciplines\/svt\/wp-content\/uploads\/sites\/4\/2016\/03\/agen1r-150x150.jpg 150w\" sizes=\"auto, (max-width: 300px) 100vw, 300px\" \/><\/a><\/p>\n<ul>\n<li><a href=\"#Cornie\"><strong>l&rsquo;un au lieu-dit Corni\u00e9 pr\u00e8s d&rsquo;Agen<\/strong><\/a><strong> :<\/strong><\/li>\n<\/ul>\n<p>On acc\u00e8de aux argiles riches en Ostrea aginensis par un petit chemin.<br \/>\nVoir plan d&rsquo;acc\u00e8s g\u00e9n\u00e9ral au site avec la carte ci-contre.<br \/>\nVoir plan d&rsquo;acc\u00e8s d\u00e9taill\u00e9 et les photos associ\u00e9es sur la carte ci-dessous<\/p>\n<p><a id=\"Cornie\" href=\"http:\/\/ent2d.ac-bordeaux.fr\/disciplines\/svt\/wp-content\/uploads\/sites\/4\/2016\/03\/cornie.jpg\" rel=\"attachment wp-att-1157\"><img loading=\"lazy\" decoding=\"async\" class=\"aligncenter size-full wp-image-1157\" src=\"http:\/\/ent2d.ac-bordeaux.fr\/disciplines\/svt\/wp-content\/uploads\/sites\/4\/2016\/03\/cornie.jpg\" alt=\"cornie\" width=\"355\" height=\"399\" srcset=\"https:\/\/ent2d.ac-bordeaux.fr\/disciplines\/svt\/wp-content\/uploads\/sites\/4\/2016\/03\/cornie.jpg 355w, https:\/\/ent2d.ac-bordeaux.fr\/disciplines\/svt\/wp-content\/uploads\/sites\/4\/2016\/03\/cornie-267x300.jpg 267w\" sizes=\"auto, (max-width: 355px) 100vw, 355px\" \/><\/a><\/p>\n<h6 align=\"center\">\u00a0<a href=\"#hautpagelocalisation\">Haut de la page<\/a><\/h6>\n<ul>\n<li><strong>l&rsquo;autre au niveau de la cimenterie de Nicole pr\u00e8s d&rsquo;Aiguillon ( voir photos et plan associ\u00e9s \u00e0 la carte g\u00e9n\u00e9rale )<\/strong><\/li>\n<\/ul>\n<p class=\"contenu\">On acc\u00e8de au site de Nicole en suivant la direction Clairac puis en en montant au \u00a0\u00bb Pech de Berre\u00a0\u00bb signal\u00e9 par un panneau \u00a0\u00bb vue panoramique\u00a0\u00bb. Au deuxi\u00e8me virage, \u00e0 mi-pente un chemin permet d&rsquo;acc\u00e9der \u00e0 une partie du site ( voir plan d\u00e9taill\u00e9 ); on peut continuer jusqu&rsquo;au sommet pour acc\u00e9der \u00e0 la partie terminale de la s\u00e9rie.<\/p>\n<p class=\"contenu\"><a href=\"http:\/\/ent2d.ac-bordeaux.fr\/disciplines\/svt\/wp-content\/uploads\/sites\/4\/2016\/03\/nicoleweb.jpg\" rel=\"attachment wp-att-1158\"><img loading=\"lazy\" decoding=\"async\" class=\"aligncenter size-full wp-image-1158\" src=\"http:\/\/ent2d.ac-bordeaux.fr\/disciplines\/svt\/wp-content\/uploads\/sites\/4\/2016\/03\/nicoleweb.jpg\" alt=\"nicoleweb\" width=\"432\" height=\"669\" srcset=\"https:\/\/ent2d.ac-bordeaux.fr\/disciplines\/svt\/wp-content\/uploads\/sites\/4\/2016\/03\/nicoleweb.jpg 432w, https:\/\/ent2d.ac-bordeaux.fr\/disciplines\/svt\/wp-content\/uploads\/sites\/4\/2016\/03\/nicoleweb-194x300.jpg 194w\" sizes=\"auto, (max-width: 432px) 100vw, 432px\" \/><\/a><\/p>\n<p class=\"contenu\">Le chemin d&rsquo;acc\u00e8s \u00e0 mi-pente permet de voir toutes les strates de la s\u00e9rie (certaines portions sont d\u00e9licates dans leur approche, notamment le contact calcaire-marnes).<\/p>\n<p class=\"contenu\" style=\"text-align: center\"><a href=\"#hautpagelocalisation\">Haut de la page<\/a><\/p>\n<p class=\"contenu\">Plan d\u00e9taill\u00e9 et photos du site de Nicole :<\/p>\n<p class=\"contenu\">P 1 : vue g\u00e9n\u00e9rale du contact calcaire blanc-marnes<br \/>\nP 2 : contact calcaire blanc-marnes<br \/>\nP 3 : plateau imperm\u00e9able sur les marnes<br \/>\nP 4 : calcaire gris tendre<br \/>\nP 5 : vue de la limite calcaire blanc-marnes au niveau de la d\u00e9charge<br \/>\nP 6 : calcaire blanc de l&rsquo;Agenais<\/p>\n<p class=\"contenu\"><a href=\"http:\/\/ent2d.ac-bordeaux.fr\/disciplines\/svt\/wp-content\/uploads\/sites\/4\/2016\/03\/nicole_details.jpg\" rel=\"attachment wp-att-1159\"><img loading=\"lazy\" decoding=\"async\" class=\"aligncenter size-full wp-image-1159\" src=\"http:\/\/ent2d.ac-bordeaux.fr\/disciplines\/svt\/wp-content\/uploads\/sites\/4\/2016\/03\/nicole_details.jpg\" alt=\"nicole_details\" width=\"650\" height=\"650\" srcset=\"https:\/\/ent2d.ac-bordeaux.fr\/disciplines\/svt\/wp-content\/uploads\/sites\/4\/2016\/03\/nicole_details.jpg 650w, https:\/\/ent2d.ac-bordeaux.fr\/disciplines\/svt\/wp-content\/uploads\/sites\/4\/2016\/03\/nicole_details-150x150.jpg 150w, https:\/\/ent2d.ac-bordeaux.fr\/disciplines\/svt\/wp-content\/uploads\/sites\/4\/2016\/03\/nicole_details-300x300.jpg 300w\" sizes=\"auto, (max-width: 650px) 100vw, 650px\" \/><\/a><\/p>\n<p class=\"contenu\" style=\"text-align: center\"><a href=\"#hautpagelocalisation\">Haut de la page<\/a><\/p>\n","protected":false},"excerpt":{"rendered":"<p>Introduction Localisation de la s\u00e9rie aquitanienne Etude stratigraphique des diff\u00e9rents termes de la s\u00e9rie Reconstitution pal\u00e9o\u00e9cologique et pal\u00e9oclimatique Bibliographie Deux sites permettent l&rsquo;\u00e9tude de cette s\u00e9rie, l&rsquo;un au lieu-dit Corni\u00e9 pr\u00e8s d&rsquo;Agen : On acc\u00e8de aux argiles riches en Ostrea aginensis par un petit chemin. Voir plan d&rsquo;acc\u00e8s g\u00e9n\u00e9ral au site avec la carte ci-contre. &hellip; <\/p>\n<p><a class=\"more-link btn\" href=\"https:\/\/ent2d.ac-bordeaux.fr\/disciplines\/svt\/ressources\/pedagogiques\/lithotheque\/la-trilogie-aquitanienne-dans-lagenais\/localisation-de-la-serie-aquitanienne\/\">Lire la suite<\/a><\/p>\n","protected":false},"author":8,"featured_media":0,"parent":910,"menu_order":1,"comment_status":"closed","ping_status":"closed","template":"","meta":{"footnotes":""},"class_list":["post-1155","page","type-page","status-publish","hentry","nodate","item-wrap"],"_links":{"self":[{"href":"https:\/\/ent2d.ac-bordeaux.fr\/disciplines\/svt\/wp-json\/wp\/v2\/pages\/1155","targetHints":{"allow":["GET"]}}],"collection":[{"href":"https:\/\/ent2d.ac-bordeaux.fr\/disciplines\/svt\/wp-json\/wp\/v2\/pages"}],"about":[{"href":"https:\/\/ent2d.ac-bordeaux.fr\/disciplines\/svt\/wp-json\/wp\/v2\/types\/page"}],"author":[{"embeddable":true,"href":"https:\/\/ent2d.ac-bordeaux.fr\/disciplines\/svt\/wp-json\/wp\/v2\/users\/8"}],"replies":[{"embeddable":true,"href":"https:\/\/ent2d.ac-bordeaux.fr\/disciplines\/svt\/wp-json\/wp\/v2\/comments?post=1155"}],"version-history":[{"count":10,"href":"https:\/\/ent2d.ac-bordeaux.fr\/disciplines\/svt\/wp-json\/wp\/v2\/pages\/1155\/revisions"}],"predecessor-version":[{"id":1608,"href":"https:\/\/ent2d.ac-bordeaux.fr\/disciplines\/svt\/wp-json\/wp\/v2\/pages\/1155\/revisions\/1608"}],"up":[{"embeddable":true,"href":"https:\/\/ent2d.ac-bordeaux.fr\/disciplines\/svt\/wp-json\/wp\/v2\/pages\/910"}],"wp:attachment":[{"href":"https:\/\/ent2d.ac-bordeaux.fr\/disciplines\/svt\/wp-json\/wp\/v2\/media?parent=1155"}],"curies":[{"name":"wp","href":"https:\/\/api.w.org\/{rel}","templated":true}]}}