{"id":1152,"date":"2016-03-13T18:20:45","date_gmt":"2016-03-13T17:20:45","guid":{"rendered":"http:\/\/ent2d.ac-bordeaux.fr\/disciplines\/svt\/?page_id=1152"},"modified":"2016-11-30T19:59:13","modified_gmt":"2016-11-30T18:59:13","slug":"bibliographie","status":"publish","type":"page","link":"https:\/\/ent2d.ac-bordeaux.fr\/disciplines\/svt\/le-mimetisme-dans-le-monde-vivant\/bibliographie\/","title":{"rendered":"Bibliographie"},"content":{"rendered":"<ul>\n<li><a href=\"https:\/\/ent2d.ac-bordeaux.fr\/disciplines\/svt\/enseigner\/bases-de-donnees-documentaires\/ressources-academiques\/lithotheque\/la-trilogie-aquitanienne-dans-lagenais\/\">Introduction<\/a><\/li>\n<li><a href=\"http:\/\/ent2d.ac-bordeaux.fr\/disciplines\/svt\/ressources-scientifiques-et-pedagogiques\/la-trilogie-aquitanienne-dans-lagenais\/localisation-de-la-serie-aquitanienne\/\">Localisation de la s\u00e9rie aquitanienne<\/a><\/li>\n<li><a href=\"http:\/\/ent2d.ac-bordeaux.fr\/disciplines\/svt\/ressources-scientifiques-et-pedagogiques\/la-trilogie-aquitanienne-dans-lagenais\/etude-stratigraphique-des-differents-termes-de-la-serie\/\">Etude stratigraphique des diff\u00e9rents termes de la s\u00e9rie<\/a><\/li>\n<li><a href=\"http:\/\/ent2d.ac-bordeaux.fr\/disciplines\/svt\/ressources-scientifiques-et-pedagogiques\/la-trilogie-aquitanienne-dans-lagenais\/reconstitution-paleoecologique-et-paleoclimatique\/\">Reconstitution pal\u00e9o\u00e9cologique et pal\u00e9oclimatique<\/a><\/li>\n<li><a href=\"http:\/\/ent2d.ac-bordeaux.fr\/disciplines\/svt\/ressources-scientifiques-et-pedagogiques\/la-trilogie-aquitanienne-dans-lagenais\/bibliographie\/\">Bibliographie<\/a><\/li>\n<\/ul>\n<hr \/>\n<ul>\n<li><strong><\/strong>Le g\u00e9nie animal, JJ Petter, \u00e9d NATHAN<\/li>\n<li>\n<p class=\"contenu\">Le g\u00e9nie v\u00e9g\u00e9tal, M Bourn\u00e9rias, C Bock, \u00e9d NATHAN<\/p>\n<\/li>\n<li>\n<p class=\"contenu\">Pour la science, sept 1998<\/p>\n<\/li>\n<li>\n<p class=\"contenu\">Dossier Pour la science, janv 2000<\/p>\n<\/li>\n<li>\n<p class=\"contenu\">Biologie et mim\u00e9tismes, G Pasteur, \u00e9d NATHAN<\/p>\n<\/li>\n<li>\n<p class=\"contenu\">Science &amp; Vie Junior, f\u00e9v 1998<\/p>\n<\/li>\n<li>\n<p class=\"contenu\">Science &amp; Nature, oct 1996<\/p>\n<\/li>\n<li>\n<p class=\"contenu\">Dossier Okapi, n\u00b0376<\/p>\n<\/li>\n<li>\n<p class=\"contenu\">Terre Sauvage, avril 1994<\/p>\n<\/li>\n<\/ul>\n","protected":false},"excerpt":{"rendered":"<p>Introduction Localisation de la s\u00e9rie aquitanienne Etude stratigraphique des diff\u00e9rents termes de la s\u00e9rie Reconstitution pal\u00e9o\u00e9cologique et pal\u00e9oclimatique Bibliographie Le g\u00e9nie animal, JJ Petter, \u00e9d NATHAN Le g\u00e9nie v\u00e9g\u00e9tal, M Bourn\u00e9rias, C Bock, \u00e9d NATHAN Pour la science, sept 1998 Dossier Pour la science, janv 2000 Biologie et mim\u00e9tismes, G Pasteur, \u00e9d NATHAN Science &amp; &hellip; <\/p>\n<p><a class=\"more-link btn\" href=\"https:\/\/ent2d.ac-bordeaux.fr\/disciplines\/svt\/le-mimetisme-dans-le-monde-vivant\/bibliographie\/\">Lire la suite<\/a><\/p>\n","protected":false},"author":8,"featured_media":0,"parent":908,"menu_order":4,"comment_status":"closed","ping_status":"closed","template":"","meta":{"footnotes":""},"class_list":["post-1152","page","type-page","status-publish","hentry","nodate","item-wrap"],"_links":{"self":[{"href":"https:\/\/ent2d.ac-bordeaux.fr\/disciplines\/svt\/wp-json\/wp\/v2\/pages\/1152","targetHints":{"allow":["GET"]}}],"collection":[{"href":"https:\/\/ent2d.ac-bordeaux.fr\/disciplines\/svt\/wp-json\/wp\/v2\/pages"}],"about":[{"href":"https:\/\/ent2d.ac-bordeaux.fr\/disciplines\/svt\/wp-json\/wp\/v2\/types\/page"}],"author":[{"embeddable":true,"href":"https:\/\/ent2d.ac-bordeaux.fr\/disciplines\/svt\/wp-json\/wp\/v2\/users\/8"}],"replies":[{"embeddable":true,"href":"https:\/\/ent2d.ac-bordeaux.fr\/disciplines\/svt\/wp-json\/wp\/v2\/comments?post=1152"}],"version-history":[{"count":2,"href":"https:\/\/ent2d.ac-bordeaux.fr\/disciplines\/svt\/wp-json\/wp\/v2\/pages\/1152\/revisions"}],"predecessor-version":[{"id":1611,"href":"https:\/\/ent2d.ac-bordeaux.fr\/disciplines\/svt\/wp-json\/wp\/v2\/pages\/1152\/revisions\/1611"}],"up":[{"embeddable":true,"href":"https:\/\/ent2d.ac-bordeaux.fr\/disciplines\/svt\/wp-json\/wp\/v2\/pages\/908"}],"wp:attachment":[{"href":"https:\/\/ent2d.ac-bordeaux.fr\/disciplines\/svt\/wp-json\/wp\/v2\/media?parent=1152"}],"curies":[{"name":"wp","href":"https:\/\/api.w.org\/{rel}","templated":true}]}}