{"id":1147,"date":"2016-03-13T18:17:36","date_gmt":"2016-03-13T17:17:36","guid":{"rendered":"http:\/\/ent2d.ac-bordeaux.fr\/disciplines\/svt\/?page_id=1147"},"modified":"2016-11-30T19:59:13","modified_gmt":"2016-11-30T18:59:13","slug":"mimetisme-a-lechelle-moleculaire","status":"publish","type":"page","link":"https:\/\/ent2d.ac-bordeaux.fr\/disciplines\/svt\/le-mimetisme-dans-le-monde-vivant\/mimetisme-a-lechelle-moleculaire\/","title":{"rendered":"Mim\u00e9tisme \u00e0 l&rsquo;\u00e9chelle mol\u00e9culaire"},"content":{"rendered":"<p class=\"contenu\">Les syst\u00e8mes mim\u00e9tiques naturels actuellement connus \u00e0 l&rsquo;\u00e9chelle mol\u00e9culaire se situent dans un cadre doublement restreint : d&rsquo;une part, ce sont tous des mim\u00e9tismes parasitaires, d&rsquo;autre part, les dupes sont toujours des globules blancs (ou lymphocytes).<br \/>\nLymphocytes T et B sont les uns et les autre sp\u00e9cialis\u00e9s dans la reconnaissance pr\u00e9f\u00e9rentielle d&rsquo;<b>un unique antig\u00e8ne<\/b> : ou bien une substance \u00e9mise par les cellules du non-soi, ou bien une substance non-soi apparaissant \u00e0 la surface des cellules du soi envahies par un virus qui la leur fait fabriquer. Cette reconnaissance se fait gr\u00e2ce aux anticorps.<br \/>\nUn anticorps donn\u00e9 est ind\u00e9tectable dans l&rsquo;organisme avant l&rsquo;intrusion qui n\u00e9cessite son intervention. On ne le d\u00e9tecte que 10 jours \u00e0 3 semaines apr\u00e8s.<\/p>\n<p class=\"contenu\">Comment les organismes parasites font-ils pour leurrer nos lymphocytes ?<\/p>\n<ul>\n<li>\n<p class=\"contenu\">Tout d&rsquo;abord ils peuvent mimer les motifs mol\u00e9culaires du \u00ab\u00a0soi\u00a0\u00bb (antig\u00e8nes du \u00ab\u00a0soi\u00a0\u00bb)de leur h\u00f4te et s&rsquo;en couvrir pour se prot\u00e9ger des anticorps car nos anticorps ne reconnaissent (heureusement) pas nos antig\u00e8nes (sinon nous d\u00e9truirions nos propres cellules).<\/p>\n<\/li>\n<\/ul>\n<p class=\"contenu\">Cette m\u00e9thode est utilis\u00e9e par des vers et des bact\u00e9ries dont les agents de maladies graves comme : distomatoses, trichinoses, salmonelloses, schistosomes, agent de la peste.<br \/>\nLes parasites sont les mimes et les antig\u00e8nes de l&rsquo;h\u00f4te les mod\u00e8les. Les dupes sont les lymphocytes qui ne d\u00e9c\u00e8lent pas la pr\u00e9sence de l&rsquo;intrus et ne fabriquent pas d&rsquo;anticorps.<\/p>\n<ul>\n<li>\n<p class=\"contenu\">Un deuxi\u00e8me technique permet de duper nos lymphocytes : l&rsquo;habillage d&rsquo;origine externe.<\/p>\n<\/li>\n<\/ul>\n<p class=\"contenu\">Certains <u>schistosomes<\/u> emploient cette technique.<br \/>\nQuand ils p\u00e9n\u00e8trent dans leur victime, ils sont jeunes et induisent la production d&rsquo;anticorps. A mesure qu&rsquo;ils grandissent, ils deviennent de moins en moins sensibles \u00e0 la r\u00e9action immunitaire : leur membrane superficielle est constamment renouvel\u00e9e et fixe en quantit\u00e9 croissante des mol\u00e9cules de l&rsquo;h\u00f4te !!<br \/>\nElle s&rsquo;habille de prot\u00e9ines du sang, antig\u00e8nes etc.<br \/>\nEn cons\u00e9quence de moins en moins d&rsquo;anticorps la distingue de l&rsquo;organisme, tout comme le faisait la larve de chrysope \u00e0 l&rsquo;\u00e9chelle de l&rsquo;organisme.<br \/>\nLe plasmodium, animal unicellulaire agent du paludisme, est \u00e9galement un excellent dupe.<br \/>\nQuand la femelle moustique injecte des plasmodium dans le sang, ceux-ci migrent dans le foie en l&rsquo;espace de 2 heures. L\u00e0, ils se multiplient dans les cellules de l&rsquo;h\u00f4te, puis retournent dans le sang pour y envahir les globules rouges dans lesquels ils se multiplient encore jusqu&rsquo;\u00e0 l&rsquo;\u00e9clatement des globules : c&rsquo;est la crise de palu.<br \/>\nC&rsquo;est bien s\u00fbr quand ils sont dans le sang qu&rsquo;ils sont les plus vuln\u00e9rables \u00e0 nos d\u00e9fenses immunitaires.<br \/>\nComment font-ils pour ne pas se faire attraper? En fait c&rsquo;est simple : ils d\u00e9tournent l&rsquo;attention.<br \/>\nEn faisant un l\u00e2cher \u00e0 r\u00e9p\u00e9tition de leurres, ils d\u00e9tournent les lymphocytes vers de fausses cibles.<br \/>\nP\u00e9riodiquement, des rang\u00e9es de prot\u00e9ines superficielles se d\u00e9tachent des cellules parasites et constituent des leurres qui \u00e9puisent l&rsquo;organisme car ils sont attaqu\u00e9s inutilement par les lymphocytes.<br \/>\nEn plus, le parasite change r\u00e9guli\u00e8rement ses prot\u00e9ines de surface si bien que m\u00eame lorsque les anticorps sont pr\u00e9sents en grand nombre, ils ne sont plus efficaces contre la cible!!<\/p>\n<p class=\"contenu\">Heureusement, la strat\u00e9gie du mime n&rsquo;est pas utilis\u00e9e que par des parasites : la fabrication de certains m\u00e9dicaments\u00a0 utilise le m\u00eame concept pour lutter contre des pathog\u00e8nes.<\/p>\n","protected":false},"excerpt":{"rendered":"<p>Les syst\u00e8mes mim\u00e9tiques naturels actuellement connus \u00e0 l&rsquo;\u00e9chelle mol\u00e9culaire se situent dans un cadre doublement restreint : d&rsquo;une part, ce sont tous des mim\u00e9tismes parasitaires, d&rsquo;autre part, les dupes sont toujours des globules blancs (ou lymphocytes). Lymphocytes T et B sont les uns et les autre sp\u00e9cialis\u00e9s dans la reconnaissance pr\u00e9f\u00e9rentielle d&rsquo;un unique antig\u00e8ne : &hellip; <\/p>\n<p><a class=\"more-link btn\" href=\"https:\/\/ent2d.ac-bordeaux.fr\/disciplines\/svt\/le-mimetisme-dans-le-monde-vivant\/mimetisme-a-lechelle-moleculaire\/\">Lire la suite<\/a><\/p>\n","protected":false},"author":8,"featured_media":0,"parent":908,"menu_order":0,"comment_status":"closed","ping_status":"closed","template":"","meta":{"footnotes":""},"class_list":["post-1147","page","type-page","status-publish","hentry","nodate","item-wrap"],"_links":{"self":[{"href":"https:\/\/ent2d.ac-bordeaux.fr\/disciplines\/svt\/wp-json\/wp\/v2\/pages\/1147","targetHints":{"allow":["GET"]}}],"collection":[{"href":"https:\/\/ent2d.ac-bordeaux.fr\/disciplines\/svt\/wp-json\/wp\/v2\/pages"}],"about":[{"href":"https:\/\/ent2d.ac-bordeaux.fr\/disciplines\/svt\/wp-json\/wp\/v2\/types\/page"}],"author":[{"embeddable":true,"href":"https:\/\/ent2d.ac-bordeaux.fr\/disciplines\/svt\/wp-json\/wp\/v2\/users\/8"}],"replies":[{"embeddable":true,"href":"https:\/\/ent2d.ac-bordeaux.fr\/disciplines\/svt\/wp-json\/wp\/v2\/comments?post=1147"}],"version-history":[{"count":1,"href":"https:\/\/ent2d.ac-bordeaux.fr\/disciplines\/svt\/wp-json\/wp\/v2\/pages\/1147\/revisions"}],"predecessor-version":[{"id":1148,"href":"https:\/\/ent2d.ac-bordeaux.fr\/disciplines\/svt\/wp-json\/wp\/v2\/pages\/1147\/revisions\/1148"}],"up":[{"embeddable":true,"href":"https:\/\/ent2d.ac-bordeaux.fr\/disciplines\/svt\/wp-json\/wp\/v2\/pages\/908"}],"wp:attachment":[{"href":"https:\/\/ent2d.ac-bordeaux.fr\/disciplines\/svt\/wp-json\/wp\/v2\/media?parent=1147"}],"curies":[{"name":"wp","href":"https:\/\/api.w.org\/{rel}","templated":true}]}}