{"id":1120,"date":"2016-03-13T18:01:37","date_gmt":"2016-03-13T17:01:37","guid":{"rendered":"http:\/\/ent2d.ac-bordeaux.fr\/disciplines\/svt\/?page_id=1120"},"modified":"2016-11-30T19:58:16","modified_gmt":"2016-11-30T18:58:16","slug":"mimer-pour-attirer-ses-proies","status":"publish","type":"page","link":"https:\/\/ent2d.ac-bordeaux.fr\/disciplines\/svt\/le-mimetisme-dans-le-monde-vivant\/mimer-pour-attirer-ses-proies\/","title":{"rendered":"Mimer pour attirer ses proies"},"content":{"rendered":"<h1>Un pi\u00e8ge app\u00e9tissant<\/h1>\n<p class=\"contenu\">Certains animaux comptent sur l&rsquo;efficacit\u00e9 de leurres \u00ab\u00a0naturels\u00a0\u00bb pour se nourrir, en simulant la nourriture de leur proie.<\/p>\n<p class=\"contenu\">L&rsquo;exemple le plus connu est celui des baudroies, appel\u00e9es \u00e9galement \u00ab lottes de mer\u00a0\u00bb. Il en existe plus de 300 esp\u00e8ces, certaines habitant les grandes profondeurs. Ces poissons restent la plupart du temps immobiles, bien camoufl\u00e9s sur le fond marin. Ils poss\u00e8dent g\u00e9n\u00e9ralement pr\u00e8s de la bouche un appendice, pointu et recourb\u00e9 vers l&rsquo;avant, qui se prolonge par un fil au bout duquel pend une excroissance de peau l&rsquo;ensemble constitue une v\u00e9ritable canne \u00e0 p\u00eache, avec son fil et son app\u00e2t. Celui-ci est de couleur chair chez les baudroies qui vivent dans les eaux claires, et bioluminescent chez les esp\u00e8ces abyssales. En pr\u00e9sence d&rsquo;un poisson, la baudroie fait onduler sa panoplie de p\u00eacheur jusqu&rsquo;\u00e0 ce que sa proie soit tent\u00e9e par l&rsquo;app\u00e2t et s&rsquo;en approche. La baudroie rejette alors brusquement le filament en arri\u00e8re et ouvre soudain ses m\u00e2choires. Ce mouvement aspire le poisson (lui, sans d\u00e9fense, ne petit plus s&rsquo;\u00e9chapper.<\/p>\n<p class=\"contenu\">La tortue-alligator<i> <\/i>emploie un stratag\u00e8me \u00e9quivalent. Ce reptile vit dans les fleuves et les marais des Everglades, dans l&rsquo;est des \u00c9tats-Unis. La tortue attend sa nourriture presque totalement enterr\u00e9e dans les fonds vaseux, laissant \u00e9merger uniquement la t\u00eate. Elle ouvre sa bouche et exhibe une curieuse langue fourchue et ros\u00e9e, qui se pr\u00e9sente comme deux vermisseaux particuli\u00e8rement app\u00e9tissants pour les petits poissons.<\/p>\n","protected":false},"excerpt":{"rendered":"<p>Un pi\u00e8ge app\u00e9tissant Certains animaux comptent sur l&rsquo;efficacit\u00e9 de leurres \u00ab\u00a0naturels\u00a0\u00bb pour se nourrir, en simulant la nourriture de leur proie. L&rsquo;exemple le plus connu est celui des baudroies, appel\u00e9es \u00e9galement \u00ab lottes de mer\u00a0\u00bb. Il en existe plus de 300 esp\u00e8ces, certaines habitant les grandes profondeurs. Ces poissons restent la plupart du temps immobiles, &hellip; <\/p>\n<p><a class=\"more-link btn\" href=\"https:\/\/ent2d.ac-bordeaux.fr\/disciplines\/svt\/le-mimetisme-dans-le-monde-vivant\/mimer-pour-attirer-ses-proies\/\">Lire la suite<\/a><\/p>\n","protected":false},"author":8,"featured_media":0,"parent":908,"menu_order":0,"comment_status":"closed","ping_status":"closed","template":"","meta":{"footnotes":""},"class_list":["post-1120","page","type-page","status-publish","hentry","nodate","item-wrap"],"_links":{"self":[{"href":"https:\/\/ent2d.ac-bordeaux.fr\/disciplines\/svt\/wp-json\/wp\/v2\/pages\/1120","targetHints":{"allow":["GET"]}}],"collection":[{"href":"https:\/\/ent2d.ac-bordeaux.fr\/disciplines\/svt\/wp-json\/wp\/v2\/pages"}],"about":[{"href":"https:\/\/ent2d.ac-bordeaux.fr\/disciplines\/svt\/wp-json\/wp\/v2\/types\/page"}],"author":[{"embeddable":true,"href":"https:\/\/ent2d.ac-bordeaux.fr\/disciplines\/svt\/wp-json\/wp\/v2\/users\/8"}],"replies":[{"embeddable":true,"href":"https:\/\/ent2d.ac-bordeaux.fr\/disciplines\/svt\/wp-json\/wp\/v2\/comments?post=1120"}],"version-history":[{"count":1,"href":"https:\/\/ent2d.ac-bordeaux.fr\/disciplines\/svt\/wp-json\/wp\/v2\/pages\/1120\/revisions"}],"predecessor-version":[{"id":1121,"href":"https:\/\/ent2d.ac-bordeaux.fr\/disciplines\/svt\/wp-json\/wp\/v2\/pages\/1120\/revisions\/1121"}],"up":[{"embeddable":true,"href":"https:\/\/ent2d.ac-bordeaux.fr\/disciplines\/svt\/wp-json\/wp\/v2\/pages\/908"}],"wp:attachment":[{"href":"https:\/\/ent2d.ac-bordeaux.fr\/disciplines\/svt\/wp-json\/wp\/v2\/media?parent=1120"}],"curies":[{"name":"wp","href":"https:\/\/api.w.org\/{rel}","templated":true}]}}