{"id":1071,"date":"2016-03-13T17:31:39","date_gmt":"2016-03-13T16:31:39","guid":{"rendered":"http:\/\/ent2d.ac-bordeaux.fr\/disciplines\/svt\/?page_id=1071"},"modified":"2016-11-30T19:58:33","modified_gmt":"2016-11-30T18:58:33","slug":"mimer-pour-effrayer","status":"publish","type":"page","link":"https:\/\/ent2d.ac-bordeaux.fr\/disciplines\/svt\/le-mimetisme-dans-le-monde-vivant\/mimer-pour-effrayer\/","title":{"rendered":"Mimer pour effrayer"},"content":{"rendered":"<p class=\"contenu\">Comment s&rsquo;en sortir quand on ne poss\u00e8de aucune d\u00e9fense naturelle pour lutter contre l&rsquo;adversaire ? La vie devient alors une partie de poker: il faut \u00ab bluffer \u00bb, montrer sa force de dissuasion, bref convaincre que quiconque s&rsquo;approche risque de gros probl\u00e8mes !<\/p>\n<p class=\"contenu\">En fait il faut imiter un danger d\u00e9j\u00e0 connu de l&rsquo;ennemi, soit en se travestissant en une esp\u00e8ce redout\u00e9e, soit en arborant un d\u00e9tail ou une apparence terrifiants.<\/p>\n<h1 class=\"contenu\">1. Imiter en devenant terrifiant<\/h1>\n<ul>\n<li><strong>Mise en sc\u00e8ne.<\/strong><\/li>\n<\/ul>\n<p class=\"contenu\">Les chenilles sont souvent les victimes d&rsquo;oiseaux, de reptiles ou de petits mammif\u00e8res. Prenons, par exemple, la <a href=\"http:\/\/ent2d.ac-bordeaux.fr\/disciplines\/svt\/le-mimetisme-dans-le-monde-vivant\/mimer-pour-effrayer\/chenille-1\/\">queue-fourchue<\/a> <i>(Cerura vinula) <\/i>de la famille des notodontid\u00e9s; cette chenille de 6 cm de long, qui donnera un papillon de nuit aux couleurs cryptiques plus ou moins grises, s&rsquo;orne de dessins blancs, bruns et pourpres sur fond vert. Cette coloration disruptive brise la silhouette de la chenille qui passe ainsi inaper\u00e7ue au milieu de la v\u00e9g\u00e9tation. \u00c0 cela s&rsquo;ajoutent quatre paires de \u00ab fausses pattes \u00bb de chaque c\u00f4t\u00e9 de l&rsquo;abdomen et, \u00e0 l&rsquo;extr\u00e9mit\u00e9 du corps, comme des fourches, se diff\u00e9rencient deux longues queues \u00e0 base \u00e9paisse et \u00e0 extr\u00e9mit\u00e9 pointue. Elles font partie de la panoplie terrifiante que d\u00e9voile la queue-fourchue en cas d&rsquo;attaque. Le man\u00e8ge de la chenille a deux objectifs. D&rsquo;une part, effrayer l&rsquo;ennemi ; d&rsquo;autre part, avertir d&rsquo;un danger \u00e9ventuel. Dans un <a href=\"http:\/\/ent2d.ac-bordeaux.fr\/disciplines\/svt\/le-mimetisme-dans-le-monde-vivant\/mimer-pour-effrayer\/chenille-2\/\">premier temps<\/a>, la chenille rentre la t\u00eate et arque les \u00ab \u00e9paules \u00bb : la partie ant\u00e9rieure de son corps para\u00eet alors beaucoup plus grosse et d\u00e9voile un masque rose vif portant deux taches noires de part et d&rsquo;autre de la t\u00eate. Ensuite, si cette ruse est inop\u00e9rante, elle redresse l&rsquo;extr\u00e9mit\u00e9 de son abdomen et agit\u00e9 fr\u00e9n\u00e9tiquement vers l&rsquo;avant les \u00ab queues \u00bb d&rsquo;o\u00f9 vont sortir deux filaments rouges r\u00e9tractiles. Ces \u00ab fouets \u00bb \u00e9mettent une odeur repoussante produite par une s\u00e9cr\u00e9tion glandulaire. Enfin, si toute cette mise en sc\u00e8ne n&rsquo;a pas suffi \u00e0 dissuader le pr\u00e9dateur, la chenille projette, jusqu&rsquo;\u00e0 une quinzaine de centim\u00e8tres, un liquide corrosif tr\u00e8s violent \u00e9mis par une glande thoracique situ\u00e9e sous la t\u00eate.<\/p>\n<ul>\n<li><strong>Des yeux qui ne voient pas<\/strong><\/li>\n<\/ul>\n<p class=\"contenu\">Pour repousser l&rsquo;ennemi, de nombreuses esp\u00e8ces d&rsquo;insectes, en particulier des papillons, portent sur les ailes des dessins, les \u00ab ocelles \u00bb, imitant les yeux des chouettes. L&rsquo;efficacit\u00e9 de ces taches r\u00e9side dans l&rsquo;effet de surprise provoqu\u00e9 : le papillon aux ailes repli\u00e9es, d\u00e8s l&rsquo;approche du pr\u00e9dateur, les ouvre brusquement et pr\u00e9sente deux yeux fixes qui entra\u00eenent le recul de l&rsquo;agresseur. Les taches concentriques ressemblent plus ou moins \u00e0 de vrais yeux. La perfection est atteinte chez une esp\u00e8ce<i> <a href=\"http:\/\/ent2d.ac-bordeaux.fr\/disciplines\/svt\/le-mimetisme-dans-le-monde-vivant\/mimer-pour-effrayer\/caligo\/\">Caligo eurylachus<\/a>, <\/i>o\u00f9 l&rsquo;on trouve des ocelles qui s&rsquo;irisent suivant la lumi\u00e8re ! Outre la brusque frayeur qu&rsquo;elles suscitent, les ocelles ont pour but, si le pr\u00e9dateur attaque, de l&rsquo;attirer loin des parties vitales : le bec de l&rsquo;oiseau se plantera dans une partie qu&rsquo;il estime vuln\u00e9rable, l\u2019\u0153il ; en fait, seule l&rsquo;aile porteuse du faux oeil sera atteinte et non le corps. Le papillon sera certes ab\u00eem\u00e9, mais pourra repartir, laissant l&rsquo;oiseau surpris.<\/p>\n<p class=\"contenu\">Un <a href=\"http:\/\/ent2d.ac-bordeaux.fr\/disciplines\/svt\/le-mimetisme-dans-le-monde-vivant\/mimer-pour-effrayer\/chenille-3\/\">chenille d\u2019un papillon malgache<\/a>, utilise \u00e9galement le m\u00eame stratag\u00e8me pour effrayer ses pr\u00e9dateurs : les ocelles \u00e0 l\u2019arri\u00e8re de son corps et son attitude oscillante font penser \u00e0 un serpent !!<\/p>\n<p class=\"contenu\">La <a href=\"http:\/\/ent2d.ac-bordeaux.fr\/disciplines\/svt\/le-mimetisme-dans-le-monde-vivant\/mimer-pour-effrayer\/chenille-4\/\">chenille d&rsquo;un sphinx<\/a> br\u00e9silien, <i>Leucorampha<\/i> <i>ornata, <\/i>imite aussi les serpents. Lorsqu\u2019elle est menac\u00e9e, elle replie l&rsquo;arri\u00e8re de son corps en forme de S, imitant ainsi la t\u00eate d&rsquo;une vip\u00e8re avec deux taches sombres simulant des yeux) ou celle d&rsquo;un alligator (comme un fulgore amazonien, <i>le Lanternaria servillis).<\/i><\/p>\n<p class=\"contenu\">Les faux-yeux du <a href=\"http:\/\/ent2d.ac-bordeaux.fr\/disciplines\/svt\/le-mimetisme-dans-le-monde-vivant\/mimer-pour-effrayer\/crapaud\/\">crapaud Bibron (pleurodema bibroni)<\/a> \u00e9loignent aussi ses pr\u00e9dateurs. Lorsque ce dernier se gonfle et replie ses pattes, les 2 taches qu\u2019il porte au bas du dos ressemblent \u00e0 des yeux mena\u00e7ants\u2026<\/p>\n<h1>2. Ressembler \u00e0 un animal dangereux :<\/h1>\n<h2>2.1 mim\u00e9tisme bat\u00e9sien (mim\u00e9tisme sensu stricto)<\/h2>\n<ul>\n<li><strong>Le serpent qui r\u00eavait d&rsquo;\u00eatre dangereux&#8230;<\/strong><\/li>\n<\/ul>\n<p class=\"contenu\">Il arrive que l&rsquo;on rencontre des esp\u00e8ces totalement inoffensives imitant des animaux dangereux. Il existe ainsi, par exemple en Am\u00e9rique du Nord, un <a href=\"http:\/\/ent2d.ac-bordeaux.fr\/disciplines\/svt\/le-mimetisme-dans-le-monde-vivant\/mimer-pour-effrayer\/serpent\/\">serpent-corail <i>(Micrurus fulvius), <\/i>de la famille des \u00c9lapid\u00e9s, et un faux serpent-corail <i>(Lampropeltis doliata) <\/i><\/a>appartenant aux Colubrid\u00e9s. Le premier poss\u00e8de une livr\u00e9e de \u00ab corail \u00bb form\u00e9e d&rsquo;anneaux rouges, jaunes et noirs. Son venin est mortel pour des oiseaux ou des petits carnivores. Le second, inoffensif, poss\u00e8de les m\u00eames anneaux, mais dans un ordre diff\u00e9rent. Alors que chez l&rsquo;esp\u00e8ce dangereuse un anneau jaune touche toujours un anneau rouge, chez l&rsquo;imitateur le rouge et le jaune sont s\u00e9par\u00e9s par un anneau noir. On comprend bien l&rsquo;int\u00e9r\u00eat de cette adaptation quand l&rsquo;esp\u00e8ce imit\u00e9e est toxique mais non mortelle : l&rsquo;animal leurr\u00e9 associera toujours les couleurs apos\u00e9matiques avec un mauvais souvenir et \u00e9vitera toute esp\u00e8ce la lui rappelant.<\/p>\n<p class=\"contenu\">On comprend moins bien lorsque l&rsquo;animal inoffensif imite une esp\u00e8ce mortelle, tel le serpent-corail; en effet, le pr\u00e9dateur succombant imm\u00e9diatement au poison, il n&rsquo;y a donc pour lui ni apprentissage ni possibilit\u00e9 d&rsquo;enseignement \u00e0 sa prog\u00e9niture. Le faux serpent-corail n&rsquo;a pas prot\u00e9g\u00e9 le vrai non plus, d&rsquo;ailleurs. L&rsquo;int\u00e9r\u00eat de ce cas de mim\u00e9tisme bat\u00e9sien restait une \u00e9nigme jusqu&rsquo;au jour o\u00f9 un chercheur, Robert Mertens, d\u00e9couvrit qu&rsquo;une troisi\u00e8me esp\u00e8ce de serpent, un autre colubrid\u00e9 du genre <i>Erythrolamprus, <\/i>portait \u00e9galement une livr\u00e9e semblable \u00e0 celle du serpent-corail et avait la particularit\u00e9 d&rsquo;avoir un venin toxique mais non mortel. En fait, le faux serpent-corail comme le vrai sont tous deux des imitateurs de ce troisi\u00e8me reptile !<\/p>\n<ul>\n<li><strong>La chenille qui r\u00eavait d&rsquo;\u00eatre serpent<\/strong><\/li>\n<\/ul>\n<p class=\"contenu\">La <a href=\"http:\/\/ent2d.ac-bordeaux.fr\/disciplines\/svt\/le-mimetisme-dans-le-monde-vivant\/mimer-pour-effrayer\/chenille-5\/\">chenille de la phal\u00e8ne du Costa Rica<\/a> n&rsquo;est pas une chenille ordinaire. Lorsqu&rsquo;elle se sent menac\u00e9e, elle gonfle sa t\u00eate comme un vulgaire ballon. Elle ressemble alors \u00e0 s&rsquo;y m\u00e9prendre \u00e0 une vip\u00e8re!!<\/p>\n<ul>\n<li>\n<p class=\"contenu\"><strong>Face \u00e0 l&rsquo;araign\u00e9e \u00ab bouffe-mouche \u00bb&#8230;<\/strong><\/p>\n<\/li>\n<\/ul>\n<p class=\"contenu\">\u00a0Ces animaux au mim\u00e9tisme bat\u00e9sien sont les plus fr\u00e9quemment \u00e9voqu\u00e9s; cependant, la fa\u00e7on de se travestir la plus originale est de se faire passer non pas pour une esp\u00e8ce redoutable, comme le faux serpent-corail ou les papillons porteurs d&rsquo;ocelles, mais pour un cong\u00e9n\u00e8re de son propre agresseur ! C&rsquo;est la m\u00e9thode employ\u00e9e par <i>Rhagoletis zephyria <\/i>et <i>Zonosemata vitigera, <\/i>deux mouches de la famille des Tryp\u00e9tid\u00e9s, les <a href=\"http:\/\/ent2d.ac-bordeaux.fr\/disciplines\/svt\/le-mimetisme-dans-le-monde-vivant\/mimer-pour-effrayer\/mouche\/\">\u00a0\u00bb mouches des fruits \u00ab\u00a0<\/a>, face <i>\u00e0 Salticus scenicus, <\/i>un repr\u00e9sentant de la famille des ag\u00e9l\u00e9nid\u00e9s, petite araign\u00e9e d&rsquo;environ 6 mm de long, tr\u00e8s commune en Europe. Les mouches en question portent des ailes orn\u00e9es de taches ou des bandes formant des dessins plus ou moins complexes. Quand s&rsquo;approche une de ces araign\u00e9es pr\u00e9datrices, la<i>Rhagoletis <\/i>soul\u00e8ve ses ailes ray\u00e9es et les fait osciller d&rsquo;un c\u00f4t\u00e9 \u00e0 l&rsquo;autre ; <i>la Zonosemata,<\/i> quant \u00e0 elle, les fait bouger vers l&rsquo;avant et de haut en bas. De tels battements d&rsquo;ailes ressemblent aux mouvements de pattes effectu\u00e9es par l&rsquo;araign\u00e9e lors d&rsquo;une confrontation avec un cong\u00e9n\u00e8re. La saltique est un animal tr\u00e8s territorial, et si un de ses cong\u00e9n\u00e8res vient \u00e0 s&rsquo;\u00e9garer sur son territoire, la rencontre rel\u00e8ve plus de l&rsquo;intimidation que de l\u2019affrontement. On comprend maintenant la tactique de la mouche : quand une araign\u00e9e s&rsquo;approche un peu trop pr\u00e8s d&rsquo;elle, elle commence sa danse fr\u00e9n\u00e9tique ; celle-ci croyant avoir \u00e0 faire \u00e0 un repr\u00e9sentant de son esp\u00e8ce, lui r\u00e9pond en soulevant et en agitant les pattes. Le face \u00e0 face dure le temps n\u00e9cessaire pour que l\u2019araign\u00e9e, se sentant agress\u00e9e \u00e9vite la mouche et la laisse s\u2019\u00e9loigner sans tenter de la suivre. En fait, la posture adopt\u00e9e par la mouche, associ\u00e9e aux dessins des ailes, est une adaptation destin\u00e9e \u00e0 inhiber le comportement un pr\u00e9dateur d\u2019un agresseur exclusif : la saltique. Devant d\u2019autres esp\u00e8ces, la danse n\u2019a aucun effet.<\/p>\n<ul>\n<li><strong>De nombreux insectes pratiquent le mim\u00e9tisme bat\u00e9sien.<\/strong><\/li>\n<\/ul>\n<p class=\"contenu\">En voici quelques exemples.<\/p>\n<p class=\"contenu\">Certaines couleurs apos\u00e9matiques sont en g\u00e9n\u00e9ral des couleurs voyantes. Des papillons comestibles comme le<a href=\"http:\/\/ent2d.ac-bordeaux.fr\/disciplines\/svt\/le-mimetisme-dans-le-monde-vivant\/mimer-pour-effrayer\/mimetisme-batesien\/\">vice-roi (Limenitis archippus) imitent les couleurs apos\u00e9matiques du papillon toxique le monarche d\u2019Am\u00e9rique du Nord (Danaus plexippus)<\/a> et \u00e9vitent ainsi d\u2019\u00eatre mang\u00e9s.<\/p>\n<p class=\"contenu\">Mais ce mim\u00e9tisme ne se restreint pas aux insectes d\u2019une m\u00eame classe.<\/p>\n<p class=\"contenu\">Un papillon inoffensif, la <a href=\"http:\/\/ent2d.ac-bordeaux.fr\/disciplines\/svt\/le-mimetisme-dans-le-monde-vivant\/mimer-pour-effrayer\/mimetisme-classe\/\">sesie apiforme imite un frelon<\/a> venimeux, caract\u00e9ris\u00e9 par les alternances de bandes jaunes et noires signifiant \u00ab danger \u00bb aux yeux des oiseaux qui les rep\u00e8rent de loin et ne s\u2019approchent pas.<\/p>\n<p class=\"contenu\">De m\u00eame on trouve la contrefa\u00e7on du frelon par des esp\u00e8ces de mouches compl\u00e8tement inoffensives, o\u00f9 encore la contrefa\u00e7on du bourdon par la mouche volucelle.<\/p>\n<h2 class=\"contenu\"><i>2.2 Mim\u00e9tisme m\u00fcll\u00e9rien<\/i><\/h2>\n<p class=\"contenu\">Tous pour un et un pour tous !<\/p>\n<p class=\"contenu\">\u00a0En arborant en grand nombre des couleurs apos\u00e9matiques, des animaux \u00ab dangereux \u00bb appartenant \u00e0 des esp\u00e8ces diff\u00e9rentes s\u2019assurent d\u2019autant mieux que l\u2019avertissement \u00ab danger \u00bb est bien acquis par leurs pr\u00e9dateurs. En effet, le sacrifice d\u2019un seul individu appartenant \u00e0 1 des esp\u00e8ces utilisant le m\u00eame mim\u00e9tisme m\u00fcll\u00e9rien suffira pour que le pr\u00e9dateur soit mis en garde par ces couleurs.<\/p>\n<p class=\"contenu\">Ainsi les <a href=\"http:\/\/ent2d.ac-bordeaux.fr\/disciplines\/svt\/le-mimetisme-dans-le-monde-vivant\/mimer-pour-effrayer\/guepe\/\">gu\u00eapes, les scarab\u00e9es<\/a> et les <a href=\"http:\/\/ent2d.ac-bordeaux.fr\/disciplines\/svt\/le-mimetisme-dans-le-monde-vivant\/mimer-pour-effrayer\/mylabre\/\">mylabres<\/a>, tous 2 toxiques, s\u2019unissent pour faire conna\u00eetre la coloration avertisseuse \u00e0 bandes transversales jaunes et noires.<\/p>\n<p class=\"contenu\">Certains papillons \u00e9galement comme <a href=\"http:\/\/ent2d.ac-bordeaux.fr\/disciplines\/svt\/le-mimetisme-dans-le-monde-vivant\/mimer-pour-effrayer\/mimetisme-mullerien\/\">Heliconius melpomene cythera et Heliconius erato cyrbia<\/a>, tous deux toxiques, partagent le m\u00eame territoire et se ressemblent \u00e9norm\u00e9ment par leurs couleurs et leurs motifs. Ils pr\u00e9sentent en plus un mim\u00e9tisme comportemental puisqu\u2019ils volent de fa\u00e7on similaire !<\/p>\n<p class=\"contenu\">\n","protected":false},"excerpt":{"rendered":"<p>Comment s&rsquo;en sortir quand on ne poss\u00e8de aucune d\u00e9fense naturelle pour lutter contre l&rsquo;adversaire ? La vie devient alors une partie de poker: il faut \u00ab bluffer \u00bb, montrer sa force de dissuasion, bref convaincre que quiconque s&rsquo;approche risque de gros probl\u00e8mes ! En fait il faut imiter un danger d\u00e9j\u00e0 connu de l&rsquo;ennemi, soit &hellip; <\/p>\n<p><a class=\"more-link btn\" href=\"https:\/\/ent2d.ac-bordeaux.fr\/disciplines\/svt\/le-mimetisme-dans-le-monde-vivant\/mimer-pour-effrayer\/\">Lire la suite<\/a><\/p>\n","protected":false},"author":8,"featured_media":0,"parent":908,"menu_order":0,"comment_status":"closed","ping_status":"closed","template":"","meta":{"footnotes":""},"class_list":["post-1071","page","type-page","status-publish","hentry","nodate","item-wrap"],"_links":{"self":[{"href":"https:\/\/ent2d.ac-bordeaux.fr\/disciplines\/svt\/wp-json\/wp\/v2\/pages\/1071","targetHints":{"allow":["GET"]}}],"collection":[{"href":"https:\/\/ent2d.ac-bordeaux.fr\/disciplines\/svt\/wp-json\/wp\/v2\/pages"}],"about":[{"href":"https:\/\/ent2d.ac-bordeaux.fr\/disciplines\/svt\/wp-json\/wp\/v2\/types\/page"}],"author":[{"embeddable":true,"href":"https:\/\/ent2d.ac-bordeaux.fr\/disciplines\/svt\/wp-json\/wp\/v2\/users\/8"}],"replies":[{"embeddable":true,"href":"https:\/\/ent2d.ac-bordeaux.fr\/disciplines\/svt\/wp-json\/wp\/v2\/comments?post=1071"}],"version-history":[{"count":4,"href":"https:\/\/ent2d.ac-bordeaux.fr\/disciplines\/svt\/wp-json\/wp\/v2\/pages\/1071\/revisions"}],"predecessor-version":[{"id":1119,"href":"https:\/\/ent2d.ac-bordeaux.fr\/disciplines\/svt\/wp-json\/wp\/v2\/pages\/1071\/revisions\/1119"}],"up":[{"embeddable":true,"href":"https:\/\/ent2d.ac-bordeaux.fr\/disciplines\/svt\/wp-json\/wp\/v2\/pages\/908"}],"wp:attachment":[{"href":"https:\/\/ent2d.ac-bordeaux.fr\/disciplines\/svt\/wp-json\/wp\/v2\/media?parent=1071"}],"curies":[{"name":"wp","href":"https:\/\/api.w.org\/{rel}","templated":true}]}}