{"id":6665,"date":"2015-03-19T11:15:38","date_gmt":"2015-03-19T10:15:38","guid":{"rendered":"http:\/\/blogacabdx.ac-bordeaux.fr\/ressii\/?page_id=74"},"modified":"2015-03-19T11:15:38","modified_gmt":"2015-03-19T10:15:38","slug":"sti2d","status":"publish","type":"page","link":"https:\/\/ent2d.ac-bordeaux.fr\/disciplines\/sti\/sti2d\/","title":{"rendered":"Fiches connaissances Lyc\u00e9e (STI2D)"},"content":{"rendered":"<p>Ensemble de fiches connaissances traitant des programmes en STI2D<\/p>\n<p><strong>Niveaux taxonomique<\/strong><\/p>\n<p>Niveau 1 :\u00a0 Le contenu est relatif \u00e0 <strong>l&#8217;appr\u00e9hension d\u2019une vue d\u2019ensemble d\u2019un sujet<\/strong> : les r\u00e9alit\u00e9s sont montr\u00e9es sous certains aspects de mani\u00e8re partielle ou globale.<br \/>\nNiveau 2 :\u00a0 Le contenu est relatif \u00e0<strong> l\u2019acquisition de moyens d\u2019expression et de communication<\/strong> : d\u00e9finir, utiliser les termes composant la discipline. Il s\u2019agit de ma\u00eetriser un savoir \u00ab appris \u00bb.<br \/>\nNiveau 3 :\u00a0 \u00a0Le contenu est relatif \u00e0 <strong>la ma\u00eetrise d\u2019outils d\u2019\u00e9tude ou d\u2019action<\/strong> : utiliser, manipuler des r\u00e8gles ou des ensembles de r\u00e8gles (algorithme), des principes, des d\u00e9marches formalis\u00e9es en vue d\u2019un r\u00e9sultat \u00e0 atteindre.<\/p>\n<p>En savoir plus sur <a href=\"http:\/\/sti.ac-bordeaux.fr\/techno\/App_Pb\/La_taxonomie.pdf\" target=\"_blank\">La taxonomie <\/a><\/p>\n","protected":false},"excerpt":{"rendered":"<p>Ensemble de fiches connaissances traitant des programmes en STI2D Niveaux taxonomique Niveau 1 :\u00a0 Le contenu est relatif \u00e0 l&#8217;appr\u00e9hension d\u2019une vue d\u2019ensemble d\u2019un sujet : les r\u00e9alit\u00e9s sont montr\u00e9es &#8230;<\/p>\n","protected":false},"author":211,"featured_media":0,"parent":0,"menu_order":0,"comment_status":"closed","ping_status":"closed","template":"","meta":{"footnotes":""},"class_list":["post-6665","page","type-page","status-publish","hentry"],"_links":{"self":[{"href":"https:\/\/ent2d.ac-bordeaux.fr\/disciplines\/sti\/wp-json\/wp\/v2\/pages\/6665","targetHints":{"allow":["GET"]}}],"collection":[{"href":"https:\/\/ent2d.ac-bordeaux.fr\/disciplines\/sti\/wp-json\/wp\/v2\/pages"}],"about":[{"href":"https:\/\/ent2d.ac-bordeaux.fr\/disciplines\/sti\/wp-json\/wp\/v2\/types\/page"}],"author":[{"embeddable":true,"href":"https:\/\/ent2d.ac-bordeaux.fr\/disciplines\/sti\/wp-json\/wp\/v2\/users\/211"}],"replies":[{"embeddable":true,"href":"https:\/\/ent2d.ac-bordeaux.fr\/disciplines\/sti\/wp-json\/wp\/v2\/comments?post=6665"}],"version-history":[{"count":0,"href":"https:\/\/ent2d.ac-bordeaux.fr\/disciplines\/sti\/wp-json\/wp\/v2\/pages\/6665\/revisions"}],"wp:attachment":[{"href":"https:\/\/ent2d.ac-bordeaux.fr\/disciplines\/sti\/wp-json\/wp\/v2\/media?parent=6665"}],"curies":[{"name":"wp","href":"https:\/\/api.w.org\/{rel}","templated":true}]}}