{"id":5946,"date":"2017-10-28T09:50:40","date_gmt":"2017-10-28T07:50:40","guid":{"rendered":"https:\/\/ent2d.ac-bordeaux.fr\/disciplines\/sti\/?page_id=5946"},"modified":"2017-10-28T09:50:40","modified_gmt":"2017-10-28T07:50:40","slug":"robocup_aca_bdx","status":"publish","type":"page","link":"https:\/\/ent2d.ac-bordeaux.fr\/disciplines\/sti\/participer\/robocup_aca_bdx\/","title":{"rendered":"Concours robotique acad\u00e9mique RoboCup"},"content":{"rendered":"<p>&nbsp;<\/p>\n<p><strong>Ce concours s\u2019adresse aux jeunes de 12 \u00e0 18 ans, son ancrage est \u00e0 vis\u00e9e interdisciplinaire (SII, Technologie, Math\u00e9matiques, Musique, Arts plastiques, etc.), il s\u2019int\u00e8gre aussi dans la construction du Parcours Avenir de l\u2019\u00e9l\u00e8ve avec l\u2019objectif de d\u00e9velopper son sens de l&#8217;engagement et de l&#8217;initiative.<\/strong><\/p>\n<h2 style=\"text-align: center\"><a href=\"https:\/\/dane.ac-bordeaux.fr\/robotique\/wp-content\/uploads\/sites\/7\/2018\/10\/re%CC%80glement_concours_ROBOCUP_BDX_2019.pdf\" target=\"_blank\" rel=\"noopener\"><strong>R\u00e8glement 2019<\/strong><\/a><\/h2>\n<h2 style=\"text-align: center\"><a href=\"https:\/\/dane.ac-bordeaux.fr\/robotique\/inscription-2018-2019\/\" target=\"_blank\" rel=\"noopener\"><strong>Inscription 2018-2019<\/strong><\/a><\/h2>\n<h2 style=\"text-align: center\">Nouveau site ressource :\u00a0<a href=\"https:\/\/dane.ac-bordeaux.fr\/robotique\/\" target=\"_blank\" rel=\"noopener\">https:\/\/dane.ac-bordeaux.fr\/robotique\/<\/a><\/h2>\n<h2 style=\"text-align: center\"><strong><a href=\"https:\/\/ent2d.ac-bordeaux.fr\/disciplines\/stidev\/wp-content\/uploads\/sites\/62\/2018\/05\/Resultats_2017-2018.pdf\" target=\"_blank\" rel=\"noopener\">R\u00e9sultats podium 2017-2018<\/a>\u00a0 &#8211; <a href=\"https:\/\/ent2d.ac-bordeaux.fr\/disciplines\/stidev\/wp-content\/uploads\/sites\/62\/2018\/05\/Resultats_concours_acadimique_robocupJR_030518.pdf\" target=\"_blank\" rel=\"noopener\">R\u00e9sultats complets\u00a02017-2018\u00a0<\/a><\/strong><\/h2>\n<h2 style=\"text-align: center\"><\/h2>\n<p>&nbsp;<\/p>\n<ul>\n<li>D\u00e9couvrir les principes de fonctionnement et la diversit\u00e9 du monde \u00e9conomique et professionnel (partenariats \u00e9tablissement scolaires, universit\u00e9, entreprises, travail de groupes et n\u00e9cessaire r\u00e9partition du travail).<\/li>\n<li>Prendre conscience que le monde \u00e9conomique et professionnel est en constante \u00e9volution (adaptation du cahier des charges et de la d\u00e9marche du projet aux contraintes techniques).<\/li>\n<li>S&#8217;engager dans un projet individuel ou collectif (r\u00e9alisation, modification, programmation de robots par groupes d\u2019\u00e9l\u00e8ves avec r\u00e9partition des r\u00f4les et des t\u00e2ches).<\/li>\n<li>S&#8217;initier au processus cr\u00e9atif (D\u00e9couverte des m\u00e9tiers du design, de l\u2019ing\u00e9nierie industrielle et du multim\u00e9dia).<\/li>\n<li>D\u00e9couvrir les possibilit\u00e9s de formations et les voies d&#8217;acc\u00e8s au monde \u00e9conomique et professionnel (partenariats universit\u00e9 et entreprises).<\/li>\n<li>D\u00e9passer les st\u00e9r\u00e9otypes et les repr\u00e9sentations li\u00e9s aux m\u00e9tiers (\u00ab Qui fait quoi \u00bb dans le cadre du cahier des charges et la r\u00e9alisation du robot).<\/li>\n<li>Ce projet permet aux \u00e9l\u00e8ves de construire leur projet de formation et d&#8217;orientation en rapport avec le monde num\u00e9rique et universitaire.<\/li>\n<\/ul>\n<p>Pour relever ces d\u00e9fis, votre \u00e9quipe devra travailler \u00e0 la conception, r\u00e9alisation ou modification de maquettes d\u00e9di\u00e9es aux \u00e9preuves, au d\u00e9veloppement ou l\u2019am\u00e9lioration et la programmation d\u2019un prototype de robot autonome de pr\u00e9f\u00e9rence issu d\u2019une PME bas\u00e9e dans la r\u00e9gion Nouvelle Aquitaine.<\/p>\n<p><span style=\"font-size: 14pt\"><a href=\"https:\/\/goo.gl\/forms\/w7GN2HZORuXCOsIt1\" target=\"_blank\" rel=\"noopener\"><strong>Inscription<\/strong> <\/a><\/span>:<\/p>\n<p>L&#8217;inscription au concours doit \u00eatre effective dans au moins l&#8217;un des trois d\u00e9fis propos\u00e9s<\/p>\n<p>Les inscriptions seront ouvertes du 15\/09\/2018 au <strong>10 janvier 2019 : 18h00<\/strong><\/p>\n<p><img loading=\"lazy\" decoding=\"async\" class=\"alignnone wp-image-5972\" src=\"https:\/\/ent2d.ac-bordeaux.fr\/disciplines\/stidev\/wp-content\/uploads\/sites\/62\/2017\/10\/inscription_en_ligne-300x61.png\" alt=\"\" width=\"246\" height=\"50\" \/><\/p>\n<h1>Teaser du concours<\/h1>\n<div><iframe loading=\"lazy\" frameborder=\"0\" width=\"550\" height=\"375.76923076923\" src=\"https:\/\/ent2d.ac-bordeaux.fr\/mediacad\/m\/12639\/d\/i\" webkitAllowFullScreen=\"true\" mozallowfullscreen=\"true\" allowFullScreen=\"true\" ><\/iframe><\/div>\n<h1>Teaser de la journ\u00e9e du 03 mai 2018<\/h1>\n<div><iframe loading=\"lazy\" frameborder=\"0\" width=\"550\" height=\"364.89637305699\" src=\"https:\/\/ent2d.ac-bordeaux.fr\/mediacad\/m\/14024\/d\/i\" webkitAllowFullScreen=\"true\" mozallowfullscreen=\"true\" allowFullScreen=\"true\" ><\/iframe><\/div>\n<h1><span style=\"color: #800080\">Les d\u00e9fis propos\u00e9s<\/span><\/h1>\n<p><strong>D\u00e9fi Rescue (Sauvetage) :<\/strong><\/p>\n<p><img loading=\"lazy\" decoding=\"async\" class=\"alignnone size-medium wp-image-6332\" src=\"https:\/\/ent2d.ac-bordeaux.fr\/disciplines\/stidev\/wp-content\/uploads\/sites\/62\/2018\/05\/rescue_aca-300x196.jpg\" alt=\"\" width=\"300\" height=\"196\" \/><\/p>\n<ul style=\"list-style-type: square\">\n<li><a href=\"https:\/\/ent2d.ac-bordeaux.fr\/disciplines\/stidev\/wp-content\/uploads\/sites\/62\/2017\/10\/Rescue.pdf\" target=\"_blank\" rel=\"noopener\">R\u00e8glement 2017-2018 en fran\u00e7ais FFROB<\/a><\/li>\n<li><a href=\"http:\/\/junior.robocup.org\/\" target=\"_blank\" rel=\"noopener\">R\u00e8glement 2017-2018 international en anglais<\/a><\/li>\n<li>Pour ceux utilisant mBots :\n<ul style=\"list-style-type: square\">\n<li><a href=\"http:\/\/sti.ac-bordeaux.fr\/techno\/coder\/mbot\/cc\/\" target=\"_blank\" rel=\"noopener\">Utilisation du capteur de couleur<\/a><\/li>\n<li><a href=\"http:\/\/sti.ac-bordeaux.fr\/techno\/coder\/mbot\/dc\/\" target=\"_blank\" rel=\"noopener\">Doublez les ports sur le Mbot, en faisant communiquer 2 cartes<\/a><\/li>\n<\/ul>\n<\/li>\n<\/ul>\n<p><strong>D\u00e9fi OnStage (danse) :<\/strong><\/p>\n<p><img loading=\"lazy\" decoding=\"async\" class=\"alignnone size-medium wp-image-5977\" src=\"https:\/\/ent2d.ac-bordeaux.fr\/disciplines\/stidev\/wp-content\/uploads\/sites\/62\/2017\/10\/onstage-300x170.png\" alt=\"\" width=\"300\" height=\"170\" \/><\/p>\n<ul style=\"list-style-type: square\">\n<li><a href=\"https:\/\/ent2d.ac-bordeaux.fr\/disciplines\/stidev\/wp-content\/uploads\/sites\/62\/2017\/10\/On-stage.pdf\" target=\"_blank\" rel=\"noopener\">R\u00e8glement 2017-2018 en fran\u00e7ais FFROB<\/a><\/li>\n<li><a href=\"http:\/\/junior.robocup.org\/\" target=\"_blank\" rel=\"noopener\">R\u00e8glement 2017-2018 international en anglais<\/a><\/li>\n<\/ul>\n<p><strong>D\u00e9fi Soccer (football) :<\/strong><\/p>\n<p><img loading=\"lazy\" decoding=\"async\" class=\"alignnone size-medium wp-image-6333\" src=\"https:\/\/ent2d.ac-bordeaux.fr\/disciplines\/stidev\/wp-content\/uploads\/sites\/62\/2018\/05\/soccer_aca-300x150.jpg\" alt=\"\" width=\"300\" height=\"150\" \/><\/p>\n<ul style=\"list-style-type: square\">\n<li><a href=\"https:\/\/ent2d.ac-bordeaux.fr\/disciplines\/stidev\/wp-content\/uploads\/sites\/62\/2017\/10\/Soccer.pdf\" target=\"_blank\" rel=\"noopener\">R\u00e8glement 2017-2018 en fran\u00e7ais FFROB<\/a><\/li>\n<li><a href=\"http:\/\/robotmakersday.fr\/wp-content\/uploads\/2017\/03\/R%C3%A8glement-RoboCup-Junior-Football-2017.pdf\" target=\"_blank\" rel=\"noopener\">R\u00e8glement 2017-2018 complet en fran\u00e7ais<\/a><\/li>\n<li><a href=\"http:\/\/junior.robocup.org\/\" target=\"_blank\" rel=\"noopener\">R\u00e8glement 2017-2018 international en anglais<\/a><\/li>\n<\/ul>\n<table class=\"aligncenter\" border=\"1\" cellspacing=\"2\" cellpadding=\"2\">\n<tbody>\n<tr>\n<td style=\"width: 773px\">Les r\u00e8glements en fran\u00e7ais sont les seuls \u00e0 prendre en consid\u00e9ration pour le concours acad\u00e9mique et national, celui en anglais sera \u00e0 prendre en compte lors de la comp\u00e9tition internationale qui aura lieu \u00e0 Montr\u00e9al du 17 au 21 Juin 2018.<\/td>\n<\/tr>\n<\/tbody>\n<\/table>\n<p><strong>Site ressource, \u00e9changes, mutualisation :<\/strong> Une page Facebook d\u00e9di\u00e9e sera le moyen de communication et de mutualisation entre les \u00e9quipes &#8211; L\u2019adresse sera communiqu\u00e9e une fois l\u2019inscription r\u00e9alis\u00e9e. Sur cette page d\u00e9di\u00e9e, des \u00e9changes entre tous les participants seront encourag\u00e9s.<\/p>\n<p><a href=\"https:\/\/ent2d.ac-bordeaux.fr\/disciplines\/stidev\/wp-content\/uploads\/sites\/62\/2018\/04\/Criteres-evaluation-video.pdf\" target=\"_blank\" rel=\"noopener\"><strong>Crit\u00e8res d&#8217;\u00e9valuation de la vid\u00e9o\u00a0<\/strong><\/a><\/p>\n<h1><span style=\"color: #800080\">Lieu et dates du challenge\u00a0:<\/span><\/h1>\n<p><strong>Le challenge se d\u00e9roulera \u00e0 L&#8217;ENSEIRB-MATMECA. <\/strong><\/p>\n<p><a href=\"https:\/\/www.google.fr\/maps\/place\/ENSEIRB-MATMECA\/@44.8066376,-0.6051667,15z\/data=!4m5!3m4!1s0x0:0xec840415731df92e!8m2!3d44.8066376!4d-0.6051667\">1 Avenue du Dr Albert Schweitzer, 33400 Talence<\/a><\/p>\n<p style=\"text-align: left\"><strong><a href=\"https:\/\/ent2d.ac-bordeaux.fr\/disciplines\/stidev\/wp-content\/uploads\/sites\/62\/2018\/04\/plan-acc\u00e8s-lieu-de-comp\u00e9tition.pdf\" target=\"_blank\" rel=\"noopener\">Plan d&#8217;acc\u00e8s<\/a><\/strong><\/p>\n<p><strong>Date de l&#8217;open France : mai 2019<\/strong><\/p>\n","protected":false},"excerpt":{"rendered":"<p>&nbsp; Ce concours s\u2019adresse aux jeunes de 12 \u00e0 18 ans, son ancrage est \u00e0 vis\u00e9e interdisciplinaire (SII, Technologie, Math\u00e9matiques, Musique, Arts plastiques, etc.), il s\u2019int\u00e8gre aussi dans la construction &#8230;<\/p>\n","protected":false},"author":211,"featured_media":0,"parent":3277,"menu_order":1,"comment_status":"closed","ping_status":"closed","template":"template-onecolumn.php","meta":{"footnotes":""},"class_list":["post-5946","page","type-page","status-publish","hentry"],"_links":{"self":[{"href":"https:\/\/ent2d.ac-bordeaux.fr\/disciplines\/sti\/wp-json\/wp\/v2\/pages\/5946","targetHints":{"allow":["GET"]}}],"collection":[{"href":"https:\/\/ent2d.ac-bordeaux.fr\/disciplines\/sti\/wp-json\/wp\/v2\/pages"}],"about":[{"href":"https:\/\/ent2d.ac-bordeaux.fr\/disciplines\/sti\/wp-json\/wp\/v2\/types\/page"}],"author":[{"embeddable":true,"href":"https:\/\/ent2d.ac-bordeaux.fr\/disciplines\/sti\/wp-json\/wp\/v2\/users\/211"}],"replies":[{"embeddable":true,"href":"https:\/\/ent2d.ac-bordeaux.fr\/disciplines\/sti\/wp-json\/wp\/v2\/comments?post=5946"}],"version-history":[{"count":0,"href":"https:\/\/ent2d.ac-bordeaux.fr\/disciplines\/sti\/wp-json\/wp\/v2\/pages\/5946\/revisions"}],"up":[{"embeddable":true,"href":"https:\/\/ent2d.ac-bordeaux.fr\/disciplines\/sti\/wp-json\/wp\/v2\/pages\/3277"}],"wp:attachment":[{"href":"https:\/\/ent2d.ac-bordeaux.fr\/disciplines\/sti\/wp-json\/wp\/v2\/media?parent=5946"}],"curies":[{"name":"wp","href":"https:\/\/api.w.org\/{rel}","templated":true}]}}