{"id":3704,"date":"2017-03-03T14:08:39","date_gmt":"2017-03-03T13:08:39","guid":{"rendered":"http:\/\/blogacabdx.ac-bordeaux.fr\/ressii\/?page_id=3704"},"modified":"2017-03-03T14:08:39","modified_gmt":"2017-03-03T13:08:39","slug":"structurer-au-college","status":"publish","type":"page","link":"https:\/\/ent2d.ac-bordeaux.fr\/disciplines\/sti\/structurer-au-college\/","title":{"rendered":"Structurer en S2i"},"content":{"rendered":"<p><strong>Pour vous informer\u00a0sur\u00a0les\u00a0fiches de structuration des connaissances du Cycle 3 et Cycle 4\u00a0dans l&#8217;acad\u00e9mie de Bordeaux\u00a0pour la rentr\u00e9e 2016<\/strong><del><\/del><\/p>\n<hr \/>\n<hr \/>\n<h1 class=\"entry-title\">Structurer\u00a0au coll\u00e8ge<\/h1>\n<hr \/>\n<h3>Structuration des connaissances au Cycle 3<\/h3>\n<p><a href=\"https:\/\/ent2d.ac-bordeaux.fr\/disciplines\/sti\/exemples-de-fiches-de-structuration-des-connaissances-cycle-3\/\" rel=\"noopener\"><img loading=\"lazy\" decoding=\"async\" class=\"size-full wp-image-2922 alignleft\" src=\"https:\/\/ent2d.ac-bordeaux.fr\/disciplines\/stidev\/wp-content\/uploads\/sites\/62\/2016\/08\/StructurationCycle3.jpg\" alt=\"StructurationCycle3\" width=\"300\" height=\"169\" \/><\/a><\/p>\n<p><a href=\"https:\/\/ent2d.ac-bordeaux.fr\/disciplines\/sti\/exemples-de-fiches-de-structuration-des-connaissances-cycle-3\/\"><strong><span style=\"color: #0066cc\">Fiches de structuration des connaissances<\/span><\/strong>\u00a0<span style=\"color: #0066cc\">adapt\u00e9es au nouveau programme du <\/span><strong><span style=\"color: #0066cc\">Cycle 3<\/span><\/strong><span style=\"color: #0066cc\"> en <\/span><strong><span style=\"color: #0066cc\">Sciences et Technologies<\/span><\/strong><\/a><\/p>\n<p>&nbsp;<\/p>\n<p>&nbsp;<\/p>\n<hr \/>\n<h3>Exemples d\u2019exploitations p\u00e9dagogiques au Cycle 3<\/h3>\n<p><a href=\"https:\/\/ent2d.ac-bordeaux.fr\/disciplines\/sti\/programme-cycle-3-exploitation-pedagogique\/\"><img loading=\"lazy\" decoding=\"async\" class=\"wp-image-2929 alignleft\" src=\"https:\/\/blogacabdx.ac-bordeaux.fr\/ressii\/wp-content\/uploads\/sites\/10\/2016\/08\/PistesPedagogiquesCycle3.jpg\" alt=\"PistesPedagogiquesCycle3\" width=\"280\" height=\"352\" \/><\/a><\/p>\n<p><a href=\"https:\/\/ent2d.ac-bordeaux.fr\/disciplines\/sti\/programme-cycle-3-exploitation-pedagogique\/\"><strong><span style=\"color: #0066cc\">Proposition d\u2019e<\/span><span style=\"color: #0066cc\">xemples d\u2019exploitations p\u00e9dagogiques<\/span><\/strong>\u00a0:<\/a><\/p>\n<p><a href=\"https:\/\/ent2d.ac-bordeaux.fr\/disciplines\/sti\/programme-cycle-3-exploitation-pedagogique\/\"><span style=\"color: #0066cc\">-Pistes de situations d\u00e9clenchantes<\/span><\/a><br \/>\n<a href=\"https:\/\/ent2d.ac-bordeaux.fr\/disciplines\/sti\/programme-cycle-3-exploitation-pedagogique\/\"><span style=\"color: #0066cc\">-Pistes de probl\u00e8mes technologiques<\/span><\/a><br \/>\n<a href=\"https:\/\/ent2d.ac-bordeaux.fr\/disciplines\/sti\/programme-cycle-3-exploitation-pedagogique\/\"><span style=\"color: #0066cc\">-Ressources et outils \u00e0 exploiter<\/span><\/a><br \/>\n<a href=\"https:\/\/ent2d.ac-bordeaux.fr\/disciplines\/sti\/programme-cycle-3-exploitation-pedagogique\/\"><span style=\"color: #0066cc\">-Pistes d\u2019activit\u00e9s<\/span><\/a><br \/>\n<a href=\"https:\/\/ent2d.ac-bordeaux.fr\/disciplines\/sti\/programme-cycle-3-exploitation-pedagogique\/\"><span style=\"color: #0066cc\">-Exemples d\u2019objets supports \u00e0 utiliser<\/span><\/a><br \/>\n<a href=\"https:\/\/ent2d.ac-bordeaux.fr\/disciplines\/sti\/programme-cycle-3-exploitation-pedagogique\/\"><span style=\"color: #0066cc\">-Liens pour aller plus loin<\/span><\/a><\/p>\n<p>&nbsp;<\/p>\n<p>&nbsp;<\/p>\n<p>&nbsp;<\/p>\n<p>&nbsp;<\/p>\n<hr \/>\n<h3>Structuration des connaissances au Cycle 4<\/h3>\n<p><a href=\"https:\/\/ent2d.ac-bordeaux.fr\/disciplines\/sti\/exemples-de-fiches-de-structuration-des-connaissances-cycle-4\/\"><img loading=\"lazy\" decoding=\"async\" class=\"wp-image-2938 size-full alignleft\" src=\"https:\/\/ent2d.ac-bordeaux.fr\/disciplines\/stidev\/wp-content\/uploads\/sites\/62\/2016\/08\/StructurationCycle4a.jpg\" width=\"300\" height=\"168\" \/><\/a><\/p>\n<p><a href=\"https:\/\/ent2d.ac-bordeaux.fr\/disciplines\/sti\/exemples-de-fiches-de-structuration-des-connaissances-cycle-4\/\"><strong><span style=\"color: #0066cc\">Fiches de structuration des connaissances<\/span><\/strong>\u00a0<span style=\"color: #0066cc\">adapt\u00e9es au nouveau programme de <\/span><strong><span style=\"color: #0066cc\">Technologie<\/span><\/strong><span style=\"color: #0066cc\"> en <\/span><strong><span style=\"color: #0066cc\">Cycle 4<\/span><\/strong><\/a><\/p>\n<p>&nbsp;<\/p>\n<p>&nbsp;<\/p>\n<p>&nbsp;<\/p>\n<hr \/>\n<h3>Exemples d\u2019exploitations p\u00e9dagogiques au Cycle 4<\/h3>\n<p><a href=\"https:\/\/ent2d.ac-bordeaux.fr\/disciplines\/sti\/programme-cycle-4-exploitation-pedagogique\/\"><img loading=\"lazy\" decoding=\"async\" class=\"wp-image-2936 alignleft\" src=\"https:\/\/blogacabdx.ac-bordeaux.fr\/ressii\/wp-content\/uploads\/sites\/10\/2016\/08\/PistesPedagogiquesCycle4.jpg\" alt=\"PistesPedagogiquesCycle4\" width=\"280\" height=\"392\" \/><\/a><\/p>\n<p><a href=\"https:\/\/ent2d.ac-bordeaux.fr\/disciplines\/sti\/programme-cycle-4-exploitation-pedagogique\/\"><strong><span style=\"color: #0066cc\">Propositions d\u2019exemples d\u2019exploitations p\u00e9dagogiques<\/span><\/strong>\u00a0<span style=\"color: #0066cc\">par niveau 5\u00e8me, 4\u00e8me, 3\u00e8me :<\/span><\/a><\/p>\n<p><a href=\"https:\/\/ent2d.ac-bordeaux.fr\/disciplines\/sti\/programme-cycle-4-exploitation-pedagogique\/\"><span style=\"color: #0066cc\">-Pistes de situations d\u00e9clenchantes<\/span><\/a><br \/>\n<a href=\"https:\/\/ent2d.ac-bordeaux.fr\/disciplines\/sti\/programme-cycle-4-exploitation-pedagogique\/\">-Pistes de probl\u00e8mes technologiques<\/a><br \/>\n<a href=\"https:\/\/ent2d.ac-bordeaux.fr\/disciplines\/sti\/programme-cycle-4-exploitation-pedagogique\/\">-Ressources et outils \u00e0 exploiter<\/a><br \/>\n<a href=\"https:\/\/ent2d.ac-bordeaux.fr\/disciplines\/sti\/programme-cycle-4-exploitation-pedagogique\/\">-Pistes d\u2019activit\u00e9s<\/a><br \/>\n<a href=\"https:\/\/ent2d.ac-bordeaux.fr\/disciplines\/sti\/programme-cycle-4-exploitation-pedagogique\/\">-Exemples d\u2019objets supports \u00e0 utiliser<\/a><br \/>\n<a href=\"https:\/\/ent2d.ac-bordeaux.fr\/disciplines\/sti\/programme-cycle-4-exploitation-pedagogique\/\">-Liens pour aller plus loin<\/a><\/p>\n<p>&nbsp;<\/p>\n<p>NB : Ces propositions sont mises \u00e0 disposition pour aider chacun dans sa r\u00e9flexion mais elles n\u2019ont pas pu \u00eatre\u00a0finalis\u00e9es par manque de temps.\u00a0Ces fiches\u00a0seront donc am\u00e9lior\u00e9es en cours d&#8217;ann\u00e9e 2017.<\/p>\n","protected":false},"excerpt":{"rendered":"<p>Pour vous informer\u00a0sur\u00a0les\u00a0fiches de structuration des connaissances du Cycle 3 et Cycle 4\u00a0dans l&#8217;acad\u00e9mie de Bordeaux\u00a0pour la rentr\u00e9e 2016 Structurer\u00a0au coll\u00e8ge Structuration des connaissances au Cycle 3 Fiches de structuration &#8230;<\/p>\n","protected":false},"author":211,"featured_media":0,"parent":0,"menu_order":0,"comment_status":"closed","ping_status":"closed","template":"","meta":{"footnotes":""},"class_list":["post-3704","page","type-page","status-publish","hentry"],"_links":{"self":[{"href":"https:\/\/ent2d.ac-bordeaux.fr\/disciplines\/sti\/wp-json\/wp\/v2\/pages\/3704","targetHints":{"allow":["GET"]}}],"collection":[{"href":"https:\/\/ent2d.ac-bordeaux.fr\/disciplines\/sti\/wp-json\/wp\/v2\/pages"}],"about":[{"href":"https:\/\/ent2d.ac-bordeaux.fr\/disciplines\/sti\/wp-json\/wp\/v2\/types\/page"}],"author":[{"embeddable":true,"href":"https:\/\/ent2d.ac-bordeaux.fr\/disciplines\/sti\/wp-json\/wp\/v2\/users\/211"}],"replies":[{"embeddable":true,"href":"https:\/\/ent2d.ac-bordeaux.fr\/disciplines\/sti\/wp-json\/wp\/v2\/comments?post=3704"}],"version-history":[{"count":0,"href":"https:\/\/ent2d.ac-bordeaux.fr\/disciplines\/sti\/wp-json\/wp\/v2\/pages\/3704\/revisions"}],"wp:attachment":[{"href":"https:\/\/ent2d.ac-bordeaux.fr\/disciplines\/sti\/wp-json\/wp\/v2\/media?parent=3704"}],"curies":[{"name":"wp","href":"https:\/\/api.w.org\/{rel}","templated":true}]}}