{"id":3698,"date":"2017-03-03T13:57:20","date_gmt":"2017-03-03T12:57:20","guid":{"rendered":"http:\/\/blogacabdx.ac-bordeaux.fr\/ressii\/?page_id=3698"},"modified":"2017-03-03T13:57:20","modified_gmt":"2017-03-03T12:57:20","slug":"evaluer-3","status":"publish","type":"page","link":"https:\/\/ent2d.ac-bordeaux.fr\/disciplines\/sti\/evaluer-3\/","title":{"rendered":"Evaluer en S2i"},"content":{"rendered":"<p><strong>Pour vous informer\u00a0sur\u00a0les outils\u00a0pour \u00e9valuer les \u00e9l\u00e8ves aux Cycle 3 et 4\u00a0dans l&#8217;acad\u00e9mie de Bordeaux\u00a0pour la rentr\u00e9e 2017<\/strong><\/p>\n<hr \/>\n<h1 class=\"entry-title\"><span style=\"color: #800080\"><strong>Evaluer\u00a0au coll\u00e8ge<\/strong><\/span><\/h1>\n<p>&nbsp;<\/p>\n<hr \/>\n<hr \/>\n<h2><strong>\u00c9valuation et LSU<\/strong><\/h2>\n<p>https:\/\/ent2d.ac-bordeaux.fr\/disciplines\/sti\/2017\/08\/23\/menus-daide-a-la-saisie-disponibles-dans-lapplication-lsu-college\/<\/p>\n<p style=\"text-align: center\"><a href=\"https:\/\/ent2d.ac-bordeaux.fr\/disciplines\/sti\/2017\/08\/23\/menus-daide-a-la-saisie-disponibles-dans-lapplication-lsu-college\/\"><img loading=\"lazy\" decoding=\"async\" class=\"alignnone wp-image-6120 size-medium\" src=\"https:\/\/ent2d.ac-bordeaux.fr\/disciplines\/stidev\/wp-content\/uploads\/sites\/62\/2018\/01\/Menus-aide-disponible-application-lsu-300x206.jpg\" alt=\"\" width=\"300\" height=\"206\" \/><\/a><\/p>\n<h2><\/h2>\n<hr \/>\n<hr \/>\n<h2><strong>\u00c9valuer au Cycle 3<\/strong><\/h2>\n<p style=\"text-align: center\"><a href=\"http:\/\/cache.media.eduscol.education.fr\/file\/Inscrire_son_enseignement_dans_une_logique_de_cycl\/82\/6\/RA16_C3_SCTE_progressivite_competences_560826.pdf\"><img loading=\"lazy\" decoding=\"async\" class=\"alignnone wp-image-4849 size-medium\" src=\"https:\/\/ent2d.ac-bordeaux.fr\/disciplines\/stidev\/wp-content\/uploads\/sites\/62\/2017\/03\/EvaluerCycle3-300x211.jpg\" alt=\"\" width=\"300\" height=\"211\" srcset=\"https:\/\/ent2d.ac-bordeaux.fr\/disciplines\/sti\/wp-content\/uploads\/sites\/62\/2017\/03\/EvaluerCycle3-300x211.jpg 300w, https:\/\/ent2d.ac-bordeaux.fr\/disciplines\/sti\/wp-content\/uploads\/sites\/62\/2017\/03\/EvaluerCycle3-768x541.jpg 768w, https:\/\/ent2d.ac-bordeaux.fr\/disciplines\/sti\/wp-content\/uploads\/sites\/62\/2017\/03\/EvaluerCycle3.jpg 1006w\" sizes=\"auto, (max-width: 300px) 100vw, 300px\" \/><\/a><\/p>\n<p>Afin d&#8217;aider \u00e0 l&#8217;\u00e9valuation des comp\u00e9tences du cycle 3, voici les rep\u00e8res de\u00a0progressivit\u00e9 des comp\u00e9tences travaill\u00e9es publi\u00e9s sur Eduscol.<\/p>\n<h2>Grilles de crit\u00e8res d&#8217;\u00e9valuation au cycle 3<\/h2>\n<p style=\"padding-left: 210px\"><a href=\"https:\/\/magistere.education.fr\/ac-bordeaux\/pluginfile.php\/560144\/mod_educationallabel\/intro\/Grilles_criteres_evaluation_C3.pdf\" target=\"_blank\" rel=\"noopener\"><img loading=\"lazy\" decoding=\"async\" class=\"size-medium wp-image-6150 alignnone\" src=\"https:\/\/ent2d.ac-bordeaux.fr\/disciplines\/stidev\/wp-content\/uploads\/sites\/62\/2018\/01\/Grilles_criteres_evaluation_C3-213x300.png\" alt=\"\" width=\"213\" height=\"300\" \/><\/a><\/p>\n<p>Les tableaux de crit\u00e8res sont disponibles dans le parcours acad\u00e9mique auquel l&#8217;ensemble des professeurs de Technologie de l&#8217;acad\u00e9mie de Bordeaux sont inscrits. (Si vous avez des probl\u00e8mes d&#8217;acc\u00e8s, contactez :\u00a0<a href=\"mailto:contact.techno@ac-bordeaux.fr?subject=Contact%20Site%20Rectorat%20STI%20Bordeaux\">contact.techno@ac-bordeaux.fr<\/a>)<\/p>\n<p>&nbsp;<\/p>\n<hr \/>\n<hr \/>\n<h2><strong>\u00c9valuer au Cycle 4<\/strong><\/h2>\n<h3 id=\"titre_contenu\" class=\"normal\" style=\"margin: 0px 0px 18px;padding: 0px;border: 0px;font-style: normal;font-weight: bold;font-size: 18px;line-height: 1.62em;font-family: 'Droid Sans', 'Helvetica Neue', 'Nimbus Sans L', sans-serif;vertical-align: baseline;color: #333333;letter-spacing: normal;text-align: start;text-indent: 0px;background-color: #ffffff\"><strong>L\u2019\u00e9valuation doit permettre de mesurer le degr\u00e9 d\u2019acquisition des connaissances et des comp\u00e9tences ainsi que la progression de l\u2019\u00e9l\u00e8ve.<\/strong><\/h3>\n<h2>Rappels institutionnels sur l&#8217;\u00e9valuation<\/h2>\n<p style=\"text-align: center;padding-left: 60px\"><a href=\"http:\/\/sti.ac-bordeaux.fr\/techno\/epc_technologie\/Evaluer_en_Technologie_V5.pptx\" target=\"_blank\" rel=\"noopener\"><img loading=\"lazy\" decoding=\"async\" class=\"alignnone wp-image-6122 size-medium\" src=\"https:\/\/ent2d.ac-bordeaux.fr\/disciplines\/stidev\/wp-content\/uploads\/sites\/62\/2018\/01\/DiapoEvaluerParCompetences-300x169.jpg\" alt=\"\" width=\"300\" height=\"169\" \/><\/a><\/p>\n<h2>M\u00e9thodologie de construction de s\u00e9quence int\u00e9grant l&#8217;\u00e9valuation<\/h2>\n<p style=\"text-align: center\"><a href=\"http:\/\/sti.ac-bordeaux.fr\/techno\/epc_technologie\/Methodologie_de_construction_dune_seance.pptx\" target=\"_blank\" rel=\"noopener\"><img loading=\"lazy\" decoding=\"async\" class=\"alignnone size-medium wp-image-6126\" src=\"https:\/\/ent2d.ac-bordeaux.fr\/disciplines\/stidev\/wp-content\/uploads\/sites\/62\/2018\/01\/Methodologie-de-construction-de-sequence-et-evaluation-300x169.jpg\" alt=\"\" width=\"300\" height=\"169\" \/><\/a><\/p>\n<h2>Les types d&#8217;\u00e9valuations<\/h2>\n<p style=\"margin: 0px 0px 24px;padding: 0px;border: 0px;font-style: normal;font-weight: normal;font-size: 15px;line-height: inherit;font-family: 'Droid Sans', 'Helvetica Neue', 'Nimbus Sans L', sans-serif;vertical-align: baseline;color: #333333;letter-spacing: normal;text-align: start;text-indent: 0px;background-color: #ffffff\"><a href=\"http:\/\/sti.ac-bordeaux.fr\/techno\/j8\/evaluer.pptx\" target=\"_blank\" rel=\"noopener\"><img loading=\"lazy\" decoding=\"async\" class=\"aligncenter wp-image-3627\" src=\"https:\/\/ent2d.ac-bordeaux.fr\/disciplines\/stidev\/wp-content\/uploads\/sites\/62\/2017\/02\/evaluation4.png\" alt=\"\" width=\"300\" height=\"114\" \/><\/a><\/p>\n<h2>Strat\u00e9gies et r\u00e9alisations des \u00e9valuations sommatives avec des crit\u00e8res d&#8217;\u00e9valuation harmonis\u00e9s<\/h2>\n<p style=\"text-align: center\"><a href=\"http:\/\/sti.ac-bordeaux.fr\/techno\/epc_technologie\/Gestion-des-Evaluations-Sommatives-Eleves_v1.pptx\" target=\"_blank\" rel=\"noopener\"><img loading=\"lazy\" decoding=\"async\" class=\"alignnone size-medium wp-image-6127\" src=\"https:\/\/ent2d.ac-bordeaux.fr\/disciplines\/stidev\/wp-content\/uploads\/sites\/62\/2018\/01\/Realiser-des-evaluation-sommatives-cycle4-300x169.jpg\" alt=\"\" width=\"300\" height=\"169\" \/><\/a><\/p>\n<h2>Grille de crit\u00e8res d&#8217;\u00e9valuation harmonis\u00e9s sur le Cycle 4<\/h2>\n<p style=\"text-align: center\"><a href=\"https:\/\/magistere.education.fr\/ac-bordeaux\/course\/view.php?id=5230\" target=\"_blank\" rel=\"noopener\"><img loading=\"lazy\" decoding=\"async\" class=\"alignnone size-medium wp-image-6129\" src=\"https:\/\/ent2d.ac-bordeaux.fr\/disciplines\/stidev\/wp-content\/uploads\/sites\/62\/2018\/01\/Grille-de-criteres-evaluations-sommatives-300x118.jpg\" alt=\"\" width=\"300\" height=\"118\" \/><\/a><\/p>\n<p>Les tableaux de crit\u00e8res et exemples d&#8217;\u00e9valuations mutualis\u00e9es sont disponibles dans le parcours acad\u00e9mique auquel l&#8217;ensemble des professeurs de Technologie de l&#8217;acad\u00e9mie de Bordeaux ont \u00e9t\u00e9 inscrits. (Si vous avez des probl\u00e8mes d&#8217;acc\u00e8s, contactez :\u00a0<a href=\"mailto:contact.techno@ac-bordeaux.fr?subject=Contact%20Site%20Rectorat%20STI%20Bordeaux\">contact.techno@ac-bordeaux.fr<\/a>)<\/p>\n<p>&nbsp;<\/p>\n<h2>Fiche de synth\u00e8se \u00e9l\u00e8ve &#8211; Cycle 4<\/h2>\n<p style=\"text-align: center\"><a href=\"https:\/\/ent2d.ac-bordeaux.fr\/disciplines\/stidev\/wp-content\/uploads\/sites\/62\/2018\/01\/NOM-Pr\u00c3\u00a9nom-Fiche-de-synth\u00c3\u00a8se-des-comp\u00c3\u00a9tences-de-Technologie_V1.pdf\" target=\"_blank\" rel=\"noopener\"><img loading=\"lazy\" decoding=\"async\" class=\"alignnone size-medium wp-image-6156\" src=\"https:\/\/ent2d.ac-bordeaux.fr\/disciplines\/stidev\/wp-content\/uploads\/sites\/62\/2018\/01\/FicheSyntheseEleveCycle4-213x300.jpg\" alt=\"\" width=\"213\" height=\"300\" \/><\/a><\/p>\n<p style=\"text-align: center\">Telecharger aux formats : <a href=\"https:\/\/ent2d.ac-bordeaux.fr\/disciplines\/stidev\/wp-content\/uploads\/sites\/62\/2018\/01\/NOM-Pr\u00c3\u00a9nom-Fiche-de-synth\u00c3\u00a8se-des-comp\u00c3\u00a9tences-de-Technologie_V1.pdf\" target=\"_blank\" rel=\"noopener\">PDF<\/a> &#8211; <a href=\"https:\/\/ent2d.ac-bordeaux.fr\/disciplines\/stidev\/wp-content\/uploads\/sites\/62\/2018\/01\/NOM-Pr\u00c3\u00a9nom-Fiche-de-synth\u00c3\u00a8se-des-comp\u00c3\u00a9tences-de-Technologie_V1.docx\" target=\"_blank\" rel=\"noopener\">Word<\/a> &#8211; <a href=\"https:\/\/ent2d.ac-bordeaux.fr\/disciplines\/stidev\/wp-content\/uploads\/sites\/62\/2018\/01\/NOM-Pr\u00c3\u00a9nom-Fiche-de-synth\u00c3\u00a8se-des-comp\u00c3\u00a9tences-de-Technologie.xlsx\" target=\"_blank\" rel=\"noopener\">Excel<\/a><\/p>\n<p>&nbsp;<\/p>\n<h2><span style=\"color: #800080\">Parcours de formation M@gist\u00e8re &#8220;Evaluer les comp\u00e9tences en Technologie&#8221;<\/span><\/h2>\n<p style=\"text-align: center\"><a href=\"https:\/\/magistere.education.fr\/ac-bordeaux\/course\/view.php?id=5230&amp;section=1\" target=\"_blank\" rel=\"noopener\"><img loading=\"lazy\" decoding=\"async\" class=\"alignnone size-medium wp-image-6131\" src=\"https:\/\/ent2d.ac-bordeaux.fr\/disciplines\/stidev\/wp-content\/uploads\/sites\/62\/2018\/01\/M@gistere-Evaluer-les-competences-en-technologie-300x148.jpg\" alt=\"\" width=\"300\" height=\"148\" \/><\/a><\/p>\n<p style=\"text-align: center\">(Si vous avec des probl\u00e8mes d&#8217;acc\u00e8s, contactez :\u00a0<a>contact.techno@ac-bordeaux.fr<\/a>)<\/p>\n<p>&nbsp;<\/p>\n<p>&nbsp;<\/p>\n<hr \/>\n<hr \/>\n<h2><strong>Outil de suivi et d\u2019\u00e9valuation du socle commun de connaissances, de comp\u00e9tences et de culture<\/strong><\/h2>\n<p style=\"margin: 0px 0px 24px;padding: 0px;border: 0px;font-style: normal;font-weight: normal;font-size: 15px;line-height: inherit;font-family: 'Droid Sans', 'Helvetica Neue', 'Nimbus Sans L', sans-serif;vertical-align: baseline;color: #333333;letter-spacing: normal;text-align: start;text-indent: 0px;background-color: #ffffff\"><a href=\"http:\/\/sti.ac-bordeaux.fr\/techno\/j8\/Grilles_Cycle-4-v13.xlsx\" target=\"_blank\" rel=\"noopener\"><img loading=\"lazy\" decoding=\"async\" class=\"aligncenter wp-image-3625\" src=\"https:\/\/ent2d.ac-bordeaux.fr\/disciplines\/stidev\/wp-content\/uploads\/sites\/62\/2017\/02\/desceval.png\" alt=\"\" width=\"337\" height=\"180\" \/><\/a><\/p>\n<p>&nbsp;<\/p>\n<hr \/>\n<hr \/>\n<div id=\"ta114_82\" class=\"block iDevice_content\" style=\"margin: 0px;padding: 0px;border: 0px;font-style: normal;font-weight: normal;font-size: 15px;line-height: inherit;font-family: 'Droid Sans', 'Helvetica Neue', 'Nimbus Sans L', sans-serif;vertical-align: baseline;color: #333333;letter-spacing: normal;text-align: start;text-indent: 0px;background-color: #ffffff\">\n<h2><strong>Exemples d\u2019\u00e9valuations<\/strong><\/h2>\n<h3>Cycle 4 &#8211; niveau <strong>3\u00e8me<\/strong><\/h3>\n<p style=\"text-align: center\"><a href=\"http:\/\/sti.ac-bordeaux.fr\/techno\/j8\/exemple_evalu_C4.1_complet.docx\" target=\"_blank\" rel=\"noopener\"><img loading=\"lazy\" decoding=\"async\" class=\"aligncenter wp-image-4851 size-medium\" src=\"https:\/\/ent2d.ac-bordeaux.fr\/disciplines\/stidev\/wp-content\/uploads\/sites\/62\/2017\/03\/ExempleEvaluation3eme-211x300.jpg\" alt=\"\" width=\"211\" height=\"300\" srcset=\"https:\/\/ent2d.ac-bordeaux.fr\/disciplines\/sti\/wp-content\/uploads\/sites\/62\/2017\/03\/ExempleEvaluation3eme-211x300.jpg 211w, https:\/\/ent2d.ac-bordeaux.fr\/disciplines\/sti\/wp-content\/uploads\/sites\/62\/2017\/03\/ExempleEvaluation3eme.jpg 525w\" sizes=\"auto, (max-width: 211px) 100vw, 211px\" \/><\/a><a href=\"http:\/\/sti.ac-bordeaux.fr\/techno\/j8\/exemple_evalu_C4.1_complet.docx\" target=\"_blank\" rel=\"noopener\">Exemple_evalu_C4.1_complet.docx<\/a><\/p>\n<p style=\"text-align: center\"><a href=\"http:\/\/sti.ac-bordeaux.fr\/techno\/j8\/exemple_evalu_C4.1_complet.pdf\" target=\"_blank\" rel=\"noopener\">Exemple_evalu_C4.1_complet.pdf<\/a><\/p>\n<p style=\"text-align: center\"><a href=\"http:\/\/sti.ac-bordeaux.fr\/techno\/epc_technologie\/Masque_Evaluation-C4-3eme.pdf\" target=\"_blank\" rel=\"noopener\"><strong>Masque d&#8217;\u00e9valuation 3\u00e8me<\/strong><\/a><\/p>\n<p>&nbsp;<\/p>\n<h3>Cycle 4 &#8211; niveau <strong>4\u00e8me<\/strong><\/h3>\n<p style=\"text-align: center\"><a href=\"http:\/\/sti.ac-bordeaux.fr\/techno\/epc_technologie\/Evaluation-C4-4eme-Parcours-Robot-OTSCIS-21-FE3_Carte_Heuristique_FE4-Notions_dalgorithme.pdf\" target=\"_blank\" rel=\"noopener\"><img loading=\"lazy\" decoding=\"async\" class=\"alignnone wp-image-6136 size-medium\" src=\"https:\/\/ent2d.ac-bordeaux.fr\/disciplines\/stidev\/wp-content\/uploads\/sites\/62\/2018\/01\/Exemple-Evaluation-Sommative-4eme-213x300.jpg\" alt=\"\" width=\"213\" height=\"300\" \/><\/a><\/p>\n<p style=\"text-align: center\"><a href=\"http:\/\/sti.ac-bordeaux.fr\/techno\/epc_technologie\/Evaluation-C4-4eme-Parcours-Robot-OTSCIS-21-FE3_Carte_Heuristique_FE4-Notions_dalgorithme.pdf\" target=\"_blank\" rel=\"noopener\">Exemple_evalu_C4_4eme.pdf<\/a><\/p>\n<p style=\"text-align: center\"><a href=\"http:\/\/sti.ac-bordeaux.fr\/techno\/epc_technologie\/Masque_Evaluation-C4-5eme-4eme.docx\" target=\"_blank\" rel=\"noopener\"><strong>Masque d&#8217;\u00e9valuation 4\u00e8me<\/strong><\/a><\/p>\n<\/div>\n<p>&nbsp;<\/p>\n<div id=\"ta114_82\" class=\"block iDevice_content\" style=\"margin: 0px;padding: 0px;border: 0px;font-style: normal;font-weight: normal;font-size: 15px;line-height: inherit;font-family: 'Droid Sans', 'Helvetica Neue', 'Nimbus Sans L', sans-serif;vertical-align: baseline;color: #333333;letter-spacing: normal;text-align: start;text-indent: 0px;background-color: #ffffff\">\n<h3>Cycle 4 &#8211; niveau <strong>5\u00e8me<\/strong><\/h3>\n<p style=\"text-align: center\"><a href=\"http:\/\/sti.ac-bordeaux.fr\/techno\/epc_technologie\/Evaluation-C4-5eme-Habitat-Conteneur-OTSCIS-21-FE1_Croquis.pdf\" target=\"_blank\" rel=\"noopener\"><img loading=\"lazy\" decoding=\"async\" class=\"alignnone size-medium wp-image-6135\" src=\"https:\/\/ent2d.ac-bordeaux.fr\/disciplines\/stidev\/wp-content\/uploads\/sites\/62\/2018\/01\/Exemple-Evaluation-Sommative-5eme-213x300.jpg\" alt=\"\" width=\"213\" height=\"300\" \/><\/a><\/p>\n<p style=\"text-align: center\"><a href=\"http:\/\/sti.ac-bordeaux.fr\/techno\/epc_technologie\/Evaluation-C4-5eme-Habitat-Conteneur-OTSCIS-21-FE1_Croquis.pdf\" target=\"_blank\" rel=\"noopener\">exemple_evalu_C4_5eme.pdf<\/a><\/p>\n<p style=\"text-align: center\"><a href=\"http:\/\/sti.ac-bordeaux.fr\/techno\/epc_technologie\/Masque_Evaluation-C4-5eme-4eme.docx\" target=\"_blank\" rel=\"noopener\"><strong>Masque d&#8217;\u00e9valuation 5\u00e8me<\/strong><\/a><\/p>\n<p><a href=\"http:\/\/sti.ac-bordeaux.fr\/techno\/j8\/exemple_evalu_C4_5eme.1.docx\"><img loading=\"lazy\" decoding=\"async\" class=\"aligncenter wp-image-4852 size-medium\" src=\"https:\/\/ent2d.ac-bordeaux.fr\/disciplines\/stidev\/wp-content\/uploads\/sites\/62\/2017\/03\/ExempleEvaluation5eme-212x300.jpg\" alt=\"\" width=\"212\" height=\"300\" srcset=\"https:\/\/ent2d.ac-bordeaux.fr\/disciplines\/sti\/wp-content\/uploads\/sites\/62\/2017\/03\/ExempleEvaluation5eme-212x300.jpg 212w, https:\/\/ent2d.ac-bordeaux.fr\/disciplines\/sti\/wp-content\/uploads\/sites\/62\/2017\/03\/ExempleEvaluation5eme.jpg 553w\" sizes=\"auto, (max-width: 212px) 100vw, 212px\" \/><\/a><\/p>\n<p style=\"text-align: center\"><a href=\"http:\/\/sti.ac-bordeaux.fr\/techno\/j8\/exemple_evalu_C4_5eme.1.docx\" target=\"_blank\" rel=\"noopener\">exemple_evalu_C4_5\u00e8me.docx<\/a><\/p>\n<p style=\"text-align: center\"><a href=\"http:\/\/sti.ac-bordeaux.fr\/techno\/j8\/exemple_evalu_C4_5eme.pdf\" target=\"_blank\" rel=\"noopener\">exemple_evalu_C4_5eme.pdf<\/a><\/p>\n<p style=\"text-align: center\"><a href=\"http:\/\/sti.ac-bordeaux.fr\/techno\/epc_technologie\/Masque_Evaluation-C4-5eme-4eme.docx\" target=\"_blank\" rel=\"noopener\"><b>Masque d&#8217;\u00e9valuation 5\u00e8me<\/b><\/a><\/p>\n<p>&nbsp;<\/p>\n<hr \/>\n<hr \/>\n<\/div>\n<h2><strong>Evaluation des groupes<\/strong><\/h2>\n<h2>La p\u00e9dagogie de travail de groupe<\/h2>\n<p style=\"text-align: center\"><a href=\"http:\/\/sti.ac-bordeaux.fr\/techno\/epc_technologie\/wgroupe.pptx\" target=\"_blank\" rel=\"noopener\"><img loading=\"lazy\" decoding=\"async\" class=\"alignnone size-medium wp-image-6138\" src=\"https:\/\/ent2d.ac-bordeaux.fr\/disciplines\/stidev\/wp-content\/uploads\/sites\/62\/2018\/01\/Pedagogie-de-travail-de-groupe-300x169.jpg\" alt=\"\" width=\"300\" height=\"169\" \/><\/a><\/p>\n<p>&nbsp;<\/p>\n<h2>Ressources pour \u00e9valuer les groupes<\/h2>\n<h2><img loading=\"lazy\" decoding=\"async\" class=\"wp-image-2866 aligncenter\" src=\"https:\/\/ent2d.ac-bordeaux.fr\/disciplines\/stidev\/wp-content\/uploads\/sites\/62\/2016\/08\/Evaluer-1.jpg\" width=\"280\" height=\"245\" \/><\/h2>\n<ul style=\"margin: 0px 0px 24px 30px;padding: 0px;border: 0px;font-style: normal;font-weight: normal;font-size: 15px;line-height: inherit;font-family: 'Droid Sans', 'Helvetica Neue', 'Nimbus Sans L', sans-serif;vertical-align: baseline;color: #333333;letter-spacing: normal;text-align: start;text-indent: 0px;background-color: #ffffff\">\n<li><a href=\"http:\/\/sti.ac-bordeaux.fr\/techno\/docsp2016\/wgroupe.pptx\" target=\"_blank\" rel=\"noopener\">Diaporama : la p\u00e9dagogie de travail de groupes\u00a0<\/a><\/li>\n<li><a title=\"[odt - 23488 B]\" href=\"http:\/\/sti.ac-bordeaux.fr\/techno\/j8\/carnet_de_bord.odt\" target=\"_blank\" rel=\"noopener\">JOURNAL DE BORD : Planification<\/a><span class=\"exe-link-data file-size\">\u00a0<\/span><\/li>\n<li><a title=\"[odt - 27338 B]\" href=\"http:\/\/sti.ac-bordeaux.fr\/techno\/j8\/Criteres_evaluation.odt\" target=\"_blank\" rel=\"noopener\">\u00c9VALUATION du GROUPE : Crit\u00e8res d\u2019\u00e9valuation<\/a><span class=\"exe-link-data file-size\">\u00a0<\/span><\/li>\n<li><a title=\"[odt - 30624 B]\" href=\"http:\/\/sti.ac-bordeaux.fr\/techno\/j8\/evaluer_mon_travail_dans_le_groupe.odt\" target=\"_blank\" rel=\"noopener\">Auto\u00e9valuer mon travail dans le groupe<\/a><span class=\"exe-link-data file-size\">\u00a0<\/span><\/li>\n<li><a title=\"[odt - 23678 B]\" href=\"http:\/\/sti.ac-bordeaux.fr\/techno\/j8\/roles_quand_et_quoi_evaluer.odt\" target=\"_blank\" rel=\"noopener\">Livret d\u2019\u00e9valuation du groupe : D\u00e9finition des r\u00f4les<\/a><\/li>\n<li><a title=\"[odt - 33240 B]\" href=\"http:\/\/sti.ac-bordeaux.fr\/techno\/j8\/evaluation_restitution_orale.odt\" target=\"_blank\" rel=\"noopener\">\u00c9valuation par les PAIRS de la restitution orale<\/a><\/li>\n<\/ul>\n<p>&nbsp;<\/p>\n<hr \/>\n<hr \/>\n<h2><strong>DNB &#8211; Infographie 2018<\/strong><\/h2>\n<p style=\"text-align: center\"><a href=\"https:\/\/ent2d.ac-bordeaux.fr\/disciplines\/stidev\/wp-content\/uploads\/sites\/62\/2018\/01\/2018_dnb_brevet_infog_875396.jpg\" target=\"_blank\" rel=\"noopener\"><img loading=\"lazy\" decoding=\"async\" class=\"alignnone size-medium wp-image-6146\" src=\"https:\/\/ent2d.ac-bordeaux.fr\/disciplines\/stidev\/wp-content\/uploads\/sites\/62\/2018\/01\/Infographie_2018_dnb_brevet_infog_875396-300x235.jpg\" alt=\"\" width=\"300\" height=\"235\" \/><\/a><\/p>\n<p style=\"text-align: center\"><a href=\"http:\/\/www.education.gouv.fr\/cid2619\/le-diplome-national-du-brevet.html\" target=\"_blank\" rel=\"noopener\">Informations sur le DNB 2018 sur Education.gouv.fr<\/a><\/p>\n<h2><\/h2>\n<h2><strong>DNB &#8211; Sujets officiels de Technologie<\/strong><\/h2>\n<p style=\"text-align: center\"><a href=\"https:\/\/ent2d.ac-bordeaux.fr\/disciplines\/sti\/dnb-sujet-officiels\/\"><img loading=\"lazy\" decoding=\"async\" class=\"alignnone wp-image-6526 size-large\" src=\"https:\/\/ent2d.ac-bordeaux.fr\/disciplines\/stidev\/wp-content\/uploads\/sites\/62\/2018\/07\/InfographieSujetsBrevet-1024x580.jpg\" alt=\"\" width=\"1024\" height=\"580\" \/><\/a><\/p>\n<div class=\"field-item even\">\n<p>Liste des sujets d&#8217;entrainement (sujets z\u00e9ros) et sujets effectifs des sessions du DNB pass\u00e9es pour les s\u00e9ries coll\u00e8ges et s\u00e9ries professionnelles.<\/p>\n<\/div>\n","protected":false},"excerpt":{"rendered":"<p>Pour vous informer\u00a0sur\u00a0les outils\u00a0pour \u00e9valuer les \u00e9l\u00e8ves aux Cycle 3 et 4\u00a0dans l&#8217;acad\u00e9mie de Bordeaux\u00a0pour la rentr\u00e9e 2017 Evaluer\u00a0au coll\u00e8ge &nbsp; \u00c9valuation et LSU https:\/\/ent2d.ac-bordeaux.fr\/disciplines\/sti\/2017\/08\/23\/menus-daide-a-la-saisie-disponibles-dans-lapplication-lsu-college\/ \u00c9valuer au Cycle 3 Afin &#8230;<\/p>\n","protected":false},"author":211,"featured_media":0,"parent":0,"menu_order":0,"comment_status":"closed","ping_status":"closed","template":"","meta":{"footnotes":""},"class_list":["post-3698","page","type-page","status-publish","hentry"],"_links":{"self":[{"href":"https:\/\/ent2d.ac-bordeaux.fr\/disciplines\/sti\/wp-json\/wp\/v2\/pages\/3698","targetHints":{"allow":["GET"]}}],"collection":[{"href":"https:\/\/ent2d.ac-bordeaux.fr\/disciplines\/sti\/wp-json\/wp\/v2\/pages"}],"about":[{"href":"https:\/\/ent2d.ac-bordeaux.fr\/disciplines\/sti\/wp-json\/wp\/v2\/types\/page"}],"author":[{"embeddable":true,"href":"https:\/\/ent2d.ac-bordeaux.fr\/disciplines\/sti\/wp-json\/wp\/v2\/users\/211"}],"replies":[{"embeddable":true,"href":"https:\/\/ent2d.ac-bordeaux.fr\/disciplines\/sti\/wp-json\/wp\/v2\/comments?post=3698"}],"version-history":[{"count":0,"href":"https:\/\/ent2d.ac-bordeaux.fr\/disciplines\/sti\/wp-json\/wp\/v2\/pages\/3698\/revisions"}],"wp:attachment":[{"href":"https:\/\/ent2d.ac-bordeaux.fr\/disciplines\/sti\/wp-json\/wp\/v2\/media?parent=3698"}],"curies":[{"name":"wp","href":"https:\/\/api.w.org\/{rel}","templated":true}]}}