{"id":3687,"date":"2017-09-25T02:32:15","date_gmt":"2017-09-25T00:32:15","guid":{"rendered":"http:\/\/blogacabdx.ac-bordeaux.fr\/ressii\/?page_id=3687"},"modified":"2017-09-25T02:32:15","modified_gmt":"2017-09-25T00:32:15","slug":"2-3-4-structures-porteuses","status":"publish","type":"page","link":"https:\/\/ent2d.ac-bordeaux.fr\/disciplines\/sti\/sti2d\/tc\/2-3-4-structures-porteuses\/","title":{"rendered":"2.3.4 Structures porteuses"},"content":{"rendered":"<h6><span style=\"font-family: arial,helvetica,sans-serif\"><strong><span style=\"text-decoration: underline\">Fiche connaissance vid\u00e9o\u00a0 : <span style=\"color: #000000;text-decoration: underline\">TC 2.3.4.1 Aspects vibratoires<br \/>\n<\/span><\/span><\/strong><\/span><\/h6>\n<p style=\"text-align: left\"><span style=\"font-family: arial,helvetica,sans-serif\"><strong><span style=\"text-decoration: underline\">R\u00e9f\u00e9rences aux programmes<\/span><br \/>\n<\/strong><\/span><\/p>\n<h6 style=\"padding-left: 90px\"><em><span style=\"font-family: arial,helvetica,sans-serif\">Aspects vibratoires<\/span><\/em><\/h6>\n<p>&nbsp;<\/p>\n<hr \/>\n<p><strong><span style=\"text-decoration: underline\">T\u00e9l\u00e9chargements<\/span>\u00a0\u00a0\u00a0 <\/strong>&#8220;Aspects vibratoires&#8221;<strong><br \/>\n<\/strong><\/p>\n<p>&nbsp;<\/p>\n<table style=\"width: 770px;height: 100px\" border=\"0\" cellspacing=\"1\" cellpadding=\"1\">\n<tbody>\n<tr>\n<td style=\"width: 180px\"><img loading=\"lazy\" decoding=\"async\" class=\"alignnone\" src=\"https:\/\/ent2d.ac-bordeaux.fr\/disciplines\/stidev\/wp-content\/uploads\/sites\/62\/2015\/04\/doc.jpg\" alt=\"\" width=\"50\" height=\"49\" \/> <span style=\"font-size: 12px\">A venir<br \/>\n<\/span><\/td>\n<td style=\"width: 180px\"><img loading=\"lazy\" decoding=\"async\" class=\"alignnone wp-image-38\" src=\"https:\/\/ent2d.ac-bordeaux.fr\/disciplines\/stidev\/wp-content\/uploads\/sites\/62\/2015\/03\/logoVideo2.jpg\" alt=\"logoVideo2\" width=\"50\" height=\"51\" \/>Format vid\u00e9o Mp4<\/td>\n<td class=\"alignnone\" style=\"width: 180px\"><img loading=\"lazy\" decoding=\"async\" class=\"alignnone wp-image-296\" src=\"https:\/\/ent2d.ac-bordeaux.fr\/disciplines\/stidev\/wp-content\/uploads\/sites\/62\/2015\/03\/logoWebM2.jpg\" alt=\"logoWebM2\" width=\"50\" height=\"51\" \/>Format Web-M<\/td>\n<td style=\"width: 180px\"><img loading=\"lazy\" decoding=\"async\" class=\"alignnone wp-image-35\" src=\"https:\/\/ent2d.ac-bordeaux.fr\/disciplines\/stidev\/wp-content\/uploads\/sites\/62\/2015\/03\/logoWebMedia2.jpg\" alt=\"logoWebMedia2\" width=\"50\" height=\"51\" \/> <span style=\"font-size: 12px\">Format webm\u00e9dia S\u00e9quenc\u00e9<\/span><\/td>\n<\/tr>\n<\/tbody>\n<\/table>\n<hr \/>\n<p style=\"text-align: center\"><div><iframe loading=\"lazy\" frameborder=\"0\" width=\"770\" height=\"483.54838709677\" src=\"https:\/\/ent2d.ac-bordeaux.fr\/mediacad\/m\/11532\/d\/i\" webkitAllowFullScreen=\"true\" mozallowfullscreen=\"true\" allowFullScreen=\"true\" ><\/iframe><\/div><\/p>\n<hr \/>\n<h6><span style=\"font-family: arial,helvetica,sans-serif\"><strong><span style=\"text-decoration: underline\">Fiche connaissance vid\u00e9o\u00a0 : <span style=\"color: #000000;text-decoration: underline\">TC 2.3.4.2 Transfert de charges<br \/>\n<\/span><\/span><\/strong><\/span><\/h6>\n<p><span style=\"text-decoration: underline\"><strong>R\u00e9f\u00e9rences aux programmes<\/strong><\/span><\/p>\n<h6 style=\"text-align: left;padding-left: 90px\"><em><span style=\"font-family: arial,helvetica,sans-serif\">Transfert de charges<\/span><\/em><\/h6>\n<p>&nbsp;<\/p>\n<hr \/>\n<p><strong><span style=\"text-decoration: underline\">T\u00e9l\u00e9chargements<\/span>\u00a0\u00a0 <\/strong>&#8220;Transfert de charges&#8221;<strong><br \/>\n<\/strong><\/p>\n<table style=\"width: 770px;height: 100px\" border=\"0\" cellspacing=\"1\" cellpadding=\"1\">\n<tbody>\n<tr>\n<td style=\"width: 180px\"><img loading=\"lazy\" decoding=\"async\" class=\"alignnone\" src=\"https:\/\/ent2d.ac-bordeaux.fr\/disciplines\/stidev\/wp-content\/uploads\/sites\/62\/2015\/04\/doc.jpg\" width=\"50\" height=\"49\" \/> <span style=\"font-size: 12px\">A venir<br \/>\n<\/span><\/td>\n<td style=\"width: 180px\"><a href=\"https:\/\/ent2d.ac-bordeaux.fr\/mediacad\/pr\/media\/display\/m\/6704\/e\/mp4\/d\/d\" target=\"_blank\" rel=\"noopener\"><img loading=\"lazy\" decoding=\"async\" class=\"alignnone wp-image-38\" src=\"https:\/\/ent2d.ac-bordeaux.fr\/disciplines\/stidev\/wp-content\/uploads\/sites\/62\/2015\/03\/logoVideo2.jpg\" alt=\"logoVideo2\" width=\"50\" height=\"51\" \/>Format vid\u00e9o Mp4<\/a><\/td>\n<td style=\"width: 180px\"><a href=\"https:\/\/ent2d.ac-bordeaux.fr\/mediacad\/pr\/media\/display\/m\/6704\/e\/webm\/d\/d\" target=\"_blank\" rel=\"noopener\"><img loading=\"lazy\" decoding=\"async\" class=\"alignnone wp-image-296\" src=\"https:\/\/ent2d.ac-bordeaux.fr\/disciplines\/stidev\/wp-content\/uploads\/sites\/62\/2015\/03\/logoWebM2.jpg\" alt=\"logoWebM2\" width=\"50\" height=\"51\" \/>Format Web-M<\/a><\/td>\n<td style=\"width: 180px\"><a href=\"sti.ac-bordeaux.fr\/sti\/sti2d\/webmedia\/TC2.3.4.2_structure_porteuse\" target=\"_blank\" rel=\"noopener\"><img loading=\"lazy\" decoding=\"async\" class=\"alignnone wp-image-35\" src=\"https:\/\/ent2d.ac-bordeaux.fr\/disciplines\/stidev\/wp-content\/uploads\/sites\/62\/2015\/03\/logoWebMedia2.jpg\" alt=\"logoWebMedia2\" width=\"50\" height=\"51\" \/><\/a> <span style=\"font-size: 12px\"><a href=\"http:\/\/sti.ac-bordeaux.fr\/sti\/sti2d\/webmedia\/TC2.3.4.2_structure_porteuse\/co\/sequence_TC_2_3_4_2_Descente_de_charges.html\" target=\"_blank\" rel=\"noopener\">Format webm\u00e9dia S\u00e9quenc\u00e9<\/a><\/span><\/td>\n<\/tr>\n<\/tbody>\n<\/table>\n<hr \/>\n<p style=\"text-align: center\"><div><iframe loading=\"lazy\" frameborder=\"0\" width=\"770\" height=\"483.54838709677\" src=\"https:\/\/ent2d.ac-bordeaux.fr\/mediacad\/m\/6704\/d\/i\" webkitAllowFullScreen=\"true\" mozallowfullscreen=\"true\" allowFullScreen=\"true\" ><\/iframe><\/div><\/p>\n<hr \/>\n<p>&nbsp;<\/p>\n","protected":false},"excerpt":{"rendered":"<p>Fiche connaissance vid\u00e9o\u00a0 : TC 2.3.4.1 Aspects vibratoires R\u00e9f\u00e9rences aux programmes Aspects vibratoires &nbsp; T\u00e9l\u00e9chargements\u00a0\u00a0\u00a0 &#8220;Aspects vibratoires&#8221; &nbsp; A venir Format vid\u00e9o Mp4 Format Web-M Format webm\u00e9dia S\u00e9quenc\u00e9 Fiche connaissance &#8230;<\/p>\n","protected":false},"author":211,"featured_media":0,"parent":751,"menu_order":0,"comment_status":"closed","ping_status":"closed","template":"","meta":{"footnotes":""},"class_list":["post-3687","page","type-page","status-publish","hentry"],"_links":{"self":[{"href":"https:\/\/ent2d.ac-bordeaux.fr\/disciplines\/sti\/wp-json\/wp\/v2\/pages\/3687","targetHints":{"allow":["GET"]}}],"collection":[{"href":"https:\/\/ent2d.ac-bordeaux.fr\/disciplines\/sti\/wp-json\/wp\/v2\/pages"}],"about":[{"href":"https:\/\/ent2d.ac-bordeaux.fr\/disciplines\/sti\/wp-json\/wp\/v2\/types\/page"}],"author":[{"embeddable":true,"href":"https:\/\/ent2d.ac-bordeaux.fr\/disciplines\/sti\/wp-json\/wp\/v2\/users\/211"}],"replies":[{"embeddable":true,"href":"https:\/\/ent2d.ac-bordeaux.fr\/disciplines\/sti\/wp-json\/wp\/v2\/comments?post=3687"}],"version-history":[{"count":0,"href":"https:\/\/ent2d.ac-bordeaux.fr\/disciplines\/sti\/wp-json\/wp\/v2\/pages\/3687\/revisions"}],"up":[{"embeddable":true,"href":"https:\/\/ent2d.ac-bordeaux.fr\/disciplines\/sti\/wp-json\/wp\/v2\/pages\/751"}],"wp:attachment":[{"href":"https:\/\/ent2d.ac-bordeaux.fr\/disciplines\/sti\/wp-json\/wp\/v2\/media?parent=3687"}],"curies":[{"name":"wp","href":"https:\/\/api.w.org\/{rel}","templated":true}]}}