{"id":3654,"date":"2017-09-25T02:31:40","date_gmt":"2017-09-25T00:31:40","guid":{"rendered":"http:\/\/blogacabdx.ac-bordeaux.fr\/ressii\/?page_id=3654"},"modified":"2017-09-25T02:31:40","modified_gmt":"2017-09-25T00:31:40","slug":"2-1-1-organisation-fonctionnelle-dune-chaine-denergie","status":"publish","type":"page","link":"https:\/\/ent2d.ac-bordeaux.fr\/disciplines\/sti\/sti2d\/tc\/2-1-1-organisation-fonctionnelle-dune-chaine-denergie\/","title":{"rendered":"2.1.1 Organisation fonctionnelle d\u2019une cha\u00eene d\u2019\u00e9nergie"},"content":{"rendered":"<p><span style=\"font-family: arial,helvetica,sans-serif\"><strong><span style=\"text-decoration: underline\">Fiche connaissance vid\u00e9o\u00a0 : <span style=\"color: #000000;text-decoration: underline\">TC 2.1.1 Organisation fonctionnelle d\u2019une cha\u00eene d\u2019\u00e9nergie<br \/>\n<\/span><\/span><\/strong><\/span><\/p>\n<p style=\"text-align: left\"><span style=\"font-family: arial,helvetica,sans-serif\"><strong><span style=\"text-decoration: underline\">R\u00e9f\u00e9rences aux programmes<\/span><\/strong><\/span><\/p>\n<h6 style=\"padding-left: 90px\"><em><span style=\"font-family: arial,helvetica,sans-serif\">Caract\u00e9risation des fonctions relatives \u00e0 l\u2019\u00e9nergie : production, transport, distribution, stockage, transformation, modulation.<\/span><\/em><\/h6>\n<p>&nbsp;<\/p>\n<hr \/>\n<p><strong><span style=\"text-decoration: underline\">T\u00e9l\u00e9chargements<\/span><br \/>\n<\/strong><\/p>\n<table style=\"width: 770px;height: 100px\" border=\"0\" cellspacing=\"1\" cellpadding=\"1\">\n<tbody>\n<tr>\n<td style=\"width: 181.25px\"><img loading=\"lazy\" decoding=\"async\" class=\"alignnone wp-image-778 size-full\" src=\"https:\/\/ent2d.ac-bordeaux.fr\/disciplines\/stidev\/wp-content\/uploads\/sites\/62\/2015\/04\/doc.jpg\" alt=\"\" width=\"50\" height=\"49\" \/> <span style=\"font-size: 12px\">A venir<br \/>\n<\/span><\/td>\n<td style=\"width: 181.25px\"><a href=\"https:\/\/ent2d.ac-bordeaux.fr\/mediacad\/pr\/media\/display\/m\/4231\/e\/mp4\/d\/d\" target=\"_blank\" rel=\"noopener\"><img loading=\"lazy\" decoding=\"async\" class=\"alignnone wp-image-38\" src=\"https:\/\/ent2d.ac-bordeaux.fr\/disciplines\/stidev\/wp-content\/uploads\/sites\/62\/2015\/03\/logoVideo2.jpg\" alt=\"logoVideo2\" width=\"50\" height=\"51\" \/><\/a>Format vid\u00e9o Mp4<\/td>\n<td style=\"width: 181.25px\"><a href=\"https:\/\/ent2d.ac-bordeaux.fr\/mediacad\/pr\/media\/display\/m\/4231\/e\/webm\/d\/d\" target=\"_blank\" rel=\"noopener\"><img loading=\"lazy\" decoding=\"async\" class=\"alignnone wp-image-296\" src=\"https:\/\/ent2d.ac-bordeaux.fr\/disciplines\/stidev\/wp-content\/uploads\/sites\/62\/2015\/03\/logoWebM2.jpg\" alt=\"logoWebM2\" width=\"50\" height=\"51\" \/><\/a>Format Web-M<\/td>\n<td style=\"width: 181.25px\"><a href=\"http:\/\/sti.ac-bordeaux.fr\/sti\/sti2d\/webmedia\/TC_2.1.1chaine_energie\" target=\"_blank\" rel=\"noopener\"><img loading=\"lazy\" decoding=\"async\" class=\"alignnone wp-image-35\" src=\"https:\/\/ent2d.ac-bordeaux.fr\/disciplines\/stidev\/wp-content\/uploads\/sites\/62\/2015\/03\/logoWebMedia2.jpg\" alt=\"logoWebMedia2\" width=\"50\" height=\"51\" \/> <span style=\"font-size: 12px\">Format webm\u00e9dia S\u00e9quenc\u00e9<\/span><\/a><\/td>\n<\/tr>\n<\/tbody>\n<\/table>\n<hr \/>\n<p style=\"text-align: center\"><div><iframe loading=\"lazy\" frameborder=\"0\" width=\"770\" height=\"483.54838709677\" src=\"https:\/\/ent2d.ac-bordeaux.fr\/mediacad\/m\/4231\/d\/i\" webkitAllowFullScreen=\"true\" mozallowfullscreen=\"true\" allowFullScreen=\"true\" ><\/iframe><\/div><\/p>\n<hr \/>\n<p>&nbsp;<\/p>\n","protected":false},"excerpt":{"rendered":"<p>Fiche connaissance vid\u00e9o\u00a0 : TC 2.1.1 Organisation fonctionnelle d\u2019une cha\u00eene d\u2019\u00e9nergie R\u00e9f\u00e9rences aux programmes Caract\u00e9risation des fonctions relatives \u00e0 l\u2019\u00e9nergie : production, transport, distribution, stockage, transformation, modulation. &nbsp; T\u00e9l\u00e9chargements A &#8230;<\/p>\n","protected":false},"author":211,"featured_media":0,"parent":751,"menu_order":0,"comment_status":"closed","ping_status":"closed","template":"","meta":{"footnotes":""},"class_list":["post-3654","page","type-page","status-publish","hentry"],"_links":{"self":[{"href":"https:\/\/ent2d.ac-bordeaux.fr\/disciplines\/sti\/wp-json\/wp\/v2\/pages\/3654","targetHints":{"allow":["GET"]}}],"collection":[{"href":"https:\/\/ent2d.ac-bordeaux.fr\/disciplines\/sti\/wp-json\/wp\/v2\/pages"}],"about":[{"href":"https:\/\/ent2d.ac-bordeaux.fr\/disciplines\/sti\/wp-json\/wp\/v2\/types\/page"}],"author":[{"embeddable":true,"href":"https:\/\/ent2d.ac-bordeaux.fr\/disciplines\/sti\/wp-json\/wp\/v2\/users\/211"}],"replies":[{"embeddable":true,"href":"https:\/\/ent2d.ac-bordeaux.fr\/disciplines\/sti\/wp-json\/wp\/v2\/comments?post=3654"}],"version-history":[{"count":0,"href":"https:\/\/ent2d.ac-bordeaux.fr\/disciplines\/sti\/wp-json\/wp\/v2\/pages\/3654\/revisions"}],"up":[{"embeddable":true,"href":"https:\/\/ent2d.ac-bordeaux.fr\/disciplines\/sti\/wp-json\/wp\/v2\/pages\/751"}],"wp:attachment":[{"href":"https:\/\/ent2d.ac-bordeaux.fr\/disciplines\/sti\/wp-json\/wp\/v2\/media?parent=3654"}],"curies":[{"name":"wp","href":"https:\/\/api.w.org\/{rel}","templated":true}]}}