{"id":3277,"date":"2016-09-11T08:01:04","date_gmt":"2016-09-11T07:01:04","guid":{"rendered":"http:\/\/blogacabdx.ac-bordeaux.fr\/ressii\/?page_id=3277"},"modified":"2016-09-11T08:01:04","modified_gmt":"2016-09-11T07:01:04","slug":"participer","status":"publish","type":"page","link":"https:\/\/ent2d.ac-bordeaux.fr\/disciplines\/sti\/participer\/","title":{"rendered":"Participer"},"content":{"rendered":"<p><strong>Pour\u00a0se tenir au courant et participer aux\u00a0actions et concours de l&#8217;Acad\u00e9mie de Bordeaux<\/strong><\/p>\n<hr \/>\n<h2 style=\"text-align: right\">&gt; <span style=\"text-decoration: underline\">CONCOURS en AQUITAINE<\/span><\/h2>\n<hr \/>\n<h1 class=\"post-title entry-title\">Concours robotique acad\u00e9mique RoboCup<\/h1>\n<div class=\"post-meta clearfix\">\n<p class=\"edit-post\">(<a class=\"post-edit-link\" href=\"https:\/\/ent2d.ac-bordeaux.fr\/disciplines\/sti\/wp-admin\/post.php?post=5946&amp;action=edit\">Modifier Page<\/a>)<\/p>\n<div class=\"post-meta clearfix\">\n<p style=\"text-align: center\"><strong>Ce concours s\u2019adresse aux jeunes de 13 \u00e0 18 ans, son ancrage est \u00e0 vis\u00e9e interdisciplinaire (SII, Technologie, Math\u00e9matiques, Musique, Arts plastiques, etc.), il s\u2019int\u00e8gre aussi dans la construction du Parcours Avenir de l\u2019\u00e9l\u00e8ve avec l\u2019objectif de d\u00e9velopper son sens de l\u2019engagement et de l\u2019initiative.<\/strong><\/p>\n<h1 class=\"post-title entry-title\" style=\"text-align: center\"><a href=\"https:\/\/dane.ac-bordeaux.fr\/robotique\/inscription-2018-2019\/\" target=\"_blank\" rel=\"noopener\"><img loading=\"lazy\" decoding=\"async\" class=\"alignnone\" src=\"https:\/\/ent2d.ac-bordeaux.fr\/disciplines\/stidev\/wp-content\/uploads\/sites\/62\/2018\/10\/Inscription_Robocup_Junior_2019.jpg\" alt=\"\" width=\"300\" height=\"256\" \/><\/a><\/h1>\n<h3 style=\"text-align: center\"><a href=\"https:\/\/dane.ac-bordeaux.fr\/robotique\/robocupjunior\/\" target=\"_blank\" rel=\"noopener\">Pr\u00e9sentation et r\u00e8glements de la Robocup Junior 2019<\/a><\/h3>\n<h3 style=\"text-align: center\"><strong><a href=\"https:\/\/dane.ac-bordeaux.fr\/robotique\/inscription-2018-2019\/\" target=\"_blank\" rel=\"noopener\">Inscription \u00e0 la Robocup Junior 2018\/2019<\/a><\/strong><\/h3>\n<h3 style=\"text-align: center\"><a href=\"https:\/\/dane.ac-bordeaux.fr\/robotique\/robocup-edition-2018\/\" target=\"_blank\" rel=\"noopener\">Robocup Edition 2018<\/a><\/h3>\n<p style=\"text-align: center\"><a href=\"https:\/\/dane.ac-bordeaux.fr\/robotique\/wp-content\/uploads\/sites\/7\/2018\/10\/re%CC%80glement_concours_ROBOCUP_BDX_2019.pdf\" target=\"_blank\" rel=\"noopener\"><img loading=\"lazy\" decoding=\"async\" class=\"alignnone\" src=\"https:\/\/dane.ac-bordeaux.fr\/robotique\/wp-content\/uploads\/sites\/7\/2018\/10\/reglement-205x300.png\" alt=\"\" width=\"205\" height=\"300\" \/><\/a><\/p>\n<div class=\"entry-content clearfix\">\n<p><img loading=\"lazy\" decoding=\"async\" class=\"wp-image-6035 size-full aligncenter\" src=\"https:\/\/ent2d.ac-bordeaux.fr\/disciplines\/stidev\/wp-content\/uploads\/sites\/62\/2017\/10\/entete_concours_robotique1.png\" alt=\"\" width=\"660\" height=\"161\" \/><\/p>\n<h2><\/h2>\n<\/div>\n<\/div>\n<p>&nbsp;<\/p>\n<div class=\"entry-content clearfix\">\n<hr \/>\n<h3>\u00a0Troph\u00e9e Weidmann &#8211; Pour les ing\u00e9nieurs de demain<\/h3>\n<\/div>\n<p>&nbsp;<\/p>\n<p><img loading=\"lazy\" decoding=\"async\" class=\"alignleft wp-image-3281 \" src=\"https:\/\/ent2d.ac-bordeaux.fr\/disciplines\/stidev\/wp-content\/uploads\/sites\/62\/2016\/09\/AfficheAerokit-200x300.jpg\" width=\"217\" height=\"326\" \/>Lanc\u00e9 l&#8217;ann\u00e9e scolaire 2013-14, le <strong>Troph\u00e9e Weidmann<\/strong> s\u2019inscrit dans un <strong>projet a\u00e9ronautique global<\/strong> qui s\u2019articule autour de <strong>trois axes<\/strong> :<\/p>\n<p>\u2022 une <strong>d\u00e9couverte du monde de l\u2019a\u00e9ronautique<\/strong> au coll\u00e8ge avec cette mallette (Cette mallette p\u00e9dagogique s\u2019adresse aux \u00e9l\u00e8ves de 3\u00e8me, classe d\u00e9cisive pour l\u2019orientation)\u00a0;<\/p>\n<p>\u2022 <strong>l\u2019\u00e9tude d\u2019un simulateur de vol<\/strong> au lyc\u00e9e pour des \u00e9l\u00e8ves de STI2D et pour des \u00e9tudiants de Classes Pr\u00e9paratoires aux Grandes \u00c9coles ;<\/p>\n<p>\u2022 un <strong>concours<\/strong> orient\u00e9 vers la <strong>mise en \u0153uvre<\/strong> et le <strong>pilotage<\/strong> de <strong>mod\u00e8les r\u00e9duits d\u2019a\u00e9ronefs<\/strong>.<\/p>\n<p><strong>Partenaires actuellement engag\u00e9s dans le projet<\/strong> : GIFAS, Le CESA &#8211; Centre d\u2019Essais et de Services d\u00e9di\u00e9 aux essais en vol et au d\u00e9veloppement de syst\u00e8mes Autonomes, AIRBUS Defence and Space, fondation groupe AIRBUS, Technowest, Association a\u00e9ronautique d\u2019Aquitaine : les planeurs de Bordeaux Montesquieu, Association a\u00e9ronautique en milieu scolaire en aquitaine, Bordeaux Aquitaine A\u00e9ronautique et Spatial : membres de l\u2019association.<\/p>\n<p><span style=\"color: #ff0000\">En savoir plus &#8230;\u00a0<\/span><\/p>\n<p><strong style=\"font-size: 16px\"><span style=\"color: #800080\"><a style=\"color: #074d7c;cursor: pointer\" href=\"https:\/\/ent2d.ac-bordeaux.fr\/disciplines\/sti\/2017\/08\/28\/drones\/\" target=\"_blank\" rel=\"noopener noreferrer\">Acc\u00e8s aux ressources du concours<\/a><\/span><\/strong><\/p>\n<p>&nbsp;<\/p>\n<hr \/>\n<h3>\u00a0<a id=\"challenge\"><\/a>Challenges robotiques dans l&#8217;acad\u00e9mie de Bordeaux<\/h3>\n<blockquote class=\"wp-embedded-content\" data-secret=\"7QC0y4aXqJ\"><p><a href=\"https:\/\/ent2d.ac-bordeaux.fr\/disciplines\/sti\/participer\/robocup_aca_bdx\/\">Concours robotique acad\u00e9mique RoboCup<\/a><\/p><\/blockquote>\n<p><iframe loading=\"lazy\" class=\"wp-embedded-content\" sandbox=\"allow-scripts\" security=\"restricted\" style=\"position: absolute; clip: rect(1px, 1px, 1px, 1px);\" src=\"https:\/\/ent2d.ac-bordeaux.fr\/disciplines\/sti\/participer\/robocup_aca_bdx\/embed\/#?secret=7QC0y4aXqJ\" data-secret=\"7QC0y4aXqJ\" width=\"600\" height=\"338\" title=\"\u00ab\u00a0Concours robotique acad\u00e9mique RoboCup\u00a0\u00bb &#8212; Portail SII Bordeaux\" frameborder=\"0\" marginwidth=\"0\" marginheight=\"0\" scrolling=\"no\"><\/iframe><\/p>\n<p>https:\/\/ent2d.ac-bordeaux.fr\/disciplines\/sti\/2018\/02\/07\/challenge-robotique-claveille\/<\/p>\n<p>&nbsp;<\/p>\n<p>https:\/\/ent2d.ac-bordeaux.fr\/disciplines\/sti\/2017\/11\/08\/challenge-robotique-zap-dordogne-est\/<\/p>\n<p>&nbsp;<\/p>\n<p>https:\/\/ent2d.ac-bordeaux.fr\/disciplines\/sti\/2018\/01\/21\/challenge_3303\/<\/p>\n<p>https:\/\/ent2d.ac-bordeaux.fr\/disciplines\/sti\/2018\/01\/29\/challenge-robotique-zap-agen\/<\/p>\n<p>https:\/\/ent2d.ac-bordeaux.fr\/disciplines\/sti\/2018\/02\/17\/challenge-robotique-zap-marmande\/<\/p>\n<p>&nbsp;<\/p>\n<p>&nbsp;<\/p>\n<p>&nbsp;<\/p>\n<hr \/>\n<h2 class=\"page-title\" style=\"text-align: right\"><a id=\"batissiel\"><\/a>&gt; <span style=\"text-decoration: underline\">CONCOURS NATIONAUX<\/span><\/h2>\n<hr \/>\n<p><a title=\"Batissiel\" href=\"http:\/\/batissiel.information-education.org\/\" target=\"_blank\" rel=\"noopener noreferrer\"><img loading=\"lazy\" decoding=\"async\" class=\"alignnone wp-image-4995 size-medium\" src=\"https:\/\/ent2d.ac-bordeaux.fr\/disciplines\/stidev\/wp-content\/uploads\/sites\/62\/2016\/09\/batissiel-300x149.jpg\" alt=\"\" width=\"300\" height=\"149\" \/><\/a><\/p>\n<h3><strong><a href=\"http:\/\/batissiel.information-education.org\/\" target=\"_blank\" rel=\"noopener\">Concours BATISSIEL PLUS <\/a><\/strong><\/h3>\n<header><\/header>\n<header class=\"entry-header\"><span class=\"st\">Initi\u00e9 en 2004 par le Minist\u00e8re de l\u2019Education Nationale et Cimb\u00e9ton, le concours a v\u00e9ritablement pris son essor avec l\u2019implication de la F\u00e9d\u00e9ration Fran\u00e7aise du B\u00e2timent. Il fait d\u00e9sormais l\u2019objet d\u2019un partenariat entre le Minist\u00e8re de l\u2019Education Nationale, la fondation Ecole Fran\u00e7aise du B\u00e9ton, la F\u00e9d\u00e9ration Fran\u00e7aise du B\u00e2timent, la fondation SMA Excellence, le CCCA-BTP l\u2019ADEME et la Fondation BTP PLUS.<br \/>\nSon d\u00e9veloppement a \u00e9t\u00e9 accentu\u00e9 avec la parution du nouveau programme de technologie au coll\u00e8ge en 2008 et l\u2019ouverture aux classes de STI 2D et S-SI du cycle terminal des lyc\u00e9es en 2014. Le concours Batissiel est ouvert pour la 14\u00e8me ann\u00e9e cons\u00e9cutive. Il porte dor\u00e9navant sur les \u00ab territoires intelligents \u00bb durables et connect\u00e9s et il s\u2019ouvre \u00e0 l\u2019enseignement sup\u00e9rieur.<br \/>\nEn 2017, 27 acad\u00e9mies ont particip\u00e9. Tous les \u00e9l\u00e8ves des classes finalistes ont re\u00e7u un lot individuel et les \u00e9tablissements ont \u00e9t\u00e9 dot\u00e9s d\u2019outils multim\u00e9dia permettant une \u00e9volution de leur pratiques p\u00e9dagogiques : tablettes num\u00e9riques, ordinateurs tablette, ordinateurs portables\u2026\u00a0<\/span><\/header>\n<p>&nbsp;<\/p>\n<hr \/>\n<h3 class=\"entry-header\"><strong>Concours CAPEB : Concours Conjuguez les M\u00e9tiers du B\u00e2timent au F\u00e9minin\u00a0!<\/strong><\/h3>\n<div class=\"entry-summary\">\n<p><a href=\"http:\/\/www.capeb.fr\/presentation_concours\/\"><img loading=\"lazy\" decoding=\"async\" class=\"alignright wp-image-3266\" src=\"https:\/\/ent2d.ac-bordeaux.fr\/disciplines\/stidev\/wp-content\/uploads\/sites\/62\/2016\/09\/concours_CAPEB.jpg\" alt=\"concours_CAPEB\" width=\"235\" height=\"156\" \/><\/a>Depuis plusieurs ann\u00e9es, la CAPEB se mobilise pour favoriser l\u2019acc\u00e8s des femmes aux m\u00e9tiers du b\u00e2timent.<\/p>\n<ul>\n<li class=\"chapo\"><a href=\"http:\/\/www.capeb.fr\/presentation_concours\/\">Pr\u00e9sentation<\/a><\/li>\n<li class=\"number2 pair \">\n<div class=\"titre\"><a href=\"http:\/\/www.capeb.fr\/inscription\/\">Inscription<\/a><\/div>\n<\/li>\n<\/ul>\n<\/div>\n<p>&nbsp;<\/p>\n<p>&nbsp;<\/p>\n<p>&nbsp;<\/p>\n<p>&nbsp;<\/p>\n<hr \/>\n<p><a href=\"https:\/\/ent2d.ac-bordeaux.fr\/disciplines\/stidev\/wp-content\/uploads\/sites\/62\/2016\/09\/Cgenial2017.pdf\" target=\"_blank\" rel=\"noopener\"><img loading=\"lazy\" decoding=\"async\" class=\"alignleft wp-image-3376\" src=\"https:\/\/ent2d.ac-bordeaux.fr\/disciplines\/stidev\/wp-content\/uploads\/sites\/62\/2016\/09\/ConcoursCgenial16-17.jpg\" width=\"325\" height=\"200\" \/><\/a><\/p>\n<h3><strong>Concours\u00a0C\u00a0G\u00e9nial<\/strong><\/h3>\n<header class=\"entry-header\">LE concours scientifique national<br \/>\npour lyc\u00e9ens et coll\u00e9giens !!!<strong>Objectifs :\u00a0<\/strong>Promouvoir l&#8217;enseignement des sciences et des techniques,\u00a0Susciter des vocations scientifiques.Organis\u00e9 par &#8220;Sciences \u00e0 l&#8217;\u00c9cole&#8221;\u00a0en partenariat avec la fondation C.G\u00e9nial<a href=\"https:\/\/ent2d.ac-bordeaux.fr\/disciplines\/stidev\/wp-content\/uploads\/sites\/62\/2016\/09\/Cgenial2017.pdf\" target=\"_blank\" rel=\"noopener\">Pr\u00e9sentation de l&#8217;\u00e9dition 2016-17<\/a> &#8211; <a href=\"http:\/\/www.sciencesalecole.org\/concours-nationaux\/c-genial-2017\" target=\"_blank\" rel=\"noopener\">Site du concours<\/a> &#8211; <a href=\"https:\/\/www.cgenial.org\/\" target=\"_blank\" rel=\"noopener\">Site officiel Fondation C G\u00e9nial<\/a>\u00a0<\/header>\n<h2 class=\"entry-title\"><\/h2>\n<p>&nbsp;<\/p>\n<p>&nbsp;<\/p>\n<p>&nbsp;<\/p>\n<hr \/>\n<h2 class=\"entry-title\"><strong>Courses en cours<br \/>\n<\/strong><\/h2>\n<div class=\"row\">\n<div class=\"small-12 columns\">\n<p><a href=\"http:\/\/www.course-en-cours.com\/fr\/\" target=\"_blank\" rel=\"noopener noreferrer\"><img loading=\"lazy\" decoding=\"async\" class=\"wp-image-5001 alignleft\" src=\"https:\/\/ent2d.ac-bordeaux.fr\/disciplines\/stidev\/wp-content\/uploads\/sites\/62\/2016\/09\/courses_en_cours.jpg\" alt=\"\" width=\"184\" height=\"105\" \/><\/a><\/p>\n<p><a href=\"http:\/\/www.course-en-cours.com\/fr\/\" target=\"_blank\" rel=\"noopener noreferrer\">COURSE EN COURS<\/a> est un dispositif p\u00e9dagogique original, centr\u00e9 sur les <strong>Sciences et la Technologie<\/strong>. Durant une ann\u00e9e scolaire, des \u00e9quipes de 4 \u00e0 6 coll\u00e9giens ou lyc\u00e9ens montent leur \u00e9curie de bolide \u00e9lectrique en utilisant les m\u00eames outils et processus que les ing\u00e9nieurs et professionnels de la fili\u00e8re automobile et mobilit\u00e9s. Les participants imaginent, con\u00e7oivent, fabriquent, testent et font courir leur mini v\u00e9hicule\u00a0de course lors des \u00e9preuves r\u00e9gionales, pour acc\u00e9der \u00e0 la grande Finale Nationale.<\/p>\n<\/div>\n<p>&nbsp;<\/p>\n<\/div>\n<div class=\"small-12 large-12 medium-12 columns ico\"><\/div>\n<div class=\"small-12 medium-6 large-6 columns presentation\">\n<h4 class=\"red right\"><a href=\"http:\/\/www.course-en-cours.com\/media\/uploads\/pdf\/brochure-course-en-cours.pdf\"><span class=\"arrow red icon-1x icon-arrow\">\u00a0<\/span> <\/a><\/h4>\n<\/div>\n<div class=\"small-12 medium-5 large-5 columns reglement\"><\/div>\n<\/div>\n","protected":false},"excerpt":{"rendered":"<p>Pour\u00a0se tenir au courant et participer aux\u00a0actions et concours de l&#8217;Acad\u00e9mie de Bordeaux &gt; CONCOURS en AQUITAINE Concours robotique acad\u00e9mique RoboCup (Modifier Page) Ce concours s\u2019adresse aux jeunes de 13 &#8230;<\/p>\n","protected":false},"author":211,"featured_media":0,"parent":0,"menu_order":0,"comment_status":"closed","ping_status":"closed","template":"","meta":{"footnotes":""},"class_list":["post-3277","page","type-page","status-publish","hentry"],"_links":{"self":[{"href":"https:\/\/ent2d.ac-bordeaux.fr\/disciplines\/sti\/wp-json\/wp\/v2\/pages\/3277","targetHints":{"allow":["GET"]}}],"collection":[{"href":"https:\/\/ent2d.ac-bordeaux.fr\/disciplines\/sti\/wp-json\/wp\/v2\/pages"}],"about":[{"href":"https:\/\/ent2d.ac-bordeaux.fr\/disciplines\/sti\/wp-json\/wp\/v2\/types\/page"}],"author":[{"embeddable":true,"href":"https:\/\/ent2d.ac-bordeaux.fr\/disciplines\/sti\/wp-json\/wp\/v2\/users\/211"}],"replies":[{"embeddable":true,"href":"https:\/\/ent2d.ac-bordeaux.fr\/disciplines\/sti\/wp-json\/wp\/v2\/comments?post=3277"}],"version-history":[{"count":0,"href":"https:\/\/ent2d.ac-bordeaux.fr\/disciplines\/sti\/wp-json\/wp\/v2\/pages\/3277\/revisions"}],"wp:attachment":[{"href":"https:\/\/ent2d.ac-bordeaux.fr\/disciplines\/sti\/wp-json\/wp\/v2\/media?parent=3277"}],"curies":[{"name":"wp","href":"https:\/\/api.w.org\/{rel}","templated":true}]}}