{"id":2296,"date":"2016-07-11T14:07:30","date_gmt":"2016-07-11T13:07:30","guid":{"rendered":"http:\/\/blogacabdx.ac-bordeaux.fr\/ressii\/?page_id=2296"},"modified":"2016-07-11T14:07:30","modified_gmt":"2016-07-11T13:07:30","slug":"msost-1-4-fe1-familles-de-materiaux-avec-leurs-principales-caracteristiques","status":"publish","type":"page","link":"https:\/\/ent2d.ac-bordeaux.fr\/disciplines\/sti\/msost-1-4-fe1-familles-de-materiaux-avec-leurs-principales-caracteristiques\/","title":{"rendered":"MSOST-1-4-FE1 &#8211; Familles de mat\u00e9riaux avec leurs principales caract\u00e9ristiques"},"content":{"rendered":"<hr \/>\n<h2><\/h2>\n<h3><span style=\"text-decoration: underline;color: #000000\">R\u00e9f\u00e9rence au texte officiel<\/span><\/h3>\n<h2 style=\"text-align: center\"><strong>THEME :<\/strong><\/h2>\n<h2 style=\"text-align: center\"><strong>LA MODELISATION ET LA SIMULATION DES OBJETS ET SYSTEMES TECHNIQUES<\/strong><\/h2>\n<table style=\"width: 100%\" cellspacing=\"1\" cellpadding=\"1\">\n<tbody>\n<tr>\n<td><\/td>\n<td><\/td>\n<\/tr>\n<tr>\n<td><strong>Connaissances et comp\u00e9tences associ\u00e9es<\/strong><\/td>\n<td><strong>Exemples de situations, d\u2019activit\u00e9s et de ressources pour l\u2019\u00e9l\u00e8ve<\/strong><\/td>\n<\/tr>\n<tr>\n<td colspan=\"2\"><strong>Analyser le fonctionnement et la structure d\u2019un objet<\/strong><\/td>\n<\/tr>\n<tr>\n<td style=\"width: 50%;text-align: left\">\n<p style=\"text-align: left\"><strong>Identifier le(s) mat\u00e9riau(x), les flux d\u2019\u00e9nergie\u00a0et d\u2019information sur un objet et d\u00e9crire les\u00a0transformations qui s\u2019op\u00e8rent.<\/strong><br \/>\n<a href=\"https:\/\/ent2d.ac-bordeaux.fr\/disciplines\/sti\/msost-1-4-fe1-familles-de-materiaux-avec-leurs-principales-caracteristiques\/\"><strong>MSOST-1-4-FE1<\/strong> \u00bb Familles de mat\u00e9riaux avec leurs principales\u00a0caract\u00e9ristiques.<\/a><br \/>\n<a href=\"https:\/\/ent2d.ac-bordeaux.fr\/disciplines\/sti\/msost-1-4-fe2-sources-denergies\/\"><strong>MSOST-1-4-FE2<\/strong>\u00a0\u00bb Sources d\u2019\u00e9nergies.<\/a><br \/>\n<a href=\"https:\/\/ent2d.ac-bordeaux.fr\/disciplines\/sti\/msost-1-4-fe3-chaine-denergie\/\"><strong>MSOST-1-4-FE3<\/strong>\u00a0\u00bb Cha\u00eene d\u2019\u00e9nergie.<\/a><br \/>\n<a href=\"https:\/\/ent2d.ac-bordeaux.fr\/disciplines\/sti\/msost-1-4-fe4-chaine-dinformation\/\"><strong>MSOST-1-4-FE4<\/strong>\u00a0\u00bb Cha\u00eene d\u2019information.<\/a><\/p>\n<\/td>\n<td style=\"text-align: justify\">Les activit\u00e9s exp\u00e9rimentales ont pour objectif de\u00a0v\u00e9rifier les performances d\u2019un objet technique et\u00a0de v\u00e9rifier qu\u2019elles sont conformes au cahier des\u00a0charges.<br \/>\nLes activit\u00e9s de montage et de d\u00e9montage<br \/>\npermettent de comprendre l\u2019architecture et le\u00a0fonctionnement d\u2019un objet technique.<br \/>\nLes mat\u00e9riaux utilis\u00e9s sont justifi\u00e9s et les flux\u00a0d\u2019\u00e9nergie et d\u2019information sont rep\u00e9r\u00e9s et\u00a0analys\u00e9s.<br \/>\nDiagrammes, graphes.<br \/>\nLogiciels de CAO.<br \/>\nUne r\u00e9flexion doit \u00eatre men\u00e9e entre les r\u00e9sultats\u00a0de mesure et le contexte de leur obtention.<\/td>\n<\/tr>\n<\/tbody>\n<\/table>\n<hr \/>\n<h3><span style=\"text-decoration: underline\"><span style=\"color: #000000;text-decoration: underline\">Exemple de structuration de connaissances<\/span><\/span><\/h3>\n<p><a href=\"https:\/\/ent2d.ac-bordeaux.fr\/disciplines\/stidev\/wp-content\/uploads\/sites\/62\/2016\/07\/MSOST-1-4-FE1a-Familles-de-materiaux.jpg\"><img loading=\"lazy\" decoding=\"async\" class=\"alignnone wp-image-2318 size-full\" src=\"https:\/\/ent2d.ac-bordeaux.fr\/disciplines\/stidev\/wp-content\/uploads\/sites\/62\/2016\/07\/MSOST-1-4-FE1a-Familles-de-materiaux.jpg\" width=\"1600\" height=\"900\" \/><\/a><\/p>\n<table border=\"0\" cellspacing=\"1\" cellpadding=\"1\">\n<tbody>\n<tr>\n<td><a href=\"https:\/\/ent2d.ac-bordeaux.fr\/disciplines\/stidev\/wp-content\/uploads\/sites\/62\/2016\/07\/MSOST-1-4-FE1a-Familles-de-materiaux.jpg\" target=\"_blank\" rel=\"noopener\"><img loading=\"lazy\" decoding=\"async\" class=\"alignnone wp-image-1491\" src=\"https:\/\/ent2d.ac-bordeaux.fr\/disciplines\/stidev\/wp-content\/uploads\/sites\/62\/2016\/06\/jpg.png\" alt=\"\" width=\"51\" height=\"51\" \/><\/a><br \/>\n<a href=\"https:\/\/ent2d.ac-bordeaux.fr\/disciplines\/stidev\/wp-content\/uploads\/sites\/62\/2016\/07\/MSOST-1-4-FE1a-Familles-de-materiaux.jpg\" target=\"_blank\" rel=\"noopener\"><u><span style=\"color: #0066cc\">Fiche \u00e9l\u00e8ve format\u00a0image<\/span><\/u><\/a><\/td>\n<td><u><span style=\"color: #0066cc\"><img loading=\"lazy\" decoding=\"async\" class=\"alignnone wp-image-38\" src=\"https:\/\/ent2d.ac-bordeaux.fr\/disciplines\/stidev\/wp-content\/uploads\/sites\/62\/2015\/03\/logoVideo2.jpg\" alt=\"logoVideo2\" width=\"50\" height=\"51\" \/><br \/>\n<\/span><\/u> Format vid\u00e9o Mp4<\/td>\n<td><img loading=\"lazy\" decoding=\"async\" class=\"alignnone wp-image-296\" src=\"https:\/\/ent2d.ac-bordeaux.fr\/disciplines\/stidev\/wp-content\/uploads\/sites\/62\/2015\/03\/logoWebM2.jpg\" alt=\"logoWebM2\" width=\"50\" height=\"51\" \/><br \/>\nFormat vid\u00e9o Web-M<\/td>\n<td><img loading=\"lazy\" decoding=\"async\" class=\"alignnone wp-image-34\" src=\"https:\/\/ent2d.ac-bordeaux.fr\/disciplines\/stidev\/wp-content\/uploads\/sites\/62\/2015\/03\/logoPdf2.jpg\" alt=\"logoPdf2\" width=\"50\" height=\"51\" \/><br \/>\nFiche professeur PDF<\/td>\n<\/tr>\n<\/tbody>\n<\/table>\n<p><a href=\"https:\/\/ent2d.ac-bordeaux.fr\/disciplines\/stidev\/wp-content\/uploads\/sites\/62\/2016\/07\/MSOST-1-4-FE1b-Familles-de-materiaux.jpg\"><img loading=\"lazy\" decoding=\"async\" class=\"alignnone wp-image-2319 size-full\" src=\"https:\/\/ent2d.ac-bordeaux.fr\/disciplines\/stidev\/wp-content\/uploads\/sites\/62\/2016\/07\/MSOST-1-4-FE1b-Familles-de-materiaux.jpg\" width=\"1600\" height=\"900\" \/><\/a><\/p>\n<table border=\"0\" cellspacing=\"1\" cellpadding=\"1\">\n<tbody>\n<tr>\n<td><a href=\"https:\/\/ent2d.ac-bordeaux.fr\/disciplines\/stidev\/wp-content\/uploads\/sites\/62\/2016\/07\/MSOST-1-4-FE1b-Familles-de-materiaux.jpg\" target=\"_blank\" rel=\"noopener\"><img loading=\"lazy\" decoding=\"async\" class=\"alignnone wp-image-1491\" src=\"https:\/\/ent2d.ac-bordeaux.fr\/disciplines\/stidev\/wp-content\/uploads\/sites\/62\/2016\/06\/jpg.png\" alt=\"\" width=\"51\" height=\"51\" \/><\/a><br \/>\n<a href=\"https:\/\/ent2d.ac-bordeaux.fr\/disciplines\/stidev\/wp-content\/uploads\/sites\/62\/2016\/07\/MSOST-1-4-FE1b-Familles-de-materiaux.jpg\" target=\"_blank\" rel=\"noopener\"><u><span style=\"color: #0066cc\">Fiche \u00e9l\u00e8ve format\u00a0image<\/span><\/u><\/a><\/td>\n<td><u><span style=\"color: #0066cc\"><img loading=\"lazy\" decoding=\"async\" class=\"alignnone wp-image-38\" src=\"https:\/\/ent2d.ac-bordeaux.fr\/disciplines\/stidev\/wp-content\/uploads\/sites\/62\/2015\/03\/logoVideo2.jpg\" alt=\"logoVideo2\" width=\"50\" height=\"51\" \/><br \/>\n<\/span><\/u> Format vid\u00e9o Mp4<\/td>\n<td><img loading=\"lazy\" decoding=\"async\" class=\"alignnone wp-image-296\" src=\"https:\/\/ent2d.ac-bordeaux.fr\/disciplines\/stidev\/wp-content\/uploads\/sites\/62\/2015\/03\/logoWebM2.jpg\" alt=\"logoWebM2\" width=\"50\" height=\"51\" \/><br \/>\nFormat vid\u00e9o Web-M<\/td>\n<td><img loading=\"lazy\" decoding=\"async\" class=\"alignnone wp-image-34\" src=\"https:\/\/ent2d.ac-bordeaux.fr\/disciplines\/stidev\/wp-content\/uploads\/sites\/62\/2015\/03\/logoPdf2.jpg\" alt=\"logoPdf2\" width=\"50\" height=\"51\" \/><br \/>\nFiche professeur PDF<\/td>\n<\/tr>\n<\/tbody>\n<\/table>\n<p><a href=\"https:\/\/ent2d.ac-bordeaux.fr\/disciplines\/stidev\/wp-content\/uploads\/sites\/62\/2016\/07\/MSOST-1-4-FE1c-Familles-de-materiaux.jpg\"><img loading=\"lazy\" decoding=\"async\" class=\"alignnone wp-image-2320 size-full\" src=\"https:\/\/ent2d.ac-bordeaux.fr\/disciplines\/stidev\/wp-content\/uploads\/sites\/62\/2016\/07\/MSOST-1-4-FE1c-Familles-de-materiaux.jpg\" width=\"1600\" height=\"900\" \/><\/a><\/p>\n<table border=\"0\" cellspacing=\"1\" cellpadding=\"1\">\n<tbody>\n<tr>\n<td><a href=\"https:\/\/ent2d.ac-bordeaux.fr\/disciplines\/stidev\/wp-content\/uploads\/sites\/62\/2016\/07\/MSOST-1-4-FE1c-Familles-de-materiaux.jpg\" target=\"_blank\" rel=\"noopener\"><img loading=\"lazy\" decoding=\"async\" class=\"alignnone wp-image-1491\" src=\"https:\/\/ent2d.ac-bordeaux.fr\/disciplines\/stidev\/wp-content\/uploads\/sites\/62\/2016\/06\/jpg.png\" alt=\"\" width=\"51\" height=\"51\" \/><\/a><br \/>\n<a href=\"https:\/\/ent2d.ac-bordeaux.fr\/disciplines\/stidev\/wp-content\/uploads\/sites\/62\/2016\/07\/MSOST-1-4-FE1c-Familles-de-materiaux.jpg\" target=\"_blank\" rel=\"noopener\"><u><span style=\"color: #0066cc\">Fiche \u00e9l\u00e8ve format\u00a0image<\/span><\/u><\/a><\/td>\n<td><u><span style=\"color: #0066cc\"><img loading=\"lazy\" decoding=\"async\" class=\"alignnone wp-image-38\" src=\"https:\/\/ent2d.ac-bordeaux.fr\/disciplines\/stidev\/wp-content\/uploads\/sites\/62\/2015\/03\/logoVideo2.jpg\" alt=\"logoVideo2\" width=\"50\" height=\"51\" \/><br \/>\n<\/span><\/u> Format vid\u00e9o Mp4<\/td>\n<td><img loading=\"lazy\" decoding=\"async\" class=\"alignnone wp-image-296\" src=\"https:\/\/ent2d.ac-bordeaux.fr\/disciplines\/stidev\/wp-content\/uploads\/sites\/62\/2015\/03\/logoWebM2.jpg\" alt=\"logoWebM2\" width=\"50\" height=\"51\" \/><br \/>\nFormat vid\u00e9o Web-M<\/td>\n<td><img loading=\"lazy\" decoding=\"async\" class=\"alignnone wp-image-34\" src=\"https:\/\/ent2d.ac-bordeaux.fr\/disciplines\/stidev\/wp-content\/uploads\/sites\/62\/2015\/03\/logoPdf2.jpg\" alt=\"logoPdf2\" width=\"50\" height=\"51\" \/><br \/>\nFiche professeur PDF<\/td>\n<\/tr>\n<\/tbody>\n<\/table>\n<hr \/>\n<h3><span style=\"color: #000000\"><span style=\"text-decoration: underline\">Exemple d&#8217;exploitation p\u00e9dagogique &#8211; 5\u00e8me<\/span><\/span><\/h3>\n<table style=\"width: 100%\" border=\"0\" cellspacing=\"1\" cellpadding=\"1\">\n<tbody>\n<tr>\n<td style=\"text-align: left\"><strong>Pistes de situations d\u00e9clenchantes<\/strong><\/td>\n<td style=\"text-align: justify\">\n<ul>\n<li><span style=\"font-weight: 400\">Visite du patrimoine architectural de Lacanau. Toutes les maisons sont-elles construites avec les m\u00eames mat\u00e9riaux\u00a0?<\/span><\/li>\n<li><span style=\"font-weight: 400\">Images de maisons compos\u00e9es de mat\u00e9riaux diff\u00e9rents (chalet bois, maison brique, maison parpaing), \u00a0de ponts, images, suite \u00e0 une catastrophe d\u2019un b\u00e2timent d\u00e9truit et in b\u00e2timent intact.<\/span><\/li>\n<\/ul>\n<\/td>\n<\/tr>\n<tr>\n<td style=\"text-align: left\"><strong>Pistes probl\u00e8mes<\/strong> <strong>technologiques<\/strong><\/td>\n<td style=\"text-align: left\">\n<ul>\n<li><span style=\"font-weight: 400\">Trouver le mat\u00e9riau pour la r\u00e9alisation des pieds du drone.<\/span><\/li>\n<li>Pourquoi des objets ayant la m\u00eame fonction d\u2019usage et des fonctions de services identiques, les mat\u00e9riaux choisis pour les construire ne sont-ils pas les m\u00eames ?<\/li>\n<\/ul>\n<\/td>\n<\/tr>\n<tr>\n<td style=\"text-align: left\"><strong>Ressources Outils \u00e0 exploiter<\/strong><\/td>\n<td style=\"text-align: left\">\n<ul>\n<li style=\"font-weight: 400\"><span style=\"font-weight: 400\">Technoflash : animation 6\u00b0 : les grandes familles de mat\u00e9riaux ; Identifier un mat\u00e9riau.<\/span><\/li>\n<li style=\"font-weight: 400\"><span style=\"font-weight: 400\">CD b\u00e9ton<\/span><\/li>\n<li style=\"font-weight: 400\"><span style=\"font-weight: 400\">pontifex ; bridge construction set ; west point bridge designer2007<\/span><\/li>\n<\/ul>\n<\/td>\n<\/tr>\n<tr>\n<td style=\"text-align: left\"><strong>Pistes d\u2019activit\u00e9s<\/strong><\/td>\n<td style=\"text-align: left\"><span style=\"font-weight: 400\">Demander aux \u00e9l\u00e8ves de :\u00a0<\/span><\/p>\n<ul>\n<li style=\"font-weight: 400\"><span style=\"font-weight: 400\">Associer un mat\u00e9riau (famille, caract\u00e9ristiques), un proc\u00e9d\u00e9 de r\u00e9alisation (contraintes) pour tout \u00a0ou \u00a0partie \u00a0d\u2019un objet, d\u2019un \u00a0composant \u00a0(forme, aspect)<\/span><\/li>\n<li style=\"font-weight: 400\"><span style=\"font-weight: 400\">r\u00e9aliser un test sur le mat\u00e9riau ayant la meilleure isolation thermique<\/span><\/li>\n<\/ul>\n<\/td>\n<\/tr>\n<tr>\n<td style=\"text-align: left\"><strong>Exemples d\u2019objets<\/strong> <strong>supports<\/strong><\/td>\n<td style=\"text-align: left\">\n<ul>\n<li><span style=\"font-weight: 400\">Maison \u00e0 \u00e9nergie positive auto g\u00e9r\u00e9e, l\u2019habitat \u00e0 l\u2019heure des changements climatiques, fabrication d\u2019une partie du drone, du robot\u2026<\/span><\/li>\n<\/ul>\n<\/td>\n<\/tr>\n<\/tbody>\n<\/table>\n<h3><span style=\"color: #000000\"><span style=\"text-decoration: underline\">Exemple d&#8217;exploitation p\u00e9dagogique &#8211; 4\u00e8me<\/span><\/span><\/h3>\n<table style=\"width: 100%\" border=\"0\" cellspacing=\"1\" cellpadding=\"1\">\n<tbody>\n<tr>\n<td style=\"text-align: left\"><strong>Pistes de situations d\u00e9clenchantes<\/strong><\/td>\n<td style=\"text-align: justify\">\n<ul>\n<li style=\"font-weight: 400\"><span style=\"font-weight: 400\">Observation de plusieurs portails r\u00e9alis\u00e9s avec des mat\u00e9riaux diff\u00e9rents<\/span><\/li>\n<li style=\"font-weight: 400\"><span style=\"font-weight: 400\">Vid\u00e9o d\u2019un pont qui s\u2019\u00e9croule.<\/span><\/li>\n<li style=\"font-weight: 400\"><span style=\"font-weight: 400\">Cahier des charges du concours de drones<\/span><\/li>\n<\/ul>\n<\/td>\n<\/tr>\n<tr>\n<td style=\"text-align: left\"><strong>Pistes probl\u00e8mes<\/strong> <strong>technologiques<\/strong><\/td>\n<td style=\"text-align: left\">\n<ul>\n<li style=\"font-weight: 400\"><span style=\"font-weight: 400\">Comment choisir des mat\u00e9riaux pour une r\u00e9alisation ?<\/span><\/li>\n<\/ul>\n<\/td>\n<\/tr>\n<tr>\n<td style=\"text-align: left\"><strong>Ressources Outils \u00e0 exploiter<\/strong><\/td>\n<td style=\"text-align: left\">\n<ul>\n<li style=\"font-weight: 400\"><span style=\"font-weight: 400\">technoflash : 5\u00b0 R\u00e9sistance m\u00e9canique des mat\u00e9riaux de construction<\/span><\/li>\n<\/ul>\n<\/td>\n<\/tr>\n<tr>\n<td style=\"text-align: left\"><strong>Pistes d\u2019activit\u00e9s<\/strong><\/td>\n<td style=\"text-align: left\"><span style=\"font-weight: 400\">Demander aux \u00e9l\u00e8ves de :<\/span><\/p>\n<ul>\n<li style=\"font-weight: 400\"><span style=\"font-weight: 400\">S\u2019exercer \u00e0 concevoir un protocole de test de mat\u00e9riau<\/span><\/li>\n<li style=\"font-weight: 400\"><span style=\"font-weight: 400\">Suivre un protocole de test de mat\u00e9riau<\/span><\/li>\n<li style=\"font-weight: 400\"><span style=\"font-weight: 400\">Argumenter ses choix pour r\u00e9pondre \u00e0 un probl\u00e8me technique.<\/span><\/li>\n<li style=\"font-weight: 400\"><span style=\"font-weight: 400\">\u00c9noncer les contraintes de mise en forme du mat\u00e9riau.<\/span><\/li>\n<li style=\"font-weight: 400\"><span style=\"font-weight: 400\">Savoir \u00a0faire une analyse critique des mat\u00e9riaux utilis\u00e9s pour un objet \u00a0de son environnement.<\/span><\/li>\n<\/ul>\n<\/td>\n<\/tr>\n<tr>\n<td style=\"text-align: left\"><strong>Exemples d\u2019objets<\/strong> <strong>supports<\/strong><\/td>\n<td style=\"text-align: left\">\n<ul>\n<li style=\"font-weight: 400\"><span style=\"font-weight: 400\">Portail, Robot, drone, pont<\/span><\/li>\n<\/ul>\n<\/td>\n<\/tr>\n<\/tbody>\n<\/table>\n<h3><span style=\"color: #000000\"><span style=\"text-decoration: underline\">Exemple d&#8217;exploitation p\u00e9dagogique &#8211; 3\u00e8me<\/span><\/span><\/h3>\n<table style=\"width: 100%\" border=\"0\" cellspacing=\"1\" cellpadding=\"1\">\n<tbody>\n<tr>\n<td style=\"text-align: left\"><strong>Pistes de situations d\u00e9clenchantes<\/strong><\/td>\n<td style=\"text-align: justify\">\n<ul>\n<li style=\"font-weight: 400\"><span style=\"font-weight: 400\">Les pieds du drone se sont cass\u00e9s lors d\u2019un atterrissage. <\/span><\/li>\n<\/ul>\n<\/td>\n<\/tr>\n<tr>\n<td style=\"text-align: left\"><strong>Pistes probl\u00e8mes<\/strong> <strong>technologiques<\/strong><\/td>\n<td style=\"text-align: left\">\n<ul>\n<li><span style=\"font-weight: 400\">\u00a0Quel mat\u00e9riau choisir pour les pieds du drone qui permettent une certaine \u00e9lasticit\u00e9, qui soit l\u00e9ger et qui soit facilement usinable ?<\/span><\/li>\n<\/ul>\n<\/td>\n<\/tr>\n<tr>\n<td style=\"text-align: left\"><strong>Ressources Outils \u00e0 exploiter<\/strong><\/td>\n<td style=\"text-align: left\">\n<ul>\n<li style=\"font-weight: 400\"><span style=\"font-weight: 400\">&#8230;<\/span><\/li>\n<\/ul>\n<\/td>\n<\/tr>\n<tr>\n<td style=\"text-align: left\"><strong>Pistes d\u2019activit\u00e9s<\/strong><\/td>\n<td style=\"text-align: left\">\n<ul>\n<li style=\"font-weight: 400\"><span style=\"font-weight: 400\">Argumenter ses choix pour r\u00e9pondre \u00e0 un probl\u00e8me technique.<\/span><\/li>\n<li style=\"font-weight: 400\"><span style=\"font-weight: 400\">En rapport avec les objets pluri-technologiques, utiliser les savoir-faire li\u00e9s au choix des mat\u00e9riaux afin de proposer et justifier leurs emplois.<\/span><\/li>\n<li style=\"font-weight: 400\"><span style=\"font-weight: 400\">\u00catre capable, en partant d\u2019un objet ou d\u2019un syst\u00e8me r\u00e9el du march\u00e9 d\u2019argumenter les choix de mat\u00e9riaux au vu des contraintes \u00a0environnementales, \u00a0des \u00a0bases \u00a0de \u00a0donn\u00e9es \u00a0et \u00a0des \u00a0choix \u00a0techniques.<\/span><\/li>\n<\/ul>\n<\/td>\n<\/tr>\n<tr>\n<td style=\"text-align: left\"><strong>Exemples d\u2019objets<\/strong><\/td>\n<td style=\"text-align: left\">\n<ul>\n<li style=\"font-weight: 400\"><span style=\"font-weight: 400\">Portail, Robot, drone, pont<\/span><\/li>\n<\/ul>\n<\/td>\n<\/tr>\n<\/tbody>\n<\/table>\n<h3><\/h3>\n<hr \/>\n<h3><span style=\"text-decoration: underline;color: #000000\">Pour aller plus loin<\/span><\/h3>\n<ul>\n<li>&#8230;<\/li>\n<\/ul>\n<hr \/>\n<p><span style=\"color: #ff0000\">NB : Ces propositions sont mises \u00e0 disposition pour aider chacun dans sa r\u00e9flexion mais elles n&#8217;ont pas pu \u00eatre\u00a0finalis\u00e9es par manque de temps.\u00a0Ces fiches\u00a0seront donc am\u00e9lior\u00e9es au cours du d\u00e9but d&#8217;ann\u00e9e.<\/span><\/p>\n","protected":false},"excerpt":{"rendered":"<p>R\u00e9f\u00e9rence au texte officiel THEME : LA MODELISATION ET LA SIMULATION DES OBJETS ET SYSTEMES TECHNIQUES Connaissances et comp\u00e9tences associ\u00e9es Exemples de situations, d\u2019activit\u00e9s et de ressources pour l\u2019\u00e9l\u00e8ve Analyser &#8230;<\/p>\n","protected":false},"author":211,"featured_media":0,"parent":0,"menu_order":0,"comment_status":"closed","ping_status":"closed","template":"","meta":{"footnotes":""},"class_list":["post-2296","page","type-page","status-publish","hentry"],"_links":{"self":[{"href":"https:\/\/ent2d.ac-bordeaux.fr\/disciplines\/sti\/wp-json\/wp\/v2\/pages\/2296","targetHints":{"allow":["GET"]}}],"collection":[{"href":"https:\/\/ent2d.ac-bordeaux.fr\/disciplines\/sti\/wp-json\/wp\/v2\/pages"}],"about":[{"href":"https:\/\/ent2d.ac-bordeaux.fr\/disciplines\/sti\/wp-json\/wp\/v2\/types\/page"}],"author":[{"embeddable":true,"href":"https:\/\/ent2d.ac-bordeaux.fr\/disciplines\/sti\/wp-json\/wp\/v2\/users\/211"}],"replies":[{"embeddable":true,"href":"https:\/\/ent2d.ac-bordeaux.fr\/disciplines\/sti\/wp-json\/wp\/v2\/comments?post=2296"}],"version-history":[{"count":0,"href":"https:\/\/ent2d.ac-bordeaux.fr\/disciplines\/sti\/wp-json\/wp\/v2\/pages\/2296\/revisions"}],"wp:attachment":[{"href":"https:\/\/ent2d.ac-bordeaux.fr\/disciplines\/sti\/wp-json\/wp\/v2\/media?parent=2296"}],"curies":[{"name":"wp","href":"https:\/\/api.w.org\/{rel}","templated":true}]}}