{"id":2144,"date":"2016-07-11T08:59:47","date_gmt":"2016-07-11T07:59:47","guid":{"rendered":"http:\/\/blogacabdx.ac-bordeaux.fr\/ressii\/?page_id=2144"},"modified":"2016-07-11T08:59:47","modified_gmt":"2016-07-11T07:59:47","slug":"ip-2-3-fe1-notions-dalgorithme-et-de-programme","status":"publish","type":"page","link":"https:\/\/ent2d.ac-bordeaux.fr\/disciplines\/sti\/ip-2-3-fe1-notions-dalgorithme-et-de-programme\/","title":{"rendered":"IP-2-3-FE1 &#8211; Notions d\u2019algorithme et de programme"},"content":{"rendered":"<hr \/>\n<h2><\/h2>\n<h3><span style=\"text-decoration: underline;color: #000000\">R\u00e9f\u00e9rence au texte officiel<\/span><\/h3>\n<h2 style=\"text-align: center\"><strong>THEME : L&#8217;INFORMATIQUE ET LA PROGRAMMATION<\/strong><\/h2>\n<table style=\"width: 100%\" cellspacing=\"1\" cellpadding=\"1\">\n<tbody>\n<tr>\n<td><\/td>\n<td><\/td>\n<\/tr>\n<tr>\n<td><strong>Connaissances et comp\u00e9tences associ\u00e9es<\/strong><\/td>\n<td><strong>Exemples de situations, d\u2019activit\u00e9s et de ressources pour l\u2019\u00e9l\u00e8ve<\/strong><\/td>\n<\/tr>\n<tr>\n<td colspan=\"2\"><strong>Exprimer sa pens\u00e9e \u00e0 l\u2019aide d\u2019outils de description adapt\u00e9s<\/strong><\/td>\n<\/tr>\n<tr>\n<td style=\"width: 50%;text-align: left\">\n<p style=\"text-align: left\"><strong>\u00c9crire un programme dans lequel des actions<\/strong><br \/>\n<strong> sont d\u00e9clench\u00e9es par des \u00e9v\u00e9nements ext\u00e9rieurs.<\/strong><br \/>\n<a href=\"https:\/\/ent2d.ac-bordeaux.fr\/disciplines\/sti\/ip-2-3-fe1-notions-dalgorithme-et-de-programme\/\"><strong>IP-2-3-FE1\u00a0<\/strong>\u00bb Notions d\u2019algorithme et de programme.<\/a><br \/>\n<a href=\"https:\/\/ent2d.ac-bordeaux.fr\/disciplines\/sti\/ip-2-3-fe2-notion-de-variable-informatique\/\"><strong>IP-2-3-FE2\u00a0<\/strong>\u00bb Notion de variable informatique.<\/a><br \/>\n<a href=\"https:\/\/ent2d.ac-bordeaux.fr\/disciplines\/sti\/ip-2-3-fe3-declenchement-dune-action-par-un-evenement-sequences-dinstructions-boucles-instructions-conditionnelles\/\"><strong>IP-2-3-FE3\u00a0<\/strong>\u00bb D\u00e9clenchement d\u2019une action par un\u00a0\u00e9v\u00e8nement, s\u00e9quences d\u2019instructions, boucles,\u00a0instructions conditionnelles.<\/a><br \/>\n<a href=\"https:\/\/ent2d.ac-bordeaux.fr\/disciplines\/sti\/ip-2-3-fe4-systemes-embarques\/\"><strong>IP-2-3-FE4\u00a0<\/strong>\u00bb Syst\u00e8mes embarqu\u00e9s.<\/a><br \/>\n<a href=\"https:\/\/ent2d.ac-bordeaux.fr\/disciplines\/sti\/ip-2-3-fe5-forme-et-transmission-du-signal\/\"><strong>IP-2-3-FE5\u00a0<\/strong>\u00bb Forme et transmission du signal.<\/a><br \/>\n<a href=\"https:\/\/ent2d.ac-bordeaux.fr\/disciplines\/sti\/ip-2-3-fe6-capteur-actionneur-interface\/\"><strong>IP-2-3-FE6\u00a0<\/strong>\u00bb Capteur, actionneur, interface.<\/a><\/p>\n<\/td>\n<td style=\"text-align: justify\">Concevoir, param\u00e9trer, programmer des\u00a0applications informatiques pour des appareils<br \/>\nnomades.<br \/>\nObserver et d\u00e9crire le comportement d\u2019un\u00a0robot ou d\u2019un syst\u00e8me embarqu\u00e9. En d\u00e9crire les\u00a0\u00e9l\u00e9ments de sa programmation.<br \/>\nAgencer un robot (capteurs, actionneurs)\u00a0pour r\u00e9pondre \u00e0 une activit\u00e9 et un programme<br \/>\ndonn\u00e9s.<br \/>\n\u00c9crire, \u00e0 partir d\u2019un cahier des charges de\u00a0fonctionnement, un programme afin de\u00a0commander un syst\u00e8me ou un syst\u00e8me\u00a0programmable de la vie courante, identifier les\u00a0variables d\u2019entr\u00e9e et de sortie.<br \/>\nModifier un programme existant dans un\u00a0syst\u00e8me technique, afin d\u2019am\u00e9liorer son\u00a0comportement, ses performances pour mieux\u00a0r\u00e9pondre \u00e0 une probl\u00e9matique donn\u00e9e.<br \/>\nLes moyens utilis\u00e9s sont des syst\u00e8mes pluritechnologiques\u00a0r\u00e9els didactis\u00e9s ou non, dont la\u00a0programmation est pilot\u00e9e par ordinateur ou une\u00a0tablette num\u00e9rique. Ils peuvent \u00eatre compl\u00e9t\u00e9s<br \/>\npar l\u2019usage de mod\u00e9lisation num\u00e9rique\u00a0permettant des simulations et des modifications\u00a0du comportement.<\/td>\n<\/tr>\n<\/tbody>\n<\/table>\n<hr \/>\n<h3><span style=\"text-decoration: underline\"><span style=\"color: #000000;text-decoration: underline\">Exemple de structuration de connaissances<\/span><\/span><\/h3>\n<p><a href=\"https:\/\/ent2d.ac-bordeaux.fr\/disciplines\/stidev\/wp-content\/uploads\/sites\/62\/2018\/07\/10020-ip-2-3-c1-notion-dalgorithme-et-de-programme-partie1.pdf\" target=\"_blank\" rel=\"noopener\"><img loading=\"lazy\" decoding=\"async\" class=\"aligncenter wp-image-6412 size-full\" src=\"https:\/\/ent2d.ac-bordeaux.fr\/disciplines\/stidev\/wp-content\/uploads\/sites\/62\/2018\/07\/10020-ip-2-3-c1-notion-dalgorithme-et-de-programme-partie1.jpg\" alt=\"\" width=\"517\" height=\"730\" \/><\/a><\/p>\n<table border=\"0\" cellspacing=\"1\" cellpadding=\"1\">\n<tbody>\n<tr>\n<td><img loading=\"lazy\" decoding=\"async\" class=\"alignnone wp-image-1491\" src=\"https:\/\/ent2d.ac-bordeaux.fr\/disciplines\/stidev\/wp-content\/uploads\/sites\/62\/2016\/06\/jpg.png\" alt=\"\" width=\"51\" height=\"51\" \/><br \/>\n<u><span style=\"color: #0066cc\">Fiche \u00e9l\u00e8ve format\u00a0image<\/span><\/u><\/td>\n<td><u><span style=\"color: #0066cc\"><img loading=\"lazy\" decoding=\"async\" class=\"alignnone wp-image-38\" src=\"https:\/\/ent2d.ac-bordeaux.fr\/disciplines\/stidev\/wp-content\/uploads\/sites\/62\/2015\/03\/logoVideo2.jpg\" alt=\"logoVideo2\" width=\"50\" height=\"51\" \/><br \/>\n<\/span><\/u> Format vid\u00e9o Mp4<\/td>\n<td><img loading=\"lazy\" decoding=\"async\" class=\"alignnone wp-image-296\" src=\"https:\/\/ent2d.ac-bordeaux.fr\/disciplines\/stidev\/wp-content\/uploads\/sites\/62\/2015\/03\/logoWebM2.jpg\" alt=\"logoWebM2\" width=\"50\" height=\"51\" \/><br \/>\nFormat vid\u00e9o Web-M<\/td>\n<td><img loading=\"lazy\" decoding=\"async\" class=\"alignnone wp-image-34\" src=\"https:\/\/ent2d.ac-bordeaux.fr\/disciplines\/stidev\/wp-content\/uploads\/sites\/62\/2015\/03\/logoPdf2.jpg\" alt=\"logoPdf2\" width=\"50\" height=\"51\" \/><br \/>\nFiche professeur PDF<\/td>\n<\/tr>\n<\/tbody>\n<\/table>\n<hr \/>\n<h3><span style=\"color: #000000\"><span style=\"text-decoration: underline\">Exemple d&#8217;exploitation p\u00e9dagogique &#8211; 5\u00e8me<\/span><\/span><\/h3>\n<table style=\"width: 100%\" border=\"0\" cellspacing=\"1\" cellpadding=\"1\">\n<tbody>\n<tr>\n<td style=\"text-align: left\"><strong>Pistes de situations d\u00e9clenchantes<\/strong><\/td>\n<td style=\"text-align: justify\">\n<ul>\n<li style=\"font-weight: 400\"><span style=\"font-weight: 400\">Comment fonctionne une voiture sans conducteur (Mise en marche \/ arr\u00eat) et comment peut-elle \u00e9viter les accidents (d\u00e9tecter un obstacle par exemple) ?<\/span><\/li>\n<li style=\"font-weight: 400\"><span style=\"font-weight: 400\">Comment d\u00e9tecter la pr\u00e9sence d\u2019une personne dans une maison pour allumer les lumi\u00e8res ?<\/span><\/li>\n<\/ul>\n<\/td>\n<\/tr>\n<tr>\n<td style=\"text-align: left\"><strong>Pistes probl\u00e8mes<\/strong> <strong>technologiques<\/strong><\/td>\n<td style=\"text-align: left\">\n<ul>\n<li style=\"font-weight: 400\"><span style=\"font-weight: 400\">Comment assurer la mise en route, l&#8217;arr\u00eat du v\u00e9hicule ?<\/span><\/li>\n<li style=\"font-weight: 400\"><span style=\"font-weight: 400\">Comment tourner, comment acc\u00e9l\u00e9rer ?<\/span><\/li>\n<li style=\"font-weight: 400\"><span style=\"font-weight: 400\">Comment avancer sur une distance pr\u00e9cise tourner sur un angle pr\u00e9cis ?<\/span><\/li>\n<li style=\"font-weight: 400\"><span style=\"font-weight: 400\">Comment d\u00e9tecter un obstacle et s\u2019arr\u00eater ?<\/span><\/li>\n<li style=\"font-weight: 400\"><span style=\"font-weight: 400\">Comment d\u00e9tecter un obstacle et l\u2019\u00e9viter ?<\/span><\/li>\n<li style=\"font-weight: 400\"><span style=\"font-weight: 400\">Comment d\u00e9tecter un personne (directement ou indirectement) pour allumer des lumi\u00e8res ?<\/span><\/li>\n<\/ul>\n<\/td>\n<\/tr>\n<tr>\n<td style=\"text-align: left\"><strong>Ressources Outils \u00e0 exploiter<\/strong><\/td>\n<td style=\"text-align: left\">\n<ul>\n<li style=\"font-weight: 400\"><span style=\"font-weight: 400\">Scratch2 \/ mBlock \/ \u00a0Moway world \/Picaxe Logicator ou Blockly \/ Ardublock<\/span><\/li>\n<\/ul>\n<\/td>\n<\/tr>\n<tr>\n<td style=\"text-align: left\"><strong>Pistes d\u2019activit\u00e9s<\/strong><\/td>\n<td style=\"text-align: left\"><span style=\"font-weight: 400\">Demander aux \u00e9l\u00e8ves de :\u00a0<\/span><\/p>\n<ul>\n<li style=\"font-weight: 400\"><span style=\"font-weight: 400\">Chercher avec quels langages de programmation sont r\u00e9alis\u00e9s les logiciels d\u2019application et quels sont les m\u00e9tiers li\u00e9s<\/span><\/li>\n<li style=\"font-weight: 400\"><span style=\"font-weight: 400\">Cr\u00e9ation de maquettes de ville et \u00e9volution d\u2019un robot en milieu urbain.<\/span><\/li>\n<li style=\"font-weight: 400\"><span style=\"font-weight: 400\">Cr\u00e9ation d\u2019une maquettes de maisons \u00e9cologiques et gestion de l\u2019\u00e9clairage.<\/span><\/li>\n<li style=\"font-weight: 400\"><span style=\"font-weight: 400\">Agencement et gestion de l\u2019\u00e9clairage d\u2019un conteneur. <\/span><\/li>\n<\/ul>\n<\/td>\n<\/tr>\n<tr>\n<td style=\"text-align: left\"><strong>Exemples d\u2019objets<\/strong> <strong>supports<\/strong><\/td>\n<td style=\"text-align: left\">\n<ul>\n<li style=\"font-weight: 400\"><span style=\"font-weight: 400\">Robot moway \/ robot mBot \/ syst\u00e8mes embarqu\u00e9s compatibles arduino (dans n\u2019importe quel type de robot) ou picaxe. <\/span><\/li>\n<li style=\"font-weight: 400\"><span style=\"font-weight: 400\">Tout objet connect\u00e9 r\u00e9el ou virtuel (symbolis\u00e9 dans scratch)<\/span><\/li>\n<li style=\"font-weight: 400\"><span style=\"font-weight: 400\">Maquettes domotis\u00e9es.<\/span><\/li>\n<\/ul>\n<\/td>\n<\/tr>\n<\/tbody>\n<\/table>\n<h3><span style=\"color: #000000\"><span style=\"text-decoration: underline\">Exemple d&#8217;exploitation p\u00e9dagogique &#8211; 4\u00e8me<\/span><\/span><\/h3>\n<table style=\"width: 100%\" border=\"0\" cellspacing=\"1\" cellpadding=\"1\">\n<tbody>\n<tr>\n<td style=\"text-align: left\"><strong>Pistes de situations d\u00e9clenchantes<\/strong><\/td>\n<td style=\"text-align: justify\">\n<ul>\n<li style=\"font-weight: 400\"><span style=\"font-weight: 400\">Comment fonctionne une voiture sans conducteur en \u00e9tant capable d\u2019\u00e9viter les accidents et suivre une route ?<\/span><\/li>\n<li style=\"font-weight: 400\"><span style=\"font-weight: 400\">Comment un robot se d\u00e9place dans un environnement dangereux ?<\/span><\/li>\n<li style=\"font-weight: 400\"><span style=\"font-weight: 400\">Comment g\u00e9rer l\u2019\u00e9clairage d\u2019une maison et allumer les lumi\u00e8res quand c\u2019est n\u00e9cessaire ? (quand il fait nuit et quand quelqu\u2019un est d\u00e9tect\u00e9)<\/span><\/li>\n<li style=\"font-weight: 400\"><span style=\"font-weight: 400\">Comment rendre autonome une personne \u00e0 mobilit\u00e9 r\u00e9duite ?<\/span><\/li>\n<li style=\"font-weight: 400\"><span style=\"font-weight: 400\">Comment assurer la s\u00e9curit\u00e9 dans l\u2019habitat ?&#8230;<\/span><\/li>\n<\/ul>\n<\/td>\n<\/tr>\n<tr>\n<td style=\"text-align: left\"><strong>Pistes probl\u00e8mes<\/strong> <strong>technologiques<\/strong><\/td>\n<td style=\"text-align: left\">\n<ul>\n<li style=\"font-weight: 400\"><span style=\"font-weight: 400\">Comment suivre une ligne, d\u00e9tecter et \u00e9viter un obstacle ?<\/span><\/li>\n<li style=\"font-weight: 400\"><span style=\"font-weight: 400\">Comment Allumer les lumi\u00e8res en d\u00e9tectant la nuit et la pr\u00e9sence d\u2019une personne ?<\/span><\/li>\n<li style=\"font-weight: 400\"><span style=\"font-weight: 400\">Comment permettre le d\u00e9placement d\u2019une personne handicap\u00e9e dans un fauteuil roulant et g\u00e9rer l\u2019ouverture des portes automatiquement ?\u2026<\/span><\/li>\n<li style=\"font-weight: 400\"><span style=\"font-weight: 400\">Comment d\u00e9tecter un intrus dans une maison ?<\/span><\/li>\n<\/ul>\n<\/td>\n<\/tr>\n<tr>\n<td style=\"text-align: left\"><strong>Ressources Outils \u00e0 exploiter<\/strong><\/td>\n<td style=\"text-align: left\">\n<ul>\n<li style=\"font-weight: 400\"><span style=\"font-weight: 400\">Scratch2 \/ mBlock \/ \u00a0Moway world \/Picaxe Logicator ou Blockly \/ Ardublock \/ home I\/O<\/span><\/li>\n<\/ul>\n<\/td>\n<\/tr>\n<tr>\n<td style=\"text-align: left\"><strong>Pistes d\u2019activit\u00e9s<\/strong><\/td>\n<td style=\"text-align: left\"><span style=\"font-weight: 400\">Demander aux \u00e9l\u00e8ves de :<\/span><\/p>\n<ul>\n<li style=\"font-weight: 400\"><span style=\"font-weight: 400\">Utiliser un environnement de programmation et de d\u00e9veloppement num\u00e9rique pour obtenir le comportement attendu d\u2019un syst\u00e8me. (Picaxe&#8230;..)<\/span><\/li>\n<li style=\"font-weight: 400\"><span style=\"font-weight: 400\">Cr\u00e9ation d\u2019une maquette de maison domotis\u00e9e et int\u00e9grant soit :<\/span>\n<ul>\n<li style=\"font-weight: 400\"><span style=\"font-weight: 400\">la gestion de l\u2019\u00e9clairage<\/span><\/li>\n<li style=\"font-weight: 400\"><span style=\"font-weight: 400\">La gestion de l\u2019alarme<\/span><\/li>\n<li style=\"font-weight: 400\"><span style=\"font-weight: 400\">l\u2019ouverture des portes pour personne handicap\u00e9es.<\/span><\/li>\n<\/ul>\n<\/li>\n<li style=\"font-weight: 400\"><span style=\"font-weight: 400\">Cr\u00e9ation d\u2019une voiture autonome dans un milieu urbain complexe.<\/span><\/li>\n<li style=\"font-weight: 400\"><span style=\"font-weight: 400\">Programmation \/ cr\u00e9ation d\u2019un portail automatis\u00e9.<\/span><\/li>\n<li style=\"font-weight: 400\"><span style=\"font-weight: 400\">Robot Rover sur Mars, suivant un itin\u00e9raire, \u00e9vitant des obstacles.<\/span><\/li>\n<\/ul>\n<\/td>\n<\/tr>\n<tr>\n<td style=\"text-align: left\"><strong>Exemples d\u2019objets<\/strong> <strong>supports<\/strong><\/td>\n<td style=\"text-align: left\">\n<ul>\n<li style=\"font-weight: 400\"><span style=\"font-weight: 400\">Robot moway \/ robot mBot \/ syst\u00e8mes embarqu\u00e9s compatibles arduino (dans n\u2019importe quel type de robot) ou picaxe. <\/span><\/li>\n<li style=\"font-weight: 400\"><span style=\"font-weight: 400\">Tout objet connect\u00e9 r\u00e9el ou virtuel (symbolis\u00e9 dans scratch)<\/span><\/li>\n<li style=\"font-weight: 400\"><span style=\"font-weight: 400\">Maquettes domotis\u00e9es.<\/span><\/li>\n<\/ul>\n<\/td>\n<\/tr>\n<\/tbody>\n<\/table>\n<h3><span style=\"color: #000000\"><span style=\"text-decoration: underline\">Exemple d&#8217;exploitation p\u00e9dagogique &#8211; 3\u00e8me<\/span><\/span><\/h3>\n<table style=\"width: 100%\" border=\"0\" cellspacing=\"1\" cellpadding=\"1\">\n<tbody>\n<tr>\n<td style=\"text-align: left\"><strong>Pistes de situations d\u00e9clenchantes<\/strong><\/td>\n<td style=\"text-align: justify\">\n<ul>\n<li style=\"font-weight: 400\"><span style=\"font-weight: 400\">Comment fonctionne une voiture sans conducteur en \u00e9tant capable d\u2019\u00e9viter les accidents et suivre une route ?<\/span><\/li>\n<li style=\"font-weight: 400\"><span style=\"font-weight: 400\">Comment un robot peut-il r\u00e9cup\u00e9rer des \u00e9chantillons de mani\u00e8re autonome en \u00e9tant pilot\u00e9 \u00e0 distance (sur mars) ?<\/span><\/li>\n<li style=\"font-weight: 400\"><span style=\"font-weight: 400\">Comment un robot peut-il \u00e9voluer dans un environnement dangereux en r\u00e9cup\u00e9rant des mat\u00e9riaux (robot dans une centrale nucl\u00e9aire.) ?<\/span><\/li>\n<li style=\"font-weight: 400\"><span style=\"font-weight: 400\">Comment r\u00e9aliser des prises de vues dans des endroits inaccessibles (drone) ?<\/span><\/li>\n<\/ul>\n<\/td>\n<\/tr>\n<tr>\n<td style=\"text-align: left\"><strong>Pistes probl\u00e8mes<\/strong> <strong>technologiques<\/strong><\/td>\n<td style=\"text-align: left\">\n<ul>\n<li style=\"font-weight: 400\"><span style=\"font-weight: 400\">(R\u00e9investissement des comp\u00e9tences travaill\u00e9es en 5\u00e8me et 4\u00e8me).<\/span><\/li>\n<li style=\"font-weight: 400\"><span style=\"font-weight: 400\">Comment attraper des objets ?<\/span><\/li>\n<li style=\"font-weight: 400\"><span style=\"font-weight: 400\">Comment compter des objets ?<\/span><\/li>\n<li style=\"font-weight: 400\"><span style=\"font-weight: 400\">Comment fabriquer une pi\u00e8ce d\u2019un robot pour r\u00e9pondre \u00e0 un probl\u00e8me technique ?<\/span><\/li>\n<\/ul>\n<\/td>\n<\/tr>\n<tr>\n<td style=\"text-align: left\"><strong>Ressources Outils \u00e0 exploiter<\/strong><\/td>\n<td style=\"text-align: left\">\n<ul>\n<li style=\"font-weight: 400\"><span style=\"font-weight: 400\">Scratch2 \/ mBlock \/ \u00a0Moway world \/Picaxe Logicator ou Blockly \/ Ardublock <\/span><\/li>\n<\/ul>\n<\/td>\n<\/tr>\n<tr>\n<td style=\"text-align: left\"><strong>Pistes d\u2019activit\u00e9s<\/strong><\/td>\n<td style=\"text-align: left\">\n<ul>\n<li style=\"font-weight: 400\"><span style=\"font-weight: 400\">Concevoir et utiliser \u00a0un programme de pilotage d&#8217;un objet connect\u00e9 ( drones, robot, t\u00e9l\u00e9phone, capteurs\u2026), tout en alliant observation, imagination, \u00a0cr\u00e9ativit\u00e9, sens de la qualit\u00e9, et en sollicitant les savoirs \u00a0scientifiques et techniques pour obtenir une programmation conforme aux attentes.<\/span><\/li>\n<li style=\"font-weight: 400\"><span style=\"font-weight: 400\">Cr\u00e9er et programmer un robot Rover martien suivant un itin\u00e9raire, \u00e9vitant des obstacles et r\u00e9cup\u00e9rant des objet en \u00e9tant capable de les compter.<\/span><\/li>\n<li style=\"font-weight: 400\"><span style=\"font-weight: 400\">Cr\u00e9ation d\u2019une maquette de ville contextualisant une situation probl\u00e8me pr\u00e9cise et programmation du robot dans l\u2019environnement cr\u00e9\u00e9.<\/span><\/li>\n<li style=\"font-weight: 400\"><span style=\"font-weight: 400\">Modification d\u2019une partie d\u2019un robot existant et programmation pour r\u00e9soudre un probl\u00e8me technique.<\/span><\/li>\n<li style=\"font-weight: 400\"><span style=\"font-weight: 400\">Participations \u00a0aux challenges de robotiques.<\/span><\/li>\n<\/ul>\n<\/td>\n<\/tr>\n<tr>\n<td style=\"text-align: left\"><strong>Exemples d\u2019objets<\/strong><\/td>\n<td style=\"text-align: left\">\n<ul>\n<li style=\"font-weight: 400\"><span style=\"font-weight: 400\">Robot moway \/ robot mBot \/ syst\u00e8mes embarqu\u00e9s compatibles arduino (dans n\u2019importe quel type de robot) ou picaxe. <\/span><\/li>\n<li style=\"font-weight: 400\"><span style=\"font-weight: 400\">Drones<\/span><\/li>\n<li style=\"font-weight: 400\"><span style=\"font-weight: 400\">Tout objet connect\u00e9 r\u00e9el ou virtuel (symbolis\u00e9 dans scratch)<\/span><\/li>\n<li style=\"font-weight: 400\"><span style=\"font-weight: 400\">Maquettes domotis\u00e9es.<\/span><\/li>\n<li style=\"font-weight: 400\"><span style=\"font-weight: 400\">Robots permettant de tracer et \/ ou d\u00e9couper.<\/span><\/li>\n<\/ul>\n<\/td>\n<\/tr>\n<\/tbody>\n<\/table>\n<h3><\/h3>\n<hr \/>\n<h3><span style=\"text-decoration: underline;color: #000000\">Pour aller plus loin<\/span><\/h3>\n<ul>\n<li><span style=\"font-weight: 400\">Site support de l\u2019acad\u00e9mie de bordeaux autour du pilotage et du codage de l\u2019information avec scratch :\u00a0<\/span><a href=\"http:\/\/sti.ac-bordeaux.fr\/techno\/scratch\/\"><span style=\"font-weight: 400\">http:\/\/sti.ac-bordeaux.fr\/techno\/scratch\/<\/span><\/a><\/li>\n<li><span style=\"font-weight: 400\">Sites support de Scratch :\u00a0<\/span><a href=\"https:\/\/scratch.mit.edu\"><span style=\"font-weight: 400\">https:\/\/scratch.mit.edu<\/span><\/a><\/li>\n<li><span style=\"font-weight: 400\">Site Moway education (robot moway):\u00a0<\/span><a href=\"http:\/\/moway-robot.com\"><span style=\"font-weight: 400\">http:\/\/moway-robot.com<\/span><\/a><\/li>\n<li><span style=\"font-weight: 400\">Site Makeblock (robot mBot et gamme compatible arduino) :\u00a0<\/span><span style=\"font-weight: 400\"><a href=\"http:\/\/learn.makeblock.com\">http:\/\/learn.makeblock.com<\/a><\/span><\/li>\n<li>Sites fournisseurs en technologie : A4, Technologie service, Jeulin&#8230;<\/li>\n<\/ul>\n<hr \/>\n<p><span style=\"color: #ff0000\">NB : Ces propositions sont mises \u00e0 disposition pour aider chacun dans sa r\u00e9flexion mais elles n&#8217;ont pas pu \u00eatre\u00a0finalis\u00e9es par manque de temps.\u00a0Ces fiches\u00a0seront donc am\u00e9lior\u00e9es au cours du d\u00e9but d&#8217;ann\u00e9e.<\/span><\/p>\n","protected":false},"excerpt":{"rendered":"<p>R\u00e9f\u00e9rence au texte officiel THEME : L&#8217;INFORMATIQUE ET LA PROGRAMMATION Connaissances et comp\u00e9tences associ\u00e9es Exemples de situations, d\u2019activit\u00e9s et de ressources pour l\u2019\u00e9l\u00e8ve Exprimer sa pens\u00e9e \u00e0 l\u2019aide d\u2019outils de &#8230;<\/p>\n","protected":false},"author":211,"featured_media":0,"parent":0,"menu_order":0,"comment_status":"closed","ping_status":"closed","template":"","meta":{"footnotes":""},"class_list":["post-2144","page","type-page","status-publish","hentry"],"_links":{"self":[{"href":"https:\/\/ent2d.ac-bordeaux.fr\/disciplines\/sti\/wp-json\/wp\/v2\/pages\/2144","targetHints":{"allow":["GET"]}}],"collection":[{"href":"https:\/\/ent2d.ac-bordeaux.fr\/disciplines\/sti\/wp-json\/wp\/v2\/pages"}],"about":[{"href":"https:\/\/ent2d.ac-bordeaux.fr\/disciplines\/sti\/wp-json\/wp\/v2\/types\/page"}],"author":[{"embeddable":true,"href":"https:\/\/ent2d.ac-bordeaux.fr\/disciplines\/sti\/wp-json\/wp\/v2\/users\/211"}],"replies":[{"embeddable":true,"href":"https:\/\/ent2d.ac-bordeaux.fr\/disciplines\/sti\/wp-json\/wp\/v2\/comments?post=2144"}],"version-history":[{"count":0,"href":"https:\/\/ent2d.ac-bordeaux.fr\/disciplines\/sti\/wp-json\/wp\/v2\/pages\/2144\/revisions"}],"wp:attachment":[{"href":"https:\/\/ent2d.ac-bordeaux.fr\/disciplines\/sti\/wp-json\/wp\/v2\/media?parent=2144"}],"curies":[{"name":"wp","href":"https:\/\/api.w.org\/{rel}","templated":true}]}}