{"id":2022,"date":"2016-07-08T13:32:03","date_gmt":"2016-07-08T12:32:03","guid":{"rendered":"http:\/\/blogacabdx.ac-bordeaux.fr\/ressii\/?page_id=2022"},"modified":"2016-07-08T13:32:03","modified_gmt":"2016-07-08T12:32:03","slug":"c4-otscis-1-1-fe1-les-regles-dun-usage-raisonne-des-objets-communicants-respectant-la-propriete-intellectuelle-et-lintegrite-dautrui","status":"publish","type":"page","link":"https:\/\/ent2d.ac-bordeaux.fr\/disciplines\/sti\/c4-otscis-1-1-fe1-les-regles-dun-usage-raisonne-des-objets-communicants-respectant-la-propriete-intellectuelle-et-lintegrite-dautrui\/","title":{"rendered":"C4-OTSCIS-1-1-FE4 &#8211; Les r\u00e8gles d\u2019un usage raisonn\u00e9 des objets communicants respectant la propri\u00e9t\u00e9 intellectuelle et l\u2019int\u00e9grit\u00e9 d\u2019autrui"},"content":{"rendered":"<hr \/>\n<h2><\/h2>\n<h3><span style=\"text-decoration: underline;color: #000000\">R\u00e9f\u00e9rence au texte officiel<\/span><\/h3>\n<h2 style=\"text-align: center\"><strong>THEME : LES OBJETS TECHNIQUES, LES SERVICES ET LES CHANGEMENTS INDUITS DANS LA SOCIETE<\/strong><\/h2>\n<table style=\"width: 100%\" cellspacing=\"1\" cellpadding=\"1\">\n<tbody>\n<tr>\n<td><\/td>\n<td><\/td>\n<\/tr>\n<tr>\n<td><strong>Connaissances et comp\u00e9tences associ\u00e9es<\/strong><\/td>\n<td><strong>Exemples de situations, d\u2019activit\u00e9s et de ressources pour l\u2019\u00e9l\u00e8ve<\/strong><\/td>\n<\/tr>\n<tr>\n<td colspan=\"2\"><strong>Comparer et commenter les \u00e9volutions des objets et syst\u00e8mes<\/strong><\/td>\n<\/tr>\n<tr>\n<td style=\"width: 50%;text-align: left\">\n<p style=\"text-align: left\"><strong>Regrouper des objets en familles et lign\u00e9es.<br \/>\n<a href=\"https:\/\/ent2d.ac-bordeaux.fr\/disciplines\/sti\/c4-otscis-1-1-fe1-levolution-des-objets\/\">OTSCIS-1-1-FE1 \u00bb L\u2019\u00e9volution des objets.<\/a><br \/>\n<a href=\"https:\/\/ent2d.ac-bordeaux.fr\/disciplines\/sti\/c4-otscis-1-1-fe1-impacts-societaux-et-environnementaux-dus-aux-objets\/\">OTSCIS-1-1-FE2\u00a0\u00bb Impacts soci\u00e9taux et environnementaux dus\u00a0aux objets.<\/a><br \/>\n<a href=\"https:\/\/ent2d.ac-bordeaux.fr\/disciplines\/sti\/c4-otscis-1-1-fe1-cycle-de-vie\/\">OTSCIS-1-1-FE3\u00a0\u00bb Cycle de vie.<\/a><br \/>\n<a href=\"https:\/\/ent2d.ac-bordeaux.fr\/disciplines\/sti\/c4-otscis-1-1-fe1-les-regles-dun-usage-raisonne-des-objets-communicants-respectant-la-propriete-intellectuelle-et-lintegrite-dautrui\/\">OTSCIS-1-1-FE4\u00a0\u00bb Les r\u00e8gles d\u2019un usage raisonn\u00e9 des objets\u00a0communicants respectant la propri\u00e9t\u00e9 intellectuelle\u00a0et l\u2019int\u00e9grit\u00e9 d\u2019autrui.<\/a><\/strong><\/p>\n<\/td>\n<td style=\"text-align: justify\">L\u2019analyse du fonctionnement d\u2019un objet\u00a0technique, de son comportement, de ses\u00a0performances et de son impact environnemental\u00a0doit \u00eatre replac\u00e9e dans son contexte. L\u2019\u00e9volution\u00a0de celui-ci doit \u00eatre prise en compte.<br \/>\nCollection d\u2019objets r\u00e9pondant \u00e0 un m\u00eame<br \/>\nbesoin.<br \/>\nRFID, GPS, WiFi<\/td>\n<\/tr>\n<\/tbody>\n<\/table>\n<hr \/>\n<h3><span style=\"text-decoration: underline\"><span style=\"color: #000000;text-decoration: underline\">Exemple de structuration de connaissances<\/span><\/span><\/h3>\n<p><a href=\"https:\/\/ent2d.ac-bordeaux.fr\/disciplines\/stidev\/wp-content\/uploads\/sites\/62\/2016\/07\/OTSCIS-1-1-FE4-Regles-dun-usage-raisonn\u00e9.jpg\"><img loading=\"lazy\" decoding=\"async\" class=\"alignnone wp-image-2046 size-full\" src=\"https:\/\/ent2d.ac-bordeaux.fr\/disciplines\/stidev\/wp-content\/uploads\/sites\/62\/2016\/07\/OTSCIS-1-1-FE4-Regles-dun-usage-raisonn\u00e9.jpg\" width=\"1600\" height=\"900\" \/><\/a><\/p>\n<table border=\"0\" cellspacing=\"1\" cellpadding=\"1\">\n<tbody>\n<tr>\n<td><a href=\"https:\/\/ent2d.ac-bordeaux.fr\/disciplines\/sti\/wp-content\/uploads\/sites\/41\/2016\/07\/OTSCIS-1-1-FE4-Regles-dun-usage-raisonn%C3%A9.jpg\" target=\"_blank\" rel=\"noopener\"><img loading=\"lazy\" decoding=\"async\" class=\"alignnone wp-image-1491\" src=\"https:\/\/ent2d.ac-bordeaux.fr\/disciplines\/stidev\/wp-content\/uploads\/sites\/62\/2016\/06\/jpg.png\" alt=\"\" width=\"51\" height=\"51\" \/><\/a><br \/>\n<a href=\"https:\/\/ent2d.ac-bordeaux.fr\/disciplines\/sti\/wp-content\/uploads\/sites\/41\/2016\/07\/OTSCIS-1-1-FE4-Regles-dun-usage-raisonn%C3%A9.jpg\" target=\"_blank\" rel=\"noopener\"><u><span style=\"color: #0066cc\">Fiche \u00e9l\u00e8ve format\u00a0image<\/span><\/u><\/a><\/td>\n<td><u><span style=\"color: #0066cc\"><img loading=\"lazy\" decoding=\"async\" class=\"alignnone wp-image-38\" src=\"https:\/\/ent2d.ac-bordeaux.fr\/disciplines\/stidev\/wp-content\/uploads\/sites\/62\/2015\/03\/logoVideo2.jpg\" alt=\"logoVideo2\" width=\"50\" height=\"51\" \/><br \/>\n<\/span><\/u> Format vid\u00e9o Mp4<\/td>\n<td><img loading=\"lazy\" decoding=\"async\" class=\"alignnone wp-image-296\" src=\"https:\/\/ent2d.ac-bordeaux.fr\/disciplines\/stidev\/wp-content\/uploads\/sites\/62\/2015\/03\/logoWebM2.jpg\" alt=\"logoWebM2\" width=\"50\" height=\"51\" \/><br \/>\nFormat vid\u00e9o Web-M<\/td>\n<td><img loading=\"lazy\" decoding=\"async\" class=\"alignnone wp-image-34\" src=\"https:\/\/ent2d.ac-bordeaux.fr\/disciplines\/stidev\/wp-content\/uploads\/sites\/62\/2015\/03\/logoPdf2.jpg\" alt=\"logoPdf2\" width=\"50\" height=\"51\" \/><br \/>\nFiche professeur PDF<\/td>\n<\/tr>\n<\/tbody>\n<\/table>\n<hr \/>\n<h3><span style=\"color: #000000\"><span style=\"text-decoration: underline\">Exemple d&#8217;exploitation p\u00e9dagogique &#8211; 5\u00e8me<\/span><\/span><\/h3>\n<table style=\"width: 100%\" border=\"0\" cellspacing=\"1\" cellpadding=\"1\">\n<tbody>\n<tr>\n<td style=\"text-align: left\"><strong>Pistes de situations d\u00e9clenchantes<\/strong><\/td>\n<td style=\"text-align: justify\">\n<ul>\n<li style=\"font-weight: 400\"><span style=\"font-weight: 400\">Faire un montage avec une photo c\u00e9l\u00e8bre, une phrase c\u00e9l\u00e8bre<\/span><\/li>\n<\/ul>\n<\/td>\n<\/tr>\n<tr>\n<td style=\"text-align: left\"><strong>Pistes probl\u00e8mes<\/strong> <strong>technologiques<\/strong><\/td>\n<td style=\"text-align: left\">\n<ul>\n<li style=\"font-weight: 400\"><span style=\"font-weight: 400\">A-t-on le droit de publier librement les images trouv\u00e9es ? Faire la diff\u00e9rence entre utilisation personnelle et diffusion publique.<\/span><\/li>\n<li style=\"font-weight: 400\"><span style=\"font-weight: 400\">A-t-on le droit de les transformer librement (recadrage, modification des couleurs\u2026) ? Expliciter la notion de droit moral d\u2019une \u0153uvre.<\/span><\/li>\n<\/ul>\n<\/td>\n<\/tr>\n<tr>\n<td style=\"text-align: left\"><strong>Ressources Outils \u00e0 exploiter<\/strong><\/td>\n<td style=\"text-align: left\">\n<ul>\n<li style=\"font-weight: 400\"><a href=\"http:\/\/crdp.ac-amiens.fr\/cui\/ressources\/les-livrets-et-laffiche-internet-attitude#\"><span style=\"font-weight: 400\">http:\/\/crdp.ac-amiens.fr\/cui\/ressources\/les-livrets-et-laffiche-internet-attitude#<\/span><\/a><span style=\"font-weight: 400\"> Fiche sur les droits<\/span><\/li>\n<\/ul>\n<\/td>\n<\/tr>\n<tr>\n<td style=\"text-align: left\"><strong>Pistes d\u2019activit\u00e9s<\/strong><\/td>\n<td style=\"text-align: left\"><span style=\"font-weight: 400\">Demander aux \u00e9l\u00e8ves de :<\/span><\/p>\n<p>&nbsp;<\/p>\n<ul>\n<li style=\"font-weight: 400\"><span style=\"font-weight: 400\">Notion de droit d\u2019auteur ; rechercher les lois qui r\u00e9gissent les droits d\u2019auteur.<\/span><\/li>\n<li style=\"font-weight: 400\"><span style=\"font-weight: 400\">\u00c9tudier la forme et les contenus obligatoires \u00a0d\u2019une communication \u00e9crite et \u00e9lectronique<\/span><\/li>\n<li style=\"font-weight: 400\">D\u00e9couvrir ce qu\u2019est une normes par la recherche de d\u00e9signations appos\u00e9es sur les produits<\/li>\n<\/ul>\n<\/td>\n<\/tr>\n<tr>\n<td style=\"text-align: left\"><strong>Exemples d\u2019objets<\/strong> <strong>supports<\/strong><\/td>\n<td style=\"text-align: left\">\n<ul>\n<li><span style=\"font-weight: 400\">Ordinateurs<\/span><\/li>\n<\/ul>\n<\/td>\n<\/tr>\n<\/tbody>\n<\/table>\n<h3><span style=\"color: #000000\"><span style=\"text-decoration: underline\">Exemple d&#8217;exploitation p\u00e9dagogique &#8211; 4\u00e8me<\/span><\/span><\/h3>\n<table style=\"width: 100%\" border=\"0\" cellspacing=\"1\" cellpadding=\"1\">\n<tbody>\n<tr>\n<td style=\"text-align: left\"><strong>Pistes de situations d\u00e9clenchantes<\/strong><\/td>\n<td style=\"text-align: justify\">\n<ul>\n<li><span style=\"font-weight: 400\"> Pour les droits d\u2019auteur <\/span><a href=\"http:\/\/www.vinzetlou.net\/vinz-et-lou-sur-internet\/dessins-animes-qui-pirate-un-oeuf-pirate-un-boeuf\"><span style=\"font-weight: 400\">http:\/\/www.vinzetlou.net\/vinz-et-lou-sur-internet\/dessins-animes-qui-pirate-un-oeuf-pirate-un-boeuf<\/span><\/a><\/li>\n<li><span style=\"font-weight: 400\">Pour l\u2019INPI, article concernant un vol de brevet comme par exemple <\/span><a href=\"http:\/\/www.liberation.fr\/medias\/2012\/04\/03\/facebook-attaque-yahoo-pour-vol-de-brevets_808116\"><span style=\"font-weight: 400\">http:\/\/www.liberation.fr\/medias\/2012\/04\/03\/facebook-attaque-yahoo-pour-vol-de-brevets_808116<\/span><\/a><\/li>\n<\/ul>\n<\/td>\n<\/tr>\n<tr>\n<td style=\"text-align: left\"><strong>Pistes probl\u00e8mes<\/strong> <strong>technologiques<\/strong><\/td>\n<td style=\"text-align: left\">\n<ul>\n<li style=\"font-weight: 400\"><span style=\"font-weight: 400\">qu\u2019est-ce que t\u00e9l\u00e9charger, quels genres d\u2019objets peut-on t\u00e9l\u00e9charger (musique, vid\u00e9o, logiciels\u2026) ?<\/span><\/li>\n<li style=\"font-weight: 400\"><span style=\"font-weight: 400\">a-t-on le droit de t\u00e9l\u00e9charger librement ?<\/span><\/li>\n<li style=\"font-weight: 400\"><span style=\"font-weight: 400\">le t\u00e9l\u00e9chargement est-il autoris\u00e9 dans l\u2019\u00e9tablissement (voir la charte d\u2019usage de chaque \u00e9tablissement. Pourquoi est-ce autoris\u00e9\/ interdit?)<\/span><\/li>\n<li style=\"font-weight: 400\"><span style=\"font-weight: 400\">Comment prot\u00e9ger ses cr\u00e9ations ?<\/span><\/li>\n<\/ul>\n<\/td>\n<\/tr>\n<tr>\n<td style=\"text-align: left\"><strong>Ressources Outils \u00e0 exploiter<\/strong><\/td>\n<td style=\"text-align: left\">\n<ul>\n<li><span style=\"font-weight: 400\"><i>L&#8217;INPI est l&#8217;Institut national de la propri\u00e9t\u00e9 industrielle <\/i><i>: <\/i><a href=\"https:\/\/www.inpi.fr\/fr\"><span style=\"font-weight: 400\">https:\/\/www.inpi.fr\/fr<\/span><\/a> <\/span><\/li>\n<\/ul>\n<\/td>\n<\/tr>\n<tr>\n<td style=\"text-align: left\"><strong>Pistes d\u2019activit\u00e9s<\/strong><\/td>\n<td style=\"text-align: left\"><span style=\"font-weight: 400\">Demander aux \u00e9l\u00e8ves de :<\/span><\/p>\n<ul>\n<li style=\"font-weight: 400\"><span style=\"font-weight: 400\">Respecter le droit d&#8217;auteur, la propri\u00e9t\u00e9 logicielle<\/span><\/li>\n<li style=\"font-weight: 400\"><span style=\"font-weight: 400\">D\u00e9couvrir les diff\u00e9rentes licences pouvant \u00eatre d\u00e9pos\u00e9es sur des propri\u00e9t\u00e9s individuelles num\u00e9riques<\/span><\/li>\n<li style=\"font-weight: 400\"><span style=\"font-weight: 400\">INPI : d\u00e9couvrir son r\u00f4le pour les entreprises<\/span><\/li>\n<\/ul>\n<\/td>\n<\/tr>\n<tr>\n<td style=\"text-align: left\"><strong>Exemples d\u2019objets<\/strong> <strong>supports<\/strong><\/td>\n<td style=\"text-align: left\">\n<ul>\n<li><span style=\"font-weight: 400\">Ordinateurs<\/span><\/li>\n<\/ul>\n<\/td>\n<\/tr>\n<\/tbody>\n<\/table>\n<h3><span style=\"color: #000000\"><span style=\"text-decoration: underline\">Exemple d&#8217;exploitation p\u00e9dagogique &#8211; 3\u00e8me<\/span><\/span><\/h3>\n<table style=\"width: 100%\" border=\"0\" cellspacing=\"1\" cellpadding=\"1\">\n<tbody>\n<tr>\n<td style=\"text-align: left\"><strong>Pistes de situations d\u00e9clenchantes<\/strong><\/td>\n<td style=\"text-align: justify\">\n<ul>\n<li><span style=\"font-weight: 400\">Une page Facebook r\u00e9alis\u00e9e avec les erreurs \u00e0 ne pas commettre<\/span><\/li>\n<li>Vid\u00e9o sur le harc\u00e8lement relay\u00e9 par le t\u00e9l\u00e9phone portable<\/li>\n<li>Vid\u00e9o sur les dangers du wifi \u2026<\/li>\n<li><span style=\"font-weight: 400\">Pour le bon usage des t\u00e9l\u00e9phones portables : <\/span><a href=\"https:\/\/www.youtube.com\/embed\/6_-xTxP1hD4?autoplay=1\"><span style=\"font-weight: 400\">https:\/\/www.youtube.com\/embed\/6_-xTxP1hD4?autoplay=1<\/span><\/a><\/li>\n<\/ul>\n<\/td>\n<\/tr>\n<tr>\n<td style=\"text-align: left\"><strong>Pistes probl\u00e8mes<\/strong> <strong>technologiques<\/strong><\/td>\n<td style=\"text-align: left\">\n<ul>\n<li><span style=\"font-weight: 400\">Il existe des r\u00e8gles de communication sur internet, lesquelles ?<\/span><\/li>\n<li><span style=\"font-weight: 400\">Les ondes wifi ont-elles une influence sur notre sant\u00e9 ?<\/span><\/li>\n<li><span style=\"font-weight: 400\">Comment prot\u00e9ger ses cr\u00e9ations ?<\/span><\/li>\n<\/ul>\n<\/td>\n<\/tr>\n<tr>\n<td style=\"text-align: left\"><strong>Ressources Outils \u00e0 exploiter<\/strong><\/td>\n<td style=\"text-align: left\">\n<ul>\n<li style=\"font-weight: 400\"><span style=\"font-weight: 400\">Activit\u00e9s sur le bon usage d\u2019internet <\/span><a href=\"http:\/\/www.utc.fr\/~wprecip\/modules\/traces\/ados\/co\/module_traces.html\"><span style=\"font-weight: 400\">http:\/\/www.utc.fr\/~wprecip\/modules\/traces\/ados\/co\/module_traces.html<\/span><\/a><\/li>\n<li style=\"font-weight: 400\"><span style=\"font-weight: 400\">Des fiches formats A4 Comprendre et utiliser Internet <\/span><a href=\"http:\/\/crdp.ac-amiens.fr\/cui\/ressources\/les-livrets-et-laffiche-internet-attitude#\"><span style=\"font-weight: 400\">http:\/\/crdp.ac-amiens.fr\/cui\/ressources\/les-livrets-et-laffiche-internet-attitude#<\/span><\/a><\/li>\n<li style=\"font-weight: 400\"><span style=\"font-weight: 400\">Sites sur la protection des secrets de conception et fabrication : <\/span><a href=\"http:\/\/www.invention-europe.com\/CMpro-v-p-147.htm\"><span style=\"font-weight: 400\">http:\/\/www.invention-europe.com\/CMpro-v-p-147.htm<\/span><\/a> <a href=\"http:\/\/www.irpi.fr\/pages\/?ref_arbo=363#idee\"><span style=\"font-weight: 400\">http:\/\/www.irpi.fr\/pages\/?ref_arbo=363#idee<\/span><\/a> <a href=\"https:\/\/fr.wikipedia.org\/wiki\/Brevet\"><span style=\"font-weight: 400\">https:\/\/fr.wikipedia.org\/wiki\/Brevet<\/span><\/a><\/li>\n<li style=\"font-weight: 400\"><span style=\"font-weight: 400\">Les dangers des ondes wifi et bluetooth, pour lancer le d\u00e9bat \u2026 <\/span><a href=\"http:\/\/www.ensow.fr\/p\/bienvenue.html\"><span style=\"font-weight: 400\">http:\/\/www.ensow.fr\/p\/bienvenue.html<\/span><\/a><span style=\"font-weight: 400\"> (vid\u00e9o) <\/span><span style=\"font-weight: 400\"><a href=\"http:\/\/www.sciencesetavenir.fr\/sante\/20130930.OBS9058\/portables-wi-fi-tablettes-les-vrais-dangers-des-ondes.html\">http:\/\/www.sciencesetavenir.fr\/sante\/20130930.OBS9058\/portables-wi-fi-tablettes-les-vrais-dangers-des-ondes.html<\/a><\/span><\/li>\n<li style=\"font-weight: 400\"><span style=\"font-weight: 400\">Vid\u00e9o harc\u00e8lement <\/span><a href=\"http:\/\/www.dailymotion.com\/video\/xnutu3_les-injures-agir-contre-le-harcelement-a-l-ecole_school\"><span style=\"font-weight: 400\">http:\/\/www.dailymotion.com\/video\/xnutu3_les-injures-agir-contre-le-harcelement-a-l-ecole_school<\/span><\/a><\/li>\n<\/ul>\n<\/td>\n<\/tr>\n<tr>\n<td style=\"text-align: left\"><strong>Pistes d\u2019activit\u00e9s<\/strong><\/td>\n<td style=\"text-align: left\">\n<ul>\n<li style=\"font-weight: 400\"><span style=\"font-weight: 400\">Conna\u00eetre les r\u00e8gles de communication et les bons usages des objets communicants<\/span><\/li>\n<li style=\"font-weight: 400\"><span style=\"font-weight: 400\">S&#8217;approprier et respecter les droits individuels li\u00e9s \u00e0 l&#8217;usage d&#8217;internet (traces personnelles laiss\u00e9es lors d&#8217;une navigation, harc\u00e8lement sur le r\u00e9seau, droit \u00e0 l&#8217;oubli\u2026), <\/span><\/li>\n<li style=\"font-weight: 400\"><span style=\"font-weight: 400\">Configurer les param\u00e8tres de gestion des m\u00e9moires et flux d&#8217;informations dans les r\u00e9seaux, par exemple au travers de la communication d\u2019un document.<\/span><\/li>\n<li style=\"font-weight: 400\"><span style=\"font-weight: 400\">\u00c9tudier comment les entreprises prot\u00e8gent leurs secrets de conception et de r\u00e9alisation \u00a0d\u2019un \u00a0objet<\/span><\/li>\n<li style=\"font-weight: 400\"><span style=\"font-weight: 400\">Faire une recherche sur les dangers des ondes wifi et Bluetooth<\/span><\/li>\n<\/ul>\n<\/td>\n<\/tr>\n<tr>\n<td style=\"text-align: left\"><strong>Exemples d\u2019objets<\/strong><\/td>\n<td style=\"text-align: left\">\n<ul>\n<li><span style=\"font-weight: 400\">Ordinateurs, t\u00e9l\u00e9phone &#8230;<\/span><\/li>\n<\/ul>\n<\/td>\n<\/tr>\n<\/tbody>\n<\/table>\n<h3><\/h3>\n<hr \/>\n<h3><span style=\"text-decoration: underline;color: #000000\">Pour aller plus loin<\/span><\/h3>\n<ul>\n<li>https:\/\/www.service-public.fr\/professionnels-entreprises\/vosdroits\/F23431http:\/\/www.wipo.int\/copyright\/fr\/faq_copyright.htm<\/li>\n<li>http:\/\/eduscol.education.fr\/internet-responsable\/se-documenter-publier\/reutiliser-des-contenus-produits-par-des-tiers\/les-precautions-a-prendre.htmlhttps:\/\/scinfolex.com\/2009\/09\/22\/reutiliser-des-images-en-ligne-entre-copyright-copyleft-et-copydown\/<\/li>\n<li>http:\/\/www.ecolebranchee.com\/2014\/10\/28\/le-parfait-kit-pour-enseigner-la-citoyennete-numerique\/#.VE9wWNC3v-8.twitter<\/li>\n<\/ul>\n<hr \/>\n<p><span style=\"color: #ff0000\">NB : Ces propositions sont mises \u00e0 disposition pour aider chacun dans sa r\u00e9flexion mais elles n&#8217;ont pas pu \u00eatre\u00a0finalis\u00e9es par manque de temps.\u00a0Ces fiches\u00a0seront donc am\u00e9lior\u00e9es au cours du d\u00e9but d&#8217;ann\u00e9e.<\/span><\/p>\n","protected":false},"excerpt":{"rendered":"<p>R\u00e9f\u00e9rence au texte officiel THEME : LES OBJETS TECHNIQUES, LES SERVICES ET LES CHANGEMENTS INDUITS DANS LA SOCIETE Connaissances et comp\u00e9tences associ\u00e9es Exemples de situations, d\u2019activit\u00e9s et de ressources pour &#8230;<\/p>\n","protected":false},"author":211,"featured_media":0,"parent":0,"menu_order":0,"comment_status":"closed","ping_status":"closed","template":"","meta":{"footnotes":""},"class_list":["post-2022","page","type-page","status-publish","hentry"],"_links":{"self":[{"href":"https:\/\/ent2d.ac-bordeaux.fr\/disciplines\/sti\/wp-json\/wp\/v2\/pages\/2022","targetHints":{"allow":["GET"]}}],"collection":[{"href":"https:\/\/ent2d.ac-bordeaux.fr\/disciplines\/sti\/wp-json\/wp\/v2\/pages"}],"about":[{"href":"https:\/\/ent2d.ac-bordeaux.fr\/disciplines\/sti\/wp-json\/wp\/v2\/types\/page"}],"author":[{"embeddable":true,"href":"https:\/\/ent2d.ac-bordeaux.fr\/disciplines\/sti\/wp-json\/wp\/v2\/users\/211"}],"replies":[{"embeddable":true,"href":"https:\/\/ent2d.ac-bordeaux.fr\/disciplines\/sti\/wp-json\/wp\/v2\/comments?post=2022"}],"version-history":[{"count":0,"href":"https:\/\/ent2d.ac-bordeaux.fr\/disciplines\/sti\/wp-json\/wp\/v2\/pages\/2022\/revisions"}],"wp:attachment":[{"href":"https:\/\/ent2d.ac-bordeaux.fr\/disciplines\/sti\/wp-json\/wp\/v2\/media?parent=2022"}],"curies":[{"name":"wp","href":"https:\/\/api.w.org\/{rel}","templated":true}]}}