{"id":2018,"date":"2016-07-08T13:31:21","date_gmt":"2016-07-08T12:31:21","guid":{"rendered":"http:\/\/blogacabdx.ac-bordeaux.fr\/ressii\/?page_id=2018"},"modified":"2016-07-08T13:31:21","modified_gmt":"2016-07-08T12:31:21","slug":"c4-otscis-1-1-fe1-impacts-societaux-et-environnementaux-dus-aux-objets","status":"publish","type":"page","link":"https:\/\/ent2d.ac-bordeaux.fr\/disciplines\/sti\/c4-otscis-1-1-fe1-impacts-societaux-et-environnementaux-dus-aux-objets\/","title":{"rendered":"C4-OTSCIS-1-1-FE2 &#8211; Impacts soci\u00e9taux et environnementaux dus aux objets"},"content":{"rendered":"<hr \/>\n<h2><\/h2>\n<h3><span style=\"text-decoration: underline;color: #000000\">R\u00e9f\u00e9rence au texte officiel<\/span><\/h3>\n<h2 style=\"text-align: center\"><strong>THEME : LES OBJETS TECHNIQUES, LES SERVICES ET LES CHANGEMENTS INDUITS DANS LA SOCIETE<\/strong><\/h2>\n<table style=\"width: 100%\" cellspacing=\"1\" cellpadding=\"1\">\n<tbody>\n<tr>\n<td><\/td>\n<td><\/td>\n<\/tr>\n<tr>\n<td><strong>Connaissances et comp\u00e9tences associ\u00e9es<\/strong><\/td>\n<td><strong>Exemples de situations, d\u2019activit\u00e9s et de ressources pour l\u2019\u00e9l\u00e8ve<\/strong><\/td>\n<\/tr>\n<tr>\n<td colspan=\"2\"><strong>Comparer et commenter les \u00e9volutions des objets et syst\u00e8mes<\/strong><\/td>\n<\/tr>\n<tr>\n<td style=\"width: 50%;text-align: left\">\n<p style=\"text-align: left\"><strong>Regrouper des objets en familles et lign\u00e9es.<br \/>\n<a href=\"https:\/\/ent2d.ac-bordeaux.fr\/disciplines\/sti\/c4-otscis-1-1-fe1-levolution-des-objets\/\">OTSCIS-1-1-FE1 \u00bb L\u2019\u00e9volution des objets.<\/a><br \/>\n<a href=\"https:\/\/ent2d.ac-bordeaux.fr\/disciplines\/sti\/c4-otscis-1-1-fe1-impacts-societaux-et-environnementaux-dus-aux-objets\/\">OTSCIS-1-1-FE2\u00a0\u00bb Impacts soci\u00e9taux et environnementaux dus\u00a0aux objets.<\/a><br \/>\n<a href=\"https:\/\/ent2d.ac-bordeaux.fr\/disciplines\/sti\/c4-otscis-1-1-fe1-cycle-de-vie\/\">OTSCIS-1-1-FE3\u00a0\u00bb Cycle de vie.<\/a><br \/>\n<a href=\"https:\/\/ent2d.ac-bordeaux.fr\/disciplines\/sti\/c4-otscis-1-1-fe1-les-regles-dun-usage-raisonne-des-objets-communicants-respectant-la-propriete-intellectuelle-et-lintegrite-dautrui\/\">OTSCIS-1-1-FE4\u00a0\u00bb Les r\u00e8gles d\u2019un usage raisonn\u00e9 des objets\u00a0communicants respectant la propri\u00e9t\u00e9 intellectuelle\u00a0et l\u2019int\u00e9grit\u00e9 d\u2019autrui.<\/a><\/strong><\/p>\n<\/td>\n<td style=\"text-align: justify\">L\u2019analyse du fonctionnement d\u2019un objet\u00a0technique, de son comportement, de ses\u00a0performances et de son impact environnemental\u00a0doit \u00eatre replac\u00e9e dans son contexte. L\u2019\u00e9volution\u00a0de celui-ci doit \u00eatre prise en compte.<br \/>\nCollection d\u2019objets r\u00e9pondant \u00e0 un m\u00eame<br \/>\nbesoin.<br \/>\nRFID, GPS, WiFi<\/td>\n<\/tr>\n<\/tbody>\n<\/table>\n<hr \/>\n<h3><span style=\"text-decoration: underline\"><span style=\"color: #000000;text-decoration: underline\">Exemple de structuration de connaissances<\/span><\/span><\/h3>\n<p><a href=\"https:\/\/ent2d.ac-bordeaux.fr\/disciplines\/stidev\/wp-content\/uploads\/sites\/62\/2016\/07\/OTSCIS-1-1-FE2-Impacts-societaux-et-environnementaux.jpg\"><img loading=\"lazy\" decoding=\"async\" class=\"alignnone wp-image-2033 size-full\" src=\"https:\/\/ent2d.ac-bordeaux.fr\/disciplines\/stidev\/wp-content\/uploads\/sites\/62\/2016\/07\/OTSCIS-1-1-FE2-Impacts-societaux-et-environnementaux.jpg\" width=\"1600\" height=\"900\" \/><\/a><\/p>\n<table border=\"0\" cellspacing=\"1\" cellpadding=\"1\">\n<tbody>\n<tr>\n<td><a href=\"https:\/\/ent2d.ac-bordeaux.fr\/disciplines\/stidev\/wp-content\/uploads\/sites\/62\/2016\/07\/OTSCIS-1-1-FE2-Impacts-societaux-et-environnementaux.jpg\" target=\"_blank\" rel=\"noopener\"><img loading=\"lazy\" decoding=\"async\" class=\"alignnone wp-image-1491\" src=\"https:\/\/ent2d.ac-bordeaux.fr\/disciplines\/stidev\/wp-content\/uploads\/sites\/62\/2016\/06\/jpg.png\" alt=\"\" width=\"51\" height=\"51\" \/><\/a><br \/>\n<a href=\"https:\/\/ent2d.ac-bordeaux.fr\/disciplines\/stidev\/wp-content\/uploads\/sites\/62\/2016\/07\/OTSCIS-1-1-FE2-Impacts-societaux-et-environnementaux.jpg\" target=\"_blank\" rel=\"noopener\"><u><span style=\"color: #0066cc\">Fiche \u00e9l\u00e8ve format\u00a0image<\/span><\/u><\/a><\/td>\n<td><u><span style=\"color: #0066cc\"><img loading=\"lazy\" decoding=\"async\" class=\"alignnone wp-image-38\" src=\"https:\/\/ent2d.ac-bordeaux.fr\/disciplines\/stidev\/wp-content\/uploads\/sites\/62\/2015\/03\/logoVideo2.jpg\" alt=\"logoVideo2\" width=\"50\" height=\"51\" \/><br \/>\n<\/span><\/u> Format vid\u00e9o Mp4<\/td>\n<td><img loading=\"lazy\" decoding=\"async\" class=\"alignnone wp-image-296\" src=\"https:\/\/ent2d.ac-bordeaux.fr\/disciplines\/stidev\/wp-content\/uploads\/sites\/62\/2015\/03\/logoWebM2.jpg\" alt=\"logoWebM2\" width=\"50\" height=\"51\" \/><br \/>\nFormat vid\u00e9o Web-M<\/td>\n<td><img loading=\"lazy\" decoding=\"async\" class=\"alignnone wp-image-34\" src=\"https:\/\/ent2d.ac-bordeaux.fr\/disciplines\/stidev\/wp-content\/uploads\/sites\/62\/2015\/03\/logoPdf2.jpg\" alt=\"logoPdf2\" width=\"50\" height=\"51\" \/><br \/>\nFiche professeur PDF<\/td>\n<\/tr>\n<\/tbody>\n<\/table>\n<hr \/>\n<h3><span style=\"color: #000000\"><span style=\"text-decoration: underline\">Exemple d&#8217;exploitation p\u00e9dagogique &#8211; 5\u00e8me<\/span><\/span><\/h3>\n<table style=\"width: 100%\" border=\"0\" cellspacing=\"1\" cellpadding=\"1\">\n<tbody>\n<tr>\n<td style=\"text-align: left\"><strong>Pistes de situations d\u00e9clenchantes<\/strong><\/td>\n<td style=\"text-align: justify\">\n<ul>\n<li style=\"font-weight: 400\"><span style=\"font-weight: 400\">Photos de plusieurs types d\u2019isolation paille, laine de verre, laine biosourc\u00e9e \u2026<\/span><\/li>\n<li style=\"font-weight: 400\">Photos de maisons domes<\/li>\n<\/ul>\n<\/td>\n<\/tr>\n<tr>\n<td style=\"text-align: left\"><strong>Pistes probl\u00e8mes<\/strong> <strong>technologiques<\/strong><\/td>\n<td style=\"text-align: left\">\n<ul>\n<li><span style=\"font-weight: 400\">Comment pr\u00e9server les ressources naturelles lors de la construction de b\u00e2timents ? <\/span><\/li>\n<li><span style=\"font-weight: 400\">Comment limiter les d\u00e9chets engendr\u00e9s par les b\u00e2timents et quels sont-ils ?<\/span><\/li>\n<\/ul>\n<\/td>\n<\/tr>\n<tr>\n<td style=\"text-align: left\"><strong>Ressources Outils \u00e0 exploiter<\/strong><\/td>\n<td style=\"text-align: left\">\n<ul>\n<li style=\"font-weight: 400\"><span style=\"font-weight: 400\">Logiciel de PAO ou partage <\/span><a href=\"https:\/\/fr.padlet.com\"><span style=\"font-weight: 400\">https:\/\/fr.<\/span><b>padlet<\/b><span style=\"font-weight: 400\">.com<\/span><\/a><span style=\"font-weight: 400\"> ou <\/span><a href=\"https:\/\/prezi.com\"><span style=\"font-weight: 400\">https:\/\/prezi.com<\/span><\/a> <span style=\"font-weight: 400\">google drive \u2026<\/span><\/li>\n<li style=\"font-weight: 400\"><span style=\"font-weight: 400\">Renseignements maison dome \u00a0\u00a0<\/span><a href=\"http:\/\/www.domespace.com\/fr\/accueil\"><span style=\"font-weight: 400\">http:\/\/www.domespace.com\/fr\/accueil<\/span><\/a> <a href=\"https:\/\/www.youtube.com\/watch?v=WoKddOirtPI\"><span style=\"font-weight: 400\">https:\/\/www.youtube.com\/watch?v=WoKddOirtPI<\/span><\/a><\/li>\n<li style=\"font-weight: 400\"><span style=\"font-weight: 400\">DVD Habitat et ouvrage Maison de l\u2019\u00e9nergie<\/span><\/li>\n<\/ul>\n<\/td>\n<\/tr>\n<tr>\n<td style=\"text-align: left\"><strong>Pistes d\u2019activit\u00e9s<\/strong><\/td>\n<td style=\"text-align: left\"><span style=\"font-weight: 400\">Demander aux \u00e9l\u00e8ves de :<\/span><\/p>\n<ul>\n<li style=\"font-weight: 400\"><span style=\"font-weight: 400\">D\u00e9crire l&#8217; \u00e9volution des mat\u00e9riaux et leur impact sur l&#8217;environnement<\/span><\/li>\n<\/ul>\n<\/td>\n<\/tr>\n<tr>\n<td style=\"text-align: left\"><strong>Exemples d\u2019objets<\/strong> <strong>supports<\/strong><\/td>\n<td style=\"text-align: left\">\n<ul>\n<li style=\"font-weight: 400\"><span style=\"font-weight: 400\">Maquette de b\u00e2timents, de ponts , mat\u00e9riels d&#8217;exp\u00e9rimentation sur l\u2019isolation &#8230;<\/span><\/li>\n<\/ul>\n<\/td>\n<\/tr>\n<\/tbody>\n<\/table>\n<h3><span style=\"color: #000000\"><span style=\"text-decoration: underline\">Exemple d&#8217;exploitation p\u00e9dagogique &#8211; 4\u00e8me<\/span><\/span><\/h3>\n<table style=\"width: 100%\" border=\"0\" cellspacing=\"1\" cellpadding=\"1\">\n<tbody>\n<tr>\n<td style=\"text-align: left\"><strong>Pistes de situations d\u00e9clenchantes<\/strong><\/td>\n<td style=\"text-align: justify\">\n<ul>\n<li style=\"font-weight: 400\"><span style=\"font-weight: 400\">Photos de chemin\u00e9e et de chauffage avec thermostat d\u2019ambiance<\/span><\/li>\n<li style=\"font-weight: 400\"><span style=\"font-weight: 400\">Vid\u00e9o sur les avantages \u00e9cologiques de la domotique <\/span><a href=\"http:\/\/lesbonstuyaux-domeo.fr\/domotique\/maison-intelligente\/la-domotique-au-service-de-la-maison-ecologique\"><span style=\"font-weight: 400\">http:\/\/lesbonstuyaux-domeo.fr\/domotique\/maison-intelligente\/la-domotique-au-service-de-la-maison-ecologique<\/span><\/a><\/li>\n<li style=\"font-weight: 400\"><span style=\"font-weight: 400\">Photos de l\u2019\u00e9volution de l&#8217;\u00e9clairage publique<\/span><\/li>\n<li style=\"font-weight: 400\">Articles pour le WIFI et contre<\/li>\n<\/ul>\n<\/td>\n<\/tr>\n<tr>\n<td style=\"text-align: left\"><strong>Pistes probl\u00e8mes<\/strong> <strong>technologiques<\/strong><\/td>\n<td style=\"text-align: left\">\n<ul>\n<li><span style=\"font-weight: 400\">En quoi les \u00e9volutions des objets et syst\u00e8mes peuvent \u00eatre positifs ou n\u00e9gatifs pour la soci\u00e9t\u00e9 ?<\/span><\/li>\n<\/ul>\n<\/td>\n<\/tr>\n<tr>\n<td style=\"text-align: left\"><strong>Ressources Outils \u00e0 exploiter<\/strong><\/td>\n<td style=\"text-align: left\">\n<ul>\n<li style=\"font-weight: 400\"><span style=\"font-weight: 400\">Logiciel de PAO ou partage <\/span><a href=\"https:\/\/fr.padlet.com\"><span style=\"font-weight: 400\">https:\/\/fr.<\/span><b>padlet<\/b><span style=\"font-weight: 400\">.com<\/span><\/a><span style=\"font-weight: 400\"> ou <\/span><a href=\"https:\/\/prezi.com\"><span style=\"font-weight: 400\">https:\/\/prezi.com<\/span><\/a> <span style=\"font-weight: 400\">google drive \u2026<\/span><\/li>\n<\/ul>\n<\/td>\n<\/tr>\n<tr>\n<td style=\"text-align: left\"><strong>Pistes d\u2019activit\u00e9s<\/strong><\/td>\n<td style=\"text-align: left\"><span style=\"font-weight: 400\">Demander aux \u00e9l\u00e8ves de :<\/span><\/p>\n<ul>\n<li style=\"font-weight: 400\"><span style=\"font-weight: 400\">\u00c9tudier l&#8217;impact du d\u00e9veloppement des communications sans fil \u00e0 distance sur environnement social et sur la sant\u00e9, leurs r\u00e8gles d&#8217;usage.<\/span><\/li>\n<li style=\"font-weight: 400\"><span style=\"font-weight: 400\">\u00c9tudier l\u2019impact de la domotique sur l\u2019environnement<\/span><\/li>\n<\/ul>\n<\/td>\n<\/tr>\n<tr>\n<td style=\"text-align: left\"><strong>Exemples d\u2019objets<\/strong> <strong>supports<\/strong><\/td>\n<td style=\"text-align: left\">\n<ul>\n<li><span style=\"font-weight: 400\">T\u00e9l\u00e9phone, Wifi du coll\u00e8ge<\/span><\/li>\n<\/ul>\n<\/td>\n<\/tr>\n<\/tbody>\n<\/table>\n<h3><span style=\"color: #000000\"><span style=\"text-decoration: underline\">Exemple d&#8217;exploitation p\u00e9dagogique &#8211; 3\u00e8me<\/span><\/span><\/h3>\n<table style=\"width: 100%\" border=\"0\" cellspacing=\"1\" cellpadding=\"1\">\n<tbody>\n<tr>\n<td style=\"text-align: left\"><strong>Pistes de situations d\u00e9clenchantes<\/strong><\/td>\n<td style=\"text-align: justify\">\n<ul>\n<li><span style=\"font-weight: 400\">D\u00e9but de l\u2019\u00e9mission de radio \u00c9oliennes : vent de col\u00e8re ou vent porteur sur France Inter <\/span><span style=\"font-weight: 400\"><a href=\"http:\/\/www.franceinter.fr\/player\/reecouter?play=1235949\">http:\/\/www.franceinter.fr\/player\/reecouter?play=1235949<\/a><\/span><\/li>\n<li><a href=\"https:\/\/www.youtube.com\/watch?v=A-s5dcVAD-A\"><span style=\"font-weight: 400\"><span style=\"font-weight: 400\">Obsolescence programm\u00e9e Cash Investigation <\/span><\/span><\/a><a href=\"https:\/\/www.youtube.com\/watch?v=NljCDGhFjFc\"><span style=\"font-weight: 400\">https:\/\/www.youtube.com\/watch?v=NljCDGhFjFc<\/span><\/a>A<\/li>\n<\/ul>\n<\/td>\n<\/tr>\n<tr>\n<td style=\"text-align: left\"><strong>Pistes probl\u00e8mes<\/strong> <strong>technologiques<\/strong><\/td>\n<td style=\"text-align: left\">\n<ul>\n<li><span style=\"font-weight: 400\">Comment cr\u00e9er de l\u2019\u00e9lectricit\u00e9 en pr\u00e9servant l&#8217;environnement, les solutions au cours des ann\u00e9es ? <\/span><\/li>\n<li><span style=\"font-weight: 400\">Qu\u2019est-ce que l\u2019obsolescence programm\u00e9e ?<\/span><\/li>\n<\/ul>\n<\/td>\n<\/tr>\n<tr>\n<td style=\"text-align: left\"><strong>Ressources Outils \u00e0 exploiter<\/strong><\/td>\n<td style=\"text-align: left\">\n<ul>\n<li style=\"font-weight: 400\"><span style=\"font-weight: 400\">Sites pour les recherches sur l\u2019\u00e9lectricit\u00e9 <\/span><a href=\"http:\/\/www.energies-environnement.fr\/energies\/electricite\/historique-de-l-electricite\"><span style=\"font-weight: 400\">http:\/\/www.energies-environnement.fr\/energies\/electricite\/historique-de-l-electricite<\/span><\/a> <a href=\"http:\/\/pccollege.fr\/troisieme-2\/electricite-energie-electrique-et-circuits-electriques-en-alternatif\/chapitre-i-la-production-denergie-electrique\/\"><span style=\"font-weight: 400\">http:\/\/pccollege.fr\/troisieme-2\/electricite-energie-electrique-et-circuits-electriques-en-alternatif\/chapitre-i-la-production-denergie-electrique\/<\/span><\/a><span style=\"font-weight: 400\"> \u00a0<\/span><a href=\"https:\/\/www.edf.fr\/groupe-edf\/espaces-dedies\/l-energie-de-a-a-z\"><span style=\"font-weight: 400\">https:\/\/www.edf.fr\/groupe-edf\/espaces-dedies\/l-energie-de-a-a-z<\/span><\/a><span style=\"font-weight: 400\">\u00a0 \u00a0 \u00a0\u00a0<\/span><\/li>\n<li style=\"font-weight: 400\"><span style=\"font-weight: 400\">Sites pour les recherches sur l\u2019obsolescence programm\u00e9e <\/span><a href=\"https:\/\/fr.wikipedia.org\/wiki\/Obsolescence_programm%C3%A9e\"><span style=\"font-weight: 400\">https:\/\/fr.wikipedia.org\/wiki\/Obsolescence_programm%C3%A9e<\/span><\/a><span style=\"font-weight: 400\"> \u00a0<\/span><a href=\"http:\/\/obsolescence-programmee.fr\/\"><span style=\"font-weight: 400\">http:\/\/obsolescence-programmee.fr\/<\/span><\/a><span style=\"font-weight: 400\"> &#8230;<\/span><\/li>\n<\/ul>\n<\/td>\n<\/tr>\n<tr>\n<td style=\"text-align: left\"><strong>Pistes d\u2019activit\u00e9s<\/strong><\/td>\n<td style=\"text-align: left\">\n<ul>\n<li style=\"font-weight: 400\"><span style=\"font-weight: 400\">Argumenter ses choix par rapport \u00e0 l\u2019impact sur la soci\u00e9t\u00e9, aux pr\u00e9occupations du d\u00e9veloppement durable : utilisation d\u2019un logiciel permettant le partage d\u2019information au sein du groupe \u00a0ou entre les groupes type padlet<\/span><\/li>\n<li style=\"font-weight: 400\"><span style=\"font-weight: 400\">Prendre en compte la d\u00e9marche design, les d\u00e9marches de cr\u00e9ativit\u00e9 lors de la conception de l\u2019objet ou du syst\u00e8me en particulier pour les objets connect\u00e9s<\/span><\/li>\n<\/ul>\n<p><span style=\"font-weight: 400\">\u00a0<\/span><\/td>\n<\/tr>\n<tr>\n<td style=\"text-align: left\"><strong>Exemples d\u2019objets<\/strong><\/td>\n<td style=\"text-align: left\">\n<ul>\n<li><span style=\"font-weight: 400\">Maquette \u00e9olienne<\/span><\/li>\n<\/ul>\n<\/td>\n<\/tr>\n<\/tbody>\n<\/table>\n<h3><\/h3>\n<hr \/>\n<h3><span style=\"text-decoration: underline;color: #000000\">Pour aller plus loin<\/span><\/h3>\n<ul>\n<li><a href=\"http:\/\/eduscol.education.fr\/internet-responsable\/ressources\/legamedia\/wi-fi.html\"><span style=\"font-weight: 400\">http:\/\/eduscol.education.fr\/internet-responsable\/ressources\/legamedia\/wi-fi.html<\/span><\/a><\/li>\n<li><a href=\"https:\/\/www.youtube.com\/watch?v=rbVqoJu6bQ8\"><span style=\"font-weight: 400\">https:\/\/www.youtube.com\/watch?v=rbVqoJu6bQ8<\/span><\/a> <span style=\"font-weight: 400\"><a href=\"http:\/\/www.fondation-lamap.org\/fr\/page\/14390\/s-quence-2-limpact-de-l-habitat-sur-l-environnement\">http:\/\/www.fondation-lamap.org\/fr\/page\/14390\/s-quence-2-limpact-de-l-habitat-sur-l-environnement<\/a><\/span><\/li>\n<li><a href=\"https:\/\/fr.wikipedia.org\/wiki\/Obsolescence_programm%C3%A9e\"><span style=\"font-weight: 400\">https:\/\/fr.wikipedia.org\/wiki\/Obsolescence_programm%C3%A9e<\/span><\/a><\/li>\n<\/ul>\n<hr \/>\n<p><span style=\"color: #ff0000\">NB : Ces propositions sont mises \u00e0 disposition pour aider chacun dans sa r\u00e9flexion mais elles n&#8217;ont pas pu \u00eatre\u00a0finalis\u00e9es par manque de temps.\u00a0Ces fiches\u00a0seront donc am\u00e9lior\u00e9es au cours du d\u00e9but d&#8217;ann\u00e9e.<\/span><\/p>\n","protected":false},"excerpt":{"rendered":"<p>R\u00e9f\u00e9rence au texte officiel THEME : LES OBJETS TECHNIQUES, LES SERVICES ET LES CHANGEMENTS INDUITS DANS LA SOCIETE Connaissances et comp\u00e9tences associ\u00e9es Exemples de situations, d\u2019activit\u00e9s et de ressources pour &#8230;<\/p>\n","protected":false},"author":211,"featured_media":0,"parent":0,"menu_order":0,"comment_status":"closed","ping_status":"closed","template":"","meta":{"footnotes":""},"class_list":["post-2018","page","type-page","status-publish","hentry"],"_links":{"self":[{"href":"https:\/\/ent2d.ac-bordeaux.fr\/disciplines\/sti\/wp-json\/wp\/v2\/pages\/2018","targetHints":{"allow":["GET"]}}],"collection":[{"href":"https:\/\/ent2d.ac-bordeaux.fr\/disciplines\/sti\/wp-json\/wp\/v2\/pages"}],"about":[{"href":"https:\/\/ent2d.ac-bordeaux.fr\/disciplines\/sti\/wp-json\/wp\/v2\/types\/page"}],"author":[{"embeddable":true,"href":"https:\/\/ent2d.ac-bordeaux.fr\/disciplines\/sti\/wp-json\/wp\/v2\/users\/211"}],"replies":[{"embeddable":true,"href":"https:\/\/ent2d.ac-bordeaux.fr\/disciplines\/sti\/wp-json\/wp\/v2\/comments?post=2018"}],"version-history":[{"count":0,"href":"https:\/\/ent2d.ac-bordeaux.fr\/disciplines\/sti\/wp-json\/wp\/v2\/pages\/2018\/revisions"}],"wp:attachment":[{"href":"https:\/\/ent2d.ac-bordeaux.fr\/disciplines\/sti\/wp-json\/wp\/v2\/media?parent=2018"}],"curies":[{"name":"wp","href":"https:\/\/api.w.org\/{rel}","templated":true}]}}