{"id":2016,"date":"2016-07-08T13:31:03","date_gmt":"2016-07-08T12:31:03","guid":{"rendered":"http:\/\/blogacabdx.ac-bordeaux.fr\/ressii\/?page_id=2016"},"modified":"2016-07-08T13:31:03","modified_gmt":"2016-07-08T12:31:03","slug":"c4-otscis-1-1-fe1-levolution-des-objets","status":"publish","type":"page","link":"https:\/\/ent2d.ac-bordeaux.fr\/disciplines\/sti\/c4-otscis-1-1-fe1-levolution-des-objets\/","title":{"rendered":"C4-OTSCIS-1-1-FE1 &#8211; L\u2019\u00e9volution des objets"},"content":{"rendered":"<hr \/>\n<h2><\/h2>\n<h3><span style=\"text-decoration: underline;color: #000000\">R\u00e9f\u00e9rence au texte officiel<\/span><\/h3>\n<h2 style=\"text-align: center\"><strong>THEME : LES OBJETS TECHNIQUES, LES SERVICES ET LES CHANGEMENTS INDUITS DANS LA SOCIETE<\/strong><\/h2>\n<table style=\"width: 100%\" cellspacing=\"1\" cellpadding=\"1\">\n<tbody>\n<tr>\n<td><\/td>\n<td><\/td>\n<\/tr>\n<tr>\n<td><strong>Connaissances et comp\u00e9tences associ\u00e9es<\/strong><\/td>\n<td><strong>Exemples de situations, d\u2019activit\u00e9s et de ressources pour l\u2019\u00e9l\u00e8ve<\/strong><\/td>\n<\/tr>\n<tr>\n<td colspan=\"2\"><strong>Comparer et commenter les \u00e9volutions des objets et syst\u00e8mes<\/strong><\/td>\n<\/tr>\n<tr>\n<td style=\"width: 50%;text-align: left\">\n<p style=\"text-align: left\"><strong>Regrouper des objets en familles et lign\u00e9es.<\/strong><br \/>\n<a href=\"https:\/\/ent2d.ac-bordeaux.fr\/disciplines\/sti\/c4-otscis-1-1-fe1-levolution-des-objets\/\"><strong>OTSCIS-1-1-FE1<\/strong> \u00bb L\u2019\u00e9volution des objets.<\/a><br \/>\n<a href=\"https:\/\/ent2d.ac-bordeaux.fr\/disciplines\/sti\/c4-otscis-1-1-fe1-impacts-societaux-et-environnementaux-dus-aux-objets\/\"><strong>OTSCIS-1-1-FE2\u00a0<\/strong>\u00bb Impacts soci\u00e9taux et environnementaux dus\u00a0aux objets.<\/a><br \/>\n<a href=\"https:\/\/ent2d.ac-bordeaux.fr\/disciplines\/sti\/c4-otscis-1-1-fe1-cycle-de-vie\/\"><strong>OTSCIS-1-1-FE3\u00a0<\/strong>\u00bb Cycle de vie.<\/a><br \/>\n<a href=\"https:\/\/ent2d.ac-bordeaux.fr\/disciplines\/sti\/c4-otscis-1-1-fe1-les-regles-dun-usage-raisonne-des-objets-communicants-respectant-la-propriete-intellectuelle-et-lintegrite-dautrui\/\"><strong>OTSCIS-1-1-FE4\u00a0<\/strong>\u00bb Les r\u00e8gles d\u2019un usage raisonn\u00e9 des objets\u00a0communicants respectant la propri\u00e9t\u00e9 intellectuelle\u00a0et l\u2019int\u00e9grit\u00e9 d\u2019autrui.<\/a><\/p>\n<\/td>\n<td style=\"text-align: justify\">L\u2019analyse du fonctionnement d\u2019un objet\u00a0technique, de son comportement, de ses\u00a0performances et de son impact environnemental\u00a0doit \u00eatre replac\u00e9e dans son contexte. L\u2019\u00e9volution\u00a0de celui-ci doit \u00eatre prise en compte.<br \/>\nCollection d\u2019objets r\u00e9pondant \u00e0 un m\u00eame<br \/>\nbesoin.<br \/>\nRFID, GPS, WiFi<\/td>\n<\/tr>\n<\/tbody>\n<\/table>\n<hr \/>\n<h3><span style=\"text-decoration: underline\"><span style=\"color: #000000;text-decoration: underline\">Exemple de structuration de connaissances<\/span><\/span><\/h3>\n<p><a href=\"https:\/\/ent2d.ac-bordeaux.fr\/disciplines\/stidev\/wp-content\/uploads\/sites\/62\/2016\/07\/OTSCIS-1-1-FE1-Levolution-des-objets.jpg\"><img loading=\"lazy\" decoding=\"async\" class=\"alignnone wp-image-2028 size-full\" src=\"https:\/\/ent2d.ac-bordeaux.fr\/disciplines\/stidev\/wp-content\/uploads\/sites\/62\/2016\/07\/OTSCIS-1-1-FE1-Levolution-des-objets.jpg\" width=\"1600\" height=\"900\" \/><\/a><\/p>\n<table border=\"0\" cellspacing=\"1\" cellpadding=\"1\">\n<tbody>\n<tr>\n<td><a href=\"https:\/\/ent2d.ac-bordeaux.fr\/disciplines\/stidev\/wp-content\/uploads\/sites\/62\/2016\/07\/OTSCIS-1-1-FE1-Levolution-des-objets.jpg\" target=\"_blank\" rel=\"noopener\"><img loading=\"lazy\" decoding=\"async\" class=\"alignnone wp-image-1491\" src=\"https:\/\/ent2d.ac-bordeaux.fr\/disciplines\/stidev\/wp-content\/uploads\/sites\/62\/2016\/06\/jpg.png\" alt=\"\" width=\"51\" height=\"51\" \/><\/a><br \/>\n<a href=\"https:\/\/ent2d.ac-bordeaux.fr\/disciplines\/stidev\/wp-content\/uploads\/sites\/62\/2016\/07\/OTSCIS-1-1-FE1-Levolution-des-objets.jpg\" target=\"_blank\" rel=\"noopener\"><u><span style=\"color: #0066cc\">Fiche \u00e9l\u00e8ve format\u00a0image<\/span><\/u><\/a><\/td>\n<td><u><span style=\"color: #0066cc\"><img loading=\"lazy\" decoding=\"async\" class=\"alignnone wp-image-38\" src=\"https:\/\/ent2d.ac-bordeaux.fr\/disciplines\/stidev\/wp-content\/uploads\/sites\/62\/2015\/03\/logoVideo2.jpg\" alt=\"logoVideo2\" width=\"50\" height=\"51\" \/><br \/>\n<\/span><\/u> Format vid\u00e9o Mp4<\/td>\n<td><img loading=\"lazy\" decoding=\"async\" class=\"alignnone wp-image-296\" src=\"https:\/\/ent2d.ac-bordeaux.fr\/disciplines\/stidev\/wp-content\/uploads\/sites\/62\/2015\/03\/logoWebM2.jpg\" alt=\"logoWebM2\" width=\"50\" height=\"51\" \/><br \/>\nFormat vid\u00e9o Web-M<\/td>\n<td><img loading=\"lazy\" decoding=\"async\" class=\"alignnone wp-image-34\" src=\"https:\/\/ent2d.ac-bordeaux.fr\/disciplines\/stidev\/wp-content\/uploads\/sites\/62\/2015\/03\/logoPdf2.jpg\" alt=\"logoPdf2\" width=\"50\" height=\"51\" \/><br \/>\nFiche professeur PDF<\/td>\n<\/tr>\n<\/tbody>\n<\/table>\n<hr \/>\n<h3><span style=\"color: #000000\"><span style=\"text-decoration: underline\">Exemple d&#8217;exploitation p\u00e9dagogique &#8211; 5\u00e8me<\/span><\/span><\/h3>\n<table style=\"width: 100%\" border=\"0\" cellspacing=\"1\" cellpadding=\"1\">\n<tbody>\n<tr>\n<td style=\"text-align: left\"><strong>Pistes de situations d\u00e9clenchantes<\/strong><\/td>\n<td style=\"text-align: justify\">\n<ul>\n<li style=\"font-weight: 400\"><span style=\"font-weight: 400\">Un circuit dans les diff\u00e9rents quartiers de la ville afin de rep\u00e9rer des b\u00e2timents d\u2019\u00e9poques diff\u00e9rentes<\/span><\/li>\n<li style=\"font-weight: 400\"><span style=\"font-weight: 400\">Montage de passages d\u2019Age of Craft (Minecraft) (exemple : <\/span><a href=\"https:\/\/www.youtube.com\/watch?v=JYfzPjUFRx0\"><span style=\"font-weight: 400\">https:\/\/www.youtube.com\/watch?v=JYfzPjUFRx0<\/span><\/a><span style=\"font-weight: 400\"> ) <\/span><span style=\"font-weight: 400\">\u00a0il en existe sur diff\u00e9rentes \u00e9poques et cela permet de faire le lien avec la programmation (Une heure de code Minecraft <\/span><a href=\"https:\/\/code.org\/learn\"><span style=\"font-weight: 400\">https:\/\/code.org\/learn<\/span><\/a><span style=\"font-weight: 400\">)<\/span><\/li>\n<li style=\"font-weight: 400\"><span style=\"font-weight: 400\">Photos de ponts de diff\u00e9rentes \u00e9poques<\/span><\/li>\n<li style=\"font-weight: 400\"><span style=\"font-weight: 400\">Des cartes de diff\u00e9rentes \u00e9poques montrant l&#8217;\u00e9volution des routes et des ponts (sur le site de la BNF, des cartes sont disponibles par r\u00e9gion (<\/span><a href=\"http:\/\/gallica.bnf.fr\/html\/und\/cartes\/aquitaine-limousin-poitou-charentes\"><span style=\"font-weight: 400\">http:\/\/gallica.bnf.fr\/html\/und\/cartes\/aquitaine-limousin-poitou-charentes<\/span><\/a><span style=\"font-weight: 400\"> )<\/span><\/li>\n<\/ul>\n<\/td>\n<\/tr>\n<tr>\n<td style=\"text-align: left\"><strong>Pistes probl\u00e8mes<\/strong> <strong>technologiques<\/strong><\/td>\n<td style=\"text-align: left\">\n<ul>\n<li><span style=\"font-weight: 400\">Les b\u00e2timents ont \u00e9volu\u00e9 au cours du temps, pourquoi ? <\/span><\/li>\n<li><span style=\"font-weight: 400\">Les ouvrages d\u2019arts ont \u00e9volu\u00e9 au cours du temps, pourquoi ?<\/span><\/li>\n<li><span style=\"font-weight: 400\">Les styles artistiques ont \u00e9volu\u00e9, pourquoi ?<\/span><\/li>\n<\/ul>\n<\/td>\n<\/tr>\n<tr>\n<td style=\"text-align: left\"><strong>Ressources Outils \u00e0 exploiter<\/strong><\/td>\n<td style=\"text-align: left\">&nbsp;<\/p>\n<ul>\n<li style=\"font-weight: 400\"><span style=\"font-weight: 400\">Logiciel de PAO pour la r\u00e9alisation d\u2019une frise chronologique ou <\/span><a href=\"https:\/\/fr.padlet.com\"><span style=\"font-weight: 400\">https:\/\/fr.<\/span><b>padlet<\/b><span style=\"font-weight: 400\">.com<\/span><\/a><span style=\"font-weight: 400\"> ou <\/span><a href=\"https:\/\/prezi.com\"><span style=\"font-weight: 400\">https:\/\/prezi.com<\/span><\/a><\/li>\n<li style=\"font-weight: 400\"><span style=\"font-weight: 400\">Recherche internet sur l\u2019\u00e9volution des ponts comme sur le site de la BNF (activit\u00e9 propos\u00e9e entre autre sur les ponts mais aussi les canaux ce qui permettrait de faire un lien en programmation avec l\u2019\u00e9cluse, <\/span><a href=\"http:\/\/expositions.bnf.fr\/socgeo\/pedago\/17.htm\"><span style=\"font-weight: 400\">http:\/\/expositions.bnf.fr\/socgeo\/pedago\/17.htm<\/span><\/a><span style=\"font-weight: 400\"> ) ou sur <\/span><a href=\"http:\/\/www.saintjocaudan.fr\/les_ressources\/technologie\/habitat_et_ouvrages\/evolution_historique_pont.pdf\"><span style=\"font-weight: 400\">http:\/\/www.saintjocaudan.fr\/les_ressources\/technologie\/habitat_et_ouvrages\/evolution_historique_pont.pdf<\/span><\/a><\/li>\n<li><span style=\"font-weight: 400\">Recherche internet sur l\u2019habitat : <\/span><a href=\"http:\/\/maurois-col.spip.ac-rouen.fr\/IMG\/pdf\/evolutionhabitat.pdf\"><span style=\"font-weight: 400\">http:\/\/maurois-col.spip.ac-rouen.fr\/IMG\/pdf\/evolutionhabitat.pdf<\/span><\/a><\/li>\n<\/ul>\n<\/td>\n<\/tr>\n<tr>\n<td style=\"text-align: left\"><strong>Pistes d\u2019activit\u00e9s<\/strong><\/td>\n<td style=\"text-align: left\"><span style=\"font-weight: 400\">Demander aux \u00e9l\u00e8ves de :<\/span><\/p>\n<ul>\n<li style=\"font-weight: 400\"><span style=\"font-weight: 400\">R\u00e9aliser des frises chronologiques, chaque groupe peut se voir attribuer une \u00e9poque et\/ou un th\u00e8me (pont, b\u00e2timent \u2026), le r\u00e9sultat peut \u00eatre partag\u00e9 sur Padlet, Prezi ou un document Google Drive<\/span><\/li>\n<li style=\"font-weight: 400\"><span style=\"font-weight: 400\">S\u2019initier \u00e0 la d\u00e9marche design : sur une p\u00e9riode tr\u00e8s courte durant laquelle les mat\u00e9riaux et les besoins n\u2019ont gu\u00e8re \u00e9volu\u00e9, rep\u00e9rer ce qui est d\u00fb au changement de style artistique.<\/span><\/li>\n<\/ul>\n<\/td>\n<\/tr>\n<tr>\n<td style=\"text-align: left\"><strong>Exemples d\u2019objets<\/strong> <strong>supports<\/strong><\/td>\n<td style=\"text-align: left\">\n<ul>\n<li><span style=\"font-weight: 400\">Maquettes de ponts, habitat.<\/span><\/li>\n<\/ul>\n<\/td>\n<\/tr>\n<\/tbody>\n<\/table>\n<h3><span style=\"color: #000000\"><span style=\"text-decoration: underline\">Exemple d&#8217;exploitation p\u00e9dagogique &#8211; 4\u00e8me<\/span><\/span><\/h3>\n<table style=\"width: 100%\" border=\"0\" cellspacing=\"1\" cellpadding=\"1\">\n<tbody>\n<tr>\n<td style=\"text-align: left\"><strong>Pistes de situations d\u00e9clenchantes<\/strong><\/td>\n<td style=\"text-align: justify\">\n<ul>\n<li style=\"font-weight: 400\"><span style=\"font-weight: 400\">Partir d\u2019une phrase d\u2019un roman dans lequel on peut trouver des \u00e9volutions par exemple \u00a0&#8220;Mais, de l&#8217;autre c\u00f4t\u00e9 de la chauss\u00e9e, le Bonheur des dames allumait les files profondes de ses becs de gaz&#8221; Au bonheur des dames Zola<\/span><\/li>\n<li style=\"font-weight: 400\"><span style=\"font-weight: 400\">Vid\u00e9os <\/span><a href=\"https:\/\/www.youtube.com\/watch?v=gIJ9Q_prtUU\"><span style=\"font-weight: 400\">https:\/\/www.youtube.com\/watch?v=gIJ9Q_prtUU<\/span><\/a><span style=\"font-weight: 400\"> (fabrication d\u2019un g\u00e2teau en forme de tour Eiffel \u00e0 la main) <\/span><a href=\"http:\/\/www.01net.com\/actualites\/video-bienvenue-dans-la-cuisine-du-futur-654685.html\"><span style=\"font-weight: 400\">http:\/\/www.01net.com\/actualites\/video-bienvenue-dans-la-cuisine-du-futur-654685.html<\/span><\/a><span style=\"font-weight: 400\"> \u00a0(fabrication d\u2019un g\u00e2teau en forme de tour Eiffel avec une imprimante 3D)<\/span><\/li>\n<li style=\"font-weight: 400\"><span style=\"font-weight: 400\">Vid\u00e9os <\/span><a href=\"http:\/\/www.bfmtv.com\/mediaplayer\/video\/du-lit-au-miroir-de-la-salle-de-bain-la-maison-du-futur-sera-entierement-connectee-623632.html\"><span style=\"font-weight: 400\">http:\/\/www.bfmtv.com\/mediaplayer\/video\/du-lit-au-miroir-de-la-salle-de-bain-la-maison-du-futur-sera-entierement-connectee-623632.html<\/span><\/a><span style=\"font-weight: 400\"> (passage sur le miroir \u00e0 r\u00e9alit\u00e9 augment\u00e9e) <\/span><a href=\"https:\/\/www.youtube.com\/watch?v=eGEqMjQQZnM\"><span style=\"font-weight: 400\">https:\/\/www.youtube.com\/watch?v=eGEqMjQQZnM<\/span><\/a><span style=\"font-weight: 400\"> (miroir miroir, dis moi \u2026)<\/span><\/li>\n<\/ul>\n<\/td>\n<\/tr>\n<tr>\n<td style=\"text-align: left\"><strong>Pistes probl\u00e8mes<\/strong> <strong>technologiques<\/strong><\/td>\n<td style=\"text-align: left\">\n<ul>\n<li><span style=\"font-weight: 400\">Les objets techniques \u00e9voluent pour s\u2019adapter aux besoins de l\u2019\u00e9poque, pour se prot\u00e9ger au Moyen \u00c2ge des cit\u00e9s fortifi\u00e9es \u00e9taient construites, quels moyens permettent de prot\u00e9ger nos habitats depuis la fin du XX\u00b0 si\u00e8cle ? <\/span><\/li>\n<li><span style=\"font-weight: 400\">Les progr\u00e8s techniques ont permis de faire \u00e9voluer la t\u00e9l\u00e9phonie mobile mais peut-on dire qu\u2019ils sont les seuls responsables des \u00e9volutions ? (Style, design)<\/span><\/li>\n<li><span style=\"font-weight: 400\">Le contexte \u00e9conomique a conduit \u00e0 une production plus importante<\/span><\/li>\n<\/ul>\n<\/td>\n<\/tr>\n<tr>\n<td style=\"text-align: left\"><strong>Ressources Outils \u00e0 exploiter<\/strong><\/td>\n<td style=\"text-align: left\">\n<ul>\n<li style=\"font-weight: 400\"><span style=\"font-weight: 400\">Logiciel de PAO pour la r\u00e9alisation d\u2019une frise chronologique ou <\/span><a href=\"https:\/\/fr.padlet.com\"><span style=\"font-weight: 400\">https:\/\/fr.<\/span><b>padlet<\/b><span style=\"font-weight: 400\">.com<\/span><\/a><span style=\"font-weight: 400\"> ou <\/span><a href=\"https:\/\/prezi.com\"><span style=\"font-weight: 400\">https:\/\/prezi.com<\/span><\/a><\/li>\n<li><a href=\"http:\/\/www.arte.tv\/magazine\/futuremag\/fr\/de-lhomme-repare-lhomme-augmente-futuremag\"><span style=\"font-weight: 400\">http:\/\/www.arte.tv\/magazine\/futuremag\/fr\/de-lhomme-repare-lhomme-augmente-futuremag<\/span><\/a><span style=\"font-weight: 400\"> ou<\/span><\/li>\n<li><a href=\"http:\/\/www.arte.tv\/magazine\/futuremag\/fr\/exosquelette-hercule-robot-porteur-futuremag\"><span style=\"font-weight: 400\">http:\/\/www.arte.tv\/magazine\/futuremag\/fr\/exosquelette-hercule-robot-porteur-futuremag<\/span><\/a><span style=\"font-weight: 400\"> \u00a0<\/span><span style=\"font-weight: 400\">sites sur lequel on peut trouver des informations sur les exosquelettes.<\/span><\/li>\n<\/ul>\n<\/td>\n<\/tr>\n<tr>\n<td style=\"text-align: left\"><strong>Pistes d\u2019activit\u00e9s<\/strong><\/td>\n<td style=\"text-align: left\"><span style=\"font-weight: 400\">Demander aux \u00e9l\u00e8ves de :<\/span><\/p>\n<ul>\n<li style=\"font-weight: 400\"><span style=\"font-weight: 400\">\u00c9tablir et d\u00e9crire des \u00a0principes \u00a0techniques ayant particip\u00e9 au progr\u00e8s technique au travers d&#8217;inventions clefs (t\u00e9l\u00e9phones portables, \u00e9clairage, portail .. ) sous forme de frise chronologique <\/span><\/li>\n<li style=\"font-weight: 400\"><span style=\"font-weight: 400\">Montrer l\u2019\u00e9volution du design dans des objets (t\u00e9l\u00e9phone, lecteur MP4 \u2026)<\/span><\/li>\n<li style=\"font-weight: 400\"><span style=\"font-weight: 400\">R\u00e9alisation d\u2019un site \u00e0 alimenter par groupe sur l\u2019\u00e9volution des moyens permettant d\u2019aider les personnes \u00e0 mobilit\u00e9s r\u00e9duites pour arriver aux exosquelettes<\/span><\/li>\n<\/ul>\n<\/td>\n<\/tr>\n<tr>\n<td style=\"text-align: left\"><strong>Exemples d\u2019objets<\/strong> <strong>supports<\/strong><\/td>\n<td style=\"text-align: left\">\n<ul>\n<li><span style=\"font-weight: 400\">Alarme, maquette de portail, t\u00e9l\u00e9phones portables des \u00e9l\u00e8ves<\/span><\/li>\n<\/ul>\n<\/td>\n<\/tr>\n<\/tbody>\n<\/table>\n<h3><span style=\"color: #000000\"><span style=\"text-decoration: underline\">Exemple d&#8217;exploitation p\u00e9dagogique &#8211; 3\u00e8me<\/span><\/span><\/h3>\n<table style=\"width: 100%\" border=\"0\" cellspacing=\"1\" cellpadding=\"1\">\n<tbody>\n<tr>\n<td style=\"text-align: left\"><strong>Pistes de situations d\u00e9clenchantes<\/strong><\/td>\n<td style=\"text-align: justify\">\n<ul>\n<li><span style=\"font-weight: 400\">Vid\u00e9o de livraison par drone <\/span><a href=\"https:\/\/www.youtube.com\/watch?v=0BDqZ3C_Ws8\"><span style=\"font-weight: 400\">https:\/\/www.youtube.com\/watch?v=0BDqZ3C_Ws8<\/span><\/a><span style=\"font-weight: 400\"> et les premi\u00e8res livraisons \u00e0 domicile d\u00e9crites dans Le bonheur des dames de Zola <\/span><a href=\"https:\/\/www.youtube.com\/watch?v=eCeu18Ym9DY\"><span style=\"font-weight: 400\">https:\/\/www.youtube.com\/watch?v=eCeu18Ym9DY<\/span><\/a><span style=\"font-weight: 400\"> (passage entre 1mn et 1mn 15)<\/span><\/li>\n<li><span style=\"font-weight: 400\">Vid\u00e9o montrant l\u2019\u00e9volution des robots dans un film c\u00e9l\u00e8bre <\/span><a href=\"https:\/\/www.youtube.com\/watch?v=A-s5dcVAD-A\"><span style=\"font-weight: 400\">https:\/\/www.youtube.com\/watch?v=A-s5dcVAD-A<\/span><\/a><\/li>\n<\/ul>\n<\/td>\n<\/tr>\n<tr>\n<td style=\"text-align: left\"><strong>Pistes probl\u00e8mes<\/strong> <strong>technologiques<\/strong><\/td>\n<td style=\"text-align: left\">\n<ul>\n<li><span style=\"font-weight: 400\">Associer des inventions \u00e0 des \u00e9volutions techniques dans le domaine a\u00e9ronautique (moteur, mat\u00e9riaux \u2026)<\/span><\/li>\n<li><span style=\"font-weight: 400\">Associer des mat\u00e9riaux \u00e0 des \u00e9poques pour les meubles et faire le lien avec l\u2019\u00e9volution du concept de d\u00e9veloppement durable<\/span><\/li>\n<\/ul>\n<\/td>\n<\/tr>\n<tr>\n<td style=\"text-align: left\"><strong>Ressources Outils \u00e0 exploiter<\/strong><\/td>\n<td style=\"text-align: left\">\n<ul>\n<li style=\"font-weight: 400\"><span style=\"font-weight: 400\">Logiciel de PAO ou partage <\/span><a href=\"https:\/\/fr.padlet.com\"><span style=\"font-weight: 400\">https:\/\/fr.<\/span><b>padlet<\/b><span style=\"font-weight: 400\">.com<\/span><\/a><span style=\"font-weight: 400\"> ou <\/span><a href=\"https:\/\/prezi.com\"><span style=\"font-weight: 400\">https:\/\/prezi.com<\/span><\/a> <span style=\"font-weight: 400\">google drive \u2026<\/span><\/li>\n<li style=\"font-weight: 400\"><span style=\"font-weight: 400\">Sites ou vid\u00e9os sur les robots de l\u2019espace : <\/span><a href=\"https:\/\/jeunes.cnes.fr\/fr\/web\/CNES-Jeunes-fr\/11812-les-robots-du-futur.php\"><span style=\"font-weight: 400\">https:\/\/jeunes.cnes.fr\/fr\/web\/CNES-Jeunes-fr\/11812-les-robots-du-futur.php<\/span><\/a><span style=\"font-weight: 400\"> ; <\/span><a href=\"http:\/\/www.franceculture.fr\/sciences\/r2-le-premier-robot-humanoide-dans-lespace-va-t-il-decoller#\"><span style=\"font-weight: 400\">http:\/\/www.franceculture.fr\/sciences\/r2-le-premier-robot-humanoide-dans-lespace-va-t-il-decoller#<\/span><\/a><span style=\"font-weight: 400\"> ; <\/span><a href=\"http:\/\/www.dailymotion.com\/video\/xhx3ar_robonaut-2-le-1er-robot-humanoide-de-l-espace_tech\"><span style=\"font-weight: 400\">http:\/\/www.dailymotion.com\/video\/xhx3ar_robonaut-2-le-1er-robot-humanoide-de-l-espace_tech<\/span><\/a><\/li>\n<li style=\"font-weight: 400\"><span style=\"font-weight: 400\">Sites ou vid\u00e9os sur les meubles : <\/span><a href=\"https:\/\/www.youtube.com\/watch?v=eh8txR79VCg\"><span style=\"font-weight: 400\">https:\/\/www.youtube.com\/watch?v=eh8txR79VCg<\/span><\/a> <a href=\"https:\/\/www.youtube.com\/watch?v=DWL5oedF_9M\"><span style=\"font-weight: 400\">https:\/\/www.youtube.com\/watch?v=DWL5oedF_9M<\/span><\/a> <span style=\"font-weight: 400\"><a href=\"https:\/\/www.youtube.com\/watch?v=j0nrhsiH0eE\">https:\/\/www.youtube.com\/watch?v=j0nrhsiH0eE<\/a><\/span><\/li>\n<li style=\"font-weight: 400\"><span style=\"font-weight: 400\">Sites ou vid\u00e9o sur l\u2019aviation <\/span><a href=\"https:\/\/www.youtube.com\/watch?v=f5A1AGLwqQY\"><span style=\"font-weight: 400\">https:\/\/www.youtube.com\/watch?v=f5A1AGLwqQY<\/span><\/a><\/li>\n<\/ul>\n<\/td>\n<\/tr>\n<tr>\n<td style=\"text-align: left\"><strong>Pistes d\u2019activit\u00e9s<\/strong><\/td>\n<td style=\"text-align: left\"><span style=\"font-weight: 400\">D\u00e9crire l&#8217;\u00e9volution d&#8217;objets de l&#8217;environnement proche de l&#8217;\u00e9l\u00e8ve en lui demandant de faire des parall\u00e8les avec les fonctions, l&#8217;histoire, l&#8217;environnement, les progr\u00e8s de l&#8217;\u00e9poque, les moyens \u00e9conomiques et techniques, cela peut \u00eatre fait \u00e0 partir de diff\u00e9rents objets d\u2019\u00e9tude : <\/span><\/p>\n<ul>\n<li style=\"font-weight: 400\"><span style=\"font-weight: 400\">pour les meubles on peut aborder le th\u00e8me de recyclage, de la d\u00e9coupe gr\u00e2ce \u00e0 de la CFAO, du design du meuble, le nom de Frank Gehry architecte peut \u00e9galement \u00eatre associ\u00e9 afin de faire un lien avec le programme de 5\u00b0 \u2026<\/span><\/li>\n<li style=\"font-weight: 400\"><span style=\"font-weight: 400\">pour le drone, un parall\u00e8le avec les avions peut \u00eatre fait car il existe plus de documentation sur l\u2019\u00e9volution de l\u2019aviation mais l\u2019utilisation des drones pour la livraisons des marchandises peut \u00e9galement \u00eatre retenue donc l\u2019\u00e9volution des diff\u00e9rents moyens de livraison peut \u00eatre \u00e9tudi\u00e9e<\/span><\/li>\n<li style=\"font-weight: 400\"><span style=\"font-weight: 400\">pour les robots, une dimension spatiale peut \u00eatre envisag\u00e9e afin de faire le lien avec le drone et les robots de la classe, et les recherches peuvent \u00eatre tr\u00e8s enrichissantes et permettent aussi de parler des m\u00e9tiers de l\u2019a\u00e9ronautique.<\/span><\/li>\n<\/ul>\n<p><span style=\"font-weight: 400\">Cette description peut \u00eatre faite sous diff\u00e9rentes formes mais au niveau 3\u00b0 la cr\u00e9ation d\u2019un site web en suivant une charte graphique peut \u00eatre un bon \u201cexercice\u201d.<\/span><\/p>\n<p><span style=\"font-weight: 400\">\u00a0<\/span><\/td>\n<\/tr>\n<tr>\n<td style=\"text-align: left\"><strong>Exemples d\u2019objets<\/strong><\/td>\n<td style=\"text-align: left\"><span style=\"font-weight: 400\">Drone, robot, meubles en carton &#8230;<\/span><\/td>\n<\/tr>\n<\/tbody>\n<\/table>\n<h3><\/h3>\n<hr \/>\n<h3><span style=\"text-decoration: underline;color: #000000\">Pour aller plus loin<\/span><\/h3>\n<ul>\n<li>&#8230;<\/li>\n<\/ul>\n<hr \/>\n<p><span style=\"color: #ff0000\">NB : Ces propositions sont mises \u00e0 disposition pour aider chacun dans sa r\u00e9flexion mais elles n&#8217;ont pas pu \u00eatre\u00a0finalis\u00e9es par manque de temps.\u00a0Ces fiches\u00a0seront donc am\u00e9lior\u00e9es au cours du d\u00e9but d&#8217;ann\u00e9e.<\/span><\/p>\n","protected":false},"excerpt":{"rendered":"<p>R\u00e9f\u00e9rence au texte officiel THEME : LES OBJETS TECHNIQUES, LES SERVICES ET LES CHANGEMENTS INDUITS DANS LA SOCIETE Connaissances et comp\u00e9tences associ\u00e9es Exemples de situations, d\u2019activit\u00e9s et de ressources pour &#8230;<\/p>\n","protected":false},"author":211,"featured_media":0,"parent":0,"menu_order":0,"comment_status":"closed","ping_status":"closed","template":"","meta":{"footnotes":""},"class_list":["post-2016","page","type-page","status-publish","hentry"],"_links":{"self":[{"href":"https:\/\/ent2d.ac-bordeaux.fr\/disciplines\/sti\/wp-json\/wp\/v2\/pages\/2016","targetHints":{"allow":["GET"]}}],"collection":[{"href":"https:\/\/ent2d.ac-bordeaux.fr\/disciplines\/sti\/wp-json\/wp\/v2\/pages"}],"about":[{"href":"https:\/\/ent2d.ac-bordeaux.fr\/disciplines\/sti\/wp-json\/wp\/v2\/types\/page"}],"author":[{"embeddable":true,"href":"https:\/\/ent2d.ac-bordeaux.fr\/disciplines\/sti\/wp-json\/wp\/v2\/users\/211"}],"replies":[{"embeddable":true,"href":"https:\/\/ent2d.ac-bordeaux.fr\/disciplines\/sti\/wp-json\/wp\/v2\/comments?post=2016"}],"version-history":[{"count":0,"href":"https:\/\/ent2d.ac-bordeaux.fr\/disciplines\/sti\/wp-json\/wp\/v2\/pages\/2016\/revisions"}],"wp:attachment":[{"href":"https:\/\/ent2d.ac-bordeaux.fr\/disciplines\/sti\/wp-json\/wp\/v2\/media?parent=2016"}],"curies":[{"name":"wp","href":"https:\/\/api.w.org\/{rel}","templated":true}]}}