{"id":2001,"date":"2016-07-08T12:57:07","date_gmt":"2016-07-08T11:57:07","guid":{"rendered":"http:\/\/blogacabdx.ac-bordeaux.fr\/ressii\/?page_id=2001"},"modified":"2016-07-08T12:57:07","modified_gmt":"2016-07-08T11:57:07","slug":"c4-dic-2-1-fe1-prototypage-rapide-de-structures-et-de-circuits-de-commande-a-partir-de-cartes-standard","status":"publish","type":"page","link":"https:\/\/ent2d.ac-bordeaux.fr\/disciplines\/sti\/c4-dic-2-1-fe1-prototypage-rapide-de-structures-et-de-circuits-de-commande-a-partir-de-cartes-standard\/","title":{"rendered":"C4-DIC-2-1-FE1 &#8211; Prototypage rapide de structures et de circuits de commande \u00e0 partir de cartes standard"},"content":{"rendered":"<hr \/>\n<h2><\/h2>\n<h3><span style=\"text-decoration: underline;color: #000000\">R\u00e9f\u00e9rence au texte officiel<\/span><\/h3>\n<h2 style=\"text-align: center\"><strong>THEME :\u00a0DESIGN, INNOVATION ET CREATIVITE<\/strong><\/h2>\n<table style=\"width: 100%\" cellspacing=\"1\" cellpadding=\"1\">\n<tbody>\n<tr>\n<td><\/td>\n<td><\/td>\n<\/tr>\n<tr>\n<td><strong>Connaissances et comp\u00e9tences associ\u00e9es<\/strong><\/td>\n<td><strong>Exemples de situations, d\u2019activit\u00e9s et de ressources pour l\u2019\u00e9l\u00e8ve<\/strong><\/td>\n<\/tr>\n<tr>\n<td colspan=\"2\"><strong>R\u00e9aliser, de mani\u00e8re collaborative, le prototype d\u2019un objet communicant<\/strong><\/td>\n<\/tr>\n<tr>\n<td style=\"width: 50%;text-align: left\">\n<p style=\"text-align: left\"><strong>R\u00e9aliser, de mani\u00e8re collaborative, le prototype<\/strong><br \/>\n<strong> d\u2019un objet pour valider une solution.<\/strong><br \/>\n<a href=\"https:\/\/ent2d.ac-bordeaux.fr\/disciplines\/sti\/c4-dic-2-1-fe1-prototypage-rapide-de-structures-et-de-circuits-de-commande-a-partir-de-cartes-standard\/\"><strong>DIC-2-1-FE1\u00a0<\/strong>\u00bb Prototypage rapide de structures et de circuits\u00a0de commande \u00e0 partir de cartes standard.<\/a><\/p>\n<\/td>\n<td style=\"text-align: justify\">Organisation d\u2019un groupe de projet : r\u00e9partition\u00a0des r\u00f4les, revue de projet, pr\u00e9sentation des\u00a0r\u00e9sultats.<br \/>\nFabLab : impression3D et prototypage rapide.<br \/>\nMicrocontr\u00f4leurs et prototypage rapide de la\u00a0chaine d\u2019information.<\/td>\n<\/tr>\n<\/tbody>\n<\/table>\n<hr \/>\n<h3><span style=\"text-decoration: underline\"><span style=\"color: #000000;text-decoration: underline\">Exemple de structuration de connaissances<\/span><\/span><\/h3>\n<p><a href=\"https:\/\/ent2d.ac-bordeaux.fr\/disciplines\/stidev\/wp-content\/uploads\/sites\/62\/2016\/07\/DIC-2-1-FE1-Prototypage.jpg\"><img loading=\"lazy\" decoding=\"async\" class=\"alignnone wp-image-2007 size-full\" src=\"https:\/\/ent2d.ac-bordeaux.fr\/disciplines\/stidev\/wp-content\/uploads\/sites\/62\/2016\/07\/DIC-2-1-FE1-Prototypage.jpg\" width=\"1600\" height=\"900\" \/><\/a><\/p>\n<table border=\"0\" cellspacing=\"1\" cellpadding=\"1\">\n<tbody>\n<tr>\n<td><a href=\"https:\/\/ent2d.ac-bordeaux.fr\/disciplines\/stidev\/wp-content\/uploads\/sites\/62\/2016\/07\/DIC-2-1-FE1-Prototypage.jpg\" target=\"_blank\" rel=\"noopener\"><img loading=\"lazy\" decoding=\"async\" class=\"alignnone wp-image-1491\" src=\"https:\/\/ent2d.ac-bordeaux.fr\/disciplines\/stidev\/wp-content\/uploads\/sites\/62\/2016\/06\/jpg.png\" alt=\"\" width=\"51\" height=\"51\" \/><\/a><br \/>\n<a href=\"https:\/\/ent2d.ac-bordeaux.fr\/disciplines\/stidev\/wp-content\/uploads\/sites\/62\/2016\/07\/DIC-2-1-FE1-Prototypage.jpg\" target=\"_blank\" rel=\"noopener\"><u><span style=\"color: #0066cc\">Fiche \u00e9l\u00e8ve format\u00a0image<\/span><\/u><\/a><\/td>\n<td><u><span style=\"color: #0066cc\"><img loading=\"lazy\" decoding=\"async\" class=\"alignnone wp-image-38\" src=\"https:\/\/ent2d.ac-bordeaux.fr\/disciplines\/stidev\/wp-content\/uploads\/sites\/62\/2015\/03\/logoVideo2.jpg\" alt=\"logoVideo2\" width=\"50\" height=\"51\" \/><br \/>\n<\/span><\/u> Format vid\u00e9o Mp4<\/td>\n<td><img loading=\"lazy\" decoding=\"async\" class=\"alignnone wp-image-296\" src=\"https:\/\/ent2d.ac-bordeaux.fr\/disciplines\/stidev\/wp-content\/uploads\/sites\/62\/2015\/03\/logoWebM2.jpg\" alt=\"logoWebM2\" width=\"50\" height=\"51\" \/><br \/>\nFormat vid\u00e9o Web-M<\/td>\n<td><img loading=\"lazy\" decoding=\"async\" class=\"alignnone wp-image-34\" src=\"https:\/\/ent2d.ac-bordeaux.fr\/disciplines\/stidev\/wp-content\/uploads\/sites\/62\/2015\/03\/logoPdf2.jpg\" alt=\"logoPdf2\" width=\"50\" height=\"51\" \/><br \/>\nFiche professeur PDF<\/td>\n<\/tr>\n<\/tbody>\n<\/table>\n<hr \/>\n<h3><span style=\"color: #000000\"><span style=\"text-decoration: underline\">Exemple d&#8217;exploitation p\u00e9dagogique &#8211; 5\u00e8me<\/span><\/span><\/h3>\n<table style=\"width: 100%\" border=\"0\" cellspacing=\"1\" cellpadding=\"1\">\n<tbody>\n<tr>\n<td style=\"text-align: left\"><strong>Pistes de situations d\u00e9clenchantes<\/strong><\/td>\n<td style=\"text-align: justify\">\n<ul>\n<li style=\"font-weight: 400\"><span style=\"font-weight: 400\">Projet de construction d\u2019un nouveau pont \/ d\u2019une habitation<\/span><\/li>\n<\/ul>\n<\/td>\n<\/tr>\n<tr>\n<td style=\"text-align: left\"><strong>Pistes probl\u00e8mes<\/strong> <strong>technologiques<\/strong><\/td>\n<td style=\"text-align: left\">\n<ul>\n<li><span style=\"font-weight: 400\">Comment pr\u00e9senter le projet \u00e0 du public lors d\u2019une exposition ?<\/span><\/li>\n<\/ul>\n<\/td>\n<\/tr>\n<tr>\n<td style=\"text-align: left\"><strong>Ressources Outils \u00e0 exploiter<\/strong><\/td>\n<td style=\"text-align: left\">\n<ul>\n<li style=\"font-weight: 400\"><span style=\"font-weight: 400\">Google sketch up, sweet home 3D<\/span><\/li>\n<li style=\"font-weight: 400\"><span style=\"font-weight: 400\">Imprimante 3D<\/span><\/li>\n<li style=\"font-weight: 400\"><a href=\"https:\/\/www.youtube.com\/watch?v=_X0NV8l4W4Q\"><span style=\"font-weight: 400\">https:\/\/www.youtube.com\/watch?v=_X0NV8l4W4Q<\/span><\/a><\/li>\n<li style=\"font-weight: 400\"><a href=\"https:\/\/www.youtube.com\/watch?v=xWwxmB1BrZ0\"><span style=\"font-weight: 400\">https:\/\/www.youtube.com\/watch?v=xWwxmB1BrZ0<\/span><\/a><\/li>\n<li style=\"font-weight: 400\"><span style=\"font-weight: 400\">https:\/\/www.youtube.com\/watch?v=y7zwYEb4ng8<\/span><\/li>\n<\/ul>\n<\/td>\n<\/tr>\n<tr>\n<td style=\"text-align: left\"><strong>Pistes d\u2019activit\u00e9s<\/strong><\/td>\n<td style=\"text-align: left\"><span style=\"font-weight: 400\">Demander aux \u00e9l\u00e8ves de :<\/span><\/p>\n<ul>\n<li style=\"font-weight: 400\"><span style=\"font-weight: 400\">Notions de t\u00e2che et d\u2019ant\u00e9riorit\u00e9.<\/span><\/li>\n<li style=\"font-weight: 400\"><span style=\"font-weight: 400\">Lecture d\u2019un diagramme Gantt.<\/span><\/li>\n<li style=\"font-weight: 400\"><span style=\"font-weight: 400\">R\u00e9aliser des maquettes simples d\u2019une partie de l\u2019objet \u00a0pour valider une solution<\/span><\/li>\n<li style=\"font-weight: 400\"><span style=\"font-weight: 400\"> Proposer d\u2019autres solutions<\/span><\/li>\n<li style=\"font-weight: 400\"><span style=\"font-weight: 400\"> Valider un prototype par des essais v\u00e9rifiant son cahier des charges<\/span><\/li>\n<li style=\"font-weight: 400\"><span style=\"font-weight: 400\">Fabriquer manuellement les diff\u00e9rentes parties du projet<\/span><\/li>\n<li style=\"font-weight: 400\"><span style=\"font-weight: 400\">Fabriquer une pi\u00e8ce du projet en s\u00e9rie<\/span><\/li>\n<li style=\"font-weight: 400\"><span style=\"font-weight: 400\">Comparer les deux m\u00e9thodes et d\u00e9couvrir Taylor<\/span><\/li>\n<li style=\"font-weight: 400\"><span style=\"font-weight: 400\">R\u00e9alisation d\u2019un expos\u00e9 de son projet sur panneaux (CDI, JPO..)<\/span><\/li>\n<li style=\"font-weight: 400\"><span style=\"font-weight: 400\">D\u00e9finir le besoin, le principe vis\u00e9 d\u2019un objet communicant.<\/span><\/li>\n<li style=\"font-weight: 400\"><span style=\"font-weight: 400\">R\u00e9aliser une maquette virtuelle 3D<\/span><\/li>\n<li style=\"font-weight: 400\"><span style=\"font-weight: 400\">R\u00e9aliser une maquette du projet \u00e0 partir du plan de masse par exemple ou d\u2019un plan de niveau<\/span><\/li>\n<li style=\"font-weight: 400\"><span style=\"font-weight: 400\">Citer les secteurs concern\u00e9s.<\/span><\/li>\n<li style=\"font-weight: 400\"><span style=\"font-weight: 400\">Notions de capteurs, d\u2019actionneurs par observation et mise en fonctionnement de maquettes automatis\u00e9es<\/span><\/li>\n<\/ul>\n<\/td>\n<\/tr>\n<tr>\n<td style=\"text-align: left\"><strong>Exemples d\u2019objets<\/strong> <strong>supports<\/strong><\/td>\n<td style=\"text-align: left\">\n<ul>\n<li style=\"font-weight: 400\"><span style=\"font-weight: 400\">Projets simples : rendre une objet communicant <\/span><\/li>\n<li style=\"font-weight: 400\"><span style=\"font-weight: 400\">QRcode<\/span><\/li>\n<\/ul>\n<\/td>\n<\/tr>\n<\/tbody>\n<\/table>\n<h3><span style=\"color: #000000\"><span style=\"text-decoration: underline\">Exemple d&#8217;exploitation p\u00e9dagogique &#8211; 4\u00e8me<\/span><\/span><\/h3>\n<table style=\"width: 100%\" border=\"0\" cellspacing=\"1\" cellpadding=\"1\">\n<tbody>\n<tr>\n<td style=\"text-align: left\"><strong>Pistes de situations d\u00e9clenchantes<\/strong><\/td>\n<td style=\"text-align: justify\">\n<ul>\n<li style=\"text-align: left\"><span style=\"font-weight: 400\">Vid\u00e9o fonctionnement d\u2019un portail motoris\u00e9<\/span><\/li>\n<li style=\"text-align: left\">Photos de diff\u00e9rents portails de diff\u00e9rents styles et mat\u00e9riaux<\/li>\n<\/ul>\n<\/td>\n<\/tr>\n<tr>\n<td style=\"text-align: left\"><strong>Pistes probl\u00e8mes<\/strong> <strong>technologiques<\/strong><\/td>\n<td style=\"text-align: left\">\n<ul>\n<li><span style=\"font-weight: 400\">Comment programmer un portail pour permettre l\u2019ouverture et la fermeture d\u2019un espace clos ?<\/span><\/li>\n<li>Adapter l\u2019esth\u00e9tique du portail \u00e0 celle de l\u2019habitation<\/li>\n<\/ul>\n<\/td>\n<\/tr>\n<tr>\n<td style=\"text-align: left\"><strong>Ressources Outils \u00e0 exploiter<\/strong><\/td>\n<td style=\"text-align: left\">\n<ul>\n<li style=\"font-weight: 400\"><span style=\"font-weight: 400\">Maquette de portail, Autoprog ..<\/span><\/li>\n<li style=\"font-weight: 400\"><span style=\"font-weight: 400\">Scratch<\/span><\/li>\n<li style=\"font-weight: 400\"><span style=\"font-weight: 400\">Google sketch up<\/span><\/li>\n<li style=\"font-weight: 400\"><span style=\"font-weight: 400\">Imprimante 3D, Charlyrobot<\/span><\/li>\n<\/ul>\n<\/td>\n<\/tr>\n<tr>\n<td style=\"text-align: left\"><strong>Pistes d\u2019activit\u00e9s<\/strong><\/td>\n<td style=\"text-align: left\"><span style=\"font-weight: 400\">Demander aux \u00e9l\u00e8ves de :<\/span><\/p>\n<ul>\n<li style=\"font-weight: 400\"><\/li>\n<li style=\"font-weight: 400\"><span style=\"font-weight: 400\">Int\u00e9grer de nouvelles t\u00e2ches de fabrication \u00e0 effectuer dans le diagramme Gantt du projet.<\/span><\/li>\n<li style=\"font-weight: 400\"><span style=\"font-weight: 400\">Effectuer des mesures sur des maquettes d\u2019essais (m\u00e9caniques, \u00e9lectriques&#8230;) proposant diff\u00e9rentes formes, diff\u00e9rents mat\u00e9riaux.<\/span><\/li>\n<li style=\"font-weight: 400\"><span style=\"font-weight: 400\">\u00c9laborer une fiche de consignes de s\u00e9curit\u00e9 \u00e0 respecter sur une machine<\/span><\/li>\n<li style=\"font-weight: 400\"><span style=\"font-weight: 400\">Fabriquer manuellement les diff\u00e9rentes parties du projet<\/span><\/li>\n<li style=\"font-weight: 400\"><span style=\"font-weight: 400\">R\u00e9alisation de pi\u00e8ces sur une MCN, imprimante 3D<\/span><\/li>\n<li style=\"font-weight: 400\"><span style=\"font-weight: 400\">Pr\u00e9sentation \u00e9crite des r\u00e9sultats de la conception de son projet \u00e0 l\u2019aide \u00a0de l\u2019outil informatique (diaporama, site web&#8230;)<\/span><\/li>\n<li style=\"font-weight: 400\"><span style=\"font-weight: 400\">Identifier les \u00e9l\u00e9ments de la cha\u00eene d\u2019information d\u2019apr\u00e8s un Cdcf pour utiliser un environnement de programmation et de d\u00e9veloppement num\u00e9rique.<\/span><\/li>\n<li style=\"font-weight: 400\"><span style=\"font-weight: 400\">Modifier tout ou partie du programme existant pour r\u00e9pondre \u00e0 un besoin.<\/span><\/li>\n<li style=\"font-weight: 400\"><span style=\"font-weight: 400\">Associer les actions qu\u2019un syst\u00e8me est en capacit\u00e9 de r\u00e9aliser avec la structure et les \u00e9l\u00e9ments d\u2019un programme.<\/span><\/li>\n<li style=\"font-weight: 400\"><span style=\"font-weight: 400\">Initier au langage de programmation<\/span><\/li>\n<li style=\"font-weight: 400\"><span style=\"font-weight: 400\">Conjuguer la d\u00e9marche d&#8217;investigation et la r\u00e9alisation de programmes de simulation, d&#8217;acquisition de donn\u00e9es, \u00a0de \u00a0visualisation \u00a0ou \u00a0d\u2019automatisation \u00a0d\u2019un \u00a0syst\u00e8me \u00a0technique.<\/span><\/li>\n<li style=\"font-weight: 400\">Modifier la forme du (des) battant(s) du portail \u00e0 l\u2019aide d\u2019un logiciel de mod\u00e9lisation 3D<\/li>\n<\/ul>\n<ul>\n<li style=\"font-weight: 400\"><span style=\"font-weight: 400\">R\u00e9aliser la maquette de la pi\u00e8ce avec une commande num\u00e9rique ou une imprimante 3D<\/span><\/li>\n<li style=\"font-weight: 400\"><span style=\"font-weight: 400\">Ajouter des capteurs \u00e0 la maquette<\/span><\/li>\n<li style=\"font-weight: 400\"><span style=\"font-weight: 400\">Modifier un programme d\u00e9j\u00e0 existant pour obtenir le fonctionnement correspondant au besoin<\/span><\/li>\n<\/ul>\n<\/td>\n<\/tr>\n<tr>\n<td style=\"text-align: left\"><strong>Exemples d\u2019objets<\/strong> <strong>supports<\/strong><\/td>\n<td style=\"text-align: left\">\n<ul>\n<li><span style=\"font-weight: 400\">Projets simples avec d\u00e9veloppement de l\u2019\u00e9tude fonctionnelle &#8211; rendre un objet communicant \u2013RFID\/NFC<\/span><\/li>\n<\/ul>\n<\/td>\n<\/tr>\n<\/tbody>\n<\/table>\n<h3><span style=\"color: #000000\"><span style=\"text-decoration: underline\">Exemple d&#8217;exploitation p\u00e9dagogique &#8211; 3\u00e8me<\/span><\/span><\/h3>\n<table style=\"width: 100%\" border=\"0\" cellspacing=\"1\" cellpadding=\"1\">\n<tbody>\n<tr>\n<td style=\"text-align: left\"><strong>Pistes de situations d\u00e9clenchantes<\/strong><\/td>\n<td style=\"text-align: justify\">\n<ul>\n<li><span style=\"font-weight: 400\">Vid\u00e9o de robots d\u2019exploration<\/span><\/li>\n<li>Pr\u00e9sentation d\u2019un ch\u00e2ssis de base d\u2019un robot capable de se d\u00e9placer en roulant<\/li>\n<\/ul>\n<\/td>\n<\/tr>\n<tr>\n<td style=\"text-align: left\"><strong>Pistes probl\u00e8mes<\/strong> <strong>technologiques<\/strong><\/td>\n<td style=\"text-align: left\">\n<ul>\n<li style=\"font-weight: 400\"><span style=\"font-weight: 400\">Comment rendre ce robot \u201cintelligent\u201d ?<\/span><\/li>\n<li style=\"font-weight: 400\">Comment prot\u00e9ger les parties \u00e9lectroniques en respectant des contraintes esth\u00e9tiques et ergonomiques ?<\/li>\n<\/ul>\n<\/td>\n<\/tr>\n<tr>\n<td style=\"text-align: left\"><strong>Ressources Outils \u00e0 exploiter<\/strong><\/td>\n<td style=\"text-align: left\">\n<ul>\n<li style=\"font-weight: 400\"><span style=\"font-weight: 400\">Circuits capteurs actionneurs et modules de commande (arduino, picaxe, \u2026) <\/span><\/li>\n<li style=\"font-weight: 400\"><span style=\"font-weight: 400\">Scratch ou \u00e9quivalent<\/span><\/li>\n<li style=\"font-weight: 400\"><span style=\"font-weight: 400\">Logiciel mod\u00e9lisation<\/span><\/li>\n<li style=\"font-weight: 400\"><span style=\"font-weight: 400\">Logiciel adapt\u00e9 \u00e0 la CN ou imprimante 3D<\/span><\/li>\n<\/ul>\n<\/td>\n<\/tr>\n<tr>\n<td style=\"text-align: left\"><strong>Pistes d\u2019activit\u00e9s<\/strong><\/td>\n<td style=\"text-align: left\">\n<ul>\n<li style=\"font-weight: 400\"><span style=\"font-weight: 400\">R\u00e9aliser le diagramme Gantt de la r\u00e9alisation de l\u2019objet.<\/span><\/li>\n<li style=\"font-weight: 400\"><span style=\"font-weight: 400\">Prototypage d\u2019un circuit de commande \u00e0 partir d\u2019une carte standard (picaxe, arduino..)<\/span><\/li>\n<li style=\"font-weight: 400\"><span style=\"font-weight: 400\">Propositions d\u2019am\u00e9lioration apr\u00e8s essais<\/span><\/li>\n<li style=\"font-weight: 400\"><span style=\"font-weight: 400\">R\u00e9alisation par enl\u00e8vement de mati\u00e8re de tout ou d\u2019une partie de l\u2019objet (MON 3axes)<\/span><\/li>\n<li style=\"font-weight: 400\"><span style=\"font-weight: 400\">Concevoir un montage d\u2019usinage pour fabriquer plus facilement une pi\u00e8ce<\/span><\/li>\n<li style=\"font-weight: 400\"><span style=\"font-weight: 400\">Pr\u00e9sentation orale de son projet \u00e0 l\u2019aide de l\u2019outil informatique (diaporama, site web&#8230;)<\/span><\/li>\n<li style=\"font-weight: 400\"><span style=\"font-weight: 400\">Approfondir la cha\u00eene d\u2019information : acquisition d\u2019informations (caract\u00e9riser diff\u00e9rentes grandeurs physiques pour les traiter) \u00e0 l\u2019aide de capteurs et d\u00e9tecteurs et traitement des donn\u00e9es sous forme de programmation graphique et\/ou algorithmique. <\/span><\/li>\n<li style=\"font-weight: 400\"><span style=\"font-weight: 400\">Concevoir tout ou partie d\u2019un programme, le compiler et l\u2019ex\u00e9cuter \u00a0pour r\u00e9pondre au besoin du syst\u00e8me et des fonctions \u00e0 r\u00e9aliser.<\/span><\/li>\n<li style=\"font-weight: 400\"><span style=\"font-weight: 400\">D\u00e9velopper par le langage \u00a0algorithmique ses comp\u00e9tences en raisonnement logique.<\/span><\/li>\n<li style=\"font-weight: 400\"><span style=\"font-weight: 400\">Concevoir et \u00a0utiliser \u00a0un programme de pilotage d&#8217;un objet connect\u00e9 (robot, t\u00e9l\u00e9phone, capteurs\u2026), tout en alliant observation, imagination, \u00a0cr\u00e9ativit\u00e9, sens de la qualit\u00e9, et en sollicitant les savoirs \u00a0scientifiques et techniques pour obtenir une programmation conforme aux attentes.<\/span><\/li>\n<li style=\"font-weight: 400\"><span style=\"font-weight: 400\">S&#8217;initier aux processus et aux r\u00e8gles des langages informatiques.<\/span><\/li>\n<\/ul>\n<\/td>\n<\/tr>\n<tr>\n<td style=\"text-align: left\"><strong>Exemples d\u2019objets<\/strong><\/td>\n<td style=\"text-align: left\">\n<ul>\n<li style=\"font-weight: 400\"><span style=\"font-weight: 400\">Projets plus complexes, pluri-technologiques et communicants<\/span><\/li>\n<li style=\"font-weight: 400\"><span style=\"font-weight: 400\">Picaxe &#8211; Lego &#8211; Arduino \u2013 PicoBord &#8211; \u00a0Raspberry P &#8211; etc. Voire site ressource Scratch<\/span><\/li>\n<\/ul>\n<\/td>\n<\/tr>\n<\/tbody>\n<\/table>\n<h3><\/h3>\n<hr \/>\n<h3><span style=\"text-decoration: underline;color: #000000\">Pour aller plus loin<\/span><\/h3>\n<hr \/>\n<p><span style=\"color: #ff0000\">NB : Ces propositions sont mises \u00e0 disposition pour aider chacun dans sa r\u00e9flexion mais elles n&#8217;ont pas pu \u00eatre\u00a0finalis\u00e9es par manque de temps.\u00a0Ces fiches\u00a0seront donc am\u00e9lior\u00e9es au cours du d\u00e9but d&#8217;ann\u00e9e.<\/span><\/p>\n","protected":false},"excerpt":{"rendered":"<p>R\u00e9f\u00e9rence au texte officiel THEME :\u00a0DESIGN, INNOVATION ET CREATIVITE Connaissances et comp\u00e9tences associ\u00e9es Exemples de situations, d\u2019activit\u00e9s et de ressources pour l\u2019\u00e9l\u00e8ve R\u00e9aliser, de mani\u00e8re collaborative, le prototype d\u2019un objet &#8230;<\/p>\n","protected":false},"author":211,"featured_media":0,"parent":0,"menu_order":0,"comment_status":"closed","ping_status":"closed","template":"","meta":{"footnotes":""},"class_list":["post-2001","page","type-page","status-publish","hentry"],"_links":{"self":[{"href":"https:\/\/ent2d.ac-bordeaux.fr\/disciplines\/sti\/wp-json\/wp\/v2\/pages\/2001","targetHints":{"allow":["GET"]}}],"collection":[{"href":"https:\/\/ent2d.ac-bordeaux.fr\/disciplines\/sti\/wp-json\/wp\/v2\/pages"}],"about":[{"href":"https:\/\/ent2d.ac-bordeaux.fr\/disciplines\/sti\/wp-json\/wp\/v2\/types\/page"}],"author":[{"embeddable":true,"href":"https:\/\/ent2d.ac-bordeaux.fr\/disciplines\/sti\/wp-json\/wp\/v2\/users\/211"}],"replies":[{"embeddable":true,"href":"https:\/\/ent2d.ac-bordeaux.fr\/disciplines\/sti\/wp-json\/wp\/v2\/comments?post=2001"}],"version-history":[{"count":0,"href":"https:\/\/ent2d.ac-bordeaux.fr\/disciplines\/sti\/wp-json\/wp\/v2\/pages\/2001\/revisions"}],"wp:attachment":[{"href":"https:\/\/ent2d.ac-bordeaux.fr\/disciplines\/sti\/wp-json\/wp\/v2\/media?parent=2001"}],"curies":[{"name":"wp","href":"https:\/\/api.w.org\/{rel}","templated":true}]}}