{"id":1804,"date":"2016-07-07T07:51:14","date_gmt":"2016-07-07T06:51:14","guid":{"rendered":"http:\/\/blogacabdx.ac-bordeaux.fr\/ressii\/?page_id=1804"},"modified":"2016-07-07T07:51:14","modified_gmt":"2016-07-07T06:51:14","slug":"c3-mmei-4-1a-nature-dun-signal-nature-dune-information-dans-une-application-simple-de-la-vie-courante","status":"publish","type":"page","link":"https:\/\/ent2d.ac-bordeaux.fr\/disciplines\/sti\/c3-mmei-4-1a-nature-dun-signal-nature-dune-information-dans-une-application-simple-de-la-vie-courante\/","title":{"rendered":"C3-MMEI-4-1a &#8211; Nature d\u2019un signal, nature d\u2019une information, dans une application simple de la vie courante"},"content":{"rendered":"<hr \/>\n<h2><\/h2>\n<h3><span style=\"text-decoration: underline;color: #000000\">R\u00e9f\u00e9rence au texte officiel<\/span><\/h3>\n<h2 style=\"text-align: center\"><strong>THEME : MATERIAUX ET OBJETS TECHNIQUES<\/strong><\/h2>\n<table style=\"width: 100%\" cellspacing=\"1\" cellpadding=\"1\">\n<tbody>\n<tr>\n<td><\/td>\n<td><\/td>\n<\/tr>\n<tr>\n<td><strong>Connaissances et comp\u00e9tences associ\u00e9es<\/strong><\/td>\n<td><strong>Exemples de situations, d\u2019activit\u00e9s et de ressources pour l\u2019\u00e9l\u00e8ve<\/strong><\/td>\n<\/tr>\n<tr>\n<td style=\"text-align: center\" colspan=\"2\"><strong>Identifier un signal et une information<\/strong><\/td>\n<\/tr>\n<tr>\n<td style=\"width: 50%;text-align: left\">\n<p style=\"text-align: left\"><strong>Identifier diff\u00e9rentes formes de signaux (sonores,\u00a0lumineux, radio\u2026).<\/strong><br \/>\n<a href=\"https:\/\/ent2d.ac-bordeaux.fr\/disciplines\/sti\/c3-mmei-4-1a-nature-dun-signal-nature-dune-information-dans-une-application-simple-de-la-vie-courante\/\"><strong>MMEI-4-1a<\/strong> \u00bb Nature d\u2019un signal, nature d\u2019une information,\u00a0dans une application simple de la vie\u00a0courante.<\/a><\/p>\n<\/td>\n<td style=\"text-align: justify\">Introduire de fa\u00e7on simple la notion de signal et\u00a0d\u2019information en utilisant des situations de la vie\u00a0courante : feux de circulation, voyant de charge\u00a0d\u2019un appareil, alarme sonore, t\u00e9l\u00e9phone\u2026<br \/>\n\u00c9l\u00e9ment minimum d\u2019information (oui\/non) et\u00a0repr\u00e9sentation par 0, 1.<\/td>\n<\/tr>\n<\/tbody>\n<\/table>\n<hr \/>\n<h3><span style=\"color: #000000\">Exemple de structuration de connaissances<\/span><\/h3>\n<p><a href=\"https:\/\/ent2d.ac-bordeaux.fr\/disciplines\/stidev\/wp-content\/uploads\/sites\/62\/2016\/11\/C3-MMEI-4-1a-NatureSignalInformation.jpg\"><img loading=\"lazy\" decoding=\"async\" class=\"alignnone wp-image-3421 size-full\" src=\"https:\/\/ent2d.ac-bordeaux.fr\/disciplines\/stidev\/wp-content\/uploads\/sites\/62\/2016\/11\/C3-MMEI-4-1a-NatureSignalInformation.jpg\" width=\"1600\" height=\"900\" \/><\/a><\/p>\n<table border=\"0\" cellspacing=\"1\" cellpadding=\"1\">\n<tbody>\n<tr>\n<td><a href=\"https:\/\/blogacabdx.ac-bordeaux.fr\/ressii\/wp-content\/uploads\/sites\/10\/2016\/11\/C3-MMEI-4-1a-NatureSignalInformation.jpg\" target=\"_blank\" rel=\"noopener\"><img loading=\"lazy\" decoding=\"async\" class=\"alignnone wp-image-1491\" src=\"https:\/\/ent2d.ac-bordeaux.fr\/disciplines\/stidev\/wp-content\/uploads\/sites\/62\/2016\/06\/jpg.png\" width=\"51\" height=\"51\" \/><\/a><br \/>\n<a href=\"https:\/\/blogacabdx.ac-bordeaux.fr\/ressii\/wp-content\/uploads\/sites\/10\/2016\/11\/C3-MMEI-4-1a-NatureSignalInformation.jpg\" target=\"_blank\" rel=\"noopener\"><span style=\"color: #0066cc\">Fiche \u00e9l\u00e8ve format\u00a0image<\/span><\/a><\/td>\n<td><u><span style=\"color: #0066cc\"><img loading=\"lazy\" decoding=\"async\" class=\"alignnone wp-image-38\" src=\"https:\/\/ent2d.ac-bordeaux.fr\/disciplines\/stidev\/wp-content\/uploads\/sites\/62\/2015\/03\/logoVideo2.jpg\" alt=\"logoVideo2\" width=\"50\" height=\"51\" \/><br \/>\n<\/span><\/u> Format vid\u00e9o Mp4<\/td>\n<td><a href=\"https:\/\/ent2d.ac-bordeaux.fr\/disciplines\/stidev\/wp-content\/uploads\/sites\/62\/2016\/11\/C3-MMEI-4-1a-NatureSignalInformation.pdf\" target=\"_blank\" rel=\"noopener\"><img loading=\"lazy\" decoding=\"async\" class=\"alignnone wp-image-3196\" src=\"https:\/\/ent2d.ac-bordeaux.fr\/disciplines\/stidev\/wp-content\/uploads\/sites\/62\/2016\/09\/pdf_eleve.jpg\" alt=\"\" width=\"52\" height=\"52\" \/><\/a><br \/>\n<a href=\"https:\/\/ent2d.ac-bordeaux.fr\/disciplines\/stidev\/wp-content\/uploads\/sites\/62\/2016\/11\/C3-MMEI-4-1a-NatureSignalInformation.pdf\" target=\"_blank\" rel=\"noopener\">Fiche \u00e9l\u00e8ve PDF<\/a><\/td>\n<td><a href=\"https:\/\/ent2d.ac-bordeaux.fr\/disciplines\/stidev\/wp-content\/uploads\/sites\/62\/2016\/09\/ST_MMEI_Identifier-un-signal-et-une-information.pdf\" target=\"_blank\" rel=\"noopener\"><img loading=\"lazy\" decoding=\"async\" class=\"alignnone wp-image-3194\" src=\"https:\/\/ent2d.ac-bordeaux.fr\/disciplines\/stidev\/wp-content\/uploads\/sites\/62\/2016\/09\/pdf_prof.jpg\" width=\"52\" height=\"52\" \/><\/a><br \/>\n<a href=\"https:\/\/ent2d.ac-bordeaux.fr\/disciplines\/stidev\/wp-content\/uploads\/sites\/62\/2016\/09\/ST_MMEI_Identifier-un-signal-et-une-information.pdf\" target=\"_blank\" rel=\"noopener\">Fiche professeur Pdf<\/a><\/td>\n<\/tr>\n<\/tbody>\n<\/table>\n<hr \/>\n<h3><span style=\"color: #000000\"><span style=\"text-decoration: underline\">Exemple d&#8217;exploitation p\u00e9dagogique<\/span><\/span><\/h3>\n<table style=\"width: 100%\" border=\"0\" cellspacing=\"1\" cellpadding=\"1\">\n<tbody>\n<tr>\n<td style=\"text-align: left\"><strong>Pistes de situations d\u00e9clenchantes<\/strong><\/td>\n<td style=\"text-align: justify\">\n<ul>\n<li><span style=\"font-weight: 400\">Les \u00e9l\u00e8ves observent le fonctionnement d\u2019un objet technique comportant des composants qui fournissent des informations sous diff\u00e9rentes formes (lumineux, sonore \u2026).<\/span><\/li>\n<li>Les \u00e9l\u00e8ves observent un montage photo ou vid\u00e9o qui met en \u00e9vidence diff\u00e9rents types de signaux (feux tricolore, sir\u00e8ne du R\u00e9seau National d\u2019Alerte, sonnette de v\u00e9lo&#8230;).<\/li>\n<\/ul>\n<\/td>\n<\/tr>\n<tr>\n<td style=\"text-align: left\"><strong>Pistes probl\u00e8mes<\/strong> <strong>technologiques<\/strong><\/td>\n<td style=\"text-align: left\">\n<ul>\n<li><span style=\"font-weight: 400\">A quoi servent les signaux sur les objets techniques ?<\/span><\/li>\n<li><span style=\"font-weight: 400\">Quels sont les diff\u00e9rents signaux renvoy\u00e9s par l\u2019objet technique ?<\/span><\/li>\n<li><span style=\"font-weight: 400\">Pourquoi utilise-t-on des signaux ?<\/span><\/li>\n<li>Quelle action sera r\u00e9alis\u00e9e en fonction de l\u2019information re\u00e7ue (2 \u00e9tats : vrai ou faux, ouvert\/ferm\u00e9&#8230;) ?<\/li>\n<\/ul>\n<\/td>\n<\/tr>\n<tr>\n<td style=\"text-align: left\"><strong>Ressources Outils \u00e0 exploiter<\/strong><\/td>\n<td style=\"text-align: left\">\n<ul>\n<li style=\"font-weight: 400\"><span style=\"font-weight: 400\">Objet technique support avec diff\u00e9rents composants fournissant des signaux (exemples : voiture t\u00e9l\u00e9command\u00e9e, mini-robot, syst\u00e8me d\u2019alarme \u2026)<\/span><\/li>\n<li style=\"font-weight: 400\"><span style=\"font-weight: 400\">Animations multim\u00e9dias sur la domotique, portail, volet roulant, feux de carrefour&#8230;<\/span><\/li>\n<\/ul>\n<\/td>\n<\/tr>\n<tr>\n<td style=\"text-align: left\"><strong>Pistes d\u2019activit\u00e9s<\/strong><\/td>\n<td style=\"text-align: left\">&nbsp;<\/p>\n<p><span style=\"font-weight: 400\">Demander aux \u00e9l\u00e8ves de :<\/span><\/p>\n<ul>\n<li style=\"font-weight: 400\"><span style=\"font-weight: 400\">observer divers objets techniques afin de rep\u00e9rer les signaux renvoy\u00e9s et d\u00e9terminer la nature de l\u2019information renvoy\u00e9e \u00e0 chaque fois (lumineux, sonore), il peut s\u2019agir des diff\u00e9rents signaux du coll\u00e8ge, de leur maison\u2026,<\/span><\/li>\n<\/ul>\n<ul>\n<li style=\"font-weight: 400\"><span style=\"font-weight: 400\">d\u00e9terminer l\u2019usage de chaque signal et le moyen de transmission utilis\u00e9 (coup de pouce vocabulaire).<\/span><\/li>\n<\/ul>\n<\/td>\n<\/tr>\n<tr>\n<td style=\"text-align: left\"><strong>Exemples d\u2019objets<\/strong> <strong>supports<\/strong><\/td>\n<td style=\"text-align: left\">\n<ul>\n<li style=\"font-weight: 400\"><span style=\"font-weight: 400\">Dragster de comp\u00e9tition ( <\/span><a href=\"http:\/\/www.a4.fr\/catalogsearch\/result\/?q=Dragster\"><span style=\"font-weight: 400\">http:\/\/www.a4.fr\/catalogsearch\/result\/?q=Dragster<\/span><\/a><span style=\"font-weight: 400\"> )<\/span><\/li>\n<li style=\"font-weight: 400\"><span style=\"font-weight: 400\">Teletec ( <\/span><a href=\"http:\/\/www.a4.fr\/transports-et-mobilite\/realisations\/teletec.html\"><span style=\"font-weight: 400\">http:\/\/www.a4.fr\/transports-et-mobilite\/realisations\/teletec.html<\/span><\/a><span style=\"font-weight: 400\"> )<\/span><\/li>\n<li style=\"font-weight: 400\"><span style=\"font-weight: 400\">Maquette de feux de signalisation<\/span><\/li>\n<li style=\"font-weight: 400\"><span style=\"font-weight: 400\">Robots programm\u00e9s faisant appara\u00eetre diff\u00e9rents signaux<\/span><\/li>\n<\/ul>\n<\/td>\n<\/tr>\n<\/tbody>\n<\/table>\n<hr \/>\n<h3><span style=\"text-decoration: underline;color: #000000\">Pour aller plus loin<\/span><\/h3>\n<ul>\n<li><a href=\"http:\/\/www.slideshare.net\/clemery\/transmettre-des-infos-vslideshare\" target=\"_blank\" rel=\"noopener\"><span style=\"font-weight: 400\">Cours de lyc\u00e9e sur les signaux et la transmission d\u2019informations<\/span><\/a><\/li>\n<li><a href=\"http:\/\/www.slideshare.net\/nes_srine\/2005-dunod-traitement-du-signal\" target=\"_blank\" rel=\"noopener\"><span style=\"font-weight: 400\">Aide m\u00e9moire sur le Traitement du signal (Dunod)<\/span><\/a><\/li>\n<li><a href=\"https:\/\/www.youtube.com\/watch?v=DJVwmBY6wtk\" target=\"_blank\" rel=\"noopener\"><span style=\"font-weight: 400\">Conversion d\u2019un signal analogique en signal num\u00e9rique<\/span><\/a><\/li>\n<\/ul>\n<hr \/>\n<h3><\/h3>\n","protected":false},"excerpt":{"rendered":"<p>R\u00e9f\u00e9rence au texte officiel THEME : MATERIAUX ET OBJETS TECHNIQUES Connaissances et comp\u00e9tences associ\u00e9es Exemples de situations, d\u2019activit\u00e9s et de ressources pour l\u2019\u00e9l\u00e8ve Identifier un signal et une information Identifier &#8230;<\/p>\n","protected":false},"author":211,"featured_media":0,"parent":0,"menu_order":0,"comment_status":"closed","ping_status":"closed","template":"","meta":{"footnotes":""},"class_list":["post-1804","page","type-page","status-publish","hentry"],"_links":{"self":[{"href":"https:\/\/ent2d.ac-bordeaux.fr\/disciplines\/sti\/wp-json\/wp\/v2\/pages\/1804","targetHints":{"allow":["GET"]}}],"collection":[{"href":"https:\/\/ent2d.ac-bordeaux.fr\/disciplines\/sti\/wp-json\/wp\/v2\/pages"}],"about":[{"href":"https:\/\/ent2d.ac-bordeaux.fr\/disciplines\/sti\/wp-json\/wp\/v2\/types\/page"}],"author":[{"embeddable":true,"href":"https:\/\/ent2d.ac-bordeaux.fr\/disciplines\/sti\/wp-json\/wp\/v2\/users\/211"}],"replies":[{"embeddable":true,"href":"https:\/\/ent2d.ac-bordeaux.fr\/disciplines\/sti\/wp-json\/wp\/v2\/comments?post=1804"}],"version-history":[{"count":0,"href":"https:\/\/ent2d.ac-bordeaux.fr\/disciplines\/sti\/wp-json\/wp\/v2\/pages\/1804\/revisions"}],"wp:attachment":[{"href":"https:\/\/ent2d.ac-bordeaux.fr\/disciplines\/sti\/wp-json\/wp\/v2\/media?parent=1804"}],"curies":[{"name":"wp","href":"https:\/\/api.w.org\/{rel}","templated":true}]}}