{"id":1801,"date":"2016-07-07T07:50:21","date_gmt":"2016-07-07T06:50:21","guid":{"rendered":"http:\/\/blogacabdx.ac-bordeaux.fr\/ressii\/?page_id=1801"},"modified":"2016-07-07T07:50:21","modified_gmt":"2016-07-07T06:50:21","slug":"c3-mmei-3-4d-quelques-dispositifs-visant-a-economiser-la-consommation-denergie","status":"publish","type":"page","link":"https:\/\/ent2d.ac-bordeaux.fr\/disciplines\/sti\/c3-mmei-3-4d-quelques-dispositifs-visant-a-economiser-la-consommation-denergie\/","title":{"rendered":"C3-MMEI-3-3d &#8211; Quelques dispositifs visant \u00e0 \u00e9conomiser la consommation d\u2019\u00e9nergie"},"content":{"rendered":"<hr \/>\n<h2><\/h2>\n<h3><span style=\"text-decoration: underline;color: #000000\">R\u00e9f\u00e9rence au texte officiel<\/span><\/h3>\n<h2 style=\"text-align: center\"><strong>THEME : MATERIAUX ET OBJETS TECHNIQUES<\/strong><\/h2>\n<table style=\"width: 100%\" cellspacing=\"1\" cellpadding=\"1\">\n<tbody>\n<tr>\n<td><\/td>\n<td><\/td>\n<\/tr>\n<tr>\n<td><strong>Connaissances et comp\u00e9tences associ\u00e9es<\/strong><\/td>\n<td><strong>Exemples de situations, d\u2019activit\u00e9s et de ressources pour l\u2019\u00e9l\u00e8ve<\/strong><\/td>\n<\/tr>\n<tr>\n<td style=\"text-align: center\" colspan=\"2\"><strong>Identifier diff\u00e9rentes sources et connaitre quelques conversions d\u2019\u00e9nergie<\/strong><\/td>\n<\/tr>\n<tr>\n<td style=\"width: 50%;text-align: left\"><strong>Identifier des sources d\u2019\u00e9nergie et des formes.<\/strong><br \/>\n<a href=\"https:\/\/ent2d.ac-bordeaux.fr\/disciplines\/sti\/c3-mmei-3-1a-lenergie-existe-sous-di%c2%81fferentes-formes-energie-associee-a-un-objet-en-mouvement-energie-thermique-electrique\/\"><strong>MMEI-3-1a<\/strong> \u00bb L\u2019\u00e9nergie existe sous diff\u00e9rentes formes\u00a0(\u00e9nergie associ\u00e9e \u00e0 un objet en mouvement,\u00a0\u00e9nergie thermique, \u00e9lectrique\u2026).<\/a><a href=\"https:\/\/ent2d.ac-bordeaux.fr\/disciplines\/sti\/c3-mmei-3-2\/\"><strong>MMEI-3-2<\/strong> &#8211; Prendre conscience que l\u2019\u00eatre humain a besoin\u00a0d\u2019\u00e9nergie pour vivre, se chauffer, se d\u00e9placer,\u00a0s\u2019\u00e9clairer\u2026<\/a><\/p>\n<p><strong>Reconnaitre les situations o\u00f9 l\u2019\u00e9nergie est\u00a0stock\u00e9e, transform\u00e9e, utilis\u00e9e.\u00a0La fabrication et le\u00a0fonctionnement d\u2019un objet technique n\u00e9cessitent\u00a0de l\u2019\u00e9nergie.<\/strong><br \/>\n<a href=\"http:\/\/blogacabdx.ac-bordeaux.fr\/ressii\/c3-mmei-3-4a-exemples-de-sources-denergie-utilisees-par-les-etres-humains-charbon-petrole-bois-uranium-aliments-vent-soleil-eau-et-barrage-pile\/\"><strong>MMEI-3-3a<\/strong> \u00bb Exemples de sources d\u2019\u00e9nergie utilis\u00e9es par\u00a0les \u00eatres humains : charbon, p\u00e9trole, bois,\u00a0uranium, aliments, vent, Soleil, eau et\u00a0barrage, pile\u2026<\/a><br \/>\n<a href=\"https:\/\/ent2d.ac-bordeaux.fr\/disciplines\/sti\/c3-mmei-3-4b-notion-denergie-renouvelable\/\"><strong>MMEI-3-3b<\/strong> \u00bb Notion d\u2019\u00e9nergie renouvelable.<\/a><br \/>\n<a href=\"https:\/\/ent2d.ac-bordeaux.fr\/disciplines\/sti\/c3-mmei-3-4c-identi%c2%80fier-quelques-elements-dune-chaine-denergie-domestique-simple\/\"><strong>MMEI-3-3c<\/strong> \u00bb Identifier quelques \u00e9l\u00e9ments d\u2019une chaine\u00a0d\u2019\u00e9nergie\u00a0domestique simple.<\/a><br \/>\n<a href=\"https:\/\/ent2d.ac-bordeaux.fr\/disciplines\/sti\/c3-mmei-3-4d-quelques-dispositifs-visant-a-economiser-la-consommation-denergie\/\"><strong>MMEI-3-3d<\/strong> \u00bb Quelques dispositifs visant \u00e0 \u00e9conomiser la\u00a0consommation d\u2019\u00e9nergie.<\/a><\/td>\n<td style=\"text-align: justify\">L\u2019\u00e9nergie associ\u00e9e \u00e0 un objet en mouvement \u00a0apparait comme une forme d\u2019\u00e9nergie facile\u00a0\u00e0 percevoir par l\u2019\u00e9l\u00e8ve, et comme pouvant se\u00a0convertir en \u00e9nergie thermique.<br \/>\nLe professeur peut privil\u00e9gier la mise en oeuvre\u00a0de dispositifs exp\u00e9rimentaux analys\u00e9s sous leurs\u00a0aspects \u00e9nerg\u00e9tiques: \u00e9olienne, circuit \u00e9lectrique\u00a0simple, dispositif de freinage, moulin \u00e0 eau, objet\u00a0technique\u2026<br \/>\nOn prend appui sur des exemples simples\u00a0(v\u00e9lo qui freine, objets du quotidien, l\u2019\u00eatre\u00a0humain en introduisant les formes d\u2019\u00e9nergie\u00a0mobilis\u00e9es et les diff\u00e9rentes consommations (par\u00a0exemple : \u00e9nergie thermique, \u00e9nergie associ\u00e9e\u00a0au mouvement d\u2019un objet, \u00e9nergie \u00e9lectrique,\u00a0\u00e9nergie associ\u00e9e \u00e0 une r\u00e9action chimique, \u00e9nergie\u00a0lumineuse\u2026).<br \/>\nExemples de consommation domestique\u00a0(chauffage, lumi\u00e8re, ordinateur, transports).<\/td>\n<\/tr>\n<\/tbody>\n<\/table>\n<hr \/>\n<h3><span style=\"color: #000000\">Exemple de structuration de connaissances<\/span><\/h3>\n<p><a href=\"https:\/\/ent2d.ac-bordeaux.fr\/disciplines\/stidev\/wp-content\/uploads\/sites\/62\/2016\/11\/C3-MMEI-3-3d-DispositifsEconomiserConsommationEnergie.jpg\"><img loading=\"lazy\" decoding=\"async\" class=\"alignnone wp-image-3420 size-full\" src=\"https:\/\/ent2d.ac-bordeaux.fr\/disciplines\/stidev\/wp-content\/uploads\/sites\/62\/2016\/11\/C3-MMEI-3-3d-DispositifsEconomiserConsommationEnergie.jpg\" width=\"1600\" height=\"900\" \/><\/a><\/p>\n<table border=\"0\" cellspacing=\"1\" cellpadding=\"1\">\n<tbody>\n<tr>\n<td><a href=\"https:\/\/blogacabdx.ac-bordeaux.fr\/ressii\/wp-content\/uploads\/sites\/10\/2016\/11\/C3-MMEI-3-3d-DispositifsEconomiserConsommationEnergie.jpg\" target=\"_blank\" rel=\"noopener\"><img loading=\"lazy\" decoding=\"async\" class=\"alignnone wp-image-1491\" src=\"https:\/\/ent2d.ac-bordeaux.fr\/disciplines\/stidev\/wp-content\/uploads\/sites\/62\/2016\/06\/jpg.png\" width=\"51\" height=\"51\" \/><\/a><br \/>\n<a href=\"https:\/\/blogacabdx.ac-bordeaux.fr\/ressii\/wp-content\/uploads\/sites\/10\/2016\/11\/C3-MMEI-3-3d-DispositifsEconomiserConsommationEnergie.jpg\" target=\"_blank\" rel=\"noopener\"><span style=\"color: #0066cc\">Fiche \u00e9l\u00e8ve format\u00a0image<\/span><\/a><\/td>\n<td><u><span style=\"color: #0066cc\"><img loading=\"lazy\" decoding=\"async\" class=\"alignnone wp-image-38\" src=\"https:\/\/ent2d.ac-bordeaux.fr\/disciplines\/stidev\/wp-content\/uploads\/sites\/62\/2015\/03\/logoVideo2.jpg\" alt=\"logoVideo2\" width=\"50\" height=\"51\" \/><br \/>\n<\/span><\/u> Format vid\u00e9o Mp4<\/td>\n<td><a href=\"https:\/\/ent2d.ac-bordeaux.fr\/disciplines\/stidev\/wp-content\/uploads\/sites\/62\/2016\/11\/C3-MMEI-3-3d-DispositifsEconomiserConsommationEnergie.pdf\" target=\"_blank\" rel=\"noopener\"><img loading=\"lazy\" decoding=\"async\" class=\"alignnone wp-image-3196\" src=\"https:\/\/ent2d.ac-bordeaux.fr\/disciplines\/stidev\/wp-content\/uploads\/sites\/62\/2016\/09\/pdf_eleve.jpg\" width=\"52\" height=\"52\" \/><\/a><br \/>\n<a href=\"https:\/\/ent2d.ac-bordeaux.fr\/disciplines\/stidev\/wp-content\/uploads\/sites\/62\/2016\/11\/C3-MMEI-3-3d-DispositifsEconomiserConsommationEnergie.pdf\" target=\"_blank\" rel=\"noopener\">Fiche \u00e9l\u00e8ve PDF<\/a><\/td>\n<td><a href=\"https:\/\/ent2d.ac-bordeaux.fr\/disciplines\/sti\/wp-content\/uploads\/sites\/41\/2016\/09\/ST_MMEI_Identifier-diff%C3%A9rentes-sources-et-connaitre-quelques-conversions-d%C3%A9nergie.pdf\" target=\"_blank\" rel=\"noopener\"><img loading=\"lazy\" decoding=\"async\" class=\"alignnone wp-image-3194\" src=\"https:\/\/ent2d.ac-bordeaux.fr\/disciplines\/stidev\/wp-content\/uploads\/sites\/62\/2016\/09\/pdf_prof.jpg\" alt=\"\" width=\"52\" height=\"52\" \/><\/a><br \/>\n<a href=\"https:\/\/ent2d.ac-bordeaux.fr\/disciplines\/sti\/wp-content\/uploads\/sites\/41\/2016\/09\/ST_MMEI_Identifier-diff%C3%A9rentes-sources-et-connaitre-quelques-conversions-d%C3%A9nergie.pdf\" target=\"_blank\" rel=\"noopener\">Fiche professeur PDF<\/a><\/td>\n<\/tr>\n<\/tbody>\n<\/table>\n<hr \/>\n<h3><span style=\"color: #000000\"><span style=\"text-decoration: underline\">Exemple d&#8217;exploitation p\u00e9dagogique<\/span><\/span><\/h3>\n<table style=\"width: 100%\" border=\"0\" cellspacing=\"1\" cellpadding=\"1\">\n<tbody>\n<tr>\n<td style=\"text-align: left\"><strong>Pistes de situations d\u00e9clenchantes<\/strong><\/td>\n<td style=\"text-align: justify\">\n<ul>\n<li><span style=\"font-weight: 400\">Partir de 2 exemples de factures \u00e9nerg\u00e9tiques, l\u2019une moins ch\u00e8re que l\u2019autre pour s\u2019interroger sur les raisons de ces diff\u00e9rences. (ou partir de 2 \u00e9tiquettes \u00e9nergies diff\u00e9rentes et s\u2019interroger sur les raisons de ces \u00e9tiquettes)<\/span><\/li>\n<li><span style=\"font-weight: 400\">Partir de constats sur la consommation d\u2019\u00e9nergie comme une statistique sur les r\u00e9serves d\u2019\u00e9nergies fossiles, qui met en \u00e9vidence qu\u2019elles sont en quantit\u00e9 limit\u00e9e, associ\u00e9e \u00e0 un compteur temps r\u00e9el qui met en \u00e9vidence que nous consommons beaucoup d\u2019\u00e9nergie \u00e0 chaque instant (compteur temps r\u00e9el Plan\u00e9toscope : Consommation \u00e9nerg\u00e9tique de la France <\/span><a href=\"http:\/\/www.planetoscope.com\/energie\"><span style=\"font-weight: 400\">http:\/\/www.planetoscope.com\/energie<\/span><\/a><span style=\"font-weight: 400\">)<\/span><\/li>\n<li><span style=\"font-weight: 400\">Partir de l\u2019observation sur un Wattm\u00e8tre de la consommation d\u2019un appareil pourtant en veille et s\u2019interroger sur les solutions pour \u00e9viter de consommer trop d\u2019\u00e9nergie.<\/span><\/li>\n<\/ul>\n<\/td>\n<\/tr>\n<tr>\n<td style=\"text-align: left\"><strong>Pistes probl\u00e8mes<\/strong> <strong>technologiques<\/strong><\/td>\n<td style=\"text-align: left\">\n<ul>\n<li><span style=\"font-weight: 400\">Comment r\u00e9duire la facture \u00e9nerg\u00e9tique de la maison ?<\/span><\/li>\n<li>Pourquoi et comment limiter notre consommation d\u2019\u00e9nergies fossiles ?<\/li>\n<\/ul>\n<\/td>\n<\/tr>\n<tr>\n<td style=\"text-align: left\"><strong>Ressources Outils \u00e0 exploiter<\/strong><\/td>\n<td style=\"text-align: left\">&nbsp;<\/p>\n<ul>\n<li style=\"font-weight: 400\"><span style=\"font-weight: 400\">Ressources m\u00e9dia EDF : Ecole de l\u2019\u00e9nergie\/Economies d\u2019\u00e9nergies<\/span>\n<ul>\n<li style=\"font-weight: 400\"><span style=\"font-weight: 400\"><a href=\"http:\/\/www.edf.com\/html\/ecole_energie\/\">http:\/\/www.edf.com\/html\/ecole_energie\/<\/a><\/span><\/li>\n<li style=\"font-weight: 400\"><a href=\"https:\/\/www.edf.fr\/groupe-edf\/espaces-dedies\/l-energie-de-a-a-z\/quiz\"><span style=\"font-weight: 400\">https:\/\/www.edf.fr\/groupe-edf\/espaces-dedies\/l-energie-de-a-a-z\/quiz<\/span><\/a><\/li>\n<\/ul>\n<\/li>\n<\/ul>\n<ul>\n<li style=\"font-weight: 400\"><span style=\"font-weight: 400\">Les explorateurs de l\u2019\u00e9nergie <\/span><a href=\"http:\/\/www.explorateurs-energie.com\/\"><span style=\"font-weight: 400\">http:\/\/www.explorateurs-energie.com\/<\/span><\/a><\/li>\n<li style=\"font-weight: 400\"><span style=\"font-weight: 400\">vid\u00e9os et animations du site educapoles.org \u00a0<\/span><span style=\"font-weight: 400\"><a href=\"http:\/\/www.educapoles.org\/fr\/\">http:\/\/www.educapoles.org\/fr\/<\/a><\/span><\/li>\n<li style=\"font-weight: 400\"><span style=\"font-weight: 400\">M\u00e9diath\u00e8que<\/span><b> ADEME<\/b> <a href=\"http:\/\/www.ademe.fr\/mediatheque\"><span style=\"font-weight: 400\">http:\/\/www.ademe.fr\/mediatheque<\/span><\/a><\/li>\n<\/ul>\n<\/td>\n<\/tr>\n<tr>\n<td style=\"text-align: left\"><strong>Pistes d\u2019activit\u00e9s<\/strong><\/td>\n<td style=\"text-align: left\"><span style=\"font-weight: 400\">Demander aux \u00e9l\u00e8ves de :<\/span><\/p>\n<ul>\n<li style=\"font-weight: 400\"><span style=\"font-weight: 400\">Rechercher dans des documentations de l\u2019ADEME des solutions pour limiter notre consommation d\u2019\u00e9nergie,<\/span><\/li>\n<li style=\"font-weight: 400\"><span style=\"font-weight: 400\">R\u00e9aliser les Quiz EDF (\u201cTestez vos connaissances sur les \u00e9conomies d\u2019\u00e9nergies\u201d<\/span>\n<ul>\n<li style=\"font-weight: 400\"><a href=\"https:\/\/www.edf.fr\/groupe-edf\/espaces-dedies\/l-energie-de-a-a-z\/quiz\"><span style=\"font-weight: 400\">https:\/\/www.edf.fr\/groupe-edf\/espaces-dedies\/l-energie-de-a-a-z\/quiz<\/span><\/a><span style=\"font-weight: 400\"> et \u201cEcole de l\u2019\u00e9nergie\/Economies d\u2019\u00e9nergies\u201d<\/span><\/li>\n<li style=\"font-weight: 400\"><a href=\"http:\/\/www.edf.com\/html\/ecole_energie\/\"><span style=\"font-weight: 400\">http:\/\/www.edf.com\/html\/ecole_energie\/<\/span><\/a><span style=\"font-weight: 400\">) pour trouver quelques solutions,<\/span><\/li>\n<\/ul>\n<\/li>\n<li style=\"font-weight: 400\"><span style=\"font-weight: 400\">R\u00e9aliser le jeu \u201cMemory des eco-gestes\u201d des explorateurs de l\u2019\u00e9nergie :<\/span>\n<ul>\n<li style=\"font-weight: 400\"><span style=\"font-weight: 400\">h<\/span><a href=\"http:\/\/explorateurs-energie.ch\/index.php\/les-eco-gestes\/memory\"><span style=\"font-weight: 400\">ttp:\/\/explorateurs-energie.ch\/index.php\/les-eco-gestes\/memory<\/span><\/a><span style=\"font-weight: 400\"> pour trouver quelques solutions.<\/span><\/li>\n<\/ul>\n<\/li>\n<li style=\"font-weight: 400\"><span style=\"font-weight: 400\">R\u00e9aliser les animations et questionnaires sur les \u00e9nergies<\/span>\n<ul>\n<li style=\"font-weight: 400\"><a href=\"https:\/\/fr.brainpop.com\/sciencesdelaterre\/energie\/sourcesdenergie\/\"><span style=\"font-weight: 400\">https:\/\/fr.brainpop.com\/sciencesdelaterre\/energie\/sourcesdenergie\/<\/span><\/a><\/li>\n<\/ul>\n<\/li>\n<\/ul>\n<\/td>\n<\/tr>\n<tr>\n<td style=\"text-align: left\"><strong>Exemples d\u2019objets<\/strong> <strong>supports<\/strong><\/td>\n<td style=\"text-align: left\">\n<ul>\n<li style=\"font-weight: 400\"><span style=\"font-weight: 400\">Exemples de consommation domestique (chauffage, lumi\u00e8re, ordinateur, transport).<\/span><\/li>\n<li style=\"font-weight: 400\"><span style=\"font-weight: 400\">Animations et quiz de diff\u00e9rents sites internet<\/span><\/li>\n<li style=\"font-weight: 400\"><span style=\"font-weight: 400\">Eventail de moyens de transport (maquettes) fonctionnant avec des \u00e9nergies diff\u00e9rentes (un par \u00eelot).<\/span><\/li>\n<\/ul>\n<\/td>\n<\/tr>\n<\/tbody>\n<\/table>\n<hr \/>\n<h3><span style=\"text-decoration: underline;color: #000000\">Pour aller plus loin<\/span><\/h3>\n<ul>\n<li><a href=\"http:\/\/www.connaissancedesenergies.org\/\" target=\"_blank\" rel=\"noopener\">Connaissance Des Energies<\/a><\/li>\n<li><a href=\"http:\/\/portail.cea.fr\/multimedia\" target=\"_blank\" rel=\"noopener\">M\u00e9diath\u00e8que du CEA<\/a><\/li>\n<li><a href=\"http:\/\/www.planete-energies.com\/fr\" target=\"_blank\" rel=\"noopener\">Plan\u00e8te Energies<\/a><\/li>\n<li><a href=\"http:\/\/www.ademe.fr\/mediatheque\" target=\"_blank\" rel=\"noopener\"><span style=\"font-weight: 400\">M\u00e9diath\u00e8que<\/span><b> ADEME<\/b><\/a><\/li>\n<li><a href=\"http:\/\/www.education-developpement-durable.fr\/index.php\" target=\"_blank\" rel=\"noopener\">Education D\u00e9veloppement durable<\/a><\/li>\n<li><a href=\"http:\/\/www.cite-sciences.fr\/fr\/ressources\/juniors\/bidouilles-et-manips\/environnement-developpement-durable\/\" target=\"_blank\" rel=\"noopener\"><span style=\"font-weight: 400\">Animations de la Cit\u00e9 des Sciences et de l\u2019Industrie<\/span><\/a><\/li>\n<li><a href=\"http:\/\/www.pactes-energie.org\/\" target=\"_blank\" rel=\"noopener\">Pactes Energies (ressources documentaires, vid\u00e9o\u2026)<\/a><\/li>\n<li><a href=\"http:\/\/www.japprends-lenergie.fr\/ressources\/wiki-energie\/ressource\/sommaire\" target=\"_blank\" rel=\"noopener\">J\u2019apprends l\u2019Energie<\/a><\/li>\n<\/ul>\n<hr \/>\n<h3><\/h3>\n","protected":false},"excerpt":{"rendered":"<p>R\u00e9f\u00e9rence au texte officiel THEME : MATERIAUX ET OBJETS TECHNIQUES Connaissances et comp\u00e9tences associ\u00e9es Exemples de situations, d\u2019activit\u00e9s et de ressources pour l\u2019\u00e9l\u00e8ve Identifier diff\u00e9rentes sources et connaitre quelques conversions &#8230;<\/p>\n","protected":false},"author":211,"featured_media":0,"parent":0,"menu_order":0,"comment_status":"closed","ping_status":"closed","template":"","meta":{"footnotes":""},"class_list":["post-1801","page","type-page","status-publish","hentry"],"_links":{"self":[{"href":"https:\/\/ent2d.ac-bordeaux.fr\/disciplines\/sti\/wp-json\/wp\/v2\/pages\/1801","targetHints":{"allow":["GET"]}}],"collection":[{"href":"https:\/\/ent2d.ac-bordeaux.fr\/disciplines\/sti\/wp-json\/wp\/v2\/pages"}],"about":[{"href":"https:\/\/ent2d.ac-bordeaux.fr\/disciplines\/sti\/wp-json\/wp\/v2\/types\/page"}],"author":[{"embeddable":true,"href":"https:\/\/ent2d.ac-bordeaux.fr\/disciplines\/sti\/wp-json\/wp\/v2\/users\/211"}],"replies":[{"embeddable":true,"href":"https:\/\/ent2d.ac-bordeaux.fr\/disciplines\/sti\/wp-json\/wp\/v2\/comments?post=1801"}],"version-history":[{"count":0,"href":"https:\/\/ent2d.ac-bordeaux.fr\/disciplines\/sti\/wp-json\/wp\/v2\/pages\/1801\/revisions"}],"wp:attachment":[{"href":"https:\/\/ent2d.ac-bordeaux.fr\/disciplines\/sti\/wp-json\/wp\/v2\/media?parent=1801"}],"curies":[{"name":"wp","href":"https:\/\/api.w.org\/{rel}","templated":true}]}}