{"id":1799,"date":"2016-07-07T07:49:56","date_gmt":"2016-07-07T06:49:56","guid":{"rendered":"http:\/\/blogacabdx.ac-bordeaux.fr\/ressii\/?page_id=1799"},"modified":"2016-07-07T07:49:56","modified_gmt":"2016-07-07T06:49:56","slug":"c3-mmei-3-4c-identi%c2%80fier-quelques-elements-dune-chaine-denergie-domestique-simple","status":"publish","type":"page","link":"https:\/\/ent2d.ac-bordeaux.fr\/disciplines\/sti\/c3-mmei-3-4c-identi%c2%80fier-quelques-elements-dune-chaine-denergie-domestique-simple\/","title":{"rendered":"C3-MMEI-3-3c &#8211; Identifier quelques \u00e9l\u00e9ments d\u2019une chaine d\u2019\u00e9nergie domestique simple"},"content":{"rendered":"<hr \/>\n<h2><\/h2>\n<h3><span style=\"text-decoration: underline;color: #000000\">R\u00e9f\u00e9rence au texte officiel<\/span><\/h3>\n<h2 style=\"text-align: center\"><strong>THEME : MATERIAUX ET OBJETS TECHNIQUES<\/strong><\/h2>\n<table style=\"width: 100%\" cellspacing=\"1\" cellpadding=\"1\">\n<tbody>\n<tr>\n<td><\/td>\n<td><\/td>\n<\/tr>\n<tr>\n<td><strong>Connaissances et comp\u00e9tences associ\u00e9es<\/strong><\/td>\n<td><strong>Exemples de situations, d\u2019activit\u00e9s et de ressources pour l\u2019\u00e9l\u00e8ve<\/strong><\/td>\n<\/tr>\n<tr>\n<td style=\"text-align: center\" colspan=\"2\"><strong>Identifier diff\u00e9rentes sources et connaitre quelques conversions d\u2019\u00e9nergie<\/strong><\/td>\n<\/tr>\n<tr>\n<td style=\"width: 50%;text-align: left\"><strong>Identifier des sources d\u2019\u00e9nergie et des formes.<\/strong><br \/>\n<a href=\"https:\/\/ent2d.ac-bordeaux.fr\/disciplines\/sti\/c3-mmei-3-1a-lenergie-existe-sous-di%c2%81fferentes-formes-energie-associee-a-un-objet-en-mouvement-energie-thermique-electrique\/\"><strong>MMEI-3-1a<\/strong> \u00bb L\u2019\u00e9nergie existe sous diff\u00e9rentes formes\u00a0(\u00e9nergie associ\u00e9e \u00e0 un objet en mouvement,\u00a0\u00e9nergie thermique, \u00e9lectrique\u2026).<\/a><a href=\"https:\/\/ent2d.ac-bordeaux.fr\/disciplines\/sti\/c3-mmei-3-2\/\"><strong>MMEI-3-2<\/strong> &#8211; Prendre conscience que l\u2019\u00eatre humain a besoin\u00a0d\u2019\u00e9nergie pour vivre, se chauffer, se d\u00e9placer,\u00a0s\u2019\u00e9clairer\u2026<\/a><strong>Reconnaitre les situations o\u00f9 l\u2019\u00e9nergie est\u00a0stock\u00e9e, transform\u00e9e, utilis\u00e9e.\u00a0La fabrication et le\u00a0fonctionnement d\u2019un objet technique n\u00e9cessitent\u00a0de l\u2019\u00e9nergie.<\/strong><br \/>\n<a href=\"http:\/\/blogacabdx.ac-bordeaux.fr\/ressii\/c3-mmei-3-4a-exemples-de-sources-denergie-utilisees-par-les-etres-humains-charbon-petrole-bois-uranium-aliments-vent-soleil-eau-et-barrage-pile\/\"><strong>MMEI-3-3a<\/strong> \u00bb Exemples de sources d\u2019\u00e9nergie utilis\u00e9es par\u00a0les \u00eatres humains : charbon, p\u00e9trole, bois,\u00a0uranium, aliments, vent, Soleil, eau et\u00a0barrage, pile\u2026<\/a><br \/>\n<a href=\"https:\/\/ent2d.ac-bordeaux.fr\/disciplines\/sti\/c3-mmei-3-4b-notion-denergie-renouvelable\/\"><strong>MMEI-3-3b<\/strong> \u00bb Notion d\u2019\u00e9nergie renouvelable.<\/a><br \/>\n<a href=\"https:\/\/ent2d.ac-bordeaux.fr\/disciplines\/sti\/c3-mmei-3-4c-identi%c2%80fier-quelques-elements-dune-chaine-denergie-domestique-simple\/\"><strong>MMEI-3-3c<\/strong> \u00bb Identifier quelques \u00e9l\u00e9ments d\u2019une chaine\u00a0d\u2019\u00e9nergie\u00a0domestique simple.<\/a><br \/>\n<a href=\"https:\/\/ent2d.ac-bordeaux.fr\/disciplines\/sti\/c3-mmei-3-4d-quelques-dispositifs-visant-a-economiser-la-consommation-denergie\/\"><strong>MMEI-3-3d<\/strong> \u00bb Quelques dispositifs visant \u00e0 \u00e9conomiser la\u00a0consommation d\u2019\u00e9nergie.<\/a><\/td>\n<td style=\"text-align: justify\">L\u2019\u00e9nergie associ\u00e9e \u00e0 un objet en mouvement \u00a0apparait comme une forme d\u2019\u00e9nergie facile\u00a0\u00e0 percevoir par l\u2019\u00e9l\u00e8ve, et comme pouvant se\u00a0convertir en \u00e9nergie thermique.<br \/>\nLe professeur peut privil\u00e9gier la mise en oeuvre\u00a0de dispositifs exp\u00e9rimentaux analys\u00e9s sous leurs\u00a0aspects \u00e9nerg\u00e9tiques: \u00e9olienne, circuit \u00e9lectrique\u00a0simple, dispositif de freinage, moulin \u00e0 eau, objet\u00a0technique\u2026<br \/>\nOn prend appui sur des exemples simples\u00a0(v\u00e9lo qui freine, objets du quotidien, l\u2019\u00eatre\u00a0humain en introduisant les formes d\u2019\u00e9nergie\u00a0mobilis\u00e9es et les diff\u00e9rentes consommations (par\u00a0exemple : \u00e9nergie thermique, \u00e9nergie associ\u00e9e\u00a0au mouvement d\u2019un objet, \u00e9nergie \u00e9lectrique,\u00a0\u00e9nergie associ\u00e9e \u00e0 une r\u00e9action chimique, \u00e9nergie\u00a0lumineuse\u2026).<br \/>\nExemples de consommation domestique\u00a0(chauffage, lumi\u00e8re, ordinateur, transports).<\/td>\n<\/tr>\n<\/tbody>\n<\/table>\n<hr \/>\n<h3><span style=\"color: #000000\">Exemple de structuration de connaissances<\/span><\/h3>\n<p><a href=\"https:\/\/ent2d.ac-bordeaux.fr\/disciplines\/stidev\/wp-content\/uploads\/sites\/62\/2016\/11\/C3-MMEI-3-3c-ChaineEnergie.jpg\"><img loading=\"lazy\" decoding=\"async\" class=\"alignnone wp-image-3419 size-full\" src=\"https:\/\/ent2d.ac-bordeaux.fr\/disciplines\/stidev\/wp-content\/uploads\/sites\/62\/2016\/11\/C3-MMEI-3-3c-ChaineEnergie.jpg\" width=\"1600\" height=\"900\" \/><\/a><\/p>\n<table border=\"0\" cellspacing=\"1\" cellpadding=\"1\">\n<tbody>\n<tr>\n<td><a href=\"https:\/\/blogacabdx.ac-bordeaux.fr\/ressii\/wp-content\/uploads\/sites\/10\/2016\/11\/C3-MMEI-3-3c-ChaineEnergie.jpg\" target=\"_blank\" rel=\"noopener\"><img loading=\"lazy\" decoding=\"async\" class=\"alignnone wp-image-1491\" src=\"https:\/\/ent2d.ac-bordeaux.fr\/disciplines\/stidev\/wp-content\/uploads\/sites\/62\/2016\/06\/jpg.png\" width=\"51\" height=\"51\" \/><\/a><br \/>\n<a href=\"https:\/\/blogacabdx.ac-bordeaux.fr\/ressii\/wp-content\/uploads\/sites\/10\/2016\/11\/C3-MMEI-3-3c-ChaineEnergie.jpg\" target=\"_blank\" rel=\"noopener\"><u><span style=\"color: #0066cc\">Fiche \u00e9l\u00e8ve format\u00a0image<\/span><\/u><\/a><\/td>\n<td><u><span style=\"color: #0066cc\"><img loading=\"lazy\" decoding=\"async\" class=\"alignnone wp-image-38\" src=\"https:\/\/ent2d.ac-bordeaux.fr\/disciplines\/stidev\/wp-content\/uploads\/sites\/62\/2015\/03\/logoVideo2.jpg\" alt=\"logoVideo2\" width=\"50\" height=\"51\" \/><br \/>\n<\/span><\/u> Format vid\u00e9o Mp4<\/td>\n<td><a href=\"https:\/\/ent2d.ac-bordeaux.fr\/disciplines\/stidev\/wp-content\/uploads\/sites\/62\/2016\/11\/C3-MMEI-3-3c-ChaineEnergie.pdf\" target=\"_blank\" rel=\"noopener\"><img loading=\"lazy\" decoding=\"async\" class=\"alignnone wp-image-3196\" src=\"https:\/\/ent2d.ac-bordeaux.fr\/disciplines\/stidev\/wp-content\/uploads\/sites\/62\/2016\/09\/pdf_eleve.jpg\" alt=\"\" width=\"52\" height=\"52\" \/><\/a><br \/>\n<a href=\"https:\/\/ent2d.ac-bordeaux.fr\/disciplines\/stidev\/wp-content\/uploads\/sites\/62\/2016\/11\/C3-MMEI-3-3c-ChaineEnergie.pdf\" target=\"_blank\" rel=\"noopener\">Fiche \u00e9l\u00e8ve PDF<\/a><\/td>\n<td><a href=\"https:\/\/ent2d.ac-bordeaux.fr\/disciplines\/sti\/wp-content\/uploads\/sites\/41\/2016\/09\/ST_MMEI_Identifier-diff%C3%A9rentes-sources-et-connaitre-quelques-conversions-d%C3%A9nergie.pdf\" target=\"_blank\" rel=\"noopener\"><img loading=\"lazy\" decoding=\"async\" class=\"alignnone wp-image-3194\" src=\"https:\/\/ent2d.ac-bordeaux.fr\/disciplines\/stidev\/wp-content\/uploads\/sites\/62\/2016\/09\/pdf_prof.jpg\" width=\"52\" height=\"52\" \/><\/a><br \/>\n<a href=\"https:\/\/ent2d.ac-bordeaux.fr\/disciplines\/sti\/wp-content\/uploads\/sites\/41\/2016\/09\/ST_MMEI_Identifier-diff%C3%A9rentes-sources-et-connaitre-quelques-conversions-d%C3%A9nergie.pdf\" target=\"_blank\" rel=\"noopener\">Fiche professeur PDF<\/a><\/td>\n<\/tr>\n<\/tbody>\n<\/table>\n<hr \/>\n<h3><span style=\"color: #000000\"><span style=\"text-decoration: underline\">Exemple d&#8217;exploitation p\u00e9dagogique<\/span><\/span><\/h3>\n<table style=\"width: 100%\" border=\"0\" cellspacing=\"1\" cellpadding=\"1\">\n<tbody>\n<tr>\n<td style=\"text-align: left\"><strong>Pistes de situations d\u00e9clenchantes<\/strong><\/td>\n<td style=\"text-align: justify\">\n<ul>\n<li><span style=\"font-weight: 400\">Partir de l\u2019observation d\u2019un objet technique en fonctionnement ou d\u00e9mont\u00e9 o\u00f9 tous les blocs de la cha\u00eene d\u2019\u00e9nergie sont apparents, et s\u2019interroger sur le r\u00f4le de chaque groupe de composants.<\/span><\/li>\n<li><span style=\"font-weight: 400\">Partir d\u2019un objet technique d\u00e9mont\u00e9 et demander de le remonter en s\u2019interrogeant sur le r\u00f4le de chaque bloc de la cha\u00eene d\u2019\u00e9nergie.<\/span><\/li>\n<li><span style=\"font-weight: 400\">Partir d\u2019une image de poteau Edf et d\u2019appareil \u00e9lectrique de la maison et s\u2019interroger sur les \u00e9l\u00e9ments et blocs fonctionnels de la cha\u00eene d\u2019\u00e9nergie pour que l\u2019appareil \u00e9lectrique fonctionne<\/span><\/li>\n<li><span style=\"font-weight: 400\">En lien avec la comp\u00e9tence de conception, s\u2019interroger sur les \u00e9l\u00e9ments de la cha\u00eene d\u2019\u00e9nergie et des composants n\u00e9cessaires pour faire fonctionner l\u2019objet technique.<\/span><\/li>\n<\/ul>\n<\/td>\n<\/tr>\n<tr>\n<td style=\"text-align: left\"><strong>Pistes probl\u00e8mes<\/strong> <strong>technologiques<\/strong><\/td>\n<td style=\"text-align: left\">\n<ul>\n<li><span style=\"font-weight: 400\">Par quelle succession de composants ou groupes de composants fait-on circuler et utilise-t-on l\u2019\u00e9nergie ?<\/span><\/li>\n<li><span style=\"font-weight: 400\">Comment l\u2019\u00e9nergie d\u2019entr\u00e9e d\u2019un objet technique est transform\u00e9e en \u00e9nergie utilisable ?<\/span><\/li>\n<li><span style=\"font-weight: 400\">Comment permettre \u00e0 l\u2019objet technique de rendre sa fonction d\u2019usage \u00e0 partir de l\u2019\u00e9nergie qu\u2019on lui apporte en entr\u00e9e ?<\/span><\/li>\n<\/ul>\n<\/td>\n<\/tr>\n<tr>\n<td style=\"text-align: left\"><strong>Ressources Outils \u00e0 exploiter<\/strong><\/td>\n<td style=\"text-align: left\">\n<ul>\n<li>Objets techniques \u00e0 d\u00e9monter et observer dans la salle de Sciences et Technologie.<\/li>\n<li style=\"font-weight: 400\"><span style=\"font-weight: 400\">Mod\u00e9lisations num\u00e9riques d\u2019objets \u00e0 d\u00e9monter virtuellement.<\/span><\/li>\n<\/ul>\n<\/td>\n<\/tr>\n<tr>\n<td style=\"text-align: left\"><strong>Pistes d\u2019activit\u00e9s<\/strong><\/td>\n<td style=\"text-align: left\"><span style=\"font-weight: 400\">Demander aux \u00e9l\u00e8ves de :<\/span><\/p>\n<ul>\n<li style=\"font-weight: 400\"><span style=\"font-weight: 400\">D\u00e9monter ou remonter un objet technique et identifier les diff\u00e9rents composants et groupes de composants,<\/span><\/li>\n<li style=\"font-weight: 400\"><span style=\"font-weight: 400\">Identifier le r\u00f4le de chaque composant par rapport \u00e0 la circulation de l\u2019\u00e9nergie,<\/span><\/li>\n<li style=\"font-weight: 400\"><span style=\"font-weight: 400\">Expliquer la circulation de l\u2019\u00e9nergie dans l\u2019objet technique en cr\u00e9ant ou compl\u00e9tant un sch\u00e9ma de cha\u00eene d\u2019\u00e9nergie,<\/span><\/li>\n<li style=\"font-weight: 400\"><span style=\"font-weight: 400\">Retrouver sur un objet comme une trottinette \u00e9lectrique le stockage de l\u2019\u00e9nergie, la distribution de l\u2019\u00e9nergie, la transformation de l\u2019\u00e9nergie.<\/span><\/li>\n<\/ul>\n<\/td>\n<\/tr>\n<tr>\n<td style=\"text-align: left\"><strong>Exemples d\u2019objets<\/strong> <strong>supports<\/strong><\/td>\n<td style=\"text-align: left\">\n<ul>\n<li style=\"font-weight: 400\"><span style=\"font-weight: 400\">On prend appui sur des exemples simples : v\u00e9lo qui freine, objets du quotidien.<\/span><\/li>\n<li style=\"font-weight: 400\"><span style=\"font-weight: 400\">Eventail de moyens de transport (maquettes) fonctionnant avec des \u00e9nergies diff\u00e9rentes (un par \u00eelot).<\/span><\/li>\n<li style=\"font-weight: 400\"><span style=\"font-weight: 400\">Ex : <\/span>\n<ul>\n<li style=\"font-weight: 400\"><span style=\"font-weight: 400\">solaire (<\/span><a href=\"http:\/\/www.a4.fr\/kit-individuel-soldrag-avec-grappes-rouges.html\"><span style=\"font-weight: 400\">http:\/\/www.a4.fr\/kit-individuel-soldrag-avec-grappes-rouges.html<\/span><\/a><span style=\"font-weight: 400\">) ;<\/span><\/li>\n<li style=\"font-weight: 400\"><span style=\"font-weight: 400\">\u00e9olien (<\/span><a href=\"http:\/\/www.a4.fr\/kit-individuel-char-a-voile-avec-grappe-propulso-noire.html\"><span style=\"font-weight: 400\">http:\/\/www.a4.fr\/kit-individuel-char-a-voile-avec-grappe-propulso-noire.html<\/span><\/a><span style=\"font-weight: 400\"> + <\/span><a href=\"http:\/\/www.a4.fr\/polypropylene-bleu-translucide-0-5-300-x-400-voile-cav.html\"><span style=\"font-weight: 400\">http:\/\/www.a4.fr\/polypropylene-bleu-translucide-0-5-300-x-400-voile-cav.html<\/span><\/a><span style=\"font-weight: 400\"> + <\/span><a href=\"http:\/\/www.a4.fr\/kit-individuel-option-radiocommande-pour-char-a-voile-4159.htm\"><span style=\"font-weight: 400\">http:\/\/www.a4.fr\/kit-individuel-option-radiocommande-pour-char-a-voile-4159.htm<\/span><\/a><span style=\"font-weight: 400\">l<\/span><span style=\"font-weight: 400\"> ) ; <\/span><\/li>\n<li style=\"font-weight: 400\"><span style=\"font-weight: 400\">musculaire (<\/span><a href=\"http:\/\/www.a4.fr\/kit-individuel-dragster-ressort-avec-grappe-grise.html\"><span style=\"font-weight: 400\">http:\/\/www.a4.fr\/kit-individuel-dragster-ressort-avec-grappe-grise.html<\/span><\/a><span style=\"font-weight: 400\">) ; <\/span><\/li>\n<li style=\"font-weight: 400\"><span style=\"font-weight: 400\">chimique hydrog\u00e8ne (<\/span><a href=\"http:\/\/www.a4.fr\/voiture-a-hydrogene-a-pile-reversible.html\"><span style=\"font-weight: 400\">http:\/\/www.a4.fr\/voiture-a-hydrogene-a-pile-reversible.html<\/span><\/a><span style=\"font-weight: 400\">) ; <\/span><\/li>\n<li style=\"font-weight: 400\"><span style=\"font-weight: 400\">chimique pile \u00e9lectrique (<\/span><a href=\"http:\/\/www.a4.fr\/kit-individuel-dragster-courroie-avec-grappe-grise.html\"><span style=\"font-weight: 400\">http:\/\/www.a4.fr\/kit-individuel-dragster-courroie-avec-grappe-grise.html<\/span><\/a><span style=\"font-weight: 400\">) ; <\/span><\/li>\n<li style=\"font-weight: 400\"><span style=\"font-weight: 400\">chimique air comprim\u00e9 (<\/span><a href=\"http:\/\/www.natureetdecouvertes.com\/cadeau-enfant\/jeux-jouets-6-10-ans\/jeux-scientifiques\/voiture-aero-propulsee-30145210\"><span style=\"font-weight: 400\">http:\/\/www.natureetdecouvertes.com\/cadeau-enfant\/jeux-jouets-6-10-ans\/jeux-scientifiques\/voiture-aero-propulsee-30145210<\/span><\/a><span style=\"font-weight: 400\">) ; etc.<\/span><\/li>\n<\/ul>\n<\/li>\n<\/ul>\n<\/td>\n<\/tr>\n<\/tbody>\n<\/table>\n<hr \/>\n<h3><span style=\"text-decoration: underline;color: #000000\">Pour aller plus loin<\/span><\/h3>\n<ul>\n<li><a href=\"http:\/\/www.lyc-turgot.ac-limoges.fr\/accueil\/CD_outils_gm\/_ex_applic\/01analyser\/_ressources\/18chaines_fonct\/org_fonct0.html\" target=\"_blank\" rel=\"noopener\"><span style=\"font-weight: 400\">Cha\u00eene d\u2019information, cha\u00eene d\u2019\u00e9nergie<\/span><\/a><\/li>\n<\/ul>\n<p>&nbsp;<\/p>\n<hr \/>\n<h3><\/h3>\n","protected":false},"excerpt":{"rendered":"<p>R\u00e9f\u00e9rence au texte officiel THEME : MATERIAUX ET OBJETS TECHNIQUES Connaissances et comp\u00e9tences associ\u00e9es Exemples de situations, d\u2019activit\u00e9s et de ressources pour l\u2019\u00e9l\u00e8ve Identifier diff\u00e9rentes sources et connaitre quelques conversions &#8230;<\/p>\n","protected":false},"author":211,"featured_media":0,"parent":0,"menu_order":0,"comment_status":"closed","ping_status":"closed","template":"","meta":{"footnotes":""},"class_list":["post-1799","page","type-page","status-publish","hentry"],"_links":{"self":[{"href":"https:\/\/ent2d.ac-bordeaux.fr\/disciplines\/sti\/wp-json\/wp\/v2\/pages\/1799","targetHints":{"allow":["GET"]}}],"collection":[{"href":"https:\/\/ent2d.ac-bordeaux.fr\/disciplines\/sti\/wp-json\/wp\/v2\/pages"}],"about":[{"href":"https:\/\/ent2d.ac-bordeaux.fr\/disciplines\/sti\/wp-json\/wp\/v2\/types\/page"}],"author":[{"embeddable":true,"href":"https:\/\/ent2d.ac-bordeaux.fr\/disciplines\/sti\/wp-json\/wp\/v2\/users\/211"}],"replies":[{"embeddable":true,"href":"https:\/\/ent2d.ac-bordeaux.fr\/disciplines\/sti\/wp-json\/wp\/v2\/comments?post=1799"}],"version-history":[{"count":0,"href":"https:\/\/ent2d.ac-bordeaux.fr\/disciplines\/sti\/wp-json\/wp\/v2\/pages\/1799\/revisions"}],"wp:attachment":[{"href":"https:\/\/ent2d.ac-bordeaux.fr\/disciplines\/sti\/wp-json\/wp\/v2\/media?parent=1799"}],"curies":[{"name":"wp","href":"https:\/\/api.w.org\/{rel}","templated":true}]}}