{"id":1750,"date":"2016-07-06T15:01:10","date_gmt":"2016-07-06T14:01:10","guid":{"rendered":"http:\/\/blogacabdx.ac-bordeaux.fr\/ressii\/?page_id=1750"},"modified":"2016-07-06T15:01:10","modified_gmt":"2016-07-06T14:01:10","slug":"c3-mot-5b-le-stockage-des-donnees-notions-dalgorithmes-les-objets-programmables","status":"publish","type":"page","link":"https:\/\/ent2d.ac-bordeaux.fr\/disciplines\/sti\/c3-mot-5b-le-stockage-des-donnees-notions-dalgorithmes-les-objets-programmables\/","title":{"rendered":"C3-MOT-5b &#8211; Le stockage des donn\u00e9es, notions d\u2019algorithmes, les objets programmables"},"content":{"rendered":"<hr \/>\n<h2><\/h2>\n<h3><span style=\"text-decoration: underline;color: #000000\">R\u00e9f\u00e9rence au texte officiel<\/span><\/h3>\n<h2 style=\"text-align: center\"><strong>THEME : MATERIAUX ET OBJETS TECHNIQUES<\/strong><\/h2>\n<table style=\"width: 100%\" cellspacing=\"1\" cellpadding=\"1\">\n<tbody>\n<tr>\n<td><\/td>\n<td><\/td>\n<\/tr>\n<tr>\n<td><strong>Connaissances et comp\u00e9tences associ\u00e9es<\/strong><\/td>\n<td><strong>Exemples de situations, d\u2019activit\u00e9s et de ressources pour l\u2019\u00e9l\u00e8ve<\/strong><\/td>\n<\/tr>\n<tr>\n<td style=\"text-align: center\" colspan=\"2\"><strong>Rep\u00e9rer et comprendre la communication et la gestion de l\u2019information<\/strong><\/td>\n<\/tr>\n<tr>\n<td style=\"width: 50%;text-align: left\"><a href=\"https:\/\/ent2d.ac-bordeaux.fr\/disciplines\/sti\/c3-mot-5a\/\"><strong>MOT-5a\u00a0<\/strong>\u00bb Environnement num\u00e9rique de travail.<\/a><br \/>\n<a href=\"https:\/\/ent2d.ac-bordeaux.fr\/disciplines\/sti\/c3-mot-5b-le-stockage-des-donnees-notions-dalgorithmes-les-objets-programmables\/\"><strong>MOT-5b\u00a0<\/strong>\u00bb Le stockage des donn\u00e9es, notions\u00a0d\u2019algorithmes, les objets programmables.<\/a><br \/>\n<a href=\"https:\/\/ent2d.ac-bordeaux.fr\/disciplines\/sti\/c3-mot-5c-usage-des-moyens-numeriques-dans-un-reseau\/\"><strong>MOT-5c\u00a0<\/strong>\u00bb Usage des moyens num\u00e9riques dans un\u00a0r\u00e9seau.<\/a><br \/>\n<a href=\"https:\/\/ent2d.ac-bordeaux.fr\/disciplines\/sti\/c3-mot-5d-usage-de-logiciels-usuels\/\"><strong>MOT-5d\u00a0<\/strong>\u00bb Usage de logiciels usuels.<\/a><\/td>\n<td style=\"text-align: justify\">Les \u00e9l\u00e8ves apprennent \u00e0 connaitre\u00a0l\u2019organisation d\u2019un environnement\u00a0num\u00e9rique. Ils d\u00e9crivent un syst\u00e8me technique\u00a0par ses composants et leurs relations. Les\u00a0\u00e9l\u00e8ves d\u00e9couvrent l\u2019algorithme en utilisant des\u00a0logiciels d\u2019applications visuelles et ludiques.<br \/>\nIls exploitent les moyens informatiques en\u00a0pratiquant le travail collaboratif. Les \u00e9l\u00e8ves\u00a0maitrisent le fonctionnement de logiciels<br \/>\nusuels et s\u2019approprient leur fonctionnement.<\/td>\n<\/tr>\n<\/tbody>\n<\/table>\n<hr \/>\n<h3><span style=\"text-decoration: underline\"><span style=\"color: #000000;text-decoration: underline\">Exemple de structuration de connaissances<\/span><\/span><\/h3>\n<p><a href=\"https:\/\/ent2d.ac-bordeaux.fr\/disciplines\/stidev\/wp-content\/uploads\/sites\/62\/2016\/11\/C3-MOT-5b1-StockageDonnees.jpg\"><img loading=\"lazy\" decoding=\"async\" class=\"alignnone wp-image-3442 size-full\" src=\"https:\/\/ent2d.ac-bordeaux.fr\/disciplines\/stidev\/wp-content\/uploads\/sites\/62\/2016\/11\/C3-MOT-5b1-StockageDonnees.jpg\" width=\"1600\" height=\"900\" \/><\/a><\/p>\n<table border=\"0\" cellspacing=\"1\" cellpadding=\"1\">\n<tbody>\n<tr>\n<td><a href=\"https:\/\/blogacabdx.ac-bordeaux.fr\/ressii\/wp-content\/uploads\/sites\/10\/2016\/11\/C3-MOT-5b1-StockageDonnees.jpg\" target=\"_blank\" rel=\"noopener\"><img loading=\"lazy\" decoding=\"async\" class=\"alignnone wp-image-1491\" src=\"https:\/\/ent2d.ac-bordeaux.fr\/disciplines\/stidev\/wp-content\/uploads\/sites\/62\/2016\/06\/jpg.png\" width=\"51\" height=\"51\" \/><\/a><br \/>\n<a href=\"https:\/\/blogacabdx.ac-bordeaux.fr\/ressii\/wp-content\/uploads\/sites\/10\/2016\/07\/C3-MOT5b-StockageDonnees.jpg\" target=\"_blank\" rel=\"noopener\"><span style=\"color: #0066cc\">Fiche \u00e9l\u00e8ve format\u00a0image<\/span><\/a><\/td>\n<td><u><span style=\"color: #0066cc\"><img loading=\"lazy\" decoding=\"async\" class=\"alignnone wp-image-38\" src=\"https:\/\/ent2d.ac-bordeaux.fr\/disciplines\/stidev\/wp-content\/uploads\/sites\/62\/2015\/03\/logoVideo2.jpg\" alt=\"logoVideo2\" width=\"50\" height=\"51\" \/><br \/>\n<\/span><\/u> Format vid\u00e9o Mp4<\/td>\n<td><a href=\"https:\/\/ent2d.ac-bordeaux.fr\/disciplines\/stidev\/wp-content\/uploads\/sites\/62\/2016\/11\/C3-MOT-5b1-StockageDonnees.pdf\" target=\"_blank\" rel=\"noopener\"><img loading=\"lazy\" decoding=\"async\" class=\"alignnone wp-image-3196\" src=\"https:\/\/ent2d.ac-bordeaux.fr\/disciplines\/stidev\/wp-content\/uploads\/sites\/62\/2016\/09\/pdf_eleve.jpg\" width=\"52\" height=\"52\" \/><\/a><br \/>\n<a href=\"https:\/\/ent2d.ac-bordeaux.fr\/disciplines\/stidev\/wp-content\/uploads\/sites\/62\/2016\/11\/C3-MOT-5b1-StockageDonnees.pdf\" target=\"_blank\" rel=\"noopener\">Fiche \u00e9l\u00e8ve PDF<\/a><\/td>\n<td><a href=\"https:\/\/ent2d.ac-bordeaux.fr\/disciplines\/stidev\/wp-content\/uploads\/sites\/62\/2016\/09\/FPv7-ST_MOT_5-Communication-et-la-gestion-de-linformation.docx.pdf\" target=\"_blank\" rel=\"noopener\"><img loading=\"lazy\" decoding=\"async\" class=\"alignnone wp-image-3194\" src=\"https:\/\/ent2d.ac-bordeaux.fr\/disciplines\/stidev\/wp-content\/uploads\/sites\/62\/2016\/09\/pdf_prof.jpg\" width=\"52\" height=\"52\" \/><\/a><br \/>\n<a href=\"https:\/\/ent2d.ac-bordeaux.fr\/disciplines\/stidev\/wp-content\/uploads\/sites\/62\/2016\/09\/FPv7-ST_MOT_5-Communication-et-la-gestion-de-linformation.docx.pdf\" target=\"_blank\" rel=\"noopener\"><span style=\"color: #0066cc\">Fiche professeur PDF<\/span><\/a><\/td>\n<\/tr>\n<\/tbody>\n<\/table>\n<p><a href=\"https:\/\/ent2d.ac-bordeaux.fr\/disciplines\/stidev\/wp-content\/uploads\/sites\/62\/2016\/11\/C3-MOT-5b2-AlgorithmesObjetsProgrammables.jpg\"><img loading=\"lazy\" decoding=\"async\" class=\"alignnone wp-image-3443 size-full\" src=\"https:\/\/ent2d.ac-bordeaux.fr\/disciplines\/stidev\/wp-content\/uploads\/sites\/62\/2016\/11\/C3-MOT-5b2-AlgorithmesObjetsProgrammables.jpg\" width=\"1600\" height=\"900\" \/><\/a><\/p>\n<table border=\"0\" cellspacing=\"1\" cellpadding=\"1\">\n<tbody>\n<tr>\n<td><a href=\"https:\/\/blogacabdx.ac-bordeaux.fr\/ressii\/wp-content\/uploads\/sites\/10\/2016\/11\/C3-MOT-5b2-AlgorithmesObjetsProgrammables.jpg\" target=\"_blank\" rel=\"noopener\"><img loading=\"lazy\" decoding=\"async\" class=\"alignnone wp-image-1491\" src=\"https:\/\/ent2d.ac-bordeaux.fr\/disciplines\/stidev\/wp-content\/uploads\/sites\/62\/2016\/06\/jpg.png\" width=\"51\" height=\"51\" \/><\/a><br \/>\n<a href=\"https:\/\/blogacabdx.ac-bordeaux.fr\/ressii\/wp-content\/uploads\/sites\/10\/2016\/11\/C3-MOT-5b2-AlgorithmesObjetsProgrammables.jpg\" target=\"_blank\" rel=\"noopener\"><span style=\"color: #0066cc\">Fiche \u00e9l\u00e8ve format\u00a0image<\/span><\/a><\/td>\n<td><u><span style=\"color: #0066cc\"><img loading=\"lazy\" decoding=\"async\" class=\"alignnone wp-image-38\" src=\"https:\/\/ent2d.ac-bordeaux.fr\/disciplines\/stidev\/wp-content\/uploads\/sites\/62\/2015\/03\/logoVideo2.jpg\" alt=\"logoVideo2\" width=\"50\" height=\"51\" \/><br \/>\n<\/span><\/u> Format vid\u00e9o Mp4<\/td>\n<td><a href=\"https:\/\/ent2d.ac-bordeaux.fr\/disciplines\/stidev\/wp-content\/uploads\/sites\/62\/2016\/11\/C3-MOT-5b2-AlgorithmesObjetsProgrammables.pdf\" target=\"_blank\" rel=\"noopener\"><img loading=\"lazy\" decoding=\"async\" class=\"alignnone wp-image-3196\" src=\"https:\/\/ent2d.ac-bordeaux.fr\/disciplines\/stidev\/wp-content\/uploads\/sites\/62\/2016\/09\/pdf_eleve.jpg\" width=\"52\" height=\"52\" \/><\/a><br \/>\n<a href=\"https:\/\/ent2d.ac-bordeaux.fr\/disciplines\/stidev\/wp-content\/uploads\/sites\/62\/2016\/11\/C3-MOT-5b2-AlgorithmesObjetsProgrammables.pdf\" target=\"_blank\" rel=\"noopener\">Fiche \u00e9l\u00e8ve PDF<\/a><\/td>\n<td><a href=\"https:\/\/ent2d.ac-bordeaux.fr\/disciplines\/stidev\/wp-content\/uploads\/sites\/62\/2016\/09\/FPv7-ST_MOT_5-Communication-et-la-gestion-de-linformation.docx.pdf\" target=\"_blank\" rel=\"noopener\"><img loading=\"lazy\" decoding=\"async\" class=\"alignnone wp-image-3194\" src=\"https:\/\/ent2d.ac-bordeaux.fr\/disciplines\/stidev\/wp-content\/uploads\/sites\/62\/2016\/09\/pdf_prof.jpg\" width=\"52\" height=\"52\" \/><\/a><br \/>\n<a href=\"https:\/\/ent2d.ac-bordeaux.fr\/disciplines\/stidev\/wp-content\/uploads\/sites\/62\/2016\/09\/FPv7-ST_MOT_5-Communication-et-la-gestion-de-linformation.docx.pdf\" target=\"_blank\" rel=\"noopener\"><span style=\"color: #0066cc\">Fiche professeur PDF<\/span><\/a><\/td>\n<\/tr>\n<\/tbody>\n<\/table>\n<h3><span style=\"color: #000000\">\u00a0<\/span><\/h3>\n<hr \/>\n<h3><span style=\"color: #000000\"><span style=\"text-decoration: underline\">Exemple d&#8217;exploitation p\u00e9dagogique<\/span><\/span><\/h3>\n<table style=\"width: 100%\" border=\"0\" cellspacing=\"1\" cellpadding=\"1\">\n<tbody>\n<tr>\n<td style=\"text-align: left\"><strong>Pistes de situations d\u00e9clenchantes<\/strong><\/td>\n<td style=\"text-align: justify\"><span style=\"text-decoration: underline\"><span style=\"font-weight: 400\">Fiche connaissance 1<\/span><\/span><span style=\"font-weight: 400\"> : <\/span><\/p>\n<ul>\n<li><span style=\"font-weight: 400\">Partir de la situation o\u00f9 les \u00e9l\u00e8ves ont travaill\u00e9 sur un document num\u00e9rique, la fin de la s\u00e9ance arrive, que faire &#8230; ?<\/span><\/li>\n<li><span style=\"font-weight: 400\">Partir d\u2019une situation o\u00f9 les \u00e9l\u00e8ves n\u2019ont plus de classeur de S&amp;T et travaillent sur un document num\u00e9rique, que faire du document \u2026 ?<\/span><\/li>\n<\/ul>\n<p><span style=\"text-decoration: underline\"><span style=\"font-weight: 400\">Fiche connaissance 2<\/span><\/span><span style=\"font-weight: 400\"> :<\/span><\/p>\n<ul>\n<li><span style=\"font-weight: 400\">Partir d\u2019une situation o\u00f9 les \u00e9l\u00e8ves observent un objet qui fonctionne seul, un objet (robot) programmable (type mOway ou mbot par exemple), au milieu de la salle de S&amp;T, ou une vid\u00e9o de portail automatique&#8230;<\/span><\/li>\n<\/ul>\n<\/td>\n<\/tr>\n<tr>\n<td style=\"text-align: left\"><strong>Pistes probl\u00e8mes<\/strong> <strong>technologiques<\/strong><\/td>\n<td style=\"text-align: left\"><span style=\"text-decoration: underline\"><span style=\"font-weight: 400\">Fiche connaissance 1<\/span><\/span><span style=\"font-weight: 400\"> :<\/span><\/p>\n<ul>\n<li>O\u00f9 doit-on enregistrer nos documents num\u00e9riques ? Comment stocker nos fichiers dans le coll\u00e8ge et ne plus avoir de classeur de S&amp;T et comment pouvoir consulter notre travail \u00e0 la maison ?<\/li>\n<\/ul>\n<p><span style=\"text-decoration: underline\"><span style=\"font-weight: 400\">Fiche connaissance 2<\/span><\/span><span style=\"font-weight: 400\"> : <\/span><\/p>\n<ul>\n<li><span style=\"font-weight: 400\">Comment cet objet peut-il fonctionner tout seul (suivre un parcours, \u00e9viter des obstacles\u2026) ?<\/span><\/li>\n<li><span style=\"font-weight: 400\">Quel programme suit-il pour obtenir ce fonctionnement ?<\/span>ordinateur du coll\u00e8ge ou de la maison ?<\/li>\n<\/ul>\n<ul>\n<li>Qu\u2019est-ce qu\u2019un Espace Num\u00e9rique de Travail ? et pourquoi on l\u2019utilise ?<\/li>\n<\/ul>\n<\/td>\n<\/tr>\n<tr>\n<td style=\"text-align: left\"><strong>Ressources Outils \u00e0 exploiter<\/strong><\/td>\n<td style=\"text-align: left\">\n<ul>\n<li style=\"font-weight: 400\"><span style=\"text-decoration: underline\"><span style=\"font-weight: 400\">Fiche connaissance 1<\/span><\/span><span style=\"font-weight: 400\"> : Espaces de stockage sur l\u2019ordinateur, espaces de stockages dans le r\u00e9seau du coll\u00e8ge. ENT et espaces de stockage personnels et de groupes.<\/span><\/li>\n<li style=\"font-weight: 400\"><span style=\"text-decoration: underline\"><span style=\"font-weight: 400\">Fiche connaissance 2<\/span><\/span><span style=\"font-weight: 400\"> : Logiciel Scratch ou \u00e9quivalent. Logiciel de PAO avec rectangles, losanges. (Tutoriel (vid\u00e9o) sur la programmation)<\/span><\/li>\n<\/ul>\n<\/td>\n<\/tr>\n<tr>\n<td style=\"text-align: left\"><strong>Pistes d\u2019activit\u00e9s<\/strong><\/td>\n<td style=\"text-align: left\"><span style=\"text-decoration: underline\"><span style=\"font-weight: 400\">Fiche connaissance 1<\/span><\/span><\/p>\n<ul>\n<li style=\"font-weight: 400\"><span style=\"font-weight: 400\">Sauvegarder \u00e0 plusieurs endroits le document num\u00e9rique de travail (cl\u00e9 USB, serveur du coll\u00e8ge, ENT) et faire appara\u00eetre les m\u00e9thodes ainsi que les avantages et inconv\u00e9nients de chacun.<\/span><\/li>\n<li style=\"font-weight: 400\"><span style=\"font-weight: 400\">Identifier le meilleur endroit de stockage suivant le besoin (disponibilit\u00e9 int\u00e9rieur\/ext\u00e9rieur du coll\u00e8ge\/sur Smartphone \u2026).<\/span><\/li>\n<\/ul>\n<p><span style=\"text-decoration: underline\"><span style=\"font-weight: 400\">Fiche connaissance 2<\/span><\/span><\/p>\n<ul>\n<li style=\"font-weight: 400\"><span style=\"font-weight: 400\">Compl\u00e9ter un algorithme litt\u00e9ral du fonctionnement du robot observ\u00e9.<\/span><\/li>\n<li style=\"font-weight: 400\"><span style=\"font-weight: 400\">Compl\u00e9ter un algorithme graphique du fonctionnement du robot observ\u00e9.<\/span><\/li>\n<li style=\"font-weight: 400\"><span style=\"font-weight: 400\">Construire un algorithme tr\u00e8s simple avec un logiciel de programmation par bloc comme Scratch ou \u00e9quivalent.<\/span><\/li>\n<\/ul>\n<\/td>\n<\/tr>\n<tr>\n<td style=\"text-align: left\"><strong>Exemples d\u2019objets<\/strong> <strong>supports<\/strong><\/td>\n<td style=\"text-align: left\"><span style=\"text-decoration: underline\"><span style=\"font-weight: 400\">Fiche connaissance 1<\/span><\/span><\/p>\n<ul>\n<li style=\"font-weight: 400\"><span style=\"font-weight: 400\">Comp\u00e9tence transversale \u00e0 toutes les autres comp\u00e9tences du cycle 3.<\/span><\/li>\n<li style=\"font-weight: 400\"><span style=\"font-weight: 400\">Exploitation des outils informatiques pour cr\u00e9er, communiquer, \u00e9changer, stocker, traiter \u2026 les informations de projets et recherches.<\/span><\/li>\n<\/ul>\n<p><span style=\"text-decoration: underline\"><span style=\"font-weight: 400\">Fiche connaissance 2<\/span><\/span><\/p>\n<ul>\n<li style=\"font-weight: 400\"><span style=\"font-weight: 400\">Divers objets programmables (Robots, Syst\u00e8mes automatis\u00e9s comme portail, syst\u00e8me d\u2019alarme)<\/span><\/li>\n<\/ul>\n<\/td>\n<\/tr>\n<\/tbody>\n<\/table>\n<hr \/>\n<h3><span style=\"text-decoration: underline;color: #000000\">Pour aller plus loin<\/span><\/h3>\n<ul>\n<li><a href=\"http:\/\/carrefour-mediateur.cite-sciences.fr\/spip.php?rubrique9\" target=\"_blank\" rel=\"noopener\"><span style=\"font-weight: 400\">Animations de la Cit\u00e9 des Sciences et de l\u2019Industrie : l\u2019arborescence<\/span><\/a><\/li>\n<li><a href=\"http:\/\/www.pedagogie.ac-nantes.fr\/technologies-et-sciences-des-ingenieurs\/enseignement\/du-raisonnement-jusqu-au-code-algorithmie-et-programmation-graphique-926668.kjsp?RH=1160222729156\" target=\"_blank\" rel=\"noopener\"><span style=\"font-weight: 400\">Algorithmie et programmation graphique<\/span><\/a><\/li>\n<li><a href=\"https:\/\/scratch.mit.edu\/\" target=\"_blank\" rel=\"noopener\"><span style=\"font-weight: 400\">Logiciel Scratch<\/span><\/a><\/li>\n<li><a href=\"http:\/\/eduscol.education.fr\/sti\/sites\/eduscol.education.fr.sti\/files\/ressources\/pedagogiques\/4776\/4776-scratch-en-technologie.pdf\" target=\"_blank\" rel=\"noopener\">Eduscol &#8211; Scratch en Technologie<\/a><\/li>\n<li><a href=\"https:\/\/blockly-games.appspot.com\/?lang=fr\" target=\"_blank\" rel=\"noopener\"><span style=\"font-weight: 400\">Apprendre progressivement la Programmation en ligne (type scratch) <\/span><\/a><\/li>\n<li><a href=\"https:\/\/fr.wikipedia.org\/wiki\/Octet\" target=\"_blank\" rel=\"noopener\"><span style=\"font-weight: 400\">Kilooctet\/Kibioctets<\/span><\/a><\/li>\n<li><a href=\"http:\/\/www.objetconnecte.net\/\" target=\"_blank\" rel=\"noopener\"><span style=\"font-weight: 400\">Site Objets connect\u00e9s <\/span><\/a><\/li>\n<li><a href=\"http:\/\/iusti.polytech.univ-mrs.fr\/~vicente\/supportcours\/cours_microcontrol_2005.pdf\" target=\"_blank\" rel=\"noopener\"><span style=\"font-weight: 400\">Les microcontr\u00f4leurs<\/span><\/a><\/li>\n<\/ul>\n<hr \/>\n<h3><\/h3>\n","protected":false},"excerpt":{"rendered":"<p>R\u00e9f\u00e9rence au texte officiel THEME : MATERIAUX ET OBJETS TECHNIQUES Connaissances et comp\u00e9tences associ\u00e9es Exemples de situations, d\u2019activit\u00e9s et de ressources pour l\u2019\u00e9l\u00e8ve Rep\u00e9rer et comprendre la communication et la &#8230;<\/p>\n","protected":false},"author":211,"featured_media":0,"parent":0,"menu_order":0,"comment_status":"closed","ping_status":"closed","template":"","meta":{"footnotes":""},"class_list":["post-1750","page","type-page","status-publish","hentry"],"_links":{"self":[{"href":"https:\/\/ent2d.ac-bordeaux.fr\/disciplines\/sti\/wp-json\/wp\/v2\/pages\/1750","targetHints":{"allow":["GET"]}}],"collection":[{"href":"https:\/\/ent2d.ac-bordeaux.fr\/disciplines\/sti\/wp-json\/wp\/v2\/pages"}],"about":[{"href":"https:\/\/ent2d.ac-bordeaux.fr\/disciplines\/sti\/wp-json\/wp\/v2\/types\/page"}],"author":[{"embeddable":true,"href":"https:\/\/ent2d.ac-bordeaux.fr\/disciplines\/sti\/wp-json\/wp\/v2\/users\/211"}],"replies":[{"embeddable":true,"href":"https:\/\/ent2d.ac-bordeaux.fr\/disciplines\/sti\/wp-json\/wp\/v2\/comments?post=1750"}],"version-history":[{"count":0,"href":"https:\/\/ent2d.ac-bordeaux.fr\/disciplines\/sti\/wp-json\/wp\/v2\/pages\/1750\/revisions"}],"wp:attachment":[{"href":"https:\/\/ent2d.ac-bordeaux.fr\/disciplines\/sti\/wp-json\/wp\/v2\/media?parent=1750"}],"curies":[{"name":"wp","href":"https:\/\/api.w.org\/{rel}","templated":true}]}}