{"id":1688,"date":"2016-07-06T12:46:26","date_gmt":"2016-07-06T11:46:26","guid":{"rendered":"http:\/\/blogacabdx.ac-bordeaux.fr\/ressii\/?page_id=1688"},"modified":"2016-07-06T12:46:26","modified_gmt":"2016-07-06T11:46:26","slug":"c3-mot-4d-processus-planning-protocoles-procedes-de-realisation-outils-machines","status":"publish","type":"page","link":"https:\/\/ent2d.ac-bordeaux.fr\/disciplines\/sti\/c3-mot-4d-processus-planning-protocoles-procedes-de-realisation-outils-machines\/","title":{"rendered":"C3-MOT-4d &#8211; Processus, planning, protocoles, proc\u00e9d\u00e9s de r\u00e9alisation (outils, machines)"},"content":{"rendered":"<hr \/>\n<h2><\/h2>\n<h3><span style=\"text-decoration: underline;color: #000000\">R\u00e9f\u00e9rence au texte officiel<\/span><\/h3>\n<h2 style=\"text-align: center\"><strong>THEME : MATERIAUX ET OBJETS TECHNIQUES<\/strong><\/h2>\n<table style=\"width: 100%\" cellspacing=\"1\" cellpadding=\"1\">\n<tbody>\n<tr>\n<td><\/td>\n<td><\/td>\n<\/tr>\n<tr>\n<td><strong>Connaissances et comp\u00e9tences associ\u00e9es<\/strong><\/td>\n<td><strong>Exemples de situations, d\u2019activit\u00e9s et de ressources pour l\u2019\u00e9l\u00e8ve<\/strong><\/td>\n<\/tr>\n<tr>\n<td colspan=\"2\"><strong>Concevoir et produire tout ou partie d\u2019un objet technique en \u00e9quipe pour traduire\u00a0une solution technologique r\u00e9pondant \u00e0 un besoin.<\/strong><\/td>\n<\/tr>\n<tr>\n<td style=\"width: 50%\">\n<p style=\"text-align: left\"><a href=\"https:\/\/ent2d.ac-bordeaux.fr\/disciplines\/sti\/c3-mot-4a-notion-de-contrainte\/\"><strong>MOT-4a<\/strong> \u00bb Notion de contrainte.<\/a><br \/>\n<a href=\"https:\/\/ent2d.ac-bordeaux.fr\/disciplines\/sti\/c3-mot-4b-recherche-didees-schemas-croquis\/\"><strong>MOT-4b\u00a0<\/strong>\u00bb Recherche d\u2019id\u00e9es (sch\u00e9mas, croquis\u2026).<\/a><br \/>\n<a href=\"https:\/\/ent2d.ac-bordeaux.fr\/disciplines\/sti\/c3-mot-4c-modelisation-du-reel-maquette-modeles-geometrique-et-numerique-representation-en-conception-assistee-par-ordinateur\/\"><strong>MOT-4c\u00a0<\/strong>\u00bb Mod\u00e9lisation du r\u00e9el (maquette, mod\u00e8les\u00a0g\u00e9om\u00e9trique et num\u00e9rique), repr\u00e9sentation\u00a0en conception assist\u00e9e par ordinateur.<br \/>\n<\/a><a href=\"https:\/\/ent2d.ac-bordeaux.fr\/disciplines\/sti\/c3-mot-4d-processus-planning-protocoles-procedes-de-realisation-outils-machines\/\"><strong>MOT-4d\u00a0<\/strong>\u00bb Processus, planning, protocoles, proc\u00e9d\u00e9s de\u00a0r\u00e9alisation (outils, machines).<\/a><br \/>\n<a href=\"https:\/\/ent2d.ac-bordeaux.fr\/disciplines\/sti\/c3-mot-4e-choix-de-materiaux\/\"><strong>MOT-4e\u00a0<\/strong>\u00bb Choix de mat\u00e9riaux.<\/a><br \/>\n<a href=\"https:\/\/ent2d.ac-bordeaux.fr\/disciplines\/sti\/c3-mot-4e-maquette-prototype\/\"><strong>MOT-4f\u00a0<\/strong>\u00bb Maquette, prototype.<\/a><br \/>\n<a href=\"https:\/\/ent2d.ac-bordeaux.fr\/disciplines\/sti\/c3-mot-4f-verification-et-controles-dimensions-fonctionnement\/\"><strong>MOT-4g\u00a0<\/strong>\u00bb V\u00e9rification et contr\u00f4les (dimensions,\u00a0fonctionnement).<\/a><\/p>\n<\/td>\n<td>\n<p style=\"text-align: justify\">En groupe, les \u00e9l\u00e8ves sont amen\u00e9s \u00e0 r\u00e9soudre\u00a0un probl\u00e8me technique, imaginer et r\u00e9aliser\u00a0des solutions techniques en effectuant\u00a0des choix de mat\u00e9riaux et des moyens de\u00a0r\u00e9alisation.<\/p>\n<p style=\"text-align: justify\">Les \u00e9l\u00e8ves traduisent leur solution par une\u00a0r\u00e9alisation mat\u00e9rielle (maquette ou prototype).<br \/>\nIls utilisent des moyens de prototypage, de\u00a0r\u00e9alisation, de mod\u00e9lisation. Cette solution\u00a0peut \u00eatre mod\u00e9lis\u00e9e virtuellement \u00e0 travers\u00a0des applications programmables permettant\u00a0de visualiser un comportement. Ils collectent\u00a0l\u2019information, la mettent en commun,\u00a0r\u00e9alisent une production unique.<\/p>\n<\/td>\n<\/tr>\n<\/tbody>\n<\/table>\n<hr \/>\n<h3><span style=\"text-decoration: underline\"><span style=\"color: #000000;text-decoration: underline\">Exemple de structuration de connaissances<\/span><\/span><\/h3>\n<p><a href=\"https:\/\/ent2d.ac-bordeaux.fr\/disciplines\/stidev\/wp-content\/uploads\/sites\/62\/2016\/11\/C3-MOT-4d1-ProcessusPlanningProtocoles.jpg\"><img loading=\"lazy\" decoding=\"async\" class=\"alignnone wp-image-3436 size-full\" src=\"https:\/\/ent2d.ac-bordeaux.fr\/disciplines\/stidev\/wp-content\/uploads\/sites\/62\/2016\/11\/C3-MOT-4d1-ProcessusPlanningProtocoles.jpg\" width=\"1600\" height=\"900\" \/><\/a><\/p>\n<table border=\"0\" cellspacing=\"1\" cellpadding=\"1\">\n<tbody>\n<tr>\n<td><a href=\"https:\/\/blogacabdx.ac-bordeaux.fr\/ressii\/wp-content\/uploads\/sites\/10\/2016\/11\/C3-MOT-4d1-ProcessusPlanningProtocoles.jpg\" target=\"_blank\" rel=\"noopener\"><img loading=\"lazy\" decoding=\"async\" class=\"alignnone wp-image-1491\" src=\"https:\/\/ent2d.ac-bordeaux.fr\/disciplines\/stidev\/wp-content\/uploads\/sites\/62\/2016\/06\/jpg.png\" width=\"51\" height=\"51\" \/><\/a><br \/>\n<a href=\"https:\/\/blogacabdx.ac-bordeaux.fr\/ressii\/wp-content\/uploads\/sites\/10\/2016\/11\/C3-MOT-4d1-ProcessusPlanningProtocoles.jpg\" target=\"_blank\" rel=\"noopener\"><span style=\"color: #0066cc\">Fiche \u00e9l\u00e8ve format\u00a0image<\/span><\/a><\/td>\n<td><u><span style=\"color: #0066cc\"><img loading=\"lazy\" decoding=\"async\" class=\"alignnone wp-image-38\" src=\"https:\/\/ent2d.ac-bordeaux.fr\/disciplines\/stidev\/wp-content\/uploads\/sites\/62\/2015\/03\/logoVideo2.jpg\" alt=\"logoVideo2\" width=\"50\" height=\"51\" \/><br \/>\n<\/span><\/u> Format vid\u00e9o Mp4<\/td>\n<td><a href=\"https:\/\/ent2d.ac-bordeaux.fr\/disciplines\/stidev\/wp-content\/uploads\/sites\/62\/2016\/09\/C3-MOT4d-ProcessusPlanningProtocoles.pdf\" target=\"_blank\" rel=\"noopener\"><img loading=\"lazy\" decoding=\"async\" class=\"alignnone wp-image-3196\" src=\"https:\/\/ent2d.ac-bordeaux.fr\/disciplines\/stidev\/wp-content\/uploads\/sites\/62\/2016\/09\/pdf_eleve.jpg\" width=\"52\" height=\"52\" \/><\/a><br \/>\n<a href=\"https:\/\/ent2d.ac-bordeaux.fr\/disciplines\/stidev\/wp-content\/uploads\/sites\/62\/2016\/09\/C3-MOT4d-ProcessusPlanningProtocoles.pdf\" target=\"_blank\" rel=\"noopener\">Fiche \u00e9l\u00e8ve PDF<\/a><\/td>\n<td><a href=\"https:\/\/ent2d.ac-bordeaux.fr\/disciplines\/stidev\/wp-content\/uploads\/sites\/62\/2016\/09\/FPv7-ST_MOT_4-Concevoir-et-produire-tout-ou-partie-dun-objet-technique.docx.pdf\" target=\"_blank\" rel=\"noopener\"><img loading=\"lazy\" decoding=\"async\" class=\"alignnone wp-image-3194\" src=\"https:\/\/ent2d.ac-bordeaux.fr\/disciplines\/stidev\/wp-content\/uploads\/sites\/62\/2016\/09\/pdf_prof.jpg\" width=\"52\" height=\"52\" \/><\/a><br \/>\n<a href=\"https:\/\/ent2d.ac-bordeaux.fr\/disciplines\/stidev\/wp-content\/uploads\/sites\/62\/2016\/09\/FPv7-ST_MOT_4-Concevoir-et-produire-tout-ou-partie-dun-objet-technique.docx.pdf\" target=\"_blank\" rel=\"noopener\"><span style=\"color: #0066cc\">Fiche<\/span><span style=\"color: #0066cc\"> professe<\/span><span style=\"color: #0066cc\">ur<\/span><span style=\"color: #0066cc\"> PDF<\/span><\/a><\/td>\n<\/tr>\n<\/tbody>\n<\/table>\n<p><a href=\"https:\/\/ent2d.ac-bordeaux.fr\/disciplines\/stidev\/wp-content\/uploads\/sites\/62\/2016\/11\/C3-MOT-4d2-ProcedesRealisation.jpg\"><img loading=\"lazy\" decoding=\"async\" class=\"alignnone wp-image-3437 size-full\" src=\"https:\/\/ent2d.ac-bordeaux.fr\/disciplines\/stidev\/wp-content\/uploads\/sites\/62\/2016\/11\/C3-MOT-4d2-ProcedesRealisation.jpg\" width=\"1600\" height=\"900\" \/><\/a><\/p>\n<table border=\"0\" cellspacing=\"1\" cellpadding=\"1\">\n<tbody>\n<tr>\n<td><a href=\"https:\/\/blogacabdx.ac-bordeaux.fr\/ressii\/wp-content\/uploads\/sites\/10\/2016\/11\/C3-MOT-4d2-ProcedesRealisation.jpg\" target=\"_blank\" rel=\"noopener\"><img loading=\"lazy\" decoding=\"async\" class=\"alignnone wp-image-1491\" src=\"https:\/\/ent2d.ac-bordeaux.fr\/disciplines\/stidev\/wp-content\/uploads\/sites\/62\/2016\/06\/jpg.png\" width=\"51\" height=\"51\" \/><\/a><br \/>\n<a href=\"https:\/\/blogacabdx.ac-bordeaux.fr\/ressii\/wp-content\/uploads\/sites\/10\/2016\/11\/C3-MOT-4d2-ProcedesRealisation.jpg\" target=\"_blank\" rel=\"noopener\"><span style=\"color: #0066cc\">Fiche \u00e9l\u00e8ve format\u00a0image<\/span><\/a><\/td>\n<td><u><span style=\"color: #0066cc\"><img loading=\"lazy\" decoding=\"async\" class=\"alignnone wp-image-38\" src=\"https:\/\/ent2d.ac-bordeaux.fr\/disciplines\/stidev\/wp-content\/uploads\/sites\/62\/2015\/03\/logoVideo2.jpg\" alt=\"logoVideo2\" width=\"50\" height=\"51\" \/><br \/>\n<\/span><\/u> Format vid\u00e9o Mp4<\/td>\n<td><a href=\"https:\/\/ent2d.ac-bordeaux.fr\/disciplines\/stidev\/wp-content\/uploads\/sites\/62\/2016\/11\/C3-MOT-4d2-ProcedesRealisation.pdf\" target=\"_blank\" rel=\"noopener\"><img loading=\"lazy\" decoding=\"async\" class=\"alignnone wp-image-3196\" src=\"https:\/\/ent2d.ac-bordeaux.fr\/disciplines\/stidev\/wp-content\/uploads\/sites\/62\/2016\/09\/pdf_eleve.jpg\" width=\"52\" height=\"52\" \/><\/a><br \/>\n<a href=\"https:\/\/ent2d.ac-bordeaux.fr\/disciplines\/stidev\/wp-content\/uploads\/sites\/62\/2016\/11\/C3-MOT-4d2-ProcedesRealisation.pdf\" target=\"_blank\" rel=\"noopener\">Fiche \u00e9l\u00e8ve PDF<\/a><\/td>\n<td><a href=\"https:\/\/ent2d.ac-bordeaux.fr\/disciplines\/stidev\/wp-content\/uploads\/sites\/62\/2016\/09\/FPv7-ST_MOT_4-Concevoir-et-produire-tout-ou-partie-dun-objet-technique.docx.pdf\" target=\"_blank\" rel=\"noopener\"><img loading=\"lazy\" decoding=\"async\" class=\"alignnone wp-image-3194\" src=\"https:\/\/ent2d.ac-bordeaux.fr\/disciplines\/stidev\/wp-content\/uploads\/sites\/62\/2016\/09\/pdf_prof.jpg\" width=\"52\" height=\"52\" \/><\/a><br \/>\n<a href=\"https:\/\/ent2d.ac-bordeaux.fr\/disciplines\/stidev\/wp-content\/uploads\/sites\/62\/2016\/09\/FPv7-ST_MOT_4-Concevoir-et-produire-tout-ou-partie-dun-objet-technique.docx.pdf\" target=\"_blank\" rel=\"noopener\"><span style=\"color: #0066cc\">Fiche professeur PDF<\/span><\/a><\/td>\n<\/tr>\n<\/tbody>\n<\/table>\n<h3><span style=\"color: #000000\">\u00a0<\/span><\/h3>\n<hr \/>\n<h3><span style=\"color: #000000\"><span style=\"text-decoration: underline\">Exemple d&#8217;exploitation p\u00e9dagogique<\/span><\/span><\/h3>\n<table style=\"width: 100%\" border=\"0\" cellspacing=\"1\" cellpadding=\"1\">\n<tbody>\n<tr>\n<td style=\"text-align: left\"><strong>Pistes de situations d\u00e9clenchantes<\/strong><\/td>\n<td style=\"text-align: justify\"><span style=\"font-weight: 400\">Comme les \u00e9l\u00e8ves ont les plans de pr\u00eats pour la fabrication, ils ont besoin de savoir dans quel ordre fabriquer l\u2019objet technique con\u00e7u et avec quoi ?<\/span><\/td>\n<\/tr>\n<tr>\n<td style=\"text-align: left\"><strong>Pistes probl\u00e8mes<\/strong> <strong>technologiques<\/strong><\/td>\n<td style=\"text-align: left\">\n<ul>\n<li><span style=\"font-weight: 400\">Comment organiser la fabrication ? <\/span><\/li>\n<li><span style=\"font-weight: 400\">Comment planifier dans le temps la fabrication ? <\/span><\/li>\n<li><span style=\"font-weight: 400\">Comment d\u00e9terminer le mat\u00e9riel \u00e0 utiliser ? <\/span><\/li>\n<li><span style=\"font-weight: 400\">Pourquoi utiliser tel ou tel outil et\/ou machine ?<\/span><\/li>\n<li>Comment savoir se servir des outils et machines ?<\/li>\n<\/ul>\n<\/td>\n<\/tr>\n<tr>\n<td style=\"text-align: left\"><strong>Ressources Outils \u00e0 exploiter<\/strong><\/td>\n<td style=\"text-align: left\">\n<ul>\n<li style=\"font-weight: 400\"><span style=\"font-weight: 400\">Outils num\u00e9riques : logiciel de publication assist\u00e9e par ordinateur, logiciel de planification GanttProject, \u2026.<\/span><\/li>\n<li style=\"font-weight: 400\"><span style=\"font-weight: 400\">Banque d\u2019images des pi\u00e8ces, vue en \u00e9clat\u00e9 issue d\u2019Edrawings.<\/span><\/li>\n<li style=\"font-weight: 400\"><span style=\"font-weight: 400\">Banque vid\u00e9o ou diaporamas de protocoles d\u2019utilisation en toute s\u00e9curit\u00e9 de chaque outil et chaque machine.<\/span><\/li>\n<li style=\"font-weight: 400\"><span style=\"font-weight: 400\">Les fiches de s\u00e9curit\u00e9 pour l\u2019utilisation des machines et outils.<\/span><\/li>\n<li style=\"font-weight: 400\"><span style=\"font-weight: 400\">Outils : ciseau, pistolet \u00e0 colle, cisaille, plieuse \u2026<\/span><\/li>\n<li style=\"font-weight: 400\">Machines : machine de fabrication assist\u00e9e par ordinateur comme CharlyRobot, imprimante 3D, &#8230;<\/li>\n<\/ul>\n<\/td>\n<\/tr>\n<tr>\n<td style=\"text-align: left\"><strong>Pistes d\u2019activit\u00e9s<\/strong><\/td>\n<td style=\"text-align: left\"><span style=\"font-weight: 400\">Demander aux \u00e9l\u00e8ves de :<\/span><\/p>\n<ul>\n<li style=\"font-weight: 400\"><span style=\"font-weight: 400\">D\u00e9terminer l\u2019ordre des \u00e9tapes pour fabriquer les pi\u00e8ces de l\u2019objet technique et les assembler,<\/span><\/li>\n<li style=\"font-weight: 400\"><span style=\"font-weight: 400\">Pr\u00e9voir dans le temps (planning) la r\u00e9alisation de l\u2019objet technique,<\/span><\/li>\n<li style=\"font-weight: 400\"><span style=\"font-weight: 400\">Rep\u00e9rer les consignes de s\u00e9curit\u00e9 sur les protocoles d\u2019utilisation des machines,<\/span><\/li>\n<li style=\"font-weight: 400\"><span style=\"font-weight: 400\">Cr\u00e9er ou am\u00e9nager le protocole d\u2019utilisation d\u2019un outil ou d\u2019une machine,<\/span><\/li>\n<li style=\"font-weight: 400\"><span style=\"font-weight: 400\">D\u00e9terminer les proc\u00e9d\u00e9s de fabrication \u00e0 utiliser pour r\u00e9aliser les pi\u00e8ces de l\u2019objet technique,<\/span><\/li>\n<li style=\"font-weight: 400\"><span style=\"font-weight: 400\">Mettre en \u0153uvre les outils et les machines de mani\u00e8re raisonn\u00e9e pour tout ou partie des pi\u00e8ces de l\u2019objet technique,<\/span><\/li>\n<li style=\"font-weight: 400\"><span style=\"font-weight: 400\">R\u00e9aliser une pi\u00e8ce en CFAO avec CharlyRobot,<\/span><\/li>\n<li style=\"font-weight: 400\"><span style=\"font-weight: 400\">R\u00e9aliser une pi\u00e8ce en impression 3D,<\/span><\/li>\n<li style=\"font-weight: 400\"><span style=\"font-weight: 400\">&#8230;<\/span><\/li>\n<\/ul>\n<\/td>\n<\/tr>\n<tr>\n<td style=\"text-align: left\"><strong>Exemples d\u2019objets<\/strong> <strong>supports<\/strong><\/td>\n<td style=\"text-align: left\">\n<ul>\n<li style=\"font-weight: 400\"><span style=\"font-weight: 400\">Dragster de comp\u00e9tition ( <\/span><a href=\"http:\/\/www.a4.fr\/catalogsearch\/result\/?q=Dragster\"><span style=\"font-weight: 400\">http:\/\/www.a4.fr\/catalogsearch\/result\/?q=Dragster<\/span><\/a><span style=\"font-weight: 400\"> )<\/span><\/li>\n<li style=\"font-weight: 400\"><span style=\"font-weight: 400\">Teletec ( <\/span><a href=\"http:\/\/www.a4.fr\/transports-et-mobilite\/realisations\/teletec.html\"><span style=\"font-weight: 400\">http:\/\/www.a4.fr\/transports-et-mobilite\/realisations\/teletec.html<\/span><\/a><span style=\"font-weight: 400\"> )<\/span><\/li>\n<li style=\"font-weight: 400\"><span style=\"font-weight: 400\">Kit d\u00e9couverte \u00e9nergies renouvelables (<\/span><a href=\"http:\/\/www.technologieservices.fr\/fr\/a-a1000014698-edc1000003\/article\/MA635-Kit-decouverte-energies-renouvelables.html\"><span style=\"font-weight: 400\">http:\/\/www.technologieservices.fr\/fr\/a-a1000014698-edc1000003\/article\/MA635-Kit-decouverte-energies-renouvelables.html<\/span><\/a><span style=\"font-weight: 400\"> )<\/span><\/li>\n<li style=\"font-weight: 400\"><span style=\"font-weight: 400\">Tout objet technique<\/span><\/li>\n<\/ul>\n<\/td>\n<\/tr>\n<\/tbody>\n<\/table>\n<hr \/>\n<h3><span style=\"text-decoration: underline;color: #000000\">Pour aller plus loin<\/span><\/h3>\n<ul>\n<li><a href=\"https:\/\/www.ganttproject.biz\/\" target=\"_blank\" rel=\"noopener\"><span style=\"font-weight: 400\">Logiciel GanttProject<\/span><\/a><\/li>\n<li><a href=\"https:\/\/fr.libreoffice.org\/\" target=\"_blank\" rel=\"noopener\"><span style=\"font-weight: 400\">Logiciel Dessin de LibreOffice<\/span><\/a><\/li>\n<li><a href=\"http:\/\/www.charlyrobot.fr\/produits\/2-10\/logiciels\/charlygraal-2d-3d.html\" target=\"_blank\" rel=\"noopener\"><span style=\"font-weight: 400\">Logiciel CharlyGraal et notice<\/span><\/a><\/li>\n<li><a href=\"http:\/\/www.a4.fr\/instrumentation-et-outillage\/impression-3d.html\" target=\"_blank\" rel=\"noopener\"><span style=\"font-weight: 400\">Exemples d\u2019imprimantes 3D et notices<\/span><\/a><\/li>\n<\/ul>\n<p>&nbsp;<\/p>\n<hr \/>\n<h3><\/h3>\n","protected":false},"excerpt":{"rendered":"<p>R\u00e9f\u00e9rence au texte officiel THEME : MATERIAUX ET OBJETS TECHNIQUES Connaissances et comp\u00e9tences associ\u00e9es Exemples de situations, d\u2019activit\u00e9s et de ressources pour l\u2019\u00e9l\u00e8ve Concevoir et produire tout ou partie d\u2019un &#8230;<\/p>\n","protected":false},"author":211,"featured_media":0,"parent":0,"menu_order":0,"comment_status":"closed","ping_status":"closed","template":"","meta":{"footnotes":""},"class_list":["post-1688","page","type-page","status-publish","hentry"],"_links":{"self":[{"href":"https:\/\/ent2d.ac-bordeaux.fr\/disciplines\/sti\/wp-json\/wp\/v2\/pages\/1688","targetHints":{"allow":["GET"]}}],"collection":[{"href":"https:\/\/ent2d.ac-bordeaux.fr\/disciplines\/sti\/wp-json\/wp\/v2\/pages"}],"about":[{"href":"https:\/\/ent2d.ac-bordeaux.fr\/disciplines\/sti\/wp-json\/wp\/v2\/types\/page"}],"author":[{"embeddable":true,"href":"https:\/\/ent2d.ac-bordeaux.fr\/disciplines\/sti\/wp-json\/wp\/v2\/users\/211"}],"replies":[{"embeddable":true,"href":"https:\/\/ent2d.ac-bordeaux.fr\/disciplines\/sti\/wp-json\/wp\/v2\/comments?post=1688"}],"version-history":[{"count":0,"href":"https:\/\/ent2d.ac-bordeaux.fr\/disciplines\/sti\/wp-json\/wp\/v2\/pages\/1688\/revisions"}],"wp:attachment":[{"href":"https:\/\/ent2d.ac-bordeaux.fr\/disciplines\/sti\/wp-json\/wp\/v2\/media?parent=1688"}],"curies":[{"name":"wp","href":"https:\/\/api.w.org\/{rel}","templated":true}]}}