{"id":1650,"date":"2016-07-06T11:53:42","date_gmt":"2016-07-06T10:53:42","guid":{"rendered":"http:\/\/blogacabdx.ac-bordeaux.fr\/ressii\/?page_id=1650"},"modified":"2016-07-06T11:53:42","modified_gmt":"2016-07-06T10:53:42","slug":"c3-mot-3c-impact-environnemental","status":"publish","type":"page","link":"https:\/\/ent2d.ac-bordeaux.fr\/disciplines\/sti\/c3-mot-3c-impact-environnemental\/","title":{"rendered":"C3-MOT-3c &#8211; Impact environnemental"},"content":{"rendered":"<hr \/>\n<h2><\/h2>\n<h3><span style=\"text-decoration: underline;color: #000000\">R\u00e9f\u00e9rence au texte officiel<\/span><\/h3>\n<h2 style=\"text-align: center\"><strong>THEME : MATERIAUX ET OBJETS TECHNIQUES<\/strong><\/h2>\n<hr \/>\n<table style=\"width: 100%\" cellspacing=\"1\" cellpadding=\"1\">\n<tbody>\n<tr>\n<td><\/td>\n<td><\/td>\n<\/tr>\n<tr>\n<td><strong>Connaissances et comp\u00e9tences associ\u00e9es<\/strong><\/td>\n<td><strong>Exemples de situations, d\u2019activit\u00e9s et de ressources pour l\u2019\u00e9l\u00e8ve<\/strong><\/td>\n<\/tr>\n<tr>\n<td style=\"text-align: center\" colspan=\"2\"><strong>Identifier les principales familles de mat\u00e9riaux<\/strong><\/td>\n<\/tr>\n<tr>\n<td style=\"width: 50%;text-align: left\"><a href=\"https:\/\/ent2d.ac-bordeaux.fr\/disciplines\/sti\/c3-mot-3a-familles-de-materiaux-distinction-des-materiaux-selon-les-relations-entre-formes-fonctions-et-procedes\/\"><strong>MOT-3a<\/strong> \u00bb Familles de mat\u00e9riaux (distinction des\u00a0mat\u00e9riaux selon les relations entre formes,\u00a0fonctions et proc\u00e9d\u00e9s).<\/a><br \/>\n<a href=\"https:\/\/ent2d.ac-bordeaux.fr\/disciplines\/sti\/c3-mot-3a-caracteristiques-et-proprietes-aptitude-au-faconnage-valorisation\/\"><strong>MOT-3b<\/strong> \u00bb Caract\u00e9ristiques et propri\u00e9t\u00e9s (aptitude au\u00a0fa\u00e7onnage, valorisation).<\/a><br \/>\n<a href=\"https:\/\/ent2d.ac-bordeaux.fr\/disciplines\/sti\/c3-mot-3c-impact-environnemental\/\"><strong>MOT-3c<\/strong> \u00bb Impact environnemental.<\/a><\/td>\n<td style=\"text-align: justify\">Du point de vue technologique, la notion de\u00a0mat\u00e9riau est \u00e0 mettre en relation avec la forme de\u00a0l\u2019objet, son usage et ses fonctions et les proc\u00e9d\u00e9s\u00a0de mise en forme. Il justifie le choix d\u2019une\u00a0famille de mat\u00e9riaux pour r\u00e9aliser une pi\u00e8ce de\u00a0l\u2019objet en fonction des contraintes identifi\u00e9es. \u00c0\u00a0partir de la diversit\u00e9 des familles de mat\u00e9riaux,\u00a0de leurs caract\u00e9ristiques physico-chimiques, et\u00a0de leurs impacts sur l\u2019environnement, les \u00e9l\u00e8ves\u00a0exercent un esprit critique dans des choix lors de\u00a0l\u2019analyse et de la production d\u2019objets techniques.<\/td>\n<\/tr>\n<\/tbody>\n<\/table>\n<hr \/>\n<h3><span style=\"text-decoration: underline\"><span style=\"color: #000000;text-decoration: underline\">Exemple de structuration de connaissances<\/span><\/span><\/h3>\n<p><a href=\"https:\/\/ent2d.ac-bordeaux.fr\/disciplines\/stidev\/wp-content\/uploads\/sites\/62\/2016\/11\/C3-MOT-3c-ImpactEnvironnemental.jpg\"><img loading=\"lazy\" decoding=\"async\" class=\"alignnone wp-image-3432 size-full\" src=\"https:\/\/ent2d.ac-bordeaux.fr\/disciplines\/stidev\/wp-content\/uploads\/sites\/62\/2016\/11\/C3-MOT-3c-ImpactEnvironnemental.jpg\" width=\"1600\" height=\"900\" \/><\/a><\/p>\n<table border=\"0\" cellspacing=\"1\" cellpadding=\"1\">\n<tbody>\n<tr>\n<td><a href=\"https:\/\/blogacabdx.ac-bordeaux.fr\/ressii\/wp-content\/uploads\/sites\/10\/2016\/11\/C3-MOT-3c-ImpactEnvironnemental.jpg\" target=\"_blank\" rel=\"noopener\"><img loading=\"lazy\" decoding=\"async\" class=\"alignnone wp-image-1491\" src=\"https:\/\/ent2d.ac-bordeaux.fr\/disciplines\/stidev\/wp-content\/uploads\/sites\/62\/2016\/06\/jpg.png\" width=\"51\" height=\"51\" \/><\/a><br \/>\n<a href=\"https:\/\/blogacabdx.ac-bordeaux.fr\/ressii\/wp-content\/uploads\/sites\/10\/2016\/11\/C3-MOT-3c-ImpactEnvironnemental.jpg\" target=\"_blank\" rel=\"noopener\"><u><span style=\"color: #0066cc\">Fiche \u00e9l\u00e8ve format\u00a0image<\/span><\/u><\/a><\/td>\n<td><u><span style=\"color: #0066cc\"><img loading=\"lazy\" decoding=\"async\" class=\"alignnone wp-image-38\" src=\"https:\/\/ent2d.ac-bordeaux.fr\/disciplines\/stidev\/wp-content\/uploads\/sites\/62\/2015\/03\/logoVideo2.jpg\" alt=\"logoVideo2\" width=\"50\" height=\"51\" \/><br \/>\n<\/span><\/u> Format vid\u00e9o Mp4<\/td>\n<td><a href=\"https:\/\/ent2d.ac-bordeaux.fr\/disciplines\/stidev\/wp-content\/uploads\/sites\/62\/2016\/11\/C3-MOT-3c-ImpactEnvironnemental.pdf\" target=\"_blank\" rel=\"noopener\"><img loading=\"lazy\" decoding=\"async\" class=\"alignnone wp-image-3196\" src=\"https:\/\/ent2d.ac-bordeaux.fr\/disciplines\/stidev\/wp-content\/uploads\/sites\/62\/2016\/09\/pdf_eleve.jpg\" width=\"52\" height=\"52\" \/><\/a><br \/>\n<a href=\"https:\/\/ent2d.ac-bordeaux.fr\/disciplines\/stidev\/wp-content\/uploads\/sites\/62\/2016\/11\/C3-MOT-3c-ImpactEnvironnemental.pdf\" target=\"_blank\" rel=\"noopener\">Fiche \u00e9l\u00e8ve PDF<\/a><\/td>\n<td><a href=\"https:\/\/ent2d.ac-bordeaux.fr\/disciplines\/sti\/wp-content\/uploads\/sites\/41\/2016\/09\/FPv7-ST_MOT_3-Principales-familles-de-mat%C3%A9riaux.docx.pdf\" target=\"_blank\" rel=\"noopener\"><img loading=\"lazy\" decoding=\"async\" class=\"alignnone wp-image-3194\" src=\"https:\/\/ent2d.ac-bordeaux.fr\/disciplines\/stidev\/wp-content\/uploads\/sites\/62\/2016\/09\/pdf_prof.jpg\" width=\"52\" height=\"52\" \/><\/a><br \/>\n<a href=\"https:\/\/ent2d.ac-bordeaux.fr\/disciplines\/sti\/wp-content\/uploads\/sites\/41\/2016\/09\/FPv7-ST_MOT_3-Principales-familles-de-mat%C3%A9riaux.docx.pdf\" target=\"_blank\" rel=\"noopener\"><span style=\"color: #0066cc\">Fiche professeur PDF<\/span><\/a><\/td>\n<\/tr>\n<\/tbody>\n<\/table>\n<h3><span style=\"color: #000000\">\u00a0<\/span><\/h3>\n<hr \/>\n<h3><span style=\"color: #000000\"><span style=\"text-decoration: underline\">Exemple d&#8217;exploitation p\u00e9dagogique<\/span><\/span><\/h3>\n<table style=\"width: 100%\" border=\"0\" cellspacing=\"1\" cellpadding=\"1\">\n<tbody>\n<tr>\n<td style=\"text-align: left\"><strong>Pistes de situations d\u00e9clenchantes<\/strong><\/td>\n<td style=\"text-align: justify\"><span style=\"font-weight: 400\">Amener les \u00e9l\u00e8ves, \u00e0 partir de deux objets ayant la m\u00eame fonction d\u2019usage mais fabriqu\u00e9s avec des mat\u00e9riaux diff\u00e9rents (un plus \u00e9cologique que l\u2019autre), \u00e0 se questionner sur leur respect de l\u2019environnement<\/span><span style=\"font-weight: 400\">.<\/span><\/td>\n<\/tr>\n<tr>\n<td style=\"text-align: left\"><strong>Pistes probl\u00e8mes<\/strong> <strong>technologiques<\/strong><\/td>\n<td style=\"text-align: left\">\n<ul>\n<li><span style=\"font-weight: 400\">Pourquoi un m\u00eame objet technique fabriqu\u00e9 avec deux mat\u00e9riaux diff\u00e9rents n\u2019aura pas le m\u00eame impact sur la plan\u00e8te durant toute sa vie ?<\/span><\/li>\n<li><span style=\"font-weight: 400\">Le choix d\u2019un mat\u00e9riau pour fabriquer un objet technique a-t-il un impact sur la plan\u00e8te ?<\/span><\/li>\n<li><span style=\"font-weight: 400\">Quels mat\u00e9riaux choisir lors de la fabrication d\u2019un objet pour limiter son impact sur la plan\u00e8te ?<\/span><\/li>\n<li>Pourquoi faut-il lors de la conception d&#8217;un objet, penser aux mat\u00e9riaux et \u00e0 leur transport ?<\/li>\n<\/ul>\n<\/td>\n<\/tr>\n<tr>\n<td style=\"text-align: left\"><strong>Ressources Outils \u00e0 exploiter<\/strong><\/td>\n<td style=\"text-align: left\">\n<ul>\n<li style=\"font-weight: 400\"><span style=\"font-weight: 400\">Fiches simples sur l&#8217;impact de diff\u00e9rents mat\u00e9riaux (avantages, inconv\u00e9nients environnementaux), fiche cycle de vie d\u2019un produit.<\/span><\/li>\n<li style=\"font-weight: 400\"><span style=\"font-weight: 400\">Valise de mat\u00e9riaux recycl\u00e9s et objets fabriqu\u00e9s avec des mat\u00e9riaux recycl\u00e9s.<\/span><\/li>\n<li style=\"font-weight: 400\">Sites internet et animations sur les mat\u00e9riaux<\/li>\n<\/ul>\n<\/td>\n<\/tr>\n<tr>\n<td style=\"text-align: left\"><strong>Pistes d\u2019activit\u00e9s<\/strong><\/td>\n<td style=\"text-align: left\"><span style=\"font-weight: 400\">Demander aux \u00e9l\u00e8ves de :<\/span><\/p>\n<ul>\n<li style=\"font-weight: 400\"><span style=\"font-weight: 400\">Identifier les diff\u00e9rentes pollutions existantes (recherches sur internet),<\/span><\/li>\n<li style=\"font-weight: 400\"><span style=\"font-weight: 400\">Trouver, pour chaque phase de leur cycle de vie, les impacts possibles \u00a0sur la plan\u00e8te de deux mat\u00e9riaux pouvant \u00eatre utilis\u00e9s pour r\u00e9aliser une m\u00eame partie d\u2019un objet. Leur affecter (par ex) des points positifs ou n\u00e9gatifs pour chaque \u00e9tape du cycle de vie et d\u00e9gager celui qui est globalement le plus vertueux (un document ressource pr\u00e9cise les quantit\u00e9s de mati\u00e8res, d\u2019eau, de CO2&#8230; consomm\u00e9es ou rejet\u00e9es, le caract\u00e8re recyclable ou non&#8230; pour chaque mat\u00e9riau ainsi qu\u2019une grille d\u2019attribution du nombre de bons ou mauvais points suivant diff\u00e9rents seuils),<\/span><\/li>\n<li style=\"font-weight: 400\"><span style=\"font-weight: 400\">Comparer le recyclage de deux mat\u00e9riaux. Exemples : acier et mati\u00e8re plastique, et\/ou <\/span><span style=\"font-weight: 400\">un issu de ressources fossiles et l\u2019autre de ressources renouvelables et\/ou un facilement recyclable et l\u2019autre non ..<\/span><span style=\"font-weight: 400\">. Ou de 2 objets : une canette de soda et un stylo ; comparer leur cycle de vie.<\/span><\/li>\n<\/ul>\n<\/td>\n<\/tr>\n<tr>\n<td style=\"text-align: left\"><strong>Exemples d\u2019objets<\/strong> <strong>supports<\/strong><\/td>\n<td style=\"text-align: left\">\n<ul>\n<li style=\"font-weight: 400\"><span style=\"font-weight: 400\">Tout type de projet, sachant qu\u2019il serait peut-\u00eatre int\u00e9ressant d\u2019utiliser celui \u00e9tudi\u00e9 dans la comp\u00e9tence \u201cConcevoir et produire tout ou partie d\u2019un objet technique\u201d.<\/span><\/li>\n<li style=\"font-weight: 400\"><span style=\"font-weight: 400\">Objets techniques des moyens de transport (automobile, avion \u2026), de robotique, &#8230;<\/span><\/li>\n<\/ul>\n<\/td>\n<\/tr>\n<\/tbody>\n<\/table>\n<hr \/>\n<h3><span style=\"text-decoration: underline;color: #000000\">Pour aller plus loin<\/span><\/h3>\n<ul>\n<li><a href=\"http:\/\/www.developpement-durable.gouv.fr\/IMG\/pdf\/noteACVexterne_ADEME_mai_2005.pdf\" target=\"_blank\" rel=\"noopener\"><span style=\"font-weight: 400\">Analyse du cycle de vie d\u2019un produit<\/span><\/a><\/li>\n<li><a href=\"https:\/\/www.youtube.com\/watch?v=7msO-5P05yA\" target=\"_blank\" rel=\"noopener\"><span style=\"font-weight: 400\">Analyse du cycle de vie d\u2019un b\u00e2timent<\/span><\/a><\/li>\n<li><a href=\"http:\/\/www.effet-de-serre.fr\/\" target=\"_blank\" rel=\"noopener\"><span style=\"font-weight: 400\">L\u2019effet de serre<\/span><\/a><\/li>\n<li><a href=\"http:\/\/www.encyclo-ecolo.com\/Energie_grise\" target=\"_blank\" rel=\"noopener\"><span style=\"font-weight: 400\">Energie grise<\/span><\/a><\/li>\n<li><a href=\"http:\/\/www.encyclo-ecolo.com\/Accueil\" target=\"_blank\" rel=\"noopener\"><span style=\"font-weight: 400\">Encyclop\u00e9die de l\u2019\u00e9cologie<\/span><\/a><\/li>\n<\/ul>\n<hr \/>\n<h3><\/h3>\n","protected":false},"excerpt":{"rendered":"<p>R\u00e9f\u00e9rence au texte officiel THEME : MATERIAUX ET OBJETS TECHNIQUES Connaissances et comp\u00e9tences associ\u00e9es Exemples de situations, d\u2019activit\u00e9s et de ressources pour l\u2019\u00e9l\u00e8ve Identifier les principales familles de mat\u00e9riaux MOT-3a &#8230;<\/p>\n","protected":false},"author":211,"featured_media":0,"parent":0,"menu_order":0,"comment_status":"closed","ping_status":"closed","template":"","meta":{"footnotes":""},"class_list":["post-1650","page","type-page","status-publish","hentry"],"_links":{"self":[{"href":"https:\/\/ent2d.ac-bordeaux.fr\/disciplines\/sti\/wp-json\/wp\/v2\/pages\/1650","targetHints":{"allow":["GET"]}}],"collection":[{"href":"https:\/\/ent2d.ac-bordeaux.fr\/disciplines\/sti\/wp-json\/wp\/v2\/pages"}],"about":[{"href":"https:\/\/ent2d.ac-bordeaux.fr\/disciplines\/sti\/wp-json\/wp\/v2\/types\/page"}],"author":[{"embeddable":true,"href":"https:\/\/ent2d.ac-bordeaux.fr\/disciplines\/sti\/wp-json\/wp\/v2\/users\/211"}],"replies":[{"embeddable":true,"href":"https:\/\/ent2d.ac-bordeaux.fr\/disciplines\/sti\/wp-json\/wp\/v2\/comments?post=1650"}],"version-history":[{"count":0,"href":"https:\/\/ent2d.ac-bordeaux.fr\/disciplines\/sti\/wp-json\/wp\/v2\/pages\/1650\/revisions"}],"wp:attachment":[{"href":"https:\/\/ent2d.ac-bordeaux.fr\/disciplines\/sti\/wp-json\/wp\/v2\/media?parent=1650"}],"curies":[{"name":"wp","href":"https:\/\/api.w.org\/{rel}","templated":true}]}}