{"id":1646,"date":"2016-07-06T11:53:02","date_gmt":"2016-07-06T10:53:02","guid":{"rendered":"http:\/\/blogacabdx.ac-bordeaux.fr\/ressii\/?page_id=1646"},"modified":"2016-07-06T11:53:02","modified_gmt":"2016-07-06T10:53:02","slug":"c3-mot-3a-caracteristiques-et-proprietes-aptitude-au-faconnage-valorisation","status":"publish","type":"page","link":"https:\/\/ent2d.ac-bordeaux.fr\/disciplines\/sti\/c3-mot-3a-caracteristiques-et-proprietes-aptitude-au-faconnage-valorisation\/","title":{"rendered":"C3-MOT-3b &#8211; Caract\u00e9ristiques et propri\u00e9t\u00e9s (aptitude au fa\u00e7onnage, valorisation)."},"content":{"rendered":"<hr \/>\n<h2><\/h2>\n<h3><span style=\"text-decoration: underline;color: #000000\">R\u00e9f\u00e9rence au texte officiel<\/span><\/h3>\n<h2 style=\"text-align: center\"><strong>THEME : MATERIAUX ET OBJETS TECHNIQUES<\/strong><\/h2>\n<hr \/>\n<table style=\"width: 100%\" cellspacing=\"1\" cellpadding=\"1\">\n<tbody>\n<tr>\n<td><\/td>\n<td><\/td>\n<\/tr>\n<tr>\n<td><strong>Connaissances et comp\u00e9tences associ\u00e9es<\/strong><\/td>\n<td><strong>Exemples de situations, d\u2019activit\u00e9s et de ressources pour l\u2019\u00e9l\u00e8ve<\/strong><\/td>\n<\/tr>\n<tr>\n<td style=\"text-align: center\" colspan=\"2\"><strong>Identifier les principales familles de mat\u00e9riaux<\/strong><\/td>\n<\/tr>\n<tr>\n<td style=\"width: 50%;text-align: left\"><a href=\"https:\/\/ent2d.ac-bordeaux.fr\/disciplines\/sti\/c3-mot-3a-familles-de-materiaux-distinction-des-materiaux-selon-les-relations-entre-formes-fonctions-et-procedes\/\"><strong>MOT-3a<\/strong> \u00bb Familles de mat\u00e9riaux (distinction des\u00a0mat\u00e9riaux selon les relations entre formes,\u00a0fonctions et proc\u00e9d\u00e9s).<\/a><br \/>\n<a href=\"https:\/\/ent2d.ac-bordeaux.fr\/disciplines\/sti\/c3-mot-3a-caracteristiques-et-proprietes-aptitude-au-faconnage-valorisation\/\"><strong>MOT-3b<\/strong> \u00bb Caract\u00e9ristiques et propri\u00e9t\u00e9s (aptitude au\u00a0fa\u00e7onnage, valorisation).<\/a><br \/>\n<a href=\"https:\/\/ent2d.ac-bordeaux.fr\/disciplines\/sti\/c3-mot-3c-impact-environnemental\/\"><strong>MOT-3c<\/strong> \u00bb Impact environnemental.<\/a><\/td>\n<td style=\"text-align: justify\">Du point de vue technologique, la notion de\u00a0mat\u00e9riau est \u00e0 mettre en relation avec la forme de\u00a0l\u2019objet, son usage et ses fonctions et les proc\u00e9d\u00e9s\u00a0de mise en forme. Il justifie le choix d\u2019une\u00a0famille de mat\u00e9riaux pour r\u00e9aliser une pi\u00e8ce de\u00a0l\u2019objet en fonction des contraintes identifi\u00e9es. \u00c0\u00a0partir de la diversit\u00e9 des familles de mat\u00e9riaux,\u00a0de leurs caract\u00e9ristiques physico-chimiques, et\u00a0de leurs impacts sur l\u2019environnement, les \u00e9l\u00e8ves\u00a0exercent un esprit critique dans des choix lors de\u00a0l\u2019analyse et de la production d\u2019objets techniques.<\/td>\n<\/tr>\n<\/tbody>\n<\/table>\n<hr \/>\n<h3><span style=\"text-decoration: underline\"><span style=\"color: #000000;text-decoration: underline\">Exemple de structuration de connaissances<\/span><\/span><\/h3>\n<p><a href=\"https:\/\/ent2d.ac-bordeaux.fr\/disciplines\/stidev\/wp-content\/uploads\/sites\/62\/2016\/11\/C3-MOT-3b-CaracteristiquesProprietes.jpg\"><img loading=\"lazy\" decoding=\"async\" class=\"alignnone wp-image-3431 size-full\" src=\"https:\/\/ent2d.ac-bordeaux.fr\/disciplines\/stidev\/wp-content\/uploads\/sites\/62\/2016\/11\/C3-MOT-3b-CaracteristiquesProprietes.jpg\" width=\"1600\" height=\"900\" \/><\/a><\/p>\n<table border=\"0\" cellspacing=\"1\" cellpadding=\"1\">\n<tbody>\n<tr>\n<td><a href=\"https:\/\/blogacabdx.ac-bordeaux.fr\/ressii\/wp-content\/uploads\/sites\/10\/2016\/11\/C3-MOT-3b-CaracteristiquesProprietes.jpg\" target=\"_blank\" rel=\"noopener\"><img loading=\"lazy\" decoding=\"async\" class=\"alignnone wp-image-1491\" src=\"https:\/\/ent2d.ac-bordeaux.fr\/disciplines\/stidev\/wp-content\/uploads\/sites\/62\/2016\/06\/jpg.png\" width=\"51\" height=\"51\" \/><\/a><br \/>\n<a href=\"https:\/\/blogacabdx.ac-bordeaux.fr\/ressii\/wp-content\/uploads\/sites\/10\/2016\/11\/C3-MOT-3b-CaracteristiquesProprietes.jpg\" target=\"_blank\" rel=\"noopener\"><span style=\"color: #0066cc\">Fiche \u00e9l\u00e8ve format\u00a0image<\/span><\/a><\/td>\n<td><u><span style=\"color: #0066cc\"><img loading=\"lazy\" decoding=\"async\" class=\"alignnone wp-image-38\" src=\"https:\/\/ent2d.ac-bordeaux.fr\/disciplines\/stidev\/wp-content\/uploads\/sites\/62\/2015\/03\/logoVideo2.jpg\" alt=\"logoVideo2\" width=\"50\" height=\"51\" \/><br \/>\n<\/span><\/u> Format vid\u00e9o Mp4<\/td>\n<td><a href=\"https:\/\/ent2d.ac-bordeaux.fr\/disciplines\/stidev\/wp-content\/uploads\/sites\/62\/2016\/11\/C3-MOT-3b-CaracteristiquesProprietes.pdf\" target=\"_blank\" rel=\"noopener\"><img loading=\"lazy\" decoding=\"async\" class=\"alignnone wp-image-3196\" src=\"https:\/\/ent2d.ac-bordeaux.fr\/disciplines\/stidev\/wp-content\/uploads\/sites\/62\/2016\/09\/pdf_eleve.jpg\" width=\"52\" height=\"52\" \/><\/a><br \/>\n<a href=\"https:\/\/ent2d.ac-bordeaux.fr\/disciplines\/stidev\/wp-content\/uploads\/sites\/62\/2016\/11\/C3-MOT-3b-CaracteristiquesProprietes.pdf\" target=\"_blank\" rel=\"noopener\">Fiche \u00e9l\u00e8ve PDF<\/a><\/td>\n<td><a href=\"https:\/\/ent2d.ac-bordeaux.fr\/disciplines\/sti\/wp-content\/uploads\/sites\/41\/2016\/09\/FPv7-ST_MOT_3-Principales-familles-de-mat%C3%A9riaux.docx.pdf\" target=\"_blank\" rel=\"noopener\"><img loading=\"lazy\" decoding=\"async\" class=\"alignnone wp-image-3194\" src=\"https:\/\/ent2d.ac-bordeaux.fr\/disciplines\/stidev\/wp-content\/uploads\/sites\/62\/2016\/09\/pdf_prof.jpg\" width=\"52\" height=\"52\" \/><\/a><br \/>\n<a href=\"https:\/\/ent2d.ac-bordeaux.fr\/disciplines\/sti\/wp-content\/uploads\/sites\/41\/2016\/09\/FPv7-ST_MOT_3-Principales-familles-de-mat%C3%A9riaux.docx.pdf\" target=\"_blank\" rel=\"noopener\"><span style=\"color: #0066cc\">Fiche professeur PDF<\/span><\/a><\/td>\n<\/tr>\n<\/tbody>\n<\/table>\n<h3><span style=\"color: #000000\">\u00a0<\/span><\/h3>\n<hr \/>\n<h3><span style=\"color: #000000\"><span style=\"text-decoration: underline\">Exemple d&#8217;exploitation p\u00e9dagogique<\/span><\/span><\/h3>\n<table style=\"width: 100%\" border=\"0\" cellspacing=\"1\" cellpadding=\"1\">\n<tbody>\n<tr>\n<td style=\"text-align: left\"><strong>Pistes de situations d\u00e9clenchantes<\/strong><\/td>\n<td style=\"text-align: justify\"><span style=\"font-weight: 400\">Les \u00e9l\u00e8ves observent qu\u2019un objet technique est compos\u00e9 de diff\u00e9rents mat\u00e9riaux et que le choix de ces mat\u00e9riaux n\u2019est pas fait au hasard (on peut proposer un m\u00eame objet fabriqu\u00e9 avec des mat\u00e9riaux diff\u00e9rents (trottinette plastiques pour les petits, trottinette m\u00e9tal), pourquoi ?)<\/span><\/td>\n<\/tr>\n<tr>\n<td style=\"text-align: left\"><strong>Pistes probl\u00e8mes<\/strong> <strong>technologiques<\/strong><\/td>\n<td style=\"text-align: left\">\n<ul>\n<li><span style=\"font-weight: 400\">Pourquoi a-t-on choisi tels ou tels mat\u00e9riaux pour les composants d\u2019un objet technique ?<\/span><\/li>\n<li>Comment choisirait-on les mat\u00e9riaux des divers composants d\u2019un objet technique ?<\/li>\n<\/ul>\n<\/td>\n<\/tr>\n<tr>\n<td style=\"text-align: left\"><strong>Ressources Outils \u00e0 exploiter<\/strong><\/td>\n<td style=\"text-align: left\">\n<ul>\n<li style=\"font-weight: 400\"><span style=\"font-weight: 400\">Divers \u00e9chantillons de mat\u00e9riaux pour divers tests (duret\u00e9, densit\u00e9, d\u00e9formation, \u2026). Des mat\u00e9riaux recycl\u00e9s.<\/span><\/li>\n<li style=\"font-weight: 400\"><span style=\"font-weight: 400\">Les machines du FabLab (cisaille, perceuse, charlyrobot).<\/span><\/li>\n<li style=\"font-weight: 400\"><span style=\"font-weight: 400\">Des appareils de mesure : r\u00e8gle, loupe, poids, balance&#8230;<\/span><\/li>\n<li style=\"font-weight: 400\"><span style=\"font-weight: 400\">Montages, maquettes : conductivit\u00e9 \u00e9lectrique, acoustique.<\/span><\/li>\n<li style=\"font-weight: 400\"><span style=\"font-weight: 400\">Visualisation site UTC (<\/span><a href=\"http:\/\/www.utc.fr\/~special_m6_fr\/CHAPITRES.html\"><span style=\"font-weight: 400\">Universit\u00e9 de Technologie Compi\u00e8gne<\/span><\/a><span style=\"font-weight: 400\">)<\/span><\/li>\n<li style=\"font-weight: 400\">Ressources documentaires sur la valorisation des mat\u00e9riaux (r\u00e9utilisation, recyclage, incin\u00e9ration).<\/li>\n<\/ul>\n<\/td>\n<\/tr>\n<tr>\n<td style=\"text-align: left\"><strong>Pistes d\u2019activit\u00e9s<\/strong><\/td>\n<td style=\"text-align: left\"><span style=\"font-weight: 400\">Demander aux \u00e9l\u00e8ves de :<\/span><\/p>\n<ul>\n<li style=\"font-weight: 400\"><span style=\"font-weight: 400\">D\u00e9terminer les caract\u00e9ristiques de quelques mat\u00e9riaux par observation et\/ou exp\u00e9rimentation en fonction de plusieurs propri\u00e9t\u00e9s (duret\u00e9, densit\u00e9, aspect physique, conductibilit\u00e9\u2026),<\/span><\/li>\n<li style=\"font-weight: 400\"><span style=\"font-weight: 400\">Expliquer pourquoi ils ont \u00e9t\u00e9 choisis par rapport aux propri\u00e9t\u00e9s,<\/span><\/li>\n<li style=\"font-weight: 400\"><span style=\"font-weight: 400\">Observer ou exp\u00e9rimenter pour quelques mat\u00e9riaux leurs aptitudes \u00e0 la d\u00e9formation, \u00e0 la d\u00e9coupe, au collage \u2026,<\/span><\/li>\n<li style=\"font-weight: 400\"><span style=\"font-weight: 400\">D\u00e9terminer des crit\u00e8res de choix pour l\u2019utilisation de tel ou tel mat\u00e9riau,<\/span><\/li>\n<li style=\"font-weight: 400\"><span style=\"font-weight: 400\">Justifier l\u2019emploi de tel ou tels mat\u00e9riaux pour les divers composants de l\u2019objet technique,<\/span><\/li>\n<\/ul>\n<\/td>\n<\/tr>\n<tr>\n<td style=\"text-align: left\"><strong>Exemples d\u2019objets<\/strong> <strong>supports<\/strong><\/td>\n<td style=\"text-align: left\">\n<ul>\n<li style=\"font-weight: 400\"><span style=\"font-weight: 400\">Tout type de projet, sachant qu\u2019il serait peut-\u00eatre int\u00e9ressant d\u2019utiliser celui \u00e9tudi\u00e9 dans la comp\u00e9tence \u201cConcevoir et produire tout ou partie d\u2019un objet technique\u201d.<\/span><\/li>\n<li style=\"font-weight: 400\"><span style=\"font-weight: 400\">Objets techniques des moyens de transport (automobile, avion \u2026), de robotique, &#8230;<\/span><\/li>\n<\/ul>\n<\/td>\n<\/tr>\n<\/tbody>\n<\/table>\n<hr \/>\n<h3><span style=\"text-decoration: underline;color: #000000\">Pour aller plus loin<\/span><\/h3>\n<ul>\n<li><a href=\"http:\/\/www.utc.fr\/~special_m6_fr\/CHAPITRES.html\" target=\"_blank\" rel=\"noopener\"><span style=\"font-weight: 400\">Propri\u00e9t\u00e9s physiques et m\u00e9caniques des mat\u00e9riaux<\/span><\/a><\/li>\n<li><a href=\"https:\/\/fr.wikiversity.org\/wiki\/Introduction_%C3%A0_la_science_des_mat%C3%A9riaux\" target=\"_blank\" rel=\"noopener\"><span style=\"font-weight: 400\">Introduction \u00e0 la science des mat\u00e9riaux<\/span><\/a><\/li>\n<li><a href=\"https:\/\/fr.wikiversity.org\/wiki\/Introduction_%C3%A0_la_science_des_mat%C3%A9riaux\/Propri%C3%A9t%C3%A9s_m%C3%A9caniques_des_mat%C3%A9riaux_I_-_G%C3%A9n%C3%A9ralit%C3%A9s_et_traction_simple\" target=\"_blank\" rel=\"noopener\"><span style=\"font-weight: 400\">Propri\u00e9t\u00e9s m\u00e9caniques des mat\u00e9riaux<\/span><\/a><\/li>\n<li><span style=\"font-weight: 400\"><a href=\"http:\/\/eduscol.education.fr\/sti\/ressources_pedagogiques\/animation-sur-le-comportement-des-materiaux-les-materiaux-metalliques\" target=\"_blank\" rel=\"noopener\">Animation sur le comportement des mat\u00e9riaux m\u00e9talliques lors d\u2019un essai de traction<\/a><\/span><\/li>\n<li><a href=\"http:\/\/eduscol.education.fr\/sti\/ressources_pedagogiques\/animation-sur-le-comportement-des-materiaux-les-matieres-plastiques\" target=\"_blank\" rel=\"noopener\"><span style=\"font-weight: 400\">Animation sur le comportement des mat\u00e9riaux m\u00e9talliques<\/span><\/a><\/li>\n<\/ul>\n<hr \/>\n<h3><\/h3>\n","protected":false},"excerpt":{"rendered":"<p>R\u00e9f\u00e9rence au texte officiel THEME : MATERIAUX ET OBJETS TECHNIQUES Connaissances et comp\u00e9tences associ\u00e9es Exemples de situations, d\u2019activit\u00e9s et de ressources pour l\u2019\u00e9l\u00e8ve Identifier les principales familles de mat\u00e9riaux MOT-3a &#8230;<\/p>\n","protected":false},"author":211,"featured_media":0,"parent":0,"menu_order":0,"comment_status":"closed","ping_status":"closed","template":"","meta":{"footnotes":""},"class_list":["post-1646","page","type-page","status-publish","hentry"],"_links":{"self":[{"href":"https:\/\/ent2d.ac-bordeaux.fr\/disciplines\/sti\/wp-json\/wp\/v2\/pages\/1646","targetHints":{"allow":["GET"]}}],"collection":[{"href":"https:\/\/ent2d.ac-bordeaux.fr\/disciplines\/sti\/wp-json\/wp\/v2\/pages"}],"about":[{"href":"https:\/\/ent2d.ac-bordeaux.fr\/disciplines\/sti\/wp-json\/wp\/v2\/types\/page"}],"author":[{"embeddable":true,"href":"https:\/\/ent2d.ac-bordeaux.fr\/disciplines\/sti\/wp-json\/wp\/v2\/users\/211"}],"replies":[{"embeddable":true,"href":"https:\/\/ent2d.ac-bordeaux.fr\/disciplines\/sti\/wp-json\/wp\/v2\/comments?post=1646"}],"version-history":[{"count":0,"href":"https:\/\/ent2d.ac-bordeaux.fr\/disciplines\/sti\/wp-json\/wp\/v2\/pages\/1646\/revisions"}],"wp:attachment":[{"href":"https:\/\/ent2d.ac-bordeaux.fr\/disciplines\/sti\/wp-json\/wp\/v2\/media?parent=1646"}],"curies":[{"name":"wp","href":"https:\/\/api.w.org\/{rel}","templated":true}]}}