{"id":1644,"date":"2016-07-06T11:52:43","date_gmt":"2016-07-06T10:52:43","guid":{"rendered":"http:\/\/blogacabdx.ac-bordeaux.fr\/ressii\/?page_id=1644"},"modified":"2016-07-06T11:52:43","modified_gmt":"2016-07-06T10:52:43","slug":"c3-mot-3a-familles-de-materiaux-distinction-des-materiaux-selon-les-relations-entre-formes-fonctions-et-procedes","status":"publish","type":"page","link":"https:\/\/ent2d.ac-bordeaux.fr\/disciplines\/sti\/c3-mot-3a-familles-de-materiaux-distinction-des-materiaux-selon-les-relations-entre-formes-fonctions-et-procedes\/","title":{"rendered":"C3-MOT-3a &#8211; Familles de mat\u00e9riaux (distinction des mat\u00e9riaux selon les relations entre formes, fonctions et proc\u00e9d\u00e9s)."},"content":{"rendered":"<hr \/>\n<h2><\/h2>\n<h3><span style=\"text-decoration: underline;color: #000000\">R\u00e9f\u00e9rence au texte officiel<\/span><\/h3>\n<h2 style=\"text-align: center\"><strong>THEME : MATERIAUX ET OBJETS TECHNIQUES<\/strong><\/h2>\n<hr \/>\n<table style=\"width: 100%\" cellspacing=\"1\" cellpadding=\"1\">\n<tbody>\n<tr>\n<td><\/td>\n<td><\/td>\n<\/tr>\n<tr>\n<td><strong>Connaissances et comp\u00e9tences associ\u00e9es<\/strong><\/td>\n<td><strong>Exemples de situations, d\u2019activit\u00e9s et de ressources pour l\u2019\u00e9l\u00e8ve<\/strong><\/td>\n<\/tr>\n<tr>\n<td style=\"text-align: center\" colspan=\"2\"><strong>Identifier les principales familles de mat\u00e9riaux<\/strong><\/td>\n<\/tr>\n<tr>\n<td style=\"width: 50%;text-align: left\"><a href=\"https:\/\/ent2d.ac-bordeaux.fr\/disciplines\/sti\/c3-mot-3a-familles-de-materiaux-distinction-des-materiaux-selon-les-relations-entre-formes-fonctions-et-procedes\/\"><strong>MOT-3a<\/strong> \u00bb Familles de mat\u00e9riaux (distinction des\u00a0mat\u00e9riaux selon les relations entre formes,\u00a0fonctions et proc\u00e9d\u00e9s).<\/a><br \/>\n<a href=\"https:\/\/ent2d.ac-bordeaux.fr\/disciplines\/sti\/c3-mot-3a-caracteristiques-et-proprietes-aptitude-au-faconnage-valorisation\/\"><strong>MOT-3b<\/strong> \u00bb Caract\u00e9ristiques et propri\u00e9t\u00e9s (aptitude au\u00a0fa\u00e7onnage, valorisation).<\/a><br \/>\n<a href=\"https:\/\/ent2d.ac-bordeaux.fr\/disciplines\/sti\/c3-mot-3c-impact-environnemental\/\"><strong>MOT-3c<\/strong> \u00bb Impact environnemental.<\/a><\/td>\n<td style=\"text-align: justify\">Du point de vue technologique, la notion de\u00a0mat\u00e9riau est \u00e0 mettre en relation avec la forme de\u00a0l\u2019objet, son usage et ses fonctions et les proc\u00e9d\u00e9s\u00a0de mise en forme. Il justifie le choix d\u2019une\u00a0famille de mat\u00e9riaux pour r\u00e9aliser une pi\u00e8ce de\u00a0l\u2019objet en fonction des contraintes identifi\u00e9es. \u00c0\u00a0partir de la diversit\u00e9 des familles de mat\u00e9riaux,\u00a0de leurs caract\u00e9ristiques physico-chimiques, et\u00a0de leurs impacts sur l\u2019environnement, les \u00e9l\u00e8ves\u00a0exercent un esprit critique dans des choix lors de\u00a0l\u2019analyse et de la production d\u2019objets techniques.<\/td>\n<\/tr>\n<\/tbody>\n<\/table>\n<hr \/>\n<h3><span style=\"text-decoration: underline\"><span style=\"color: #000000;text-decoration: underline\">Exemple de structuration de connaissances<\/span><\/span><\/h3>\n<p><a href=\"https:\/\/ent2d.ac-bordeaux.fr\/disciplines\/stidev\/wp-content\/uploads\/sites\/62\/2016\/11\/C3-MOT-3a-FamillesMateriaux.jpg\"><img loading=\"lazy\" decoding=\"async\" class=\"alignnone wp-image-3430 size-full\" src=\"https:\/\/ent2d.ac-bordeaux.fr\/disciplines\/stidev\/wp-content\/uploads\/sites\/62\/2016\/11\/C3-MOT-3a-FamillesMateriaux.jpg\" width=\"1600\" height=\"900\" \/><\/a><\/p>\n<table border=\"0\" cellspacing=\"1\" cellpadding=\"1\">\n<tbody>\n<tr>\n<td><a href=\"https:\/\/blogacabdx.ac-bordeaux.fr\/ressii\/wp-content\/uploads\/sites\/10\/2016\/11\/C3-MOT-3a-FamillesMateriaux.jpg\" target=\"_blank\" rel=\"noopener\"><img loading=\"lazy\" decoding=\"async\" class=\"alignnone wp-image-1491\" src=\"https:\/\/ent2d.ac-bordeaux.fr\/disciplines\/stidev\/wp-content\/uploads\/sites\/62\/2016\/06\/jpg.png\" width=\"51\" height=\"51\" \/><\/a><br \/>\n<a href=\"https:\/\/blogacabdx.ac-bordeaux.fr\/ressii\/wp-content\/uploads\/sites\/10\/2016\/11\/C3-MOT-3a-FamillesMateriaux.jpg\" target=\"_blank\" rel=\"noopener\">Fiche \u00e9l\u00e8ve format image<\/a><\/td>\n<td><img loading=\"lazy\" decoding=\"async\" class=\"alignnone wp-image-38\" src=\"https:\/\/ent2d.ac-bordeaux.fr\/disciplines\/stidev\/wp-content\/uploads\/sites\/62\/2015\/03\/logoVideo2.jpg\" alt=\"logoVideo2\" width=\"50\" height=\"51\" \/><br \/>\nFormat vid\u00e9o Mp4<\/td>\n<td><a href=\"https:\/\/ent2d.ac-bordeaux.fr\/disciplines\/stidev\/wp-content\/uploads\/sites\/62\/2016\/11\/C3-MOT-3a-FamillesMateriaux.pdf\" target=\"_blank\" rel=\"noopener\"><img loading=\"lazy\" decoding=\"async\" class=\"alignnone wp-image-3196\" src=\"https:\/\/ent2d.ac-bordeaux.fr\/disciplines\/stidev\/wp-content\/uploads\/sites\/62\/2016\/09\/pdf_eleve.jpg\" width=\"52\" height=\"52\" \/><\/a><br \/>\n<a href=\"https:\/\/ent2d.ac-bordeaux.fr\/disciplines\/stidev\/wp-content\/uploads\/sites\/62\/2016\/11\/C3-MOT-3a-FamillesMateriaux.pdf\" target=\"_blank\" rel=\"noopener\">Fiche \u00e9l\u00e8ve PDF<\/a><\/td>\n<td><a href=\"https:\/\/ent2d.ac-bordeaux.fr\/disciplines\/stidev\/wp-content\/uploads\/sites\/62\/2016\/09\/FPv7-ST_MOT_3-Principales-familles-de-mat\u00e9riaux.docx.pdf\" target=\"_blank\" rel=\"noopener\"><img loading=\"lazy\" decoding=\"async\" class=\"alignnone wp-image-3194\" src=\"https:\/\/ent2d.ac-bordeaux.fr\/disciplines\/stidev\/wp-content\/uploads\/sites\/62\/2016\/09\/pdf_prof.jpg\" width=\"52\" height=\"52\" \/><\/a><br \/>\n<a href=\"https:\/\/ent2d.ac-bordeaux.fr\/disciplines\/stidev\/wp-content\/uploads\/sites\/62\/2016\/09\/FPv7-ST_MOT_3-Principales-familles-de-mat\u00e9riaux.docx.pdf\" target=\"_blank\" rel=\"noopener\">Fiche professeur PDF<\/a><\/td>\n<\/tr>\n<\/tbody>\n<\/table>\n<h3><span style=\"color: #000000\">\u00a0<\/span><\/h3>\n<hr \/>\n<h3><span style=\"color: #000000\"><span style=\"text-decoration: underline\">Exemple d&#8217;exploitation p\u00e9dagogique<\/span><\/span><\/h3>\n<table style=\"width: 100%\" border=\"0\" cellspacing=\"1\" cellpadding=\"1\">\n<tbody>\n<tr>\n<td style=\"text-align: left\"><strong>Pistes de situations d\u00e9clenchantes<\/strong><\/td>\n<td style=\"text-align: justify\"><span style=\"font-weight: 400\">Les \u00e9l\u00e8ves observent des objets techniques (soit en r\u00e9el : objets disponibles dans le laboratoire de technologie, soit des photos).<\/span><\/p>\n<ul>\n<li style=\"font-weight: 400\"><span style=\"font-weight: 400\">A partir d\u2019une photo, (exemple une voiture et ses diff\u00e9rents mat\u00e9riaux), les \u00e9l\u00e8ves observent la pr\u00e9sence de diff\u00e9rents mat\u00e9riaux.<\/span><\/li>\n<li style=\"font-weight: 400\"><span style=\"font-weight: 400\">A partir d\u2019un objet, essayer de regrouper les mat\u00e9riaux par famille.<\/span><\/li>\n<li style=\"font-weight: 400\"><span style=\"font-weight: 400\">Proposer un m\u00eame objet fabriqu\u00e9 avec des mat\u00e9riaux diff\u00e9rents et s\u2019interroger sur les choix (trottinette plastique pour les petits ; trottinette m\u00e9tal)<\/span><\/li>\n<\/ul>\n<\/td>\n<\/tr>\n<tr>\n<td style=\"text-align: left\"><strong>Pistes probl\u00e8mes<\/strong> <strong>technologiques<\/strong><\/td>\n<td style=\"text-align: left\">\n<ul>\n<li><span style=\"font-weight: 400\">Avec quels mat\u00e9riaux est fabriqu\u00e9 l\u2019objet technique ? <\/span><\/li>\n<li><span style=\"font-weight: 400\">Pourquoi a-t-on choisi tels ou tels mat\u00e9riaux d\u2019un objet technique ?<\/span><\/li>\n<li><span style=\"font-weight: 400\">Peut-on classer les mat\u00e9riaux en famille ? O\u00f9 les trouve-t-on ?<\/span><\/li>\n<li><span style=\"font-weight: 400\">Quel mat\u00e9riau choisir en fonction de l\u2019usage de la pi\u00e8ce ? <\/span><\/li>\n<li><span style=\"font-weight: 400\">Le mat\u00e9riau est-il souple, dur, fragile, r\u00e9sistant aux chocs et temp\u00e9ratures ?<\/span><\/li>\n<li><span style=\"font-weight: 400\">Quel mat\u00e9riau choisir en fonction de la forme de la pi\u00e8ce \u00e0 fabriquer ? La forme de la pi\u00e8ce est-elle simple, complexe, allong\u00e9e, plane, d\u00e9formable ?<\/span><\/li>\n<li><span style=\"font-weight: 400\">Quels sont les proc\u00e9d\u00e9s de mise en forme adapt\u00e9s \u00e0 une famille de mat\u00e9riaux ? \u00a0<\/span><\/li>\n<li>Les mat\u00e9riaux sont-ils coll\u00e9s, soud\u00e9s, rivet\u00e9s ? Sont-ils pli\u00e9s, cisaill\u00e9s ? Sont-ils usin\u00e9s, moul\u00e9s ? Sont-ils fabriqu\u00e9s de mani\u00e8re artisanale ou industrielle ?<\/li>\n<\/ul>\n<\/td>\n<\/tr>\n<tr>\n<td style=\"text-align: left\"><strong>Ressources Outils \u00e0 exploiter<\/strong><\/td>\n<td style=\"text-align: left\">\n<ul>\n<li style=\"font-weight: 400\"><span style=\"font-weight: 400\">Diff\u00e9rents objets techniques (ex : v\u00e9lo, trottinette\u2026) du laboratoire de technologie ou apport\u00e9s par l\u2019enseignant.<\/span><\/li>\n<li style=\"font-weight: 400\"><span style=\"font-weight: 400\">Valise d\u2019\u00e9chantillons de mat\u00e9riaux (apport\u00e9s par enseignant ou \u00e9l\u00e8ves).<\/span><\/li>\n<li style=\"font-weight: 400\"><span style=\"font-weight: 400\">Valise avec diff\u00e9rentes formes de pi\u00e8ces avec des mat\u00e9riaux diff\u00e9rents.<\/span><\/li>\n<li style=\"font-weight: 400\">Les machines du laboratoire (cisaille, perceuse, charlyrobot, thermoplieuse\u2026).<\/li>\n<\/ul>\n<\/td>\n<\/tr>\n<tr>\n<td style=\"text-align: left\"><strong>Pistes d\u2019activit\u00e9s<\/strong><\/td>\n<td style=\"text-align: left\">Sur l\u2019objet technique \u00e9tudi\u00e9, sur des exemples d\u2019objets, demander aux \u00e9l\u00e8ves de :<\/p>\n<ul>\n<li style=\"font-weight: 400\"><span style=\"font-weight: 400\">identifier les diff\u00e9rents mat\u00e9riaux pr\u00e9sents,<\/span><\/li>\n<li style=\"font-weight: 400\"><span style=\"font-weight: 400\">classer des \u00e9chantillons de mat\u00e9riaux par famille,<\/span><\/li>\n<li style=\"font-weight: 400\"><span style=\"font-weight: 400\">rep\u00e9rer quel mat\u00e9riau est utilis\u00e9 pour quel usage (v\u00e9lo : selle, cadre, pneu, patin, \u00e9clairage \u2026),<\/span><\/li>\n<li style=\"font-weight: 400\"><span style=\"font-weight: 400\">identifier diff\u00e9rentes formes de pi\u00e8ces en fonction des mat\u00e9riaux (plane, allong\u00e9e, massive, simple, complexe&#8230;),<\/span><\/li>\n<li style=\"font-weight: 400\"><span style=\"font-weight: 400\">rep\u00e9rer sur les mat\u00e9riaux leur proc\u00e9d\u00e9 de fabrication (thermoformage, usinage (per\u00e7age, fraisage), cisaillage, soudure, collage&#8230;),<\/span><\/li>\n<li style=\"font-weight: 400\"><span style=\"font-weight: 400\">diff\u00e9rencier une production industrielle d\u2019une production artisanale.<\/span><\/li>\n<\/ul>\n<\/td>\n<\/tr>\n<tr>\n<td style=\"text-align: left\"><strong>Exemples d\u2019objets<\/strong> <strong>supports<\/strong><\/td>\n<td style=\"text-align: left\">\n<ul>\n<li style=\"font-weight: 400\"><span style=\"font-weight: 400\">Tout type d\u2019objet, sachant qu\u2019il serait int\u00e9ressant d\u2019utiliser celui \u00e9tudi\u00e9 dans les comp\u00e9tences \u201cD\u00e9crire le fonctionnement d\u2019objets techniques, leurs fonctions et leurs constitutions\u201d, \u201cConcevoir et produire tout ou partie d\u2019un objet technique\u201d.<\/span><\/li>\n<li style=\"font-weight: 400\"><span style=\"font-weight: 400\">Objets techniques des moyens de transport, de robotique &#8230;<\/span><\/li>\n<\/ul>\n<\/td>\n<\/tr>\n<\/tbody>\n<\/table>\n<hr \/>\n<h3><span style=\"text-decoration: underline;color: #000000\">Pour aller plus loin<\/span><\/h3>\n<ul>\n<li><a href=\"https:\/\/www.youtube.com\/watch?v=sjAZGUcjrP8\" target=\"_blank\" rel=\"noopener\"><span style=\"font-weight: 400\">Les grandes familles de mat\u00e9riaux composites<\/span><\/a><\/li>\n<li><a href=\"https:\/\/www.youtube.com\/watch?v=0i1Y7UY9XSs\" target=\"_blank\" rel=\"noopener\"><span style=\"font-weight: 400\">Comment c\u2019est fait les bicyclettes en fibres de carbone ?<\/span><\/a><\/li>\n<li><a href=\"https:\/\/www.youtube.com\/watch?v=z0hOJzrD3nk\" target=\"_blank\" rel=\"noopener\"><span style=\"font-weight: 400\">Fabrication d\u2019une pi\u00e8ce d\u2019automobile en fibres de carbone (manuel)<\/span><\/a><\/li>\n<li><a href=\"https:\/\/www.youtube.com\/watch?v=4vYCnMclIdY\" target=\"_blank\" rel=\"noopener\"><span style=\"font-weight: 400\">Fabrication d\u2019une pi\u00e8ce en fibres de carbone par un robot (industriel)<\/span><\/a><\/li>\n<li><a href=\"https:\/\/www.youtube.com\/watch?v=AVzUPmvdoHU\" target=\"_blank\" rel=\"noopener\"><span style=\"font-weight: 400\">Percer, fraiser, tourner une pi\u00e8ce<\/span><\/a><\/li>\n<li><a href=\"https:\/\/www.youtube.com\/watch?v=-NYZIQcILg8\" target=\"_blank\" rel=\"noopener\"><span style=\"font-weight: 400\">Quelques proc\u00e9d\u00e9s de mise en forme des mat\u00e9riaux composites<\/span><\/a><\/li>\n<li><a href=\"http:\/\/www.utc.fr\/~special_m6_fr\/SOUSCHAPITRE_BBD.html\" target=\"_blank\" rel=\"noopener\"><span style=\"font-weight: 400\">Description de quelques proc\u00e9d\u00e9s de mise en forme<\/span><\/a><\/li>\n<li><a href=\"https:\/\/www.youtube.com\/watch?v=-NYZIQcILg8\" target=\"_blank\" rel=\"noopener\"><span style=\"font-weight: 400\">Thermoformage<\/span><\/a><\/li>\n<li><a href=\"https:\/\/www.youtube.com\/watch?v=pGgpnyiF_io\" target=\"_blank\" rel=\"noopener\"><span style=\"font-weight: 400\">Ligne de production automobile<\/span><\/a><\/li>\n<li><span style=\"font-weight: 400\"><a href=\"https:\/\/www.youtube.com\/watch?v=sjAZGUcjrP8\" target=\"_blank\" rel=\"noopener\">Ligne de production robotis\u00e9e<\/a><\/span><\/li>\n<\/ul>\n<hr \/>\n<h3><\/h3>\n","protected":false},"excerpt":{"rendered":"<p>R\u00e9f\u00e9rence au texte officiel THEME : MATERIAUX ET OBJETS TECHNIQUES Connaissances et comp\u00e9tences associ\u00e9es Exemples de situations, d\u2019activit\u00e9s et de ressources pour l\u2019\u00e9l\u00e8ve Identifier les principales familles de mat\u00e9riaux MOT-3a &#8230;<\/p>\n","protected":false},"author":211,"featured_media":0,"parent":0,"menu_order":0,"comment_status":"closed","ping_status":"closed","template":"","meta":{"footnotes":""},"class_list":["post-1644","page","type-page","status-publish","hentry"],"_links":{"self":[{"href":"https:\/\/ent2d.ac-bordeaux.fr\/disciplines\/sti\/wp-json\/wp\/v2\/pages\/1644","targetHints":{"allow":["GET"]}}],"collection":[{"href":"https:\/\/ent2d.ac-bordeaux.fr\/disciplines\/sti\/wp-json\/wp\/v2\/pages"}],"about":[{"href":"https:\/\/ent2d.ac-bordeaux.fr\/disciplines\/sti\/wp-json\/wp\/v2\/types\/page"}],"author":[{"embeddable":true,"href":"https:\/\/ent2d.ac-bordeaux.fr\/disciplines\/sti\/wp-json\/wp\/v2\/users\/211"}],"replies":[{"embeddable":true,"href":"https:\/\/ent2d.ac-bordeaux.fr\/disciplines\/sti\/wp-json\/wp\/v2\/comments?post=1644"}],"version-history":[{"count":0,"href":"https:\/\/ent2d.ac-bordeaux.fr\/disciplines\/sti\/wp-json\/wp\/v2\/pages\/1644\/revisions"}],"wp:attachment":[{"href":"https:\/\/ent2d.ac-bordeaux.fr\/disciplines\/sti\/wp-json\/wp\/v2\/media?parent=1644"}],"curies":[{"name":"wp","href":"https:\/\/api.w.org\/{rel}","templated":true}]}}