{"id":1535,"date":"2016-07-05T14:05:45","date_gmt":"2016-07-05T13:05:45","guid":{"rendered":"http:\/\/blogacabdx.ac-bordeaux.fr\/ressii\/?page_id=1535"},"modified":"2016-07-05T14:05:45","modified_gmt":"2016-07-05T13:05:45","slug":"ressources-s2i","status":"publish","type":"page","link":"https:\/\/ent2d.ac-bordeaux.fr\/disciplines\/sti\/ressources-s2i\/","title":{"rendered":"Ressources p\u00e9dagogiques pour le coll\u00e8ge"},"content":{"rendered":"<p><strong><b>Pour\u00a0\u00eatre accompagn\u00e9 dans sa pratique d&#8217;enseignant avec des propositions d&#8217;exemples p\u00e9dagogiques\u00a0r\u00e9alis\u00e9s dans l&#8217;acad\u00e9mie de Bordeaux\u00a0pour la rentr\u00e9e 2016<\/b><\/strong><\/p>\n<p>&nbsp;<\/p>\n<hr \/>\n<h2><strong><a class=\"cboxElement\" href=\"https:\/\/ent2d.ac-bordeaux.fr\/disciplines\/stidev\/wp-content\/uploads\/sites\/62\/2016\/07\/logo_dgesco.jpg\" rel=\"lightbox-0 lightbox-0\"><img loading=\"lazy\" decoding=\"async\" class=\"wp-image-2627 size-medium alignright\" src=\"https:\/\/blogacabdx.ac-bordeaux.fr\/ressii\/wp-content\/uploads\/sites\/10\/2016\/07\/logo_dgesco-300x72.jpg\" width=\"300\" height=\"72\" \/><\/a><\/strong><\/h2>\n<hr \/>\n<h2><strong>Sciences et Technologie Cycle 3<\/strong><\/h2>\n<p>&nbsp;<\/p>\n<hr \/>\n<p><em><strong>En pr\u00e9paration &#8230;<\/strong><\/em><\/p>\n<hr \/>\n<h3><\/h3>\n<p>&nbsp;<\/p>\n<hr \/>\n<h2><strong><a class=\"cboxElement\" href=\"https:\/\/ent2d.ac-bordeaux.fr\/disciplines\/stidev\/wp-content\/uploads\/sites\/62\/2016\/07\/logo_DGESCO-Cycle4.jpg\" rel=\"lightbox-0 lightbox-1\"><img loading=\"lazy\" decoding=\"async\" class=\"wp-image-2628 size-medium alignright\" src=\"https:\/\/blogacabdx.ac-bordeaux.fr\/ressii\/wp-content\/uploads\/sites\/10\/2016\/07\/logo_DGESCO-Cycle4-300x70.jpg\" width=\"300\" height=\"70\" \/><\/a><\/strong><\/h2>\n<hr \/>\n<h2><strong>Technologie Cycle 4<\/strong><\/h2>\n<p>&nbsp;<\/p>\n<h3><\/h3>\n<hr \/>\n<h3>Exemples de tableaux de progression\u00a0au Cycle 4<\/h3>\n<p><strong><img loading=\"lazy\" decoding=\"async\" class=\"size-full wp-image-3122 alignleft\" src=\"https:\/\/ent2d.ac-bordeaux.fr\/disciplines\/stidev\/wp-content\/uploads\/sites\/62\/2016\/08\/synth\u00e8se_nationale_c4.jpg\" alt=\"synth\u00e8se_nationale_c4\" width=\"290\" height=\"128\" \/>Synth\u00e8se de la progression nationale\u00a0<\/strong><\/p>\n<p><a href=\"http:\/\/sti.ac-bordeaux.fr\/techno\/docsp2016\/MCC_nationale1.xlsx\">Format\u00a0xlsx<\/a><\/p>\n<p><a href=\"http:\/\/sti.ac-bordeaux.fr\/techno\/docsp2016\/MCC_nationale.ods\">Format\u00a0ods<\/a><\/p>\n<p>&nbsp;<\/p>\n<p>&nbsp;<\/p>\n<p>&nbsp;<\/p>\n<hr \/>\n<h3>Exemples de s\u00e9quences p\u00e9dagogiques au cycle 4<\/h3>\n<div id=\"main-wrapper\">\n<div id=\"main\" role=\"main\">\n<div id=\"nodeDecoration\">\n<h1 id=\"nodeTitle\">S\u00e9quences p\u00e9dagogiques<\/h1>\n<\/div>\n<div id=\"id341\" class=\"iDevice_wrapper FreeTextIdevice\">\n<div class=\"iDevice emphasis0\">\n<div id=\"ta341_85\" class=\"block iDevice_content\">\n<table border=\"1\" cellspacing=\"2\">\n<tbody>\n<tr>\n<td colspan=\"3\"><img loading=\"lazy\" decoding=\"async\" class=\"alignnone size-medium wp-image-5235\" src=\"https:\/\/ent2d.ac-bordeaux.fr\/disciplines\/stidev\/wp-content\/uploads\/sites\/62\/2016\/07\/logo_DGESCO.1-300x70.jpg\" alt=\"\" width=\"300\" height=\"70\" srcset=\"https:\/\/ent2d.ac-bordeaux.fr\/disciplines\/sti\/wp-content\/uploads\/sites\/62\/2016\/07\/logo_DGESCO.1-300x70.jpg 300w, https:\/\/ent2d.ac-bordeaux.fr\/disciplines\/sti\/wp-content\/uploads\/sites\/62\/2016\/07\/logo_DGESCO.1.jpg 469w\" sizes=\"auto, (max-width: 300px) 100vw, 300px\" \/><\/p>\n<h2><strong><a title=\"Couverture des comp\u00e9tences et connaissances associ\u00e9es sur le cycle\" href=\"http:\/\/sti.ac-bordeaux.fr\/techno\/seq17\/m1_MCC.xlsx\" target=\"_blank\" rel=\"noopener\">Tableau &#8220;MCC&#8221; de progression des s\u00e9quences propos\u00e9es <\/a><\/strong><\/h2>\n<p>(couverture des comp\u00e9tences et\u00a0connaissances associ\u00e9es sur le cycle)<\/p>\n<p>Les s\u00e9quences propos\u00e9es sont r\u00e9alis\u00e9es \u00e0 l&#8217;aide\u00a0<a href=\"http:\/\/exelearning.net\/descargas\/\" target=\"_blank\" rel=\"noopener\">d&#8217;eXeLearning<\/a><\/p>\n<p><a href=\"http:\/\/exelearning.net\/descargas\/\" target=\"_blank\" rel=\"noopener\">T\u00e9l\u00e9chargement et installation d&#8217;eXeLearning<\/a><\/p>\n<p><a href=\"http:\/\/sti.ac-bordeaux.fr\/techno\/for_dune\/fonctionnalits.html\" target=\"_blank\" rel=\"noopener\">Anciens tutoriels d&#8217;eXeLearning<\/a><\/td>\n<\/tr>\n<tr>\n<td rowspan=\"4\">\n<h2><img loading=\"lazy\" decoding=\"async\" class=\"alignnone size-full wp-image-5236\" src=\"https:\/\/ent2d.ac-bordeaux.fr\/disciplines\/stidev\/wp-content\/uploads\/sites\/62\/2016\/07\/cycle4_5.jpg\" alt=\"\" width=\"295\" height=\"106\" \/><\/h2>\n<p><a href=\"http:\/\/sti.ac-bordeaux.fr\/techno\/seq17\/masque_fiches_lves.html\">Masque fiches \u00e9l\u00e8ves<\/a><\/td>\n<td colspan=\"2\" align=\"center\" valign=\"middle\"><strong>S\u00e9quence : Comment rendre le conteneur\u00a0habitable ?\u00a0<\/strong><\/td>\n<\/tr>\n<tr>\n<td>\n<p style=\"text-align: left\">S\u00e9quence 0 \u00e0 4 : Du CDCF aux plans int\u00e9rieurs\u00a0(sur papier) :<\/p>\n<ul>\n<li class=\"sfhover\" style=\"text-align: left\"><a class=\"daddy\" href=\"http:\/\/sti.ac-bordeaux.fr\/techno\/seq17\/c4\/conteneur\/04\/sance_0__problmatique.html\" target=\"_blank\" rel=\"noopener\">S\u00e9ance 0 : Probl\u00e9matique<\/a><\/li>\n<li class=\"sfout\" style=\"text-align: left\"><a class=\"daddy\" href=\"http:\/\/sti.ac-bordeaux.fr\/techno\/seq17\/c4\/conteneur\/04\/sance_1__identifier_le_cahier_des_charges.html\" target=\"_blank\" rel=\"noopener\">S\u00e9ance 1 : Identifier le cahier des charges<\/a><\/li>\n<li class=\"sfout\" style=\"text-align: left\"><a class=\"daddy\" href=\"http:\/\/sti.ac-bordeaux.fr\/techno\/seq17\/c4\/conteneur\/04\/sance_2__associer_les_fonctions_et_les_solutions_techniques.html\" target=\"_blank\" rel=\"noopener\">S\u00e9ance 2 : Associer les fonctions et les solutions techniques<\/a><\/li>\n<li class=\"sfout\" style=\"text-align: left\"><a class=\"daddy\" href=\"http:\/\/sti.ac-bordeaux.fr\/techno\/seq17\/c4\/conteneur\/04\/sance_3__isoler_du_bruit.html\" target=\"_blank\" rel=\"noopener\">S\u00e9ance 3 : Isoler du bruit<\/a><\/li>\n<li class=\"sfout\" style=\"text-align: left\"><a class=\"daddy\" href=\"http:\/\/sti.ac-bordeaux.fr\/techno\/seq17\/c4\/conteneur\/04\/sance_4__organiser_lamnagement_intrieur.html\" target=\"_blank\" rel=\"noopener\">S\u00e9ance 4 : Organiser l&#8217;am\u00e9nagement int\u00e9rieur<\/a><\/li>\n<li class=\"sfout\" style=\"text-align: left\"><a class=\"no-ch\" href=\"http:\/\/sti.ac-bordeaux.fr\/techno\/seq17\/c4\/conteneur\/04\/sance_de_remdiation.html\" target=\"_blank\" rel=\"noopener\">S\u00e9ance de rem\u00e9diation<\/a><\/li>\n<\/ul>\n<\/td>\n<td align=\"center\" valign=\"middle\"><a href=\"http:\/\/sti.ac-bordeaux.fr\/techno\/seq17\/c4\/conteneur\/04\" target=\"_blank\" rel=\"noopener\"><strong>Voir<\/strong><\/a><\/p>\n<p><strong>ou<\/strong><\/p>\n<p><strong>\u00a0<\/strong><a href=\"http:\/\/sti.ac-bordeaux.fr\/techno\/seq17\/c4\/exe\/Conteneur_CDCF_plans.elp\" target=\"_blank\" rel=\"noopener\"><strong>T\u00e9l\u00e9charger<\/strong><\/a><\/td>\n<\/tr>\n<tr>\n<td>S\u00e9quence 5 \u00e0 8 :\u00a0Comment mod\u00e9liser l&#8217;am\u00e9nagement\u00a0(Sweet Home)\u00a0l&#8217;agencement de 6 conteneurs (Google Sketchup)\u00a0simuler l&#8217;implantation sur le terrain (QRCode, RA) ?<\/p>\n<ul>\n<li class=\"sfout\" style=\"text-align: left\"><a class=\"daddy\" href=\"http:\/\/sti.ac-bordeaux.fr\/techno\/seq17\/c4\/conteneur\/58\/sance_5__modliser_lamnagement_intrieur.html\" target=\"_blank\" rel=\"noopener\">S\u00e9ance 5 : Mod\u00e9liser l&#8217;am\u00e9nagement int\u00e9rieur<\/a><\/li>\n<li class=\"sfout\" style=\"text-align: left\"><a class=\"daddy\" href=\"http:\/\/sti.ac-bordeaux.fr\/techno\/seq17\/c4\/conteneur\/58\/sance_6__reprer_le_terrrain.html\" target=\"_blank\" rel=\"noopener\">S\u00e9ance 6 : Rep\u00e9rer le terrain<\/a><\/li>\n<li class=\"sfout\" style=\"text-align: left\"><a class=\"daddy\" href=\"http:\/\/sti.ac-bordeaux.fr\/techno\/seq17\/c4\/conteneur\/58\/sance_7__modliser_lagencement_extrieur.html\" target=\"_blank\" rel=\"noopener\">S\u00e9ance 7 : Mod\u00e9liser l&#8217;agencement ext\u00e9rieur<\/a><\/li>\n<li class=\"sfout\" style=\"text-align: left\"><a class=\"daddy\" href=\"http:\/\/sti.ac-bordeaux.fr\/techno\/seq17\/c4\/conteneur\/58\/sance_8__simuler_limplantation_sur_le_terrain.html\" target=\"_blank\" rel=\"noopener\">S\u00e9ance 8 : Simuler l&#8217;implantation sur le terrain<\/a><\/li>\n<\/ul>\n<\/td>\n<td align=\"center\" valign=\"middle\"><a href=\"http:\/\/sti.ac-bordeaux.fr\/techno\/seq17\/c4\/conteneur\/58\" target=\"_blank\" rel=\"noopener\"><strong>Voir<\/strong><\/a><\/p>\n<p><strong>ou<\/strong><\/p>\n<p><strong>\u00a0<\/strong><a href=\"http:\/\/sti.ac-bordeaux.fr\/techno\/seq17\/c4\/exe\/Conteneur_modelisation.elp\" target=\"_blank\" rel=\"noopener\"><strong>T\u00e9l\u00e9charger<\/strong><\/a><\/td>\n<\/tr>\n<tr>\n<td><strong>S\u00e9quence : Les ponts<\/strong><\/p>\n<ul>\n<li class=\"sfhover\" style=\"text-align: left\"><a class=\"no-ch\" href=\"http:\/\/sti.ac-bordeaux.fr\/techno\/seq17\/c4\/pont\/le_nouveau_pont_de_bordeaux.html\" target=\"_blank\" rel=\"noopener\">Le nouveau pont de Bordeaux<\/a><\/li>\n<li class=\"sfout\" style=\"text-align: left\"><a class=\"no-ch\" href=\"http:\/\/sti.ac-bordeaux.fr\/techno\/seq17\/c4\/pont\/squence_1.html\" target=\"_blank\" rel=\"noopener\">S\u00e9quence 1<\/a><\/li>\n<li class=\"sfout\" style=\"text-align: left\"><a class=\"daddy\" href=\"http:\/\/sti.ac-bordeaux.fr\/techno\/seq17\/c4\/pont\/sance_1__problmatique.html\" target=\"_blank\" rel=\"noopener\">S\u00e9ance 1 : Probl\u00e9matique<\/a><\/li>\n<li class=\"sfout\" style=\"text-align: left\"><a class=\"daddy\" href=\"http:\/\/sti.ac-bordeaux.fr\/techno\/seq17\/c4\/pont\/sance_2_et_3__quels_sont_les_ponts_dj_existants_.html\" target=\"_blank\" rel=\"noopener\">S\u00e9ance 2 et 3 : Quels sont les ponts d\u00e9j\u00e0 existants ?<\/a><\/li>\n<li class=\"sfout\" style=\"text-align: left\"><a class=\"no-ch\" href=\"http:\/\/sti.ac-bordeaux.fr\/techno\/seq17\/c4\/pont\/squence_2.html\" target=\"_blank\" rel=\"noopener\">S\u00e9quence 2<\/a><\/li>\n<li class=\"sfout\" style=\"text-align: left\"><a class=\"daddy\" href=\"http:\/\/sti.ac-bordeaux.fr\/techno\/seq17\/c4\/pont\/sance_4__o_construire_le_nouveau_pont__et_quel_type_de_pont_.html\" target=\"_blank\" rel=\"noopener\">S\u00e9ance 4 : O\u00f9 construire le nouveau pont ? Et quel type de pont ?<\/a><\/li>\n<li class=\"sfout\" style=\"text-align: left\"><a class=\"daddy\" href=\"http:\/\/sti.ac-bordeaux.fr\/techno\/seq17\/c4\/pont\/sance_5_et_6__comment_prsenter_mon_projet_.html\" target=\"_blank\" rel=\"noopener\">S\u00e9ance 5 et 6 : comment pr\u00e9senter mon projet ?<\/a><\/li>\n<li class=\"sfout\" style=\"text-align: left\"><a class=\"no-ch\" href=\"http:\/\/sti.ac-bordeaux.fr\/techno\/seq17\/c4\/pont\/squence_3.html\" target=\"_blank\" rel=\"noopener\">S\u00e9quence 3<\/a><\/li>\n<li class=\"sfout\" style=\"text-align: left\"><a class=\"daddy\" href=\"http:\/\/sti.ac-bordeaux.fr\/techno\/seq17\/c4\/pont\/sance_7_et_8__automatisation_de_louverture_et_de_la_fermeture_du_pont.html\" target=\"_blank\" rel=\"noopener\">S\u00e9ance 7 et 8 : automatisation de l&#8217;ouverture et de la fermeture du pont<\/a><\/li>\n<li class=\"sfout\" style=\"text-align: left\"><a class=\"daddy\" href=\"http:\/\/sti.ac-bordeaux.fr\/techno\/seq17\/c4\/pont\/sance_7_et_8_bis_dplacement_des_navettes.html\" target=\"_blank\" rel=\"noopener\">s\u00e9ance 7 et 8 bis d\u00e9placement des navettes<\/a><\/li>\n<\/ul>\n<\/td>\n<td align=\"center\" valign=\"middle\"><a title=\"S\u00e9quence 5\u00e8me : Le nouveau pont de Bordeaux\" href=\"http:\/\/sti.ac-bordeaux.fr\/techno\/seq17\/c4\/pont\/\" target=\"_blank\" rel=\"noopener\"><strong>Voir<\/strong><\/a><\/p>\n<p><strong>ou<\/strong><\/p>\n<p><a title=\"S\u00e9quence 5\u00e8me : Le nouveau pont de Bordeaux format ELP\" href=\"http:\/\/sti.ac-bordeaux.fr\/techno\/seq17\/c4\/exe\/pont.elp\" target=\"_blank\" rel=\"noopener\"><strong>T\u00e9l\u00e9chager<\/strong><\/a><\/td>\n<\/tr>\n<tr>\n<td rowspan=\"2\"><img loading=\"lazy\" decoding=\"async\" class=\"alignnone size-full wp-image-5237\" src=\"https:\/\/ent2d.ac-bordeaux.fr\/disciplines\/stidev\/wp-content\/uploads\/sites\/62\/2016\/07\/cycle4_4.jpg\" alt=\"\" width=\"295\" height=\"106\" \/><\/p>\n<p><a href=\"http:\/\/sti.ac-bordeaux.fr\/techno\/seq17\/masque_fiches_lves.html\">Masque fiches \u00e9l\u00e8ves<\/a><\/td>\n<td align=\"center\" valign=\"middle\"><strong>S\u00e9quence :\u00a0Comment ouvrir et fermer un espace clos ?<\/strong><\/p>\n<ul>\n<li id=\"active\" class=\"sfhover\" style=\"text-align: left\"><a class=\"active no-ch\" href=\"http:\/\/sti.ac-bordeaux.fr\/techno\/seq17\/c4\/portail\/portail_coulissant_automatis.html\" target=\"_blank\" rel=\"noopener\">Portail coulissant automatis\u00e9<\/a><\/li>\n<li class=\"sfout\" style=\"text-align: left\"><a class=\"daddy\" href=\"http:\/\/sti.ac-bordeaux.fr\/techno\/seq17\/c4\/portail\/squence_1__comment_ouvrir_et_fermer_un_espace_clos_.html\" target=\"_blank\" rel=\"noopener\">S\u00e9quence 1 : Comment ouvrir et fermer un espace clos ?<\/a><\/li>\n<li class=\"sfout\" style=\"text-align: left\"><a class=\"daddy\" href=\"http:\/\/sti.ac-bordeaux.fr\/techno\/seq17\/c4\/portail\/squence_2__comment_transformer_lnergie_lectrique_en_nergie_mcanique_pour_dplacer_le_portail_.html\" target=\"_blank\" rel=\"noopener\">S\u00e9quence 2 : comment transformer l&#8217;\u00e9nergie \u00e9lectrique en \u00e9nergie m\u00e9canique pour d\u00e9placer le portail ?<\/a><\/li>\n<li class=\"sfout\" style=\"text-align: left\"><a class=\"daddy\" href=\"http:\/\/sti.ac-bordeaux.fr\/techno\/seq17\/c4\/portail\/squence_3__comment_automatiser_le_portail_.html\" target=\"_blank\" rel=\"noopener\">S\u00e9quence 3 : Comment automatiser le portail ?<\/a><\/li>\n<\/ul>\n<\/td>\n<td align=\"center\" valign=\"middle\"><a href=\"http:\/\/sti.ac-bordeaux.fr\/techno\/seq17\/c4\/portail\/index.html\" target=\"_blank\" rel=\"noopener\"><strong>Voir<\/strong><\/a><\/p>\n<p><strong>ou<\/strong><\/p>\n<p><a title=\"S\u00e9quence 3\u00e8me : la voiture autonome au format ELP\" href=\"http:\/\/sti.ac-bordeaux.fr\/techno\/seq17\/c4\/exe\/portail.elp\" target=\"_blank\" rel=\"noopener\"><strong>T\u00e9l\u00e9charger<\/strong><\/a><\/td>\n<\/tr>\n<tr>\n<td align=\"center\" valign=\"middle\"><strong class=\"no-ch\">S\u00e9quence : Comment programmer un \u00e9clairage automatique ?<\/strong><\/p>\n<ul>\n<li class=\"sfhover\" style=\"text-align: left\"><a class=\"no-ch\" href=\"http:\/\/sti.ac-bordeaux.fr\/techno\/seq17\/c4\/Eclairage_auto\/squence__comment_programmer_un_clairage_automatique_.html\" target=\"_blank\" rel=\"noopener\">S\u00e9quence : Comment programmer un \u00e9clairage automatique ?<\/a><\/li>\n<li class=\"sfout\" style=\"text-align: left\"><a class=\"daddy\" href=\"http:\/\/sti.ac-bordeaux.fr\/techno\/seq17\/c4\/Eclairage_auto\/sance_1__questce_quun_systme_automatique_.html\" target=\"_blank\" rel=\"noopener\">S\u00e9ance 1 : Qu&#8217;est-ce qu&#8217;un syst\u00e8me automatique ?<\/a><\/li>\n<li class=\"sfout\" style=\"text-align: left\"><a class=\"daddy\" href=\"http:\/\/sti.ac-bordeaux.fr\/techno\/seq17\/c4\/Eclairage_auto\/sance_2__comment_est_constitu_un_systme_automatique_.html\" target=\"_blank\" rel=\"noopener\">S\u00e9ance 2 : Comment est constitu\u00e9 un syst\u00e8me automatique ?<\/a><\/li>\n<li class=\"sfout\" style=\"text-align: left\"><a class=\"daddy\" href=\"http:\/\/sti.ac-bordeaux.fr\/techno\/seq17\/c4\/Eclairage_auto\/sance_3__comment_crire_le_programme_dun_systme_automatique_.html\" target=\"_blank\" rel=\"noopener\">S\u00e9ance 3 : Comment \u00e9crire le programme d&#8217;un syst\u00e8me automatique ?<\/a><\/li>\n<li class=\"sfout\" style=\"text-align: left\"><a class=\"no-ch\" href=\"http:\/\/sti.ac-bordeaux.fr\/techno\/seq17\/c4\/Eclairage_auto\/exemple_dvaluation.html\" target=\"_blank\" rel=\"noopener\">Exemple d&#8217;\u00e9valuation<\/a><\/li>\n<\/ul>\n<\/td>\n<td align=\"center\" valign=\"middle\"><a href=\"http:\/\/sti.ac-bordeaux.fr\/techno\/seq17\/c4\/Eclairage_auto\/index.html\" target=\"_blank\" rel=\"noopener\"><strong>Voir<\/strong><\/a><\/p>\n<p><strong>ou<\/strong><\/p>\n<p><a title=\"S\u00e9quence 3\u00e8me : la voiture autonome au format ELP\" href=\"http:\/\/sti.ac-bordeaux.fr\/techno\/seq17\/c4\/exe\/Eclairage_auto.elp\" target=\"_blank\" rel=\"noopener\"><strong>T\u00e9l\u00e9charger<\/strong><\/a><\/td>\n<\/tr>\n<tr>\n<td rowspan=\"3\"><img loading=\"lazy\" decoding=\"async\" class=\"alignnone size-full wp-image-5238\" src=\"https:\/\/ent2d.ac-bordeaux.fr\/disciplines\/stidev\/wp-content\/uploads\/sites\/62\/2016\/07\/cycle4_3.jpg\" alt=\"\" width=\"295\" height=\"106\" \/><\/p>\n<p><a href=\"http:\/\/sti.ac-bordeaux.fr\/techno\/seq17\/masque_fiches_lves.html\">Masque fiches \u00e9l\u00e8ves<\/a><\/td>\n<td align=\"center\" valign=\"middle\"><strong>S\u00e9quence : La voiture autonome<\/strong><\/p>\n<ul>\n<li class=\"sfout\" style=\"text-align: left\"><a class=\"no-ch\" href=\"http:\/\/sti.ac-bordeaux.fr\/techno\/seq17\/c4\/va\/squence_voiture_autonome_en_3me.html\" target=\"_blank\" rel=\"noopener\">S\u00e9quence Voiture autonome en 3\u00e8me<\/a><\/li>\n<li class=\"sfout\" style=\"text-align: left\"><a class=\"no-ch\" href=\"http:\/\/sti.ac-bordeaux.fr\/techno\/seq17\/c4\/va\/mise_en_situation.html\" target=\"_blank\" rel=\"noopener\">Mise en situation<\/a><\/li>\n<li class=\"sfhover\" style=\"text-align: left\"><a class=\"daddy\" href=\"http:\/\/sti.ac-bordeaux.fr\/techno\/seq17\/c4\/va\/sance_1__problmatique_autour_de_la_voiture_sans_conducteur.html\" target=\"_blank\" rel=\"noopener\">S\u00e9ance -1- : Probl\u00e9matique autour de la voiture sans conducteur.<\/a><\/li>\n<li class=\"sfout\" style=\"text-align: left\"><a class=\"daddy\" href=\"http:\/\/sti.ac-bordeaux.fr\/techno\/seq17\/c4\/va\/sance_2__comment_assurer_les_fonctions_de_base_de_la_voiture_sans_conducteur_.html\" target=\"_blank\" rel=\"noopener\">S\u00e9ance -2- : Comment assurer les fonctions de base de la voiture sans conducteur ?<\/a><\/li>\n<li class=\"sfout\" style=\"text-align: left\"><a class=\"daddy\" href=\"http:\/\/sti.ac-bordeaux.fr\/techno\/seq17\/c4\/va\/sance_3_eviter_les_accidents.html\" target=\"_blank\" rel=\"noopener\">S\u00e9ance -3- Eviter les accidents.<\/a><\/li>\n<li class=\"sfout\" style=\"text-align: left\"><a class=\"daddy\" href=\"http:\/\/sti.ac-bordeaux.fr\/techno\/seq17\/c4\/va\/sance_4_circuler_dans_un_environnement_complexe.html\" target=\"_blank\" rel=\"noopener\">S\u00e9ance -4- Circuler dans un environnement complexe.<\/a><\/li>\n<li class=\"sfout\" style=\"text-align: left\"><a class=\"no-ch\" href=\"http:\/\/sti.ac-bordeaux.fr\/techno\/seq17\/c4\/va\/sance_tampon.html\" target=\"_blank\" rel=\"noopener\">S\u00e9ance tampon<\/a><\/li>\n<\/ul>\n<\/td>\n<td align=\"center\" valign=\"middle\"><a title=\"S\u00e9quence 3\u00e8me : la voiture autonome\" href=\"http:\/\/sti.ac-bordeaux.fr\/techno\/seq17\/c4\/va\/\" target=\"_blank\" rel=\"noopener\"><strong>Voir<\/strong><\/a><\/p>\n<p><strong>ou<\/strong><\/p>\n<p><a title=\"S\u00e9quence 3\u00e8me : la voiture autonome au format ELP\" href=\"http:\/\/sti.ac-bordeaux.fr\/techno\/seq17\/c4\/exe\/va.elp\" target=\"_blank\" rel=\"noopener\"><strong>T\u00e9l\u00e9charger<\/strong><\/a><\/td>\n<\/tr>\n<tr>\n<td rowspan=\"2\"><strong>S\u00e9quence :\u00a0Conna\u00eetre l&#8217;\u00e9volution des robots dans la soci\u00e9t\u00e9<\/strong><\/p>\n<ul>\n<li class=\"sfhover\"><a class=\"no-ch\" href=\"http:\/\/sti.ac-bordeaux.fr\/techno\/seq17\/c4\/evol_robots\/connatre_lvolution_des_robots_dans_la_socit.html\" target=\"_blank\" rel=\"noopener\">Conna\u00eetre l&#8217;\u00e9volution des robots dans la soci\u00e9t\u00e9<\/a><\/li>\n<li class=\"sfout\"><a class=\"daddy\" href=\"http:\/\/sti.ac-bordeaux.fr\/techno\/seq17\/c4\/evol_robots\/sance_1__problmatique.html\" target=\"_blank\" rel=\"noopener\">S\u00e9ance 1 : Probl\u00e9matique<\/a><\/li>\n<li class=\"sfout\"><a class=\"daddy\" href=\"http:\/\/sti.ac-bordeaux.fr\/techno\/seq17\/c4\/evol_robots\/sance_2__ligne_de_robots.html\" target=\"_blank\" rel=\"noopener\">S\u00e9ance 2 : Lign\u00e9e de robots<\/a><\/li>\n<li class=\"sfout\"><a class=\"daddy\" href=\"http:\/\/sti.ac-bordeaux.fr\/techno\/seq17\/c4\/evol_robots\/sance_3__famille_de_robots_et_cycle_de_vie.html\" target=\"_blank\" rel=\"noopener\">S\u00e9ance 3 : Famille de robots et cycle de vie<\/a><\/li>\n<li class=\"sfout\"><a class=\"daddy\" href=\"http:\/\/sti.ac-bordeaux.fr\/techno\/seq17\/c4\/evol_robots\/sance_4__impact_sur_la_socit.html\" target=\"_blank\" rel=\"noopener\">S\u00e9ance 4 : Impact sur la soci\u00e9t\u00e9<\/a><\/li>\n<li class=\"sfout\"><a class=\"no-ch\" href=\"http:\/\/sti.ac-bordeaux.fr\/techno\/seq17\/c4\/evol_robots\/sance_tampon.html\" target=\"_blank\" rel=\"noopener\">S\u00e9ance tampon<\/a><\/li>\n<\/ul>\n<\/td>\n<td rowspan=\"2\" align=\"center\" valign=\"middle\"><a title=\"S\u00e9quence 3\u00e8me : L'\u00e9volution de la robotique\" href=\"http:\/\/sti.ac-bordeaux.fr\/techno\/seq17\/c4\/evol_robots\/\" target=\"_blank\" rel=\"noopener\"><strong>Voir<\/strong><\/a><\/p>\n<p style=\"text-align: center\"><strong>ou<\/strong><\/p>\n<p style=\"text-align: center\"><a title=\"S\u00e9quence 3\u00e8me : L'\u00e9volution de la robotique au format ELP\" href=\"http:\/\/sti.ac-bordeaux.fr\/techno\/seq17\/c4\/exe\/evolution_robots.elp\" target=\"_blank\" rel=\"noopener\"><strong>T\u00e9l\u00e9charger<\/strong><\/a><\/p>\n<\/td>\n<\/tr>\n<\/tbody>\n<\/table>\n<\/div>\n<\/div>\n<\/div>\n<\/div>\n<\/div>\n<div id=\"bottomPagination\"><\/div>\n<p>&nbsp;<\/p>\n<hr \/>\n<h3><a href=\"https:\/\/view.officeapps.live.com\/op\/view.aspx?src=http:\/\/sti.ac-bordeaux.fr\/techno\/j8\/Differentiation_pedagogique.docx\" target=\"_blank\" rel=\"noopener\"><u><span style=\"color: #0066cc\">Exemple de s\u00e9quence p\u00e9dagogique avec rem\u00e9diation \/ diff\u00e9rentiation <\/span><\/u><\/a><\/h3>\n<p><a href=\"https:\/\/view.officeapps.live.com\/op\/view.aspx?src=http:\/\/sti.ac-bordeaux.fr\/techno\/j8\/Differentiation_pedagogique.docx\"><img loading=\"lazy\" decoding=\"async\" class=\"alignleft wp-image-4845 size-medium\" src=\"https:\/\/ent2d.ac-bordeaux.fr\/disciplines\/stidev\/wp-content\/uploads\/sites\/62\/2016\/07\/DifferentiationPedagogiqueTechnologie-212x300.jpg\" alt=\"\" width=\"212\" height=\"300\" srcset=\"https:\/\/ent2d.ac-bordeaux.fr\/disciplines\/sti\/wp-content\/uploads\/sites\/62\/2016\/07\/DifferentiationPedagogiqueTechnologie-212x300.jpg 212w, https:\/\/ent2d.ac-bordeaux.fr\/disciplines\/sti\/wp-content\/uploads\/sites\/62\/2016\/07\/DifferentiationPedagogiqueTechnologie.jpg 464w\" sizes=\"auto, (max-width: 212px) 100vw, 212px\" \/><\/a><\/p>\n<p><b>La classe est organis\u00e9e en groupe de cinq \u00e9l\u00e8ves qui collaborent pour r\u00e9soudre le probl\u00e8me pos\u00e9.\u00a0Les activit\u00e9s en groupes doivent permettre de valoriser tous les \u00e9l\u00e8ves. C\u2019est pourquoi le professeur organise les groupes afin que tous puissent prendre la parole et jouer un r\u00f4le actif. Sur une p\u00e9riodicit\u00e9 qui d\u00e9pend des activit\u00e9s (au moins trois s\u00e9ances) chaque \u00e9l\u00e8ve prend le r\u00f4le d\u2019animateur, secr\u00e9taire et gestionnaire. (Voir site acad\u00e9mique : \u00ab Apprentissage Par Probl\u00e8me \u2013 APP \u00bb Les deux s\u00e9quences pr\u00e9sent\u00e9es sont pr\u00e9sentes sur le site acad\u00e9mique r\u00e9f\u00e9renc\u00e9 ci-dessous. Les remarques en bleu rel\u00e8vent de la diff\u00e9rentiation p\u00e9dagogique, celles en rouge d\u2019une possibilit\u00e9 d\u2019AP.<\/b><\/p>\n<p>&nbsp;<\/p>\n<p>&nbsp;<\/p>\n<p>&nbsp;<\/p>\n<p>&nbsp;<\/p>\n<p>&nbsp;<\/p>\n<p>&nbsp;<\/p>\n<h2><strong><a href=\"https:\/\/ent2d.ac-bordeaux.fr\/disciplines\/stidev\/wp-content\/uploads\/sites\/62\/2016\/08\/Epia.jpg\"><img loading=\"lazy\" decoding=\"async\" class=\"wp-image-3036 size-medium alignright\" src=\"https:\/\/ent2d.ac-bordeaux.fr\/disciplines\/stidev\/wp-content\/uploads\/sites\/62\/2016\/08\/Epia-300x66.jpg\" width=\"300\" height=\"66\" \/><\/a><\/strong><\/h2>\n<hr \/>\n<hr \/>\n<h2><strong>Enseignement Pratiques Interdisciplinaires &#8211; EPI<\/strong><\/h2>\n<hr \/>\n<h3>Exemple\u00a0 d&#8217;EPI\u00a0associant la Technologie<\/h3>\n<p><a href=\"https:\/\/ent2d.ac-bordeaux.fr\/disciplines\/stidev\/wp-content\/uploads\/sites\/62\/2016\/08\/Exemple-Epi-Evolutions-et-Revolutions.pptx\" target=\"_blank\" rel=\"noopener\"><img loading=\"lazy\" decoding=\"async\" class=\"size-full wp-image-3039 alignleft\" src=\"https:\/\/ent2d.ac-bordeaux.fr\/disciplines\/stidev\/wp-content\/uploads\/sites\/62\/2016\/08\/ExempleEpi.jpg\" alt=\"ExempleEpi\" width=\"300\" height=\"168\" \/><\/a><\/p>\n<p><a href=\"https:\/\/ent2d.ac-bordeaux.fr\/disciplines\/stidev\/wp-content\/uploads\/sites\/62\/2016\/08\/Exemple-Epi-Evolutions-et-Revolutions.pptx\" target=\"_blank\" rel=\"noopener\"><strong>EPI &#8211;\u00a0 &#8220;Evolutions et r\u00e9volutions&#8221;\u00a0:<\/strong><\/a><\/p>\n<p><a href=\"https:\/\/ent2d.ac-bordeaux.fr\/disciplines\/stidev\/wp-content\/uploads\/sites\/62\/2016\/08\/Exemple-Epi-Evolutions-et-Revolutions.pptx\" target=\"_blank\" rel=\"noopener\"><strong>Cahier des charges<\/strong><\/a><br \/>\n<a href=\"https:\/\/ent2d.ac-bordeaux.fr\/disciplines\/stidev\/wp-content\/uploads\/sites\/62\/2016\/08\/Exemple-Epi-Evolutions-et-Revolutions.pptx\" target=\"_blank\" rel=\"noopener\"><strong>Sc\u00e9nario de l&#8217;Epi<\/strong><\/a><br \/>\n<a href=\"https:\/\/ent2d.ac-bordeaux.fr\/disciplines\/stidev\/wp-content\/uploads\/sites\/62\/2016\/08\/carnet-de-bord-EPI-evolutions-revolutions.pdf\" target=\"_blank\" rel=\"noopener\"><strong>Carnet de bord<\/strong><\/a><\/p>\n<p><a href=\"https:\/\/ent2d.ac-bordeaux.fr\/disciplines\/stidev\/wp-content\/uploads\/sites\/62\/2016\/08\/Exemple-Epi-Evolutions-et-Revolutions.pdf\" target=\"_blank\" rel=\"noopener\">Parcours Avenir<\/a><\/p>\n<p>&nbsp;<\/p>\n","protected":false},"excerpt":{"rendered":"<p>Pour\u00a0\u00eatre accompagn\u00e9 dans sa pratique d&#8217;enseignant avec des propositions d&#8217;exemples p\u00e9dagogiques\u00a0r\u00e9alis\u00e9s dans l&#8217;acad\u00e9mie de Bordeaux\u00a0pour la rentr\u00e9e 2016 &nbsp; Sciences et Technologie Cycle 3 &nbsp; En pr\u00e9paration &#8230; &nbsp; Technologie &#8230;<\/p>\n","protected":false},"author":211,"featured_media":0,"parent":0,"menu_order":0,"comment_status":"closed","ping_status":"closed","template":"","meta":{"footnotes":""},"class_list":["post-1535","page","type-page","status-publish","hentry"],"_links":{"self":[{"href":"https:\/\/ent2d.ac-bordeaux.fr\/disciplines\/sti\/wp-json\/wp\/v2\/pages\/1535","targetHints":{"allow":["GET"]}}],"collection":[{"href":"https:\/\/ent2d.ac-bordeaux.fr\/disciplines\/sti\/wp-json\/wp\/v2\/pages"}],"about":[{"href":"https:\/\/ent2d.ac-bordeaux.fr\/disciplines\/sti\/wp-json\/wp\/v2\/types\/page"}],"author":[{"embeddable":true,"href":"https:\/\/ent2d.ac-bordeaux.fr\/disciplines\/sti\/wp-json\/wp\/v2\/users\/211"}],"replies":[{"embeddable":true,"href":"https:\/\/ent2d.ac-bordeaux.fr\/disciplines\/sti\/wp-json\/wp\/v2\/comments?post=1535"}],"version-history":[{"count":0,"href":"https:\/\/ent2d.ac-bordeaux.fr\/disciplines\/sti\/wp-json\/wp\/v2\/pages\/1535\/revisions"}],"wp:attachment":[{"href":"https:\/\/ent2d.ac-bordeaux.fr\/disciplines\/sti\/wp-json\/wp\/v2\/media?parent=1535"}],"curies":[{"name":"wp","href":"https:\/\/api.w.org\/{rel}","templated":true}]}}