{"id":1482,"date":"2016-06-30T14:59:35","date_gmt":"2016-06-30T13:59:35","guid":{"rendered":"http:\/\/blogacabdx.ac-bordeaux.fr\/ressii\/?page_id=1482"},"modified":"2016-06-30T14:59:35","modified_gmt":"2016-06-30T13:59:35","slug":"c3-mot2a-levolution-technologique-innovation-invention-principe-technique","status":"publish","type":"page","link":"https:\/\/ent2d.ac-bordeaux.fr\/disciplines\/sti\/c3-mot2a-levolution-technologique-innovation-invention-principe-technique\/","title":{"rendered":"C3-MOT-1a &#8211; L&#8217;\u00e9volution technologique (innovation, invention, principe technique)"},"content":{"rendered":"<hr \/>\n<h2><\/h2>\n<h3><span style=\"color: #000000;text-decoration: underline\">R\u00e9f\u00e9rence au texte officiel<\/span><\/h3>\n<h2 style=\"text-align: center\"><strong>THEME : MATERIAUX ET OBJETS TECHNIQUES<\/strong><\/h2>\n<table style=\"width: 100%\" cellspacing=\"1\" cellpadding=\"1\">\n<tbody>\n<tr>\n<td><\/td>\n<td><\/td>\n<\/tr>\n<tr>\n<td><strong>Connaissances et comp\u00e9tences associ\u00e9es<\/strong><\/td>\n<td><strong>Exemples de situations, d\u2019activit\u00e9s et de ressources pour l\u2019\u00e9l\u00e8ve<\/strong><\/td>\n<\/tr>\n<tr>\n<td style=\"text-align: center\" colspan=\"2\"><strong>Identifier les principales \u00e9volutions du besoin et des objets.<\/strong><\/td>\n<\/tr>\n<tr>\n<td style=\"width: 50%;text-align: left\"><strong>Rep\u00e9rer les \u00e9volutions d\u2019un objet dans diff\u00e9rents\u00a0contextes (historique, \u00e9conomique, culturel).<\/strong><\/p>\n<p><span style=\"color: #000000\"><a href=\"https:\/\/ent2d.ac-bordeaux.fr\/disciplines\/sti\/c3-mot2a-levolution-technologique-innovation-invention-principe-technique\/\">MOT-1a\u00a0\u00bb L\u2019\u00e9volution technologique (innovation,\u00a0invention, principe technique).<br \/>\n<\/a><\/span><span style=\"color: #000000\"><a href=\"https:\/\/ent2d.ac-bordeaux.fr\/disciplines\/sti\/c3-mot1b-levolution-des-besoins\/\">MOT-1b\u00a0\u00bb L\u2019\u00e9volution des besoins.<\/a><\/span><\/td>\n<td style=\"text-align: justify\">\u00c0 partir d\u2019un objet donn\u00e9, les \u00e9l\u00e8ves situent ses\u00a0principales \u00e9volutions dans le temps en termes\u00a0de principe de fonctionnement, de forme, de\u00a0mat\u00e9riaux, d\u2019\u00e9nergie, d\u2019impact environnemental,\u00a0de co\u00fbt, d\u2019esth\u00e9tique.<\/td>\n<\/tr>\n<\/tbody>\n<\/table>\n<hr \/>\n<h3><span style=\"color: #000000;text-decoration: underline\">Exemple de structuration de connaissances<\/span><\/h3>\n<p><a href=\"https:\/\/ent2d.ac-bordeaux.fr\/disciplines\/stidev\/wp-content\/uploads\/sites\/62\/2016\/11\/C3-MOT-1a-EvolutionTechnologique.jpg\"><img loading=\"lazy\" decoding=\"async\" class=\"alignnone wp-image-3422 size-full\" src=\"https:\/\/ent2d.ac-bordeaux.fr\/disciplines\/stidev\/wp-content\/uploads\/sites\/62\/2016\/11\/C3-MOT-1a-EvolutionTechnologique.jpg\" width=\"1600\" height=\"900\" \/><\/a><\/p>\n<table style=\"width: 700px\" border=\"0\" cellspacing=\"1\" cellpadding=\"1\">\n<tbody>\n<tr>\n<td><a href=\"https:\/\/blogacabdx.ac-bordeaux.fr\/ressii\/wp-content\/uploads\/sites\/10\/2016\/11\/C3-MOT-1a-EvolutionTechnologique.jpg\" target=\"_blank\" rel=\"noopener\"><img loading=\"lazy\" decoding=\"async\" class=\"alignnone wp-image-1491\" src=\"https:\/\/ent2d.ac-bordeaux.fr\/disciplines\/stidev\/wp-content\/uploads\/sites\/62\/2016\/06\/jpg.png\" width=\"51\" height=\"51\" \/><\/a><br \/>\n<a class=\"cboxElement\" href=\"https:\/\/ent2d.ac-bordeaux.fr\/disciplines\/stidev\/wp-content\/uploads\/sites\/62\/2016\/06\/C3-MOT1a-EvolutionTechnologique_innovation_invention_principeTecchnique.jpg\" target=\"_blank\" rel=\"lightbox-1 noopener\"><span style=\"color: #0066cc\">Fiche \u00e9l\u00e8ve format\u00a0image<\/span><\/a><\/td>\n<td><u><span style=\"color: #0066cc\"><img loading=\"lazy\" decoding=\"async\" class=\"alignnone wp-image-38\" src=\"https:\/\/ent2d.ac-bordeaux.fr\/disciplines\/stidev\/wp-content\/uploads\/sites\/62\/2015\/03\/logoVideo2.jpg\" alt=\"logoVideo2\" width=\"50\" height=\"51\" \/><br \/>\n<\/span><\/u> Format vid\u00e9o Mp4<\/td>\n<td><a href=\"https:\/\/ent2d.ac-bordeaux.fr\/disciplines\/stidev\/wp-content\/uploads\/sites\/62\/2016\/09\/C3-MOT1a-EvolutionTechnologique.pdf\" target=\"_blank\" rel=\"noopener\"><img loading=\"lazy\" decoding=\"async\" class=\"alignnone wp-image-3196\" src=\"https:\/\/ent2d.ac-bordeaux.fr\/disciplines\/stidev\/wp-content\/uploads\/sites\/62\/2016\/09\/pdf_eleve.jpg\" width=\"52\" height=\"52\" \/><\/a><br \/>\n<a href=\"https:\/\/ent2d.ac-bordeaux.fr\/disciplines\/stidev\/wp-content\/uploads\/sites\/62\/2016\/09\/C3-MOT1a-EvolutionTechnologique.pdf\" target=\"_blank\" rel=\"noopener\">Fiche \u00e9l\u00e8ve PDF<\/a><\/td>\n<td><a href=\"https:\/\/ent2d.ac-bordeaux.fr\/disciplines\/stidev\/wp-content\/uploads\/sites\/62\/2016\/09\/FPv7-ST_MOT_2-Evolutionsdubesoinetdesobjets.docx.pdf\" target=\"_blank\" rel=\"noopener\"><img loading=\"lazy\" decoding=\"async\" class=\"alignnone wp-image-3194\" src=\"https:\/\/ent2d.ac-bordeaux.fr\/disciplines\/stidev\/wp-content\/uploads\/sites\/62\/2016\/09\/pdf_prof.jpg\" width=\"52\" height=\"52\" \/><\/a><br \/>\n<a href=\"https:\/\/ent2d.ac-bordeaux.fr\/disciplines\/stidev\/wp-content\/uploads\/sites\/62\/2016\/09\/FPv7-ST_MOT_2-Evolutionsdubesoinetdesobjets.docx.pdf\" target=\"_blank\" rel=\"noopener\">Fiche professeur PDF<\/a><\/td>\n<\/tr>\n<\/tbody>\n<\/table>\n<hr \/>\n<h3><span style=\"color: #000000;text-decoration: underline\">Exemple d&#8217;exploitation p\u00e9dagogique<\/span><\/h3>\n<table style=\"width: 100%\" border=\"0\" cellspacing=\"1\" cellpadding=\"1\">\n<tbody>\n<tr>\n<td style=\"text-align: left\"><strong>Pistes de situations d\u00e9clenchantes<\/strong><\/td>\n<td style=\"text-align: justify\">\n<ul>\n<li><span style=\"font-size: 14px\">Partir d\u2019un objet technique donn\u00e9 de Sciences et Technologie (peut \u00eatre l\u2019objet technique utilis\u00e9 dans la partie description et\/ou conception) pour lancer un questionnement sur l\u2019\u00e9volution. (A associer \u00e0 la connaissance : \u201cEvolution des besoins\u201d)<\/span><\/li>\n<\/ul>\n<\/td>\n<\/tr>\n<tr>\n<td style=\"text-align: left\"><strong>Pistes probl\u00e8mes<\/strong> <strong>technologiques<\/strong><\/td>\n<td style=\"text-align: left\">\n<ul>\n<li><span style=\"font-size: 14px\">D\u2019o\u00f9 vient cet objet technique ? Comment \u00e9tait-il avant ?<\/span><\/li>\n<li><span style=\"font-size: 14px\">Comment s\u2019est effectu\u00e9e l\u2019\u00e9volution de cet objet technique dans le temps ?<\/span><\/li>\n<li><span style=\"font-size: 14px\">Pourquoi les objets techniques \u00e9voluent-ils\u00a0dans le temps ? (Au niveau des inventions, innovations, principes techniques)<\/span><\/li>\n<\/ul>\n<\/td>\n<\/tr>\n<tr>\n<td style=\"text-align: left\"><strong>Ressources Outils \u00e0 exploiter<\/strong><\/td>\n<td style=\"text-align: left\">\n<ul>\n<li><span style=\"font-size: 14px\">Mat\u00e9riel possible : plusieurs objets techniques de diff\u00e9rentes \u00e9poques<\/span><\/li>\n<li><span style=\"font-size: 14px\">D\u00e9finitions\u00a0invention, innovation, principe technique, famille d\u2019objet<\/span><\/li>\n<li><span style=\"font-size: 14px\">Liste\u00a0choisie de sites internet sur l\u2019objet technique \u00e0 \u00e9tudier<\/span><\/li>\n<li><span style=\"font-size: 14px\">Outil\u00a0de pr\u00e9sentation : Diaporama, Libre Office<\/span><\/li>\n<li><span style=\"font-size: 14px\">Outils\u00a0en ligne de cr\u00e9ation de frise chronologique :<\/span>\n<ul>\n<li><span style=\"font-size: 14px\">http:\/\/www.frisechronos.fr\/<\/span><\/li>\n<li><span style=\"font-size: 14px\">http:\/\/chronofrise.fr\/<\/span><\/li>\n<li><span style=\"font-size: 14px\">Utilisation\u00a0du logiciel Timeline https:\/\/www.officetimeline.com\/fr<\/span><\/li>\n<\/ul>\n<\/li>\n<\/ul>\n<\/td>\n<\/tr>\n<tr>\n<td style=\"text-align: left\"><strong>Pistes d\u2019activit\u00e9s<\/strong><\/td>\n<td style=\"text-align: left\">\n<ul>\n<li><span style=\"font-size: 14px\">Observer\u00a0divers objets techniques et leur principe de fonctionnement<\/span><\/li>\n<li><span style=\"font-size: 14px\">Rechercher\u00a0des informations sur des objets techniques appartenant \u00e0 la m\u00eame famille ou lign\u00e9e ayant \u00e9t\u00e9 utilis\u00e9s dans l\u2019histoire<\/span><\/li>\n<li><span style=\"font-size: 14px\">Identifier\u00a0les inventions, innovations, principes techniques associ\u00e9s<\/span><\/li>\n<li><span style=\"font-size: 14px\">Identifier\u00a0pour chaque objet technique les diff\u00e9rences pour les formes,\u00a0mat\u00e9riaux, \u00e9nergies, impact environnemental, co\u00fbts, esth\u00e9tique.<\/span><\/li>\n<li><span style=\"font-size: 14px\">Cr\u00e9er\u00a0une frise chronologique de quelques objets techniques avec\u00a0pr\u00e9cisions sur les dates, noms des objets, principes techniques,\u00a0inventions, innovation.<\/span><\/li>\n<li><span style=\"font-size: 14px\">Cr\u00e9er\u00a0une pr\u00e9sentation des recherches.<\/span><\/li>\n<\/ul>\n<\/td>\n<\/tr>\n<tr>\n<td style=\"text-align: left\"><strong>Exemples d\u2019objets<\/strong> <strong>supports<\/strong><\/td>\n<td style=\"text-align: left\">\n<ul>\n<li><span style=\"font-size: 14px\">Tout\u00a0type d\u2019objet, sachant qu\u2019il peut \u00eatre int\u00e9ressant d\u2019utiliser celui\u00a0\u00e9tudi\u00e9 dans les autres comp\u00e9tences du programme pour avoir une\u00a0perspective historique de celui-ci et du lien.<\/span><\/li>\n<li><span style=\"font-size: 14px\">Objets\u00a0particuliers en rapport avec les moyens de transport (automobile, avion \u2026), de robotique, de communication (t\u00e9l\u00e9phone,\u00a0ordinateur \u2026), &#8230;<\/span><\/li>\n<\/ul>\n<\/td>\n<\/tr>\n<\/tbody>\n<\/table>\n<hr \/>\n<h3><span style=\"color: #000000;text-decoration: underline\">Pour aller plus loin<\/span><\/h3>\n<ul>\n<li><a href=\"https:\/\/fr.wikipedia.org\/wiki\/Liste_d%27inventions_fran%C3%A7aises\">Liste des inventions dans l\u2019histoire<\/a><\/li>\n<li><a href=\"http:\/\/www.visites-virtuelles-showaround.com\/visite-virtuelle\/pro\/arts-et-metiers\/visite-virtuelle-arts-et-metiers-exposition.htm\" target=\"_blank\" rel=\"noopener\">Exemple de mus\u00e9e en ligne avec la visite virtuelle du Mus\u00e9e des Arts et m\u00e9tiers<\/a><\/li>\n<li><a href=\"http:\/\/chrono-frise.fr\/gener_frise\/2149\/Les-decouvertes-scientifiques-du-XXe-siecle\" target=\"_blank\" rel=\"noopener\">Exemple de frise chronologique sur les d\u00e9couvertes scientifiques du XXeme si\u00e8cle<\/a><\/li>\n<li><a href=\"http:\/\/www.planete-energies.com\/fr\/medias\/sagas-des-energies\/l-histoire-de-l-energie-en-france\" target=\"_blank\" rel=\"noopener\">Histoire de l\u2019\u00e9nergie<\/a><\/li>\n<li><a href=\"http:\/\/www.ademe.fr\/guides-fiches-pratiques\" target=\"_blank\" rel=\"noopener\">Fiches pratiques de l\u2019Ademe sur l\u2019environnement<\/a><\/li>\n<li><a href=\"http:\/\/www.utc.fr\/~special_m6_fr\/SOUSCHAPITRE_AAA.html\" target=\"_blank\" rel=\"noopener\">Evolution de mat\u00e9riaux de l\u2019Universit\u00e9 Technologique de Compi\u00e8gne<\/a><\/li>\n<\/ul>\n<hr \/>\n<h3><\/h3>\n","protected":false},"excerpt":{"rendered":"<p>R\u00e9f\u00e9rence au texte officiel THEME : MATERIAUX ET OBJETS TECHNIQUES Connaissances et comp\u00e9tences associ\u00e9es Exemples de situations, d\u2019activit\u00e9s et de ressources pour l\u2019\u00e9l\u00e8ve Identifier les principales \u00e9volutions du besoin et &#8230;<\/p>\n","protected":false},"author":211,"featured_media":0,"parent":0,"menu_order":0,"comment_status":"closed","ping_status":"closed","template":"","meta":{"footnotes":""},"class_list":["post-1482","page","type-page","status-publish","hentry"],"_links":{"self":[{"href":"https:\/\/ent2d.ac-bordeaux.fr\/disciplines\/sti\/wp-json\/wp\/v2\/pages\/1482","targetHints":{"allow":["GET"]}}],"collection":[{"href":"https:\/\/ent2d.ac-bordeaux.fr\/disciplines\/sti\/wp-json\/wp\/v2\/pages"}],"about":[{"href":"https:\/\/ent2d.ac-bordeaux.fr\/disciplines\/sti\/wp-json\/wp\/v2\/types\/page"}],"author":[{"embeddable":true,"href":"https:\/\/ent2d.ac-bordeaux.fr\/disciplines\/sti\/wp-json\/wp\/v2\/users\/211"}],"replies":[{"embeddable":true,"href":"https:\/\/ent2d.ac-bordeaux.fr\/disciplines\/sti\/wp-json\/wp\/v2\/comments?post=1482"}],"version-history":[{"count":0,"href":"https:\/\/ent2d.ac-bordeaux.fr\/disciplines\/sti\/wp-json\/wp\/v2\/pages\/1482\/revisions"}],"wp:attachment":[{"href":"https:\/\/ent2d.ac-bordeaux.fr\/disciplines\/sti\/wp-json\/wp\/v2\/media?parent=1482"}],"curies":[{"name":"wp","href":"https:\/\/api.w.org\/{rel}","templated":true}]}}