{"id":651,"date":"2024-08-27T15:05:52","date_gmt":"2024-08-27T13:05:52","guid":{"rendered":"https:\/\/ent2d.ac-bordeaux.fr\/disciplines\/stivoieproprovisoire\/?page_id=651"},"modified":"2025-09-15T11:46:43","modified_gmt":"2025-09-15T09:46:43","slug":"lp","status":"publish","type":"page","link":"https:\/\/ent2d.ac-bordeaux.fr\/disciplines\/sti-voie-pro\/lp\/","title":{"rendered":"Enseigner en LP"},"content":{"rendered":"<h6>Ressources pour d\u00e9buter en lyc\u00e9e professionnel :<\/h6>\n<p style=\"text-align: justify\"><a href=\"https:\/\/www.reseau-canope.fr\/premiers-pas-dans-le-metier-denseignant\/lycee-professionnel\/preparer-la-rentree\/premieres-journees.html\/\" target=\"_blank\" rel=\"noopener\"><img loading=\"lazy\" decoding=\"async\" class=\"alignleft wp-image-671\" src=\"https:\/\/ent2d.ac-bordeaux.fr\/disciplines\/stivoieproprovisoire\/wp-content\/uploads\/sites\/90\/2024\/08\/Canope-300x103.jpeg\" alt=\"\" width=\"273\" height=\"94\" srcset=\"https:\/\/ent2d.ac-bordeaux.fr\/disciplines\/sti-voie-pro\/wp-content\/uploads\/sites\/90\/2024\/08\/Canope-300x103.jpeg 300w, https:\/\/ent2d.ac-bordeaux.fr\/disciplines\/sti-voie-pro\/wp-content\/uploads\/sites\/90\/2024\/08\/Canope.jpeg 654w\" sizes=\"auto, (max-width: 273px) 100vw, 273px\" \/><\/a>La voie professionnelle \u00e9volue. Nos dispositifs de formation et d&rsquo;accompagnement aussi ! La <strong>r\u00e9forme des lyc\u00e9es professionnels<\/strong>\u00a0vise \u00e0\u00a0<strong>faire de la voie professionnelle une voie de r\u00e9ussite reconnue<\/strong>. Retrouvez dans cet espace des propositions de formations, des vid\u00e9os, podcasts, dossiers pour d\u00e9buter en lyc\u00e9e professionnel.<\/p>\n<p><a href=\"https:\/\/www.reseau-canope.fr\/premiers-pas-dans-le-metier-denseignant\/lycee-professionnel\/preparer-la-rentree\/premieres-journees.html\/\" target=\"_blank\" rel=\"noreferrer noopener\" data-type=\"link\" data-id=\"https:\/\/www.reseau-canope.fr\/premiers-pas-dans-le-metier-denseignant\/lycee-professionnel\/preparer-la-rentree\/premieres-journees.html\/\"><br \/><\/a><a href=\"https:\/\/www.reseau-canope.fr\/premiers-pas-dans-le-metier-denseignant\/lycee-professionnel\/preparer-la-rentree\/premieres-journees.html\/\" target=\"_blank\" rel=\"noreferrer noopener\"><img loading=\"lazy\" decoding=\"async\" class=\"aligncenter wp-image-667\" src=\"https:\/\/ent2d.ac-bordeaux.fr\/disciplines\/stivoieproprovisoire\/wp-content\/uploads\/sites\/90\/2024\/08\/Capture-decran-2024-08-27-a-15.55.05.png\" alt=\"\" width=\"1024\" height=\"126\" srcset=\"https:\/\/ent2d.ac-bordeaux.fr\/disciplines\/sti-voie-pro\/wp-content\/uploads\/sites\/90\/2024\/08\/Capture-decran-2024-08-27-a-15.55.05.png 1024w, https:\/\/ent2d.ac-bordeaux.fr\/disciplines\/sti-voie-pro\/wp-content\/uploads\/sites\/90\/2024\/08\/Capture-decran-2024-08-27-a-15.55.05-300x37.png 300w, https:\/\/ent2d.ac-bordeaux.fr\/disciplines\/sti-voie-pro\/wp-content\/uploads\/sites\/90\/2024\/08\/Capture-decran-2024-08-27-a-15.55.05-768x95.png 768w\" sizes=\"auto, (max-width: 1024px) 100vw, 1024px\" \/><\/a><\/p>\n<h6>\u00a0<\/h6>\n<h6>Ressources pour enseigner en lyc\u00e9e professionnel :<\/h6>\n<p><a href=\"https:\/\/www.reseau-canope.fr\/second-degre\/lycee-professionnel.html\" target=\"_blank\" rel=\"noopener\"><img loading=\"lazy\" decoding=\"async\" class=\"alignleft wp-image-671\" src=\"https:\/\/ent2d.ac-bordeaux.fr\/disciplines\/stivoieproprovisoire\/wp-content\/uploads\/sites\/90\/2024\/08\/Canope-300x103.jpeg\" alt=\"\" width=\"274\" height=\"94\" srcset=\"https:\/\/ent2d.ac-bordeaux.fr\/disciplines\/sti-voie-pro\/wp-content\/uploads\/sites\/90\/2024\/08\/Canope-300x103.jpeg 300w, https:\/\/ent2d.ac-bordeaux.fr\/disciplines\/sti-voie-pro\/wp-content\/uploads\/sites\/90\/2024\/08\/Canope.jpeg 654w\" sizes=\"auto, (max-width: 274px) 100vw, 274px\" \/><\/a><\/p>\n<p style=\"text-align: justify\">La voie professionnelle \u00e9volue. Nos dispositifs de formation et d&rsquo;accompagnement aussi ! La <strong>r\u00e9forme des lyc\u00e9es professionnels<\/strong>\u00a0vise \u00e0\u00a0<strong>faire de la voie professionnelle une voie de r\u00e9ussite reconnue<\/strong>. Retrouvez dans cet espace des propositions de formations, des vid\u00e9os, podcasts, dossiers, d\u00e9di\u00e9s aux enseignements professionnels et g\u00e9n\u00e9raux, autour de quatre th\u00e9matiques.<\/p>\n\n\n<figure class=\"wp-block-image size-full\"><a href=\"https:\/\/www.reseau-canope.fr\/second-degre\/lycee-professionnel.html\" target=\"_blank\" rel=\"noopener\"><img loading=\"lazy\" decoding=\"async\" width=\"1024\" height=\"264\" src=\"https:\/\/ent2d.ac-bordeaux.fr\/disciplines\/stivoieproprovisoire\/wp-content\/uploads\/sites\/90\/2024\/08\/Capture-decran-2024-08-27-a-16.22.51.png\" alt=\"\" class=\"wp-image-674\" srcset=\"https:\/\/ent2d.ac-bordeaux.fr\/disciplines\/sti-voie-pro\/wp-content\/uploads\/sites\/90\/2024\/08\/Capture-decran-2024-08-27-a-16.22.51.png 1024w, https:\/\/ent2d.ac-bordeaux.fr\/disciplines\/sti-voie-pro\/wp-content\/uploads\/sites\/90\/2024\/08\/Capture-decran-2024-08-27-a-16.22.51-300x77.png 300w, https:\/\/ent2d.ac-bordeaux.fr\/disciplines\/sti-voie-pro\/wp-content\/uploads\/sites\/90\/2024\/08\/Capture-decran-2024-08-27-a-16.22.51-768x198.png 768w\" sizes=\"auto, (max-width: 1024px) 100vw, 1024px\" \/><\/a><\/figure>\n","protected":false},"excerpt":{"rendered":"<p>Ressources pour d\u00e9buter en lyc\u00e9e professionnel : La voie professionnelle \u00e9volue. Nos dispositifs de formation et d&rsquo;accompagnement aussi ! La<\/p>\n","protected":false},"author":1423,"featured_media":0,"parent":0,"menu_order":0,"comment_status":"closed","ping_status":"closed","template":"","meta":{"_bbp_topic_count":0,"_bbp_reply_count":0,"_bbp_total_topic_count":0,"_bbp_total_reply_count":0,"_bbp_voice_count":0,"_bbp_anonymous_reply_count":0,"_bbp_topic_count_hidden":0,"_bbp_reply_count_hidden":0,"_bbp_forum_subforum_count":0,"footnotes":""},"class_list":["post-651","page","type-page","status-publish","hentry"],"_links":{"self":[{"href":"https:\/\/ent2d.ac-bordeaux.fr\/disciplines\/sti-voie-pro\/wp-json\/wp\/v2\/pages\/651","targetHints":{"allow":["GET"]}}],"collection":[{"href":"https:\/\/ent2d.ac-bordeaux.fr\/disciplines\/sti-voie-pro\/wp-json\/wp\/v2\/pages"}],"about":[{"href":"https:\/\/ent2d.ac-bordeaux.fr\/disciplines\/sti-voie-pro\/wp-json\/wp\/v2\/types\/page"}],"author":[{"embeddable":true,"href":"https:\/\/ent2d.ac-bordeaux.fr\/disciplines\/sti-voie-pro\/wp-json\/wp\/v2\/users\/1423"}],"replies":[{"embeddable":true,"href":"https:\/\/ent2d.ac-bordeaux.fr\/disciplines\/sti-voie-pro\/wp-json\/wp\/v2\/comments?post=651"}],"version-history":[{"count":10,"href":"https:\/\/ent2d.ac-bordeaux.fr\/disciplines\/sti-voie-pro\/wp-json\/wp\/v2\/pages\/651\/revisions"}],"predecessor-version":[{"id":1471,"href":"https:\/\/ent2d.ac-bordeaux.fr\/disciplines\/sti-voie-pro\/wp-json\/wp\/v2\/pages\/651\/revisions\/1471"}],"wp:attachment":[{"href":"https:\/\/ent2d.ac-bordeaux.fr\/disciplines\/sti-voie-pro\/wp-json\/wp\/v2\/media?parent=651"}],"curies":[{"name":"wp","href":"https:\/\/api.w.org\/{rel}","templated":true}]}}