{"id":567,"date":"2024-08-26T19:45:24","date_gmt":"2024-08-26T17:45:24","guid":{"rendered":"https:\/\/ent2d.ac-bordeaux.fr\/disciplines\/stivoieproprovisoire\/?page_id=567"},"modified":"2024-10-24T18:14:08","modified_gmt":"2024-10-24T16:14:08","slug":"informations","status":"publish","type":"page","link":"https:\/\/ent2d.ac-bordeaux.fr\/disciplines\/sti-voie-pro\/informations\/","title":{"rendered":"Actualit\u00e9s"},"content":{"rendered":"\n<p>Retrouvez ici les derni\u00e8res actualit\u00e9s de l&rsquo;acad\u00e9mie &#8230;<\/p>\n\n\n\n<figure class=\"wp-block-table aligncenter\"><table><tbody><tr><td class=\"has-text-align-center\" data-align=\"center\"><a href=\"https:\/\/ent2d.ac-bordeaux.fr\/disciplines\/sti-voie-pro\/2024\/10\/08\/diapo-3\/\"><img loading=\"lazy\" decoding=\"async\" width=\"500\" height=\"200\" class=\"wp-image-1174\" style=\"width: 300px\" src=\"https:\/\/ent2d.ac-bordeaux.fr\/disciplines\/stivoieproprovisoire\/wp-content\/uploads\/sites\/90\/2024\/10\/diapo-AD2S.jpg\" alt=\"\" srcset=\"https:\/\/ent2d.ac-bordeaux.fr\/disciplines\/sti-voie-pro\/wp-content\/uploads\/sites\/90\/2024\/10\/diapo-AD2S.jpg 500w, https:\/\/ent2d.ac-bordeaux.fr\/disciplines\/sti-voie-pro\/wp-content\/uploads\/sites\/90\/2024\/10\/diapo-AD2S-300x120.jpg 300w\" sizes=\"auto, (max-width: 500px) 100vw, 500px\" \/><\/a><br><a href=\"https:\/\/ent2d.ac-bordeaux.fr\/disciplines\/sti-voie-pro\/2024\/10\/08\/diapo-3\/\">27\/09\/2024 &#8211; <br>Salon AD2S &#8211; Alfred KASTLER<\/a><\/td><td class=\"has-text-align-center\" data-align=\"center\"><a href=\"https:\/\/ent2d.ac-bordeaux.fr\/disciplines\/sti-voie-pro\/2024\/08\/25\/prix-aeronautique-et-espace-nouvelle-aquitaine-2024-les-secondes-remi-a-lhonneur\/\"><img loading=\"lazy\" decoding=\"async\" width=\"500\" height=\"200\" class=\"wp-image-1148\" style=\"width: 300px\" src=\"https:\/\/ent2d.ac-bordeaux.fr\/disciplines\/stivoieproprovisoire\/wp-content\/uploads\/sites\/90\/2024\/08\/diapo-Finale-du-Prix-Aeronautique-et-Espace-Nouvelle-Aquitaine-2024_articleimage.jpg\" alt=\"\" srcset=\"https:\/\/ent2d.ac-bordeaux.fr\/disciplines\/sti-voie-pro\/wp-content\/uploads\/sites\/90\/2024\/08\/diapo-Finale-du-Prix-Aeronautique-et-Espace-Nouvelle-Aquitaine-2024_articleimage.jpg 500w, https:\/\/ent2d.ac-bordeaux.fr\/disciplines\/sti-voie-pro\/wp-content\/uploads\/sites\/90\/2024\/08\/diapo-Finale-du-Prix-Aeronautique-et-Espace-Nouvelle-Aquitaine-2024_articleimage-300x120.jpg 300w\" sizes=\"auto, (max-width: 500px) 100vw, 500px\" \/><\/a><br><a href=\"https:\/\/ent2d.ac-bordeaux.fr\/disciplines\/sti-voie-pro\/2024\/08\/25\/prix-aeronautique-et-espace-nouvelle-aquitaine-2024-les-secondes-remi-a-lhonneur\/\">25\/08\/2024 &#8211; <br>Prix a\u00e9ronautique et espace Nouvelle-Aquitaine<\/a><\/td><\/tr><tr><td class=\"has-text-align-center\" data-align=\"center\"><\/td><td class=\"has-text-align-center\" data-align=\"center\"><\/td><\/tr><tr><td class=\"has-text-align-center\" data-align=\"center\"><\/td><td class=\"has-text-align-center\" data-align=\"center\"><\/td><\/tr><tr><td class=\"has-text-align-center\" data-align=\"center\"><\/td><td class=\"has-text-align-center\" data-align=\"center\"><\/td><\/tr><\/tbody><\/table><\/figure>\n\n\n\n<p><mark style=\"background-color:#ffffff\" class=\"has-inline-color has-white-color\">Saut de ligne<\/mark><\/p>\n\n\n\n<p><mark style=\"background-color:#ffffff\" class=\"has-inline-color has-white-color\">Saut de ligne<\/mark><\/p>\n","protected":false},"excerpt":{"rendered":"<p>Retrouvez ici les derni\u00e8res actualit\u00e9s de l&rsquo;acad\u00e9mie &#8230; 27\/09\/2024 &#8211; Salon AD2S &#8211; Alfred KASTLER 25\/08\/2024 &#8211; Prix a\u00e9ronautique et<\/p>\n","protected":false},"author":1423,"featured_media":0,"parent":0,"menu_order":0,"comment_status":"closed","ping_status":"closed","template":"","meta":{"_bbp_topic_count":0,"_bbp_reply_count":0,"_bbp_total_topic_count":0,"_bbp_total_reply_count":0,"_bbp_voice_count":0,"_bbp_anonymous_reply_count":0,"_bbp_topic_count_hidden":0,"_bbp_reply_count_hidden":0,"_bbp_forum_subforum_count":0,"footnotes":""},"class_list":["post-567","page","type-page","status-publish","hentry"],"_links":{"self":[{"href":"https:\/\/ent2d.ac-bordeaux.fr\/disciplines\/sti-voie-pro\/wp-json\/wp\/v2\/pages\/567","targetHints":{"allow":["GET"]}}],"collection":[{"href":"https:\/\/ent2d.ac-bordeaux.fr\/disciplines\/sti-voie-pro\/wp-json\/wp\/v2\/pages"}],"about":[{"href":"https:\/\/ent2d.ac-bordeaux.fr\/disciplines\/sti-voie-pro\/wp-json\/wp\/v2\/types\/page"}],"author":[{"embeddable":true,"href":"https:\/\/ent2d.ac-bordeaux.fr\/disciplines\/sti-voie-pro\/wp-json\/wp\/v2\/users\/1423"}],"replies":[{"embeddable":true,"href":"https:\/\/ent2d.ac-bordeaux.fr\/disciplines\/sti-voie-pro\/wp-json\/wp\/v2\/comments?post=567"}],"version-history":[{"count":15,"href":"https:\/\/ent2d.ac-bordeaux.fr\/disciplines\/sti-voie-pro\/wp-json\/wp\/v2\/pages\/567\/revisions"}],"predecessor-version":[{"id":1367,"href":"https:\/\/ent2d.ac-bordeaux.fr\/disciplines\/sti-voie-pro\/wp-json\/wp\/v2\/pages\/567\/revisions\/1367"}],"wp:attachment":[{"href":"https:\/\/ent2d.ac-bordeaux.fr\/disciplines\/sti-voie-pro\/wp-json\/wp\/v2\/media?parent=567"}],"curies":[{"name":"wp","href":"https:\/\/api.w.org\/{rel}","templated":true}]}}